{"id":9132,"date":"2024-08-21T10:53:56","date_gmt":"2024-08-21T10:53:56","guid":{"rendered":"https:\/\/aiviouvapes.com\/?page_id=9132"},"modified":"2024-12-03T13:01:14","modified_gmt":"2024-12-03T05:01:14","slug":"buy-vapes-in-netherlands-with-ideal","status":"publish","type":"page","link":"https:\/\/aiviouvapes.com\/et\/buy-vapes-in-netherlands-with-ideal\/","title":{"rendered":"Osta Vapes Hollandis koos iDEALiga"},"content":{"rendered":"<p><strong>IDEAL: eelistatud makseviis Hollandis turvaliste ja kiirete tehingute jaoks<\/strong><\/p>\n<p>iDEAL on Hollandis v\u00e4ga populaarne veebimakseviis, mis v\u00f5imaldab tarbijatel teha turvalisi reaalajas makseid otse oma panga kaudu. iDEAL, mis on sujuvalt integreeritud Hollandi pankade veebipangakeskkonnaga, pakub sujuvamat kogemust, kandes raha h\u00f5lpsalt tarbija kontolt kaupmehe kontole. Siin on \u00fclevaade sellest, mis teeb iDEALi nii t\u00f5husaks:<\/p>\n<ol>\n<li><strong>Kasutamise lihtsus<\/strong>: Maksed sooritatakse tarbija panga mobiilipanga rakenduse v\u00f5i internetipanga saidi kaudu, mist\u00f5ttu on see tuttav ja arusaadav protsess.<\/li>\n<li><strong>Reaalajas kinnitamine<\/strong>: Tarbijad saavad kohe maksekinnituse, mis suurendab usaldust ja kiirendab tehinguaega.<\/li>\n<li><strong>T\u00fchistamatud maksed<\/strong>: kui iDEAL-tehing on heaks kiidetud, ei saa seda enam tagasi v\u00f5tta, tagades, et raha kantakse \u00fcle ja t\u00f6\u00f6deldakse koheselt.<\/li>\n<li><strong>Mitmek\u00fclgsus<\/strong>: iDEAL toetab erinevaid maksestsenaariume, sealhulgas otsemakseid veebis, makseid e-kirjades v\u00f5i s\u00f5numites olevate linkide kaudu ja isegi tehinguid iDEALi QR-koodide kaudu f\u00fc\u00fcsilise ja digitaalse keskkonna jaoks.<\/li>\n<\/ol>\n<p>T\u00e4nu turvalisele infrastruktuurile ja mugavusele on iDEAList saanud Hollandi tarbijate jaoks k\u00f5ige usaldusv\u00e4\u00e4rsem makseviis, mida toetavad riigi juhtivad tarbijapangad.<\/p>\n<hr \/>\n<h2>iDEALi eelised \u00fchekordselt kasutatavate vapside ostmiseks AiviouVapesist<\/h2>\n<p>\u00dchekordselt kasutatavate aurude ostmisel Hollandist iDEALiga on mitmeid eeliseid, mis suurendavad meie klientide turvalisust ja mugavust:<\/p>\n<ol>\n<li><strong>T\u00e4iustatud turvalisus<\/strong>: iDEAL kasutab Interneti- ja mobiilipanganduse k\u00f5rgeid turvastandardeid, tagades, et teie tehing on kaitstud pettuste ja volitamata juurdep\u00e4\u00e4su eest.<\/li>\n<li><strong>Mugavus<\/strong>: iDEAL v\u00f5imaldab otsepanga\u00fclekandeid, kaotades vajaduse krediitkaartide v\u00f5i kolmandate osapoolte makseteenuste j\u00e4rele. K\u00f5ik, mida vajate, on juurdep\u00e4\u00e4s teie Interneti-pangale.<\/li>\n<li><strong>Kohene t\u00f6\u00f6tlemine<\/strong>: makseid t\u00f6\u00f6deldakse koheselt, nii et rahaliste vahendite kustutamiseks pole aega ooteaega. See t\u00e4hendab, et teie vape-tooted valmistatakse kiiresti l\u00e4hetamiseks ette.<\/li>\n<li><strong>Laialdane heakskiitmine<\/strong>: iDEALi aktsepteerivad enamik Hollandi e-kaubanduse platvorme, sealhulgas AiviouVapes, mist\u00f5ttu on see Hollandis \u00fcldtunnustatud makseviis.<\/li>\n<\/ol>\n<hr \/>\n<h3>\u00dcksikasjalik juhend \u00fchekordselt kasutatavate vapside ostmiseks iDEALiga<\/h3>\n<p><strong>Kuidas iDEALiga oma ost l\u00f5pule viia:<\/strong><\/p>\n<ol>\n<li><strong>Valige oma tooted<\/strong>: Sirvige meie laia valikut \u00fchekordselt kasutatavaid aurusid ja valige esemed, mida soovite osta.<\/li>\n<li><strong>Minge kassasse<\/strong>: P\u00e4rast valikute tegemist minge kassalehele.<\/li>\n<li><strong>Valige makseviisiks iDEAL<\/strong>: valige maksevalikute lehel iDEAL.<\/li>\n<li><strong>Valige oma pank<\/strong>: Teid suunatakse makseportaali iDEAL, kus saate osalevate Hollandi pankade loendist valida oma panga.<\/li>\n<li><strong>T\u00e4itke makse<\/strong>: Teid suunatakse teie panga internetipanga keskkonda. Logige sisse, kinnitage makse ja summa debiteeritakse otse teie kontolt kohese kinnitusega.<\/li>\n<li><strong>Tellimuse kinnitamine<\/strong>: kui makse on l\u00f5petatud, saate AiviouVapesilt tellimuse kinnituse ja teie \u00fchekordselt kasutatavad vapid valmistatakse ette saatmiseks.<\/li>\n<\/ol>\n<p>Valides iDEALi, valite turvalise, usaldusv\u00e4\u00e4rse ja t\u00f5husa tehingukogemuse.<\/p>\n<hr \/>\n<h3>Miks osta oma Vapes AiviouVapesilt?<\/h3>\n<p>AiviouVapesis oleme p\u00fchendunud kvaliteetsete toodete ja sujuva ostukogemuse pakkumisele. Siin on p\u00f5hjus, miks oleme Hollandis vape ostmisel parim valik.<\/p>\n<ul>\n<li><strong>Lai valik<\/strong>: Meil on lai valik esmaklassilisi \u00fchekordselt kasutatavaid vape, mis sobivad igale maitsele.<\/li>\n<li><strong>Turvaline maksete t\u00f6\u00f6tlemine<\/strong>: meie integratsioon iDEALiga tagab, et teie makseteave on turvaline ja kaitstud.<\/li>\n<li><strong>Erakordne klienditugi<\/strong>: Meie s\u00f5bralik tugimeeskond on siin, et aidata teid k\u00f5igi ostukogemuse jooksul tekkivate k\u00fcsimuste v\u00f5i muredega.<\/li>\n<li><strong>L\u00e4bipaistev teave<\/strong>: Pakume selgeid \u00fcksikasju makseviiside, kohaletoimetamise ja maksude kohta, nii et teil on teadlikuks ostuks k\u00f5ik vajalik.<\/li>\n<\/ul>\n<p>Tutvuge meie kollektsiooniga ja nautige mugavust, kui ostate oma lemmikuid \u00fchekordselt kasutatavaid veipe iDEALiga, mis on usaldusv\u00e4\u00e4rne makseviis kogu Hollandis.<\/p>\n<p>Vaata vapse siit:<\/p>\n<p><a href=\"https:\/\/aiviouvapes.com\/et\/shop\/\">https:\/\/aiviouvapes.com\/shop\/<\/a><\/p>","protected":false},"excerpt":{"rendered":"<p>iDEAL: The Preferred Payment Method in the Netherlands for Secure and Quick Transactions iDEAL is a highly popular online payment method in the Netherlands, allowing consumers to make secure, real-time payments directly through their own bank. Seamlessly integrated with the online banking environment of Dutch banks, iDEAL offers a streamlined experience, transferring funds from the [&#8230;]\n","protected":false},"author":1,"featured_media":0,"parent":0,"menu_order":0,"comment_status":"closed","ping_status":"closed","template":"page-blank-title-center.php","meta":{"footnotes":""},"class_list":["post-9132","page","type-page","status-publish","hentry"],"jetpack_sharing_enabled":true,"_links":{"self":[{"href":"https:\/\/aiviouvapes.com\/et\/wp-json\/wp\/v2\/pages\/9132","targetHints":{"allow":["GET"]}}],"collection":[{"href":"https:\/\/aiviouvapes.com\/et\/wp-json\/wp\/v2\/pages"}],"about":[{"href":"https:\/\/aiviouvapes.com\/et\/wp-json\/wp\/v2\/types\/page"}],"author":[{"embeddable":true,"href":"https:\/\/aiviouvapes.com\/et\/wp-json\/wp\/v2\/users\/1"}],"replies":[{"embeddable":true,"href":"https:\/\/aiviouvapes.com\/et\/wp-json\/wp\/v2\/comments?post=9132"}],"version-history":[{"count":0,"href":"https:\/\/aiviouvapes.com\/et\/wp-json\/wp\/v2\/pages\/9132\/revisions"}],"wp:attachment":[{"href":"https:\/\/aiviouvapes.com\/et\/wp-json\/wp\/v2\/media?parent=9132"}],"curies":[{"name":"wp","href":"https:\/\/api.w.org\/{rel}","templated":true}]}}