{"id":9129,"date":"2024-08-21T10:53:20","date_gmt":"2024-08-21T10:53:20","guid":{"rendered":"https:\/\/aiviouvapes.com\/?page_id=9129"},"modified":"2024-12-18T18:35:29","modified_gmt":"2024-12-18T10:35:29","slug":"buy-vapes-with-credit-card","status":"publish","type":"page","link":"https:\/\/aiviouvapes.com\/et\/buy-vapes-with-credit-card\/","title":{"rendered":"Osta Vapes krediitkaardiga"},"content":{"rendered":"<p>Tere tulemast Aiviou Vape&#039;i, teie parima kvaliteediga veipimistoodete usaldusv\u00e4\u00e4rsesse sihtkohta. Meil on hea meel teatada, et aktsepteerime n\u00fc\u00fcd krediitkaardimakseid, muutes esmatarbekaupade ostmise lihtsamaks kui kunagi varem!<\/p>\n<p><strong>Turvalised tehingud:<\/strong> Ostke s\u00fcdamerahuga \u2013 meie sait kasutab teie teabe kaitsmiseks t\u00e4iustatud 3D Secure maksetehnoloogiat. Oleme p\u00fchendunud teie privaatsuse kaitsmisele, tagades iga tehingu t\u00e4ieliku turvalisuse.<\/p>\n<p><strong>Maksev\u00f5imalused:<\/strong> Aktsepteerime laia valikut suuremaid krediitkaarte, sealhulgas Visa, MasterCard ja Maestro, muutes klientidele v\u00e4ljamakse kiireks ja lihtsaks.<\/p>\n<p><strong>Oluline teave:<\/strong> Pange t\u00e4hele, et EL-i k\u00e4ibemaksum\u00e4\u00e4ruste t\u00f5ttu sisaldavad krediitkaardimaksed t\u00e4iendavat k\u00e4ibemaksu 20%. Lisaks ei tohi nende eeskirjade j\u00e4rgimiseks \u00fchegi krediitkaardiga tasutud tellimuse koguv\u00e4\u00e4rtus \u00fcletada $600 USD v\u00f5i 600 eurot.<\/p>\n<p><strong>Alternatiivsed makseviisid:<\/strong> Kui soovite v\u00e4ltida krediitkaardimaksete k\u00e4ibemaksu v\u00f5i tellimuse piiranguid, soovitame kaaluda SEPA \u00fclekandeid, IBAN \u00fclekandeid v\u00f5i kr\u00fcptovaluuta makseid. Need valikud pakuvad suuremat paindlikkust, eriti suuremate tehingute puhul.<\/p>\n<p>AiviouVape&#039;is oleme p\u00fchendunud k\u00f5igile oma klientidele sujuva ja turvalise ostukogemuse pakkumisele. Sirvige meie laia valikut veipimistooteid ja ostlege julgelt!<\/p>\n<p>Kui teil on k\u00fcsimusi v\u00f5i vajate tuge, on meie klienditeenindusmeeskond valmis teid aitama. \u00c4rge kartke \u00fchendust v\u00f5tta!<\/p>\n<p><img data-recalc-dims=\"1\" loading=\"lazy\" decoding=\"async\" title=\"Osta Vapes krediitkaardiga\" class=\"alignnone wp-image-9208 size-full\" src=\"https:\/\/i0.wp.com\/aiviouvapes.com\/wp-content\/uploads\/2024\/08\/card.jpeg?resize=272%2C185&#038;ssl=1\" alt=\"Osta Vapes krediitkaardiga\" width=\"272\" height=\"185\" srcset=\"https:\/\/i0.wp.com\/aiviouvapes.com\/wp-content\/uploads\/2024\/08\/card.jpeg?w=272&amp;ssl=1 272w, https:\/\/i0.wp.com\/aiviouvapes.com\/wp-content\/uploads\/2024\/08\/card.jpeg?resize=18%2C12&amp;ssl=1 18w\" sizes=\"auto, (max-width: 272px) 100vw, 272px\" \/><\/p>\n<div class=\"row align-middle\"  id=\"row-175351556\">\n\n\t<div id=\"col-1114012199\" class=\"col small-12 large-12\"  >\n\t\t\t\t<div class=\"col-inner text-center\"  >\n\t\t\t\n\t\t\t\n<a href=\"https:\/\/aiviouvapes.com\/et\/shop\/\" class=\"button primary is-shade is-larger box-shadow-4 box-shadow-5-hover\" style=\"border-radius:10px;\">\n\t\t<span>Ostke kohe<\/span>\n\t<\/a>\n\n\t\t<\/div>\n\t\t\t\t\n<style>\n#col-1114012199 > .col-inner {\n  padding: 20px 0px 0px 0px;\n}\n<\/style>\n\t<\/div>\n\n\t\n<\/div>","protected":false},"excerpt":{"rendered":"<p>Welcome to Aiviou Vape, your trusted destination for top-quality vaping products. We\u2019re pleased to announce that we now accept credit card payments, making it easier than ever to shop for all your vaping essentials! Secure Transactions: Shop with peace of mind\u2014our site uses advanced 3D Secure payment technology to protect your information. We are committed [&#8230;]\n","protected":false},"author":1,"featured_media":0,"parent":0,"menu_order":0,"comment_status":"closed","ping_status":"closed","template":"page-blank-title-center.php","meta":{"footnotes":""},"class_list":["post-9129","page","type-page","status-publish","hentry"],"jetpack_sharing_enabled":true,"_links":{"self":[{"href":"https:\/\/aiviouvapes.com\/et\/wp-json\/wp\/v2\/pages\/9129","targetHints":{"allow":["GET"]}}],"collection":[{"href":"https:\/\/aiviouvapes.com\/et\/wp-json\/wp\/v2\/pages"}],"about":[{"href":"https:\/\/aiviouvapes.com\/et\/wp-json\/wp\/v2\/types\/page"}],"author":[{"embeddable":true,"href":"https:\/\/aiviouvapes.com\/et\/wp-json\/wp\/v2\/users\/1"}],"replies":[{"embeddable":true,"href":"https:\/\/aiviouvapes.com\/et\/wp-json\/wp\/v2\/comments?post=9129"}],"version-history":[{"count":0,"href":"https:\/\/aiviouvapes.com\/et\/wp-json\/wp\/v2\/pages\/9129\/revisions"}],"wp:attachment":[{"href":"https:\/\/aiviouvapes.com\/et\/wp-json\/wp\/v2\/media?parent=9129"}],"curies":[{"name":"wp","href":"https:\/\/api.w.org\/{rel}","templated":true}]}}