{"id":9127,"date":"2024-08-21T10:52:51","date_gmt":"2024-08-21T10:52:51","guid":{"rendered":"https:\/\/aiviouvapes.com\/?page_id=9127"},"modified":"2024-12-18T18:35:26","modified_gmt":"2024-12-18T10:35:26","slug":"buy-vapes-with-sepa-qr-code","status":"publish","type":"page","link":"https:\/\/aiviouvapes.com\/et\/buy-vapes-with-sepa-qr-code\/","title":{"rendered":"Ostke SEPA QR-koodiga Vapes"},"content":{"rendered":"<h2>Kuidas kasutada SEPA QR-koodi, et maksta oma pangarakendusega Vape ostude eest<\/h2>\n<p>SEPA QR-koodiga maksmine on kiire ja mugav viis raha \u00fclekandmiseks \u00fchtses euromaksete piirkonnas (SEPA). Siin on samm-sammuline juhend, mis aitab teil kasutada oma pangarakendust SEPA QR-koodi skaneerimiseks ja maksete tegemiseks.<\/p>\n<h3>Samm-sammult juhend<\/h3>\n<ol>\n<li><strong>Avage oma pangarakendus<\/strong>\n<ul>\n<li>Avage oma nutitelefonis mobiilipanga rakendus ja veenduge, et olete oma kontole sisse loginud.<\/li>\n<\/ul>\n<\/li>\n<li><strong>Minge \u00fclekande v\u00f5i maksete sektsiooni<\/strong>\n<ul>\n<li>Leidke maksete v\u00f5i \u00fclekannete tegemise sektsioon - see v\u00f5ib olla m\u00e4rgistatud kui \"\u00dclekanne\", \"Maksed\" v\u00f5i muu sarnane.<\/li>\n<\/ul>\n<\/li>\n<li><strong>QR-koodi skanneri leidmine<\/strong>\n<ul>\n<li>Leidke makseosas QR-koodi skaneerimise v\u00f5imalus, mis sageli kuvatakse kaamera v\u00f5i QR-koodi ikoonina.<\/li>\n<li>M\u00f5nel pangarakendusel on kiireks juurdep\u00e4\u00e4suks ka nupp \"Skaneeri\", mis on h\u00f5lpsasti k\u00e4ttesaadav koduekraanil v\u00f5i maksete sektsioonis.<\/li>\n<\/ul>\n<\/li>\n<li><strong>SEPA QR-koodi skaneerimine<\/strong>\n<ul>\n<li>Hoidke oma telefoni kaamerat arve v\u00f5i makse lehel olevale SEPA QR-koodile.<\/li>\n<li>Joondage QR-kood raami sees, et \u00fcksikasjad t\u00e4pselt j\u00e4\u00e4dvustada.<\/li>\n<\/ul>\n<\/li>\n<li><strong>Kontrollida makse \u00fcksikasju<\/strong>\n<ul>\n<li>P\u00e4rast skaneerimist t\u00e4idab rakendus automaatselt maksevormi QR-koodi \u00fcksikasjadega.<\/li>\n<li>See sisaldab olulist teavet, nagu saaja IBAN ja nimi, mis v\u00e4hendab vigade v\u00f5imalust.<\/li>\n<\/ul>\n<\/li>\n<li><strong>Kinnitage makse<\/strong>\n<ul>\n<li>Vaadake \u00fcksikasjad \u00fcle, et need oleksid t\u00e4psed.<\/li>\n<li>Valige konto v\u00f5i kaart, mida soovite selle tehingu jaoks kasutada.<\/li>\n<li>Kinnitage makse, j\u00e4rgides rakenduse autentimismeetmeid, n\u00e4iteks sisestades PIN-koodi, s\u00f5rmej\u00e4lje v\u00f5i n\u00e4otuvastuse.<\/li>\n<\/ul>\n<\/li>\n<\/ol>\n<p><img data-recalc-dims=\"1\" loading=\"lazy\" decoding=\"async\" title=\"Ostke SEPA QR-koodiga Vapes\" class=\"alignnone wp-image-9198 size-full\" src=\"https:\/\/i0.wp.com\/aiviouvapes.com\/wp-content\/uploads\/2024\/08\/qr-code-payment-online-shopping-260nw-704697319-e1724305335194.webp?resize=390%2C260&#038;ssl=1\" alt=\"Ostke SEPA QR-koodiga Vapes\" width=\"390\" height=\"260\" srcset=\"https:\/\/i0.wp.com\/aiviouvapes.com\/wp-content\/uploads\/2024\/08\/qr-code-payment-online-shopping-260nw-704697319-e1724305335194.webp?w=390&amp;ssl=1 390w, https:\/\/i0.wp.com\/aiviouvapes.com\/wp-content\/uploads\/2024\/08\/qr-code-payment-online-shopping-260nw-704697319-e1724305335194.webp?resize=300%2C200&amp;ssl=1 300w, https:\/\/i0.wp.com\/aiviouvapes.com\/wp-content\/uploads\/2024\/08\/qr-code-payment-online-shopping-260nw-704697319-e1724305335194.webp?resize=18%2C12&amp;ssl=1 18w\" sizes=\"auto, (max-width: 390px) 100vw, 390px\" \/><\/p>\n<h3>T\u00e4iendavad n\u00f5uanded<\/h3>\n<ul>\n<li><strong>QR-koodi piltide kasutamine<\/strong>\n<ul>\n<li>Kui saate QR-koodi pildina (nt e-posti teel), v\u00f5imaldavad m\u00f5ned pangarakendused selle otsese skaneerimise asemel pilti \u00fcles laadida. Kontrollige, kas QR-skaneerimisfunktsioonis on olemas valik \"Upload\" (\u00fcleslaadimine).<\/li>\n<\/ul>\n<\/li>\n<li><strong>Turvameetmed<\/strong>\n<ul>\n<li>Veenduge, et teie pangarakendus on ajakohane ja kasutage turvalist interneti\u00fchendust, et v\u00e4ltida v\u00f5imalikku pettust.<\/li>\n<\/ul>\n<\/li>\n<\/ul>\n<h3>SEPA QR-koodide kasutamise eelised<\/h3>\n<ul>\n<li><strong>Kiirus:<\/strong> QR-koodid lihtsustavad makseprotsessi, v\u00e4hendades andmete sisestamise vigu.<\/li>\n<li><strong>Kasutamise lihtsus:<\/strong> Viige kaupade, teenuste, arvete v\u00f5i muude \u00fclekannete eest tehtavad maksed kiiresti l\u00f5pule vaid skaneerimisega.<\/li>\n<li><strong>Multifunktsionaalsus:<\/strong> SEPA QR-koodid toetavad mitmesuguseid tehinguid, alates kommunaalarvete maksmisest kuni haldustasu maksmiseni.<\/li>\n<\/ul>\n<h3>Pakkimine<\/h3>\n<p>Nende sammude j\u00e4rgimine muudab SEPA QR-koodide kasutamise teie pangarakendusega lihtsaks ja t\u00f5husaks. See makseviis ei s\u00e4\u00e4sta mitte ainult aega, vaid parandab ka tehingu turvalisust ja t\u00e4psust. Nautige SEPA raames turvaliste maksete tegemise sujuvat kogemust.<\/p>\n<p>SEPA QR-koodiga makseid toetavate Euroopa pankade nimekirja leiate Euroopa maksen\u00f5ukogu veebisaidilt.<\/p>\n<p><strong>AiviouVapes pakub n\u00fc\u00fcd SEPA QR-koodiga maksmist, mis toob \u00fchekordsete aurude ostmise jaoks uue mugavuse taseme.<\/strong><\/p>\n<div class=\"row align-middle\"  id=\"row-1086994113\">\n\n\t<div id=\"col-1608939351\" class=\"col small-12 large-12\"  >\n\t\t\t\t<div class=\"col-inner text-center\"  >\n\t\t\t\n\t\t\t\n<a href=\"https:\/\/aiviouvapes.com\/et\/shop\/\" class=\"button primary is-shade is-larger box-shadow-4 box-shadow-5-hover\" style=\"border-radius:10px;\">\n\t\t<span>Ostke kohe<\/span>\n\t<\/a>\n\n\t\t<\/div>\n\t\t\t\t\n<style>\n#col-1608939351 > .col-inner {\n  padding: 20px 0px 0px 0px;\n}\n<\/style>\n\t<\/div>\n\n\t\n<\/div>","protected":false},"excerpt":{"rendered":"<p>How to Use a SEPA QR Code to Pay with Your Banking App for Vape Purchases Paying with a SEPA QR code is a fast and convenient way to transfer funds within the Single Euro Payments Area (SEPA). Here\u2019s a step-by-step guide to help you use your bank app to scan and make payments via [&#8230;]\n","protected":false},"author":1,"featured_media":0,"parent":0,"menu_order":0,"comment_status":"closed","ping_status":"closed","template":"page-blank-title-center.php","meta":{"footnotes":""},"class_list":["post-9127","page","type-page","status-publish","hentry"],"jetpack_sharing_enabled":true,"_links":{"self":[{"href":"https:\/\/aiviouvapes.com\/et\/wp-json\/wp\/v2\/pages\/9127","targetHints":{"allow":["GET"]}}],"collection":[{"href":"https:\/\/aiviouvapes.com\/et\/wp-json\/wp\/v2\/pages"}],"about":[{"href":"https:\/\/aiviouvapes.com\/et\/wp-json\/wp\/v2\/types\/page"}],"author":[{"embeddable":true,"href":"https:\/\/aiviouvapes.com\/et\/wp-json\/wp\/v2\/users\/1"}],"replies":[{"embeddable":true,"href":"https:\/\/aiviouvapes.com\/et\/wp-json\/wp\/v2\/comments?post=9127"}],"version-history":[{"count":0,"href":"https:\/\/aiviouvapes.com\/et\/wp-json\/wp\/v2\/pages\/9127\/revisions"}],"wp:attachment":[{"href":"https:\/\/aiviouvapes.com\/et\/wp-json\/wp\/v2\/media?parent=9127"}],"curies":[{"name":"wp","href":"https:\/\/api.w.org\/{rel}","templated":true}]}}