{"id":9124,"date":"2024-08-21T10:52:08","date_gmt":"2024-08-21T10:52:08","guid":{"rendered":"https:\/\/aiviouvapes.com\/?page_id=9124"},"modified":"2024-11-30T12:03:45","modified_gmt":"2024-11-30T04:03:45","slug":"buy-vapes-in-europe-with-paypal","status":"publish","type":"page","link":"https:\/\/aiviouvapes.com\/et\/buy-vapes-in-europe-with-paypal\/","title":{"rendered":"Osta Vapes Euroopas Paypaliga"},"content":{"rendered":"<p>Veipimise ja PayPali ristmikul navigeerimine on esitanud ainulaadseid v\u00e4ljakutseid nii ettev\u00f5tetele kui ka tarbijatele. PayPali e-sigarettide ja nendega seotud toodete poliitika t\u00f5ttu kehtivad paljud tehingud selles valdkonnas samade piirangutega nagu tubaka puhul, mille tulemuseks on konto piirangud ja maksete blokeerimine.<\/p>\n<p>Oleme AiviouVapesis edukalt leidnud viisi, kuidas nende piirangute raames tegutseda. Erinevalt paljudest selles valdkonnas, <strong>oleme saanud PayPalilt eelneva loa e-sigarettide m\u00fc\u00fcgi t\u00f6\u00f6tlemiseks Euroopas<\/strong>, mis v\u00f5imaldab meil pakkuda klientidele sujuvat ja katkematut ostukogemust.<\/p>\n<p>PayPali eelkinnitus h\u00f5lmab mitmesuguseid tooteid, sealhulgas e-sigarette ja teatud tubakavabasid alternatiive. See autoriseerimine v\u00f5imaldab meil pakkuda PayPali mugava ja turvalise makseviisina, pakkudes klientidele tuttavlikkust ja lihtsust, mida nad v\u00f5ivad eelistada.<\/p>\n<p>Kuigi PayPali \u00fcldised piirangud e-sigareti tehingutele on endiselt arutelu allikaks, saavad meie kliendid meie saidil h\u00e4ireteta PayPali julgelt kasutada. See on eriti kasulik neile, kes hindavad PayPali pakutavat turvalisust ja lihtsust muude maksev\u00f5imaluste ees.<\/p>\n<p>Siiski tahaksime r\u00f5hutada uut kaalutlust. <strong>Maksueeskirjade t\u00f5ttu<\/strong>, PayPali ostud e-sigarettide jaoks firmalt AiviouVapes on <strong>\u00fclempiir 200 eurot<\/strong> tellimuse kohta ja neile kehtivad a <strong>20% K\u00e4ibemaksu tarbimismaks<\/strong>. Need maksun\u00f5uded v\u00f5ivad m\u00f5jutada teie makseviisi valikut. <strong>Selle piirangu ja maksukoormuse v\u00e4ltimiseks soovitame uurida SEPA \u00fclekandeid, IBAN panga\u00fclekandeid v\u00f5i kr\u00fcptovaluuta makseid<\/strong>, mis pakuvad suuremat paindlikkust suurema v\u00e4\u00e4rtusega ostude puhul.<\/p>\n<p>See kululimiit ja maksuarvestus on eelistatud makseviisi valimisel olulised tegurid. AiviouVapesis oleme p\u00fchendunud l\u00e4bipaistvusele ja paindlike maksev\u00f5imaluste pakkumisele, et saaksite nautida teadlikku ja mugavat ostukogemust.<\/p>\n<p>Avastage AiviouVapes&#039;i laia valikut e-mahla maitseid enesekindlalt, teades, et saate valida mitme makseviisi vahel, mis vastavad teie eelistustele ja vajadustele.<\/p>\n<p>Nende punktide lisamisega p\u00fc\u00fcame anda teile t\u00e4ieliku arusaamise PayPali piirangutest ja maksudega seotud teguritest AiviouVapesilt e-sigarette ostes, aidates teil teha teie olukorra jaoks parima maksevaliku.<\/p>\n<div class=\"row align-middle\"  id=\"row-1266481198\">\n\n\t<div id=\"col-1655847256\" class=\"col small-12 large-12\"  >\n\t\t\t\t<div class=\"col-inner text-center\"  >\n\t\t\t\n\t\t\t\n<a href=\"https:\/\/aiviouvapes.com\/et\/shop\/\" class=\"button primary is-shade is-larger box-shadow-4 box-shadow-5-hover\" style=\"border-radius:10px;\">\n\t\t<span>Ostke kohe<\/span>\n\t<\/a>\n\n\t\t<\/div>\n\t\t\t\t\n<style>\n#col-1655847256 > .col-inner {\n  padding: 20px 0px 0px 0px;\n}\n<\/style>\n\t<\/div>\n\n\t\n<\/div>","protected":false},"excerpt":{"rendered":"<p>Navigating the intersection between vaping and PayPal has presented unique challenges for businesses and consumers alike. Due to PayPal&#8217;s policies on e-cigarettes and related products, many transactions in this industry face the same restrictions as tobacco, resulting in account limitations and blocked payments. At AiviouVapes, we\u2019ve successfully found a way to operate within these constraints. [&#8230;]\n","protected":false},"author":1,"featured_media":0,"parent":0,"menu_order":0,"comment_status":"closed","ping_status":"closed","template":"page-blank-title-center.php","meta":{"footnotes":""},"class_list":["post-9124","page","type-page","status-publish","hentry"],"jetpack_sharing_enabled":true,"_links":{"self":[{"href":"https:\/\/aiviouvapes.com\/et\/wp-json\/wp\/v2\/pages\/9124","targetHints":{"allow":["GET"]}}],"collection":[{"href":"https:\/\/aiviouvapes.com\/et\/wp-json\/wp\/v2\/pages"}],"about":[{"href":"https:\/\/aiviouvapes.com\/et\/wp-json\/wp\/v2\/types\/page"}],"author":[{"embeddable":true,"href":"https:\/\/aiviouvapes.com\/et\/wp-json\/wp\/v2\/users\/1"}],"replies":[{"embeddable":true,"href":"https:\/\/aiviouvapes.com\/et\/wp-json\/wp\/v2\/comments?post=9124"}],"version-history":[{"count":0,"href":"https:\/\/aiviouvapes.com\/et\/wp-json\/wp\/v2\/pages\/9124\/revisions"}],"wp:attachment":[{"href":"https:\/\/aiviouvapes.com\/et\/wp-json\/wp\/v2\/media?parent=9124"}],"curies":[{"name":"wp","href":"https:\/\/api.w.org\/{rel}","templated":true}]}}