{"id":9121,"date":"2024-08-21T10:51:22","date_gmt":"2024-08-21T10:51:22","guid":{"rendered":"https:\/\/aiviouvapes.com\/?page_id=9121"},"modified":"2024-12-02T07:55:27","modified_gmt":"2024-12-01T23:55:27","slug":"age-policy","status":"publish","type":"page","link":"https:\/\/aiviouvapes.com\/et\/age-policy\/","title":{"rendered":"Vanusepoliitika"},"content":{"rendered":"<p>Vanuse kontrollimine aadressil <a href=\"https:\/\/AiviouVapes.com\/\" rel=\"noopener\">AiviouVapes<\/a><\/p>\n<p>**Suitsetamisvanuse seaduslik n\u00f5ue:** K\u00f5ik kliendid peavad meie saidilt toodete ostmiseks olema 21-aastased v\u00f5i vanemad, mis on vastavuses USA seadusliku suitsetamise vanusega e-sigarettide ja nendega seotud esemete puhul. K\u00fclastage <a href=\"https:\/\/AiviouVapes.com\/\" rel=\"noopener\">AiviouVapes<\/a> n\u00f5uetele vastavate ja vastutustundlike ostude eest.<\/p>\n<p>**T\u00e4pse vanuse esitamise t\u00e4htsus:** Vanuseandmete v\u00f5ltsimine meie toodete ostmiseks ei ole mitte ainult vastuolus meie poliitikaga, vaid on ka ebaseaduslik. Sellised tegevused v\u00f5ivad p\u00f5hjustada t\u00f5siseid \u00f5iguslikke tagaj\u00e4rgi.<\/p>\n<p>**Alaealistele volikirja alusel ostmise keeld:** mis tahes ostmine <a href=\"https:\/\/AiviouVapes.com\/\" rel=\"noopener\">vaping tooted<\/a> alaealistele on rangelt keelatud ja sellega kaasnevad v\u00f5imalikud juriidilised karistused. Oleme p\u00fchendunud oma toodetele volitamata juurdep\u00e4\u00e4su v\u00e4ltimisele.<\/p>\n<p>**Tugev vanuse kontrollimise protsess:** juriidiliste n\u00f5uete t\u00e4itmiseks ja noorte kaitsmiseks kasutame ranget vanusekontrollis\u00fcsteemi. Kliendid peavad esitama isikuandmed \u2013 nimi, aadress, s\u00fcnniaeg ja sotsiaalkindlustusnumbri neli viimast numbrit \u2013, mida me kontrollime avalike registrite alusel. Kui kinnitamine eba\u00f5nnestub v\u00f5i kui te ei saa oma sotsiaalkindlustusteavet esitada, v\u00f5ime n\u00f5uda riiklikult v\u00e4ljastatud isikut t\u00f5endavat dokumenti.<\/p>\n<p>**Teenusest keeldumise \u00f5igus:** J\u00e4tame endale \u00f5iguse tellimusi t\u00fchistada v\u00f5i neist keelduda, kui kinnitamine ei ole edukas v\u00f5i kui \u00f5igeaegselt ei esitata n\u00f5uetekohast isikut t\u00f5endavat dokumenti.<\/p>\n<p>**P\u00fchendumine noorte ennetamisele:** Alaealistele m\u00fc\u00fcgi takistamine on meie \u00fcks t\u00e4htsamaid prioriteete. Meie vanuse kontrollimise s\u00fcsteem r\u00f5hutab meie p\u00fchendumust vastutustundliku aurustamiskeskkonna s\u00e4ilitamisele.<\/p>\n<p>**Teenusest keeldumine v\u00f5i piiramine:** Interneti-teenuse pakkujana j\u00e4tame endale \u00f5iguse teatud juhtudel teenuse osutamisest keelduda. Kui klient usub, et tema juurdep\u00e4\u00e4su piirati eba\u00f5iglaselt, soovitatakse tal abi saamiseks \u00fchendust v\u00f5tta meie klienditoega.<\/p>\n<p>**Vanusepiirangu teatis:** Aiviou Vape&#039;i veebisaidil on selge lahti\u00fctlus, mis t\u00f5stab esile n\u00f5ude, et USA kliendid peavad olema e-sigaretitoodete ostmiseks v\u00e4hemalt 21-aastased.<\/p>\n<p>Kohal <a href=\"https:\/\/AiviouVapes.com\/\" rel=\"noopener\">AiviouVapes<\/a>, seame prioriteediks oma klientide turvalisuse ja heaolu, kehtestades range vanusekontrolli. Meie meetmed peegeldavad meie p\u00fchendumust turvalisele ja n\u00f5uetele vastavale veipimiskogukonnale, pakkudes klientidele meiega ostlemisel meelerahu.<\/p>\n<p>Meie ettev\u00f5tte kohustus tagada, et meie tooteid saavad osta ainult need, kellel on seaduslik luba, suurendab vastutustundliku veipimise t\u00e4htsust. M\u00f5istame, et t\u00f5hus vanuse kontrollimine on alaealiste juurdep\u00e4\u00e4su takistamiseks h\u00e4davajalik, ja oleme selle kohustuse t\u00e4itmiseks loonud tervikliku s\u00fcsteemi.<\/p>\n<p>Meie protsess n\u00f5uab konkreetset teavet (nimi, aadress, s\u00fcnniaeg ja sotsiaalkindlustuse numbri neli viimast numbrit), mille vanuse kinnitamiseks kontrollime usaldusv\u00e4\u00e4rsete andmete alusel. Kui klient ei saa oma sotsiaalkindlustusteavet esitada, pakume t\u00e4iendava kontrollimeetmena riikliku isikutunnistuse \u00fcleslaadimise v\u00f5imalust.<\/p>\n<p>**Vanuse v\u00e4\u00e4randmete esitamise tagaj\u00e4rjed:** vanuse valeandmete esitamine meie toodete ostmisel on ebaseaduslik ja sellel on t\u00f5sised \u00f5iguslikud tagaj\u00e4rjed. Lisaks on alaealistele ostmine rangelt keelatud ja samuti seadusega karistatav. Me v\u00f5tame neid standardeid t\u00f5siselt ja v\u00f5ime keelduda mis tahes tellimusest, kui isikut ei ole v\u00f5imalik kiiresti kontrollida.<\/p>\n<p>Aiviou Vape on j\u00e4tkuvalt p\u00fchendunud alaealiste m\u00fc\u00fcgi \u00e4rahoidmisele. Meie vanuse kontrollimise protokoll on meie missiooni kesksel kohal edendada vastutustundlikku ja ohutut ostmist veipimiskogukonnas.<\/p>\n<p>Kui klient kogeb teenusepiirangut, mis tema arvates on ekslik, on ta teretulnud meie klienditoe meeskonnaga \u00fchendust v\u00f5tma. Eelistame l\u00e4bipaistvat suhtlust ja p\u00fc\u00fcame k\u00f5ik probleemid \u00f5iglaselt lahendada.<\/p>\n<p>Meie saidil kuvatakse silmapaistvalt hoiatus elektrooniliste sigarettide ostmisel kehtiva vanusepiirangu kohta, tuletades k\u00f5igile kasutajatele meelde, et USA-s on seaduslik n\u00f5ue olla 21-aastane.<\/p>\n<p>Aiviou Vape&#039;i valimine t\u00e4hendab ettev\u00f5tte valimist, kes hindab terviklikkust, seaduste j\u00e4rgimist ja klientide turvalisust. Meie p\u00fchendumus vastutustundlikule vanusepoliitikale ei ole ainult protseduuriline; see peegeldab p\u00f5him\u00f5tteliselt meie v\u00e4\u00e4rtusi ja p\u00fchendumust turvalise ja usaldusv\u00e4\u00e4rse ostukogemuse loomisele. Usaldage Aiviou Vape&#039;i, et tagada turvaline ja vastutustundlik juurdep\u00e4\u00e4s kvaliteetsetele veipimistoodetele.<\/p>\n<div class=\"row align-middle\"  id=\"row-87140240\">\n\n\t<div id=\"col-1316033514\" class=\"col small-12 large-12\"  >\n\t\t\t\t<div class=\"col-inner text-center\"  >\n\t\t\t\n\t\t\t\n<a href=\"https:\/\/aiviouvapes.com\/et\/shop\/\" class=\"button primary is-shade is-larger box-shadow-4 box-shadow-5-hover\" style=\"border-radius:10px;\">\n\t\t<span>Ostke kohe<\/span>\n\t<\/a>\n\n\t\t<\/div>\n\t\t\t\t\n<style>\n#col-1316033514 > .col-inner {\n  padding: 20px 0px 0px 0px;\n}\n<\/style>\n\t<\/div>\n\n\t\n<\/div>","protected":false},"excerpt":{"rendered":"<p>Age Verification at AiviouVapes **Legal Smoking Age Requirement:** All customers must be 21 or older to purchase products on our site, aligning with the U.S. legal smoking age for e-cigarettes and related items. Visit AiviouVapes for compliant and responsible purchases. **Importance of Accurate Age Representation:** Falsifying age information to buy our products is not only [&#8230;]\n","protected":false},"author":1,"featured_media":0,"parent":0,"menu_order":0,"comment_status":"closed","ping_status":"closed","template":"page-blank-title-center.php","meta":{"footnotes":""},"class_list":["post-9121","page","type-page","status-publish","hentry"],"jetpack_sharing_enabled":true,"_links":{"self":[{"href":"https:\/\/aiviouvapes.com\/et\/wp-json\/wp\/v2\/pages\/9121","targetHints":{"allow":["GET"]}}],"collection":[{"href":"https:\/\/aiviouvapes.com\/et\/wp-json\/wp\/v2\/pages"}],"about":[{"href":"https:\/\/aiviouvapes.com\/et\/wp-json\/wp\/v2\/types\/page"}],"author":[{"embeddable":true,"href":"https:\/\/aiviouvapes.com\/et\/wp-json\/wp\/v2\/users\/1"}],"replies":[{"embeddable":true,"href":"https:\/\/aiviouvapes.com\/et\/wp-json\/wp\/v2\/comments?post=9121"}],"version-history":[{"count":0,"href":"https:\/\/aiviouvapes.com\/et\/wp-json\/wp\/v2\/pages\/9121\/revisions"}],"wp:attachment":[{"href":"https:\/\/aiviouvapes.com\/et\/wp-json\/wp\/v2\/media?parent=9121"}],"curies":[{"name":"wp","href":"https:\/\/api.w.org\/{rel}","templated":true}]}}