{"id":9117,"date":"2024-08-21T10:50:31","date_gmt":"2024-08-21T10:50:31","guid":{"rendered":"https:\/\/aiviouvapes.com\/?page_id=9117"},"modified":"2024-11-24T00:13:56","modified_gmt":"2024-11-23T16:13:56","slug":"terms-conditions","status":"publish","type":"page","link":"https:\/\/aiviouvapes.com\/et\/terms-conditions\/","title":{"rendered":"Tingimused"},"content":{"rendered":"<p dir=\"auto\">Tere tulemast <strong>AiviouVape<\/strong>! Enne meie veebisaidi kasutamist lugege need tingimused hoolikalt l\u00e4bi. Meie saidile sisenedes ja seda kasutades n\u00f5ustute j\u00e4rgima siin kirjeldatud tingimusi ja k\u00f5iki kohaldatavaid seadusi. Kui te nende tingimustega ei n\u00f5ustu, l\u00f5petage palun meie veebisaidi kasutamine. Ostes n\u00f5ustute k\u00e4esolevate tingimustega ning meie tarne-, tagastus- ja garantiipoliitikaga.<\/p>\n<p dir=\"auto\"><strong>Rahvusvahelised tellimused<\/strong><\/p>\n<p dir=\"auto\">AiviouVape tegutseb \u00fclemaailmselt meie peakorterist Hongkongis. Kliente v\u00e4ljaspool Hongkongi peetakse rahvusvahelisteks klientideks. Enne tellimuse esitamist veenduge, et olete kursis oma riigi eeskirjadega aurustitoodete omamise, impordi ja kasutamise kohta. Teatud riikides v\u00f5ivad kehtida meie tarne-, tagastus- ja garantiieeskirjades t\u00e4psustatud lisaeeskirjad.<\/p>\n<p dir=\"auto\"><strong>Autori\u00f5igus<\/strong><\/p>\n<p dir=\"auto\">Kogu sellel saidil olev sisu \u2013 sealhulgas tekst, graafika ja kood \u2013 on autori\u00f5iguse seadustega kaitstud kui AiviouVape\u2019i kollektiivne teos. Autori\u00f5igus 2022, AiviouVape. K\u00f5ik \u00f5igused kaitstud. Tellimuse esitamiseks v\u00f5i AiviouVape&#039;i toodete ostmiseks v\u00f5ite saidi osi elektrooniliselt kopeerida ja printida. Mis tahes muu kasutamine, sealhulgas saidi sisu reprodutseerimine, levitamine v\u00f5i edastamine, on keelatud, v\u00e4lja arvatud juhul, kui AiviouVape Inc.<\/p>\n<p dir=\"auto\"><strong>Kaubam\u00e4rgid<\/strong><\/p>\n<p dir=\"auto\">K\u00f5ik meie saidil kuvatavad kaubam\u00e4rgid, teenusem\u00e4rgid ja kaubanimed kuuluvad AiviouVape&#039;ile.<\/p>\n<p dir=\"auto\"><strong>Garantiitingimused<\/strong><\/p>\n<p dir=\"auto\">Meie veebisaiti ning k\u00f5iki materjale ja tooteid pakutakse &quot;sellisena&quot; ilma igasuguste otseste v\u00f5i kaudsete garantiideta. AiviouVape loobub k\u00f5igist garantiidest, sealhulgas, kuid mitte ainult, kaubeldavuse, konkreetseks otstarbeks sobivuse ja \u00f5iguste mitterikkumise garantiidest. Me ei garanteeri, et saidi funktsioonid on katkematud v\u00f5i vigadeta, defektid parandatakse v\u00f5i et sait on vaba viirustest v\u00f5i muudest kahjulikest komponentidest. Me ei garanteeri pakutava sisu t\u00e4psust, t\u00e4ielikkust ega usaldusv\u00e4\u00e4rsust.<\/p>\n<p dir=\"auto\"><strong>Vastutuse piiramine<\/strong><\/p>\n<p dir=\"auto\">AiviouVape ei vastuta mingite eriliste v\u00f5i kaudsete kahjude eest, mis tulenevad sellel saidil olevate materjalide v\u00f5i toodete toimimise kasutamisest v\u00f5i suutmatusest neid kasutada, isegi kui seda on teavitatud selliste kahjude v\u00f5imalikkusest. Teatud jurisdiktsioonid ei luba vastutuse v\u00e4listamist ega piiramist kaudsete v\u00f5i juhuslike kahjude eest, mist\u00f5ttu need piirangud ei pruugi teie puhul kehtida.<\/p>\n<p dir=\"auto\"><strong>L\u00f5petamine<\/strong><\/p>\n<p dir=\"auto\">Need tingimused kehtivad k\u00f5igile kasutajatele saidile sisenemisel, registreerumisel v\u00f5i ostu sooritamisel. AiviouVape j\u00e4tab endale \u00f5iguse need tingimused igal ajal ilma ette teatamata t\u00e4ielikult v\u00f5i osaliselt l\u00f5petada. Autori\u00f5igust, kaubam\u00e4rke, garantiist lahti\u00fctlemist, vastutuse piiramist, h\u00fcvitamist ja mitmesuguseid s\u00e4tteid puudutavad s\u00e4tted kehtivad ka p\u00e4rast l\u00f5petamist.<\/p>\n<p dir=\"auto\"><strong>Teatis<\/strong><\/p>\n<p dir=\"auto\">AiviouVape v\u00f5ib edastada teile teatisi e-posti teel, veebisaidi \u00fcldteatiste v\u00f5i muude usaldusv\u00e4\u00e4rsete meetoditega, kasutades teie esitatud kontaktteavet.<\/p>\n<p dir=\"auto\"><strong>Mitmesugused<\/strong><\/p>\n<p dir=\"auto\">Neid tingimusi reguleerivad Hongkongi seadused, arvestamata selle seaduste konflikti p\u00f5him\u00f5tteid. K\u00f5ik nendest tingimustest tulenevad vaidlused lahendatakse Hongkongi kohtutes. N\u00f5uded tuleb esitada \u00fche aasta jooksul alates nende tekkimisest. AiviouVape&#039;i otsus mitte j\u00f5ustada \u00fchtegi nende tingimuste osa ei loobu tema \u00f5igustest. V\u00f5ime oma \u00f5igused ja kohustused nendest tingimustest ette teatamata loovutada.<\/p>\n<p dir=\"auto\"><strong>Saidi kasutamine<\/strong><\/p>\n<p dir=\"auto\">Ahistamine v\u00f5i sobimatu k\u00e4itumine saidil on keelatud. Kasutajad ei tohi \u00fcles laadida taunitavat sisu ega paluda teistelt kommertsteenuseid. AiviouVape j\u00e4tab endale \u00f5iguse blokeerida v\u00f5i eemaldada mis tahes sisu, mis rikub neid tingimusi.<\/p>\n<p dir=\"auto\"><strong>Osalemisest loobumine<\/strong><\/p>\n<p dir=\"auto\">AiviouVape ei vastuta veebisaidil kasutaja loodud sisu eest. Tegutseme ainult leviplatvormina ja j\u00e4tame endale \u00f5iguse eemaldada soovimatu sisu, kui seda vajalikuks peame.<\/p>\n<p dir=\"auto\"><strong>Toodete kasutamine<\/strong><\/p>\n<p dir=\"auto\">AiviouVape ei v\u00e4ida toote t\u00f5hususe kohta \u00fchelgi konkreetsel eesm\u00e4rgil. K\u00f5iki tooteid kasutatakse ostja riisikol. Nikotiinitooted on m\u00f5eldud ainult t\u00e4iskasvanutele. Enne nikotiinitoodete kasutamist pidage n\u00f5u meditsiinit\u00f6\u00f6tajaga.<\/p>\n<p dir=\"auto\"><strong>H\u00fcvitamine<\/strong><\/p>\n<p dir=\"auto\">Kasutades meie veebisaiti, n\u00f5ustute h\u00fcvitama AiviouVape&#039;ile ja tema teenusepakkujatele k\u00f5ik kahjud, kahjud, kulud ja kulud, mis tulenevad nende tingimuste rikkumisest v\u00f5i seotud tegevusest teie kontol.<\/p>\n<p dir=\"auto\"><strong>Kolmanda osapoole lingid<\/strong><\/p>\n<p dir=\"auto\">AiviouVape v\u00f5ib kasutajate mugavuse huvides pakkuda linke v\u00e4listele saitidele. Me ei kontrolli neid saite ega vastuta nende sisu ega tavade eest.<\/p>\n<p dir=\"auto\"><strong>Tootest loobumine<\/strong><\/p>\n<p dir=\"auto\">Teatud toodetel v\u00f5ivad olla konkreetsed lahti\u00fctlused tagastuste v\u00f5i vahetusk\u00f5lblikkuse kohta. Enne ostmist vaadake \u00fcle k\u00f5ik tootep\u00f5hised lahti\u00fctlused. N\u00f5ustudes meie n\u00f5uete ja tingimustega kassas, kinnitate, et m\u00f5istate k\u00f5iki kohaldatavaid lahti\u00fctlusi.<\/p>\n<p dir=\"auto\">Ait\u00e4h, et valisite <strong>AiviouVape<\/strong>!<\/p>\n<div class=\"row align-middle\"  id=\"row-1681264698\">\n\n\t<div id=\"col-1487367808\" class=\"col small-12 large-12\"  >\n\t\t\t\t<div class=\"col-inner text-center\"  >\n\t\t\t\n\t\t\t\n<a href=\"https:\/\/aiviouvapes.com\/et\/shop\/\" class=\"button primary is-shade is-larger box-shadow-4 box-shadow-5-hover\" style=\"border-radius:10px;\">\n\t\t<span>Ostke kohe<\/span>\n\t<\/a>\n\n\t\t<\/div>\n\t\t\t\t\n<style>\n#col-1487367808 > .col-inner {\n  padding: 20px 0px 0px 0px;\n}\n<\/style>\n\t<\/div>\n\n\t\n<\/div>","protected":false},"excerpt":{"rendered":"<p>Welcome to AiviouVape! Please read these terms and conditions carefully before using our website. By accessing and using our site, you agree to comply with the terms outlined here, as well as all applicable laws. If you do not agree with these terms, please discontinue using our website. By making a purchase, you accept these [&#8230;]\n","protected":false},"author":1,"featured_media":0,"parent":0,"menu_order":0,"comment_status":"closed","ping_status":"closed","template":"page-blank-title-center.php","meta":{"footnotes":""},"class_list":["post-9117","page","type-page","status-publish","hentry"],"jetpack_sharing_enabled":true,"_links":{"self":[{"href":"https:\/\/aiviouvapes.com\/et\/wp-json\/wp\/v2\/pages\/9117","targetHints":{"allow":["GET"]}}],"collection":[{"href":"https:\/\/aiviouvapes.com\/et\/wp-json\/wp\/v2\/pages"}],"about":[{"href":"https:\/\/aiviouvapes.com\/et\/wp-json\/wp\/v2\/types\/page"}],"author":[{"embeddable":true,"href":"https:\/\/aiviouvapes.com\/et\/wp-json\/wp\/v2\/users\/1"}],"replies":[{"embeddable":true,"href":"https:\/\/aiviouvapes.com\/et\/wp-json\/wp\/v2\/comments?post=9117"}],"version-history":[{"count":0,"href":"https:\/\/aiviouvapes.com\/et\/wp-json\/wp\/v2\/pages\/9117\/revisions"}],"wp:attachment":[{"href":"https:\/\/aiviouvapes.com\/et\/wp-json\/wp\/v2\/media?parent=9117"}],"curies":[{"name":"wp","href":"https:\/\/api.w.org\/{rel}","templated":true}]}}