{"id":9111,"date":"2024-08-21T10:48:05","date_gmt":"2024-08-21T10:48:05","guid":{"rendered":"https:\/\/aiviouvapes.com\/?page_id=9111"},"modified":"2024-11-30T20:28:47","modified_gmt":"2024-11-30T12:28:47","slug":"shipping-policy","status":"publish","type":"page","link":"https:\/\/aiviouvapes.com\/et\/shipping-policy\/","title":{"rendered":"Veopoliitika"},"content":{"rendered":"<div id=\"text-917761737\" class=\"text\">\n\t\t\n<header class=\"entry-header text-center\"><\/header>\n<p><strong>Veopoliitika<\/strong><\/p>\n<p>1. Tellimused t\u00f6\u00f6deldakse ja saadetakse 1-3 t\u00f6\u00f6p\u00e4eva jooksul. Tarneaeg on tavaliselt vahemikus 7-15 t\u00f6\u00f6p\u00e4eva. Pange t\u00e4hele, et me ei saada tellimusi n\u00e4dalavahetustel.<\/p>\n<p>2. Kui teie tellimus on l\u00e4hetatud, saadame teile e-kirjaga j\u00e4lgimisandmed. Saate oma saadetist j\u00e4lgida, kasutades etten\u00e4htud j\u00e4lgimisnumbrit j\u00e4rgmisel veebisaidil:<\/p>\n<p><a href=\"https:\/\/www.17track.net\/en\" target=\"_blank\" rel=\"nofollow noopener\">https:\/\/www.17track.net\/en<\/a><\/p>\n<p>Palun lubage 1-2 p\u00e4eva p\u00e4rast saatmist, et j\u00e4lgimisandmed ilmuksid veebisaidil.<\/p>\n<p>3. Teil on v\u00f5imalus tellimus t\u00fchistada v\u00f5i uuendada tarneaadressi igal ajal enne toodete saatmist. Kui tellimus on aga juba saadetud, ei saa me enam tagasimakseid ega aadressi muutusi t\u00f6\u00f6delda.<\/p>\n<p>4. riigid, millega me saame tarnida\u00a0<strong>DDP<\/strong>\u00a0(<strong>Tarnemaks tasutud<\/strong>) Meetod, see ei n\u00f5ua teilt tollivormistust ega mingeid tollimakse.<\/p>\n<ul>\n<li>USA - UPS Express (v.a. Alaska ja Hawaii)<\/li>\n<li>\u00dchendkuningriik - Kohalik DPD Express<\/li>\n<li>Euroopa - UPS Express\/ DPD Express\/ DHL Express<\/li>\n<\/ul>\n<p>Euroopa DDP-meetodi riikide nimekirjad: Saksamaa, Belgia, Luksemburg, Madalmaad, T\u0161ehhi Vabariik, Poola, Horvaatia, Slovakkia, Sloveenia, Soome, Taani, Rootsi, Austria, Prantsusmaa, Itaalia, Ungari, Bulgaaria, Leedu, Eesti, L\u00e4ti, Kreeka, Iirimaa, Portugal, Hispaania.<\/p>\n<p><strong>L\u00e4hetusaeg konkreetsete riikide puhul:<\/strong><\/p>\n<table style=\"height: 810px;\" width=\"518\">\n<thead>\n<tr>\n<th>RIIK<\/th>\n<th>SAATMISVIIS<\/th>\n<th>L\u00c4HETAMISE AEG<\/th>\n<\/tr>\n<\/thead>\n<tbody>\n<tr>\n<td>USA<\/td>\n<td>Kohalik UPS Ground<\/td>\n<td>10-15 p\u00e4eva<\/td>\n<\/tr>\n<tr>\n<td>UK<\/td>\n<td>Kohalik DPD Express<\/td>\n<td>7-12 p\u00e4eva<\/td>\n<\/tr>\n<tr>\n<td>Saksamaa<\/td>\n<td>UPS\/DPD\/DHL Saksamaa<\/td>\n<td>8-13 p\u00e4eva<\/td>\n<\/tr>\n<tr>\n<td>Prantsusmaa<\/td>\n<td>UPS\/DPD\/DHL Saksamaa<\/td>\n<td>8-13 p\u00e4eva<\/td>\n<\/tr>\n<tr>\n<td>Belgia<\/td>\n<td>UPS\/DPD\/DHL Saksamaa<\/td>\n<td>8-13 p\u00e4eva<\/td>\n<\/tr>\n<tr>\n<td>Luksemburg<\/td>\n<td>UPS\/DPD\/DHL Saksamaa<\/td>\n<td>8-13 p\u00e4eva<\/td>\n<\/tr>\n<tr>\n<td>Madalmaad<\/td>\n<td>UPS\/DPD\/DHL Saksamaa<\/td>\n<td>8-13 p\u00e4eva<\/td>\n<\/tr>\n<tr>\n<td>T\u0161ehhi Vabariik<\/td>\n<td>UPS\/DPD\/DHL Saksamaa<\/td>\n<td>8-13 p\u00e4eva<\/td>\n<\/tr>\n<tr>\n<td>Poola<\/td>\n<td>UPS\/DPD\/DHL Saksamaa<\/td>\n<td>8-13 p\u00e4eva<\/td>\n<\/tr>\n<tr>\n<td>Horvaatia<\/td>\n<td>UPS\/DPD\/DHL Saksamaa<\/td>\n<td>8-13 p\u00e4eva<\/td>\n<\/tr>\n<tr>\n<td>Slovakkia<\/td>\n<td>UPS\/DPD\/DHL Saksamaa<\/td>\n<td>8-13 p\u00e4eva<\/td>\n<\/tr>\n<tr>\n<td>Sloveenia<\/td>\n<td>UPS\/DPD\/DHL Saksamaa<\/td>\n<td>8-13 p\u00e4eva<\/td>\n<\/tr>\n<tr>\n<td>Soome<\/td>\n<td>UPS\/DPD\/DHL Saksamaa<\/td>\n<td>8-13 p\u00e4eva<\/td>\n<\/tr>\n<tr>\n<td>Taani<\/td>\n<td>UPS\/DPD\/DHL Saksamaa<\/td>\n<td>8-13 p\u00e4eva<\/td>\n<\/tr>\n<tr>\n<td>Rootsi<\/td>\n<td>UPS\/DPD\/DHL Saksamaa<\/td>\n<td>8-13 p\u00e4eva<\/td>\n<\/tr>\n<tr>\n<td>Austria<\/td>\n<td>UPS\/DPD\/DHL Saksamaa<\/td>\n<td>8-13 p\u00e4eva<\/td>\n<\/tr>\n<tr>\n<td>Itaalia<\/td>\n<td>UPS\/DPD\/DHL Saksamaa<\/td>\n<td>8-13 p\u00e4eva<\/td>\n<\/tr>\n<tr>\n<td>Ungari<\/td>\n<td>UPS\/DPD\/DHL Saksamaa<\/td>\n<td>8-13 p\u00e4eva<\/td>\n<\/tr>\n<tr>\n<td>Leedu<\/td>\n<td>UPS\/DPD\/DHL Saksamaa<\/td>\n<td>8-13 p\u00e4eva<\/td>\n<\/tr>\n<tr>\n<td>Eesti<\/td>\n<td>UPS\/DPD\/DHL Saksamaa<\/td>\n<td>8-13 p\u00e4eva<\/td>\n<\/tr>\n<tr>\n<td>L\u00e4ti<\/td>\n<td>UPS\/DPD\/DHL Saksamaa<\/td>\n<td>8-13 p\u00e4eva<\/td>\n<\/tr>\n<tr>\n<td>Kreeka<\/td>\n<td>UPS\/DPD\/DHL Saksamaa<\/td>\n<td>8-13 p\u00e4eva<\/td>\n<\/tr>\n<tr>\n<td>Iirimaa<\/td>\n<td>UPS\/DPD\/DHL Saksamaa<\/td>\n<td>8-13 p\u00e4eva<\/td>\n<\/tr>\n<tr>\n<td>Portugal<\/td>\n<td>UPS\/DPD\/DHL Saksamaa<\/td>\n<td>8-13 p\u00e4eva<\/td>\n<\/tr>\n<tr>\n<td>Hispaania<\/td>\n<td>UPS\/DPD\/DHL Saksamaa<\/td>\n<td>8-13 p\u00e4eva<\/td>\n<\/tr>\n<tr>\n<td>A\u00dcE (Dubai)<\/td>\n<td>Dubai spetsiaalne liin<\/td>\n<td>12-18 p\u00e4eva<\/td>\n<\/tr>\n<tr>\n<td>L\u00f5una-Aafrika Vabariik<\/td>\n<td>L\u00f5una-Aafrika sihtotstarbeline liin<\/td>\n<td>15-25 p\u00e4eva<\/td>\n<\/tr>\n<tr>\n<td>Vietnam<\/td>\n<td>Vietnami spetsiaalne liin<\/td>\n<td>3-5 p\u00e4eva<\/td>\n<\/tr>\n<tr>\n<td>L\u00e4\u00e4ne-Malaisia<\/td>\n<td>Malaisia spetsiaalne liin<\/td>\n<td>4-8 p\u00e4eva<\/td>\n<\/tr>\n<\/tbody>\n<\/table>\n<\/div>\n<\/div>\n<\/div>\n<\/div>\n<div id=\"col-429512057\" class=\"col medium-6 small-12 large-6\"><\/div>\n<\/div>\n<\/div>\n\t\t\n<style>\n#text-917761737 {\n  text-align: left;\n}\n<\/style>\n\t<\/div>\n\t\n<div class=\"row align-middle\"  id=\"row-668349519\">\n\n\t<div id=\"col-63244646\" class=\"col small-12 large-12\"  >\n\t\t\t\t<div class=\"col-inner text-center\"  >\n\t\t\t\n\t\t\t\n<a href=\"https:\/\/aiviouvapes.com\/et\/shop\/\" class=\"button primary is-shade is-larger box-shadow-4 box-shadow-5-hover\" style=\"border-radius:10px;\">\n\t\t<span>Ostke kohe<\/span>\n\t<\/a>\n\n\t\t<\/div>\n\t\t\t\t\n<style>\n#col-63244646 > .col-inner {\n  padding: 20px 0px 0px 0px;\n}\n<\/style>\n\t<\/div>\n\n\t\n<\/div>","protected":false},"excerpt":{"rendered":"","protected":false},"author":1,"featured_media":0,"parent":0,"menu_order":0,"comment_status":"closed","ping_status":"closed","template":"page-blank-title-center.php","meta":{"footnotes":""},"class_list":["post-9111","page","type-page","status-publish","hentry"],"jetpack_sharing_enabled":true,"_links":{"self":[{"href":"https:\/\/aiviouvapes.com\/et\/wp-json\/wp\/v2\/pages\/9111","targetHints":{"allow":["GET"]}}],"collection":[{"href":"https:\/\/aiviouvapes.com\/et\/wp-json\/wp\/v2\/pages"}],"about":[{"href":"https:\/\/aiviouvapes.com\/et\/wp-json\/wp\/v2\/types\/page"}],"author":[{"embeddable":true,"href":"https:\/\/aiviouvapes.com\/et\/wp-json\/wp\/v2\/users\/1"}],"replies":[{"embeddable":true,"href":"https:\/\/aiviouvapes.com\/et\/wp-json\/wp\/v2\/comments?post=9111"}],"version-history":[{"count":0,"href":"https:\/\/aiviouvapes.com\/et\/wp-json\/wp\/v2\/pages\/9111\/revisions"}],"wp:attachment":[{"href":"https:\/\/aiviouvapes.com\/et\/wp-json\/wp\/v2\/media?parent=9111"}],"curies":[{"name":"wp","href":"https:\/\/api.w.org\/{rel}","templated":true}]}}