{"id":9102,"date":"2024-08-21T10:43:42","date_gmt":"2024-08-21T10:43:42","guid":{"rendered":"https:\/\/aiviouvapes.com\/?page_id=9102"},"modified":"2024-12-18T18:35:34","modified_gmt":"2024-12-18T10:35:34","slug":"how-to-order","status":"publish","type":"page","link":"https:\/\/aiviouvapes.com\/et\/how-to-order\/","title":{"rendered":"Kuidas tellida"},"content":{"rendered":"<header class=\"entry-header text-center\">\n<h1 class=\"entry-title\">Kuidas osta Vapes on AIVIOU VAPES (koos piltidega)<\/h1>\n<\/header>\n<div class=\"entry-content\">\n<p>Tere tulemast AIVIOU VAPESi! J\u00e4rgige neid lihtsaid samme, et osta oma lemmik \u00fchekordsed aurud meie veebipoest.<\/p>\n<h2>Samm 1: Sirvige meie kollektsiooni<\/h2>\n<ol>\n<li><strong>K\u00fclasta meie kodulehte<\/strong>: Mine aadressile\u00a0<a href=\"https:\/\/aiviouvapes.com\/et\/\" rel=\"noreferrer\">AIVIOUVAPES.com<\/a>.<\/li>\n<li><strong>Navigeeri toodete juurde<\/strong>: Kl\u00f5psake nuppu \"<a class=\"nav-top-link\" href=\"https:\/\/aiviouvapes.com\/et\/shop\/\" aria-expanded=\"false\">SHOP<\/a>\" men\u00fc\u00fc lehe \u00fclaosas.<a href=\"https:\/\/i0.wp.com\/aiviouvapes.com\/wp-content\/uploads\/2024\/08\/shop.jpg?ssl=1\"><img data-recalc-dims=\"1\" loading=\"lazy\" decoding=\"async\" title=\"Kuidas tellida\" class=\"alignnone size-full wp-image-9276\" src=\"https:\/\/i0.wp.com\/aiviouvapes.com\/wp-content\/uploads\/2024\/08\/shop.jpg?resize=1020%2C749&#038;ssl=1\" alt=\"Kuidas tellida\" width=\"1020\" height=\"749\" srcset=\"https:\/\/i0.wp.com\/aiviouvapes.com\/wp-content\/uploads\/2024\/08\/shop.jpg?w=1121&amp;ssl=1 1121w, https:\/\/i0.wp.com\/aiviouvapes.com\/wp-content\/uploads\/2024\/08\/shop.jpg?resize=300%2C220&amp;ssl=1 300w, https:\/\/i0.wp.com\/aiviouvapes.com\/wp-content\/uploads\/2024\/08\/shop.jpg?resize=1024%2C752&amp;ssl=1 1024w, https:\/\/i0.wp.com\/aiviouvapes.com\/wp-content\/uploads\/2024\/08\/shop.jpg?resize=768%2C564&amp;ssl=1 768w, https:\/\/i0.wp.com\/aiviouvapes.com\/wp-content\/uploads\/2024\/08\/shop.jpg?resize=16%2C12&amp;ssl=1 16w, https:\/\/i0.wp.com\/aiviouvapes.com\/wp-content\/uploads\/2024\/08\/shop.jpg?resize=800%2C587&amp;ssl=1 800w\" sizes=\"auto, (max-width: 1020px) 100vw, 1020px\" \/><\/a><\/li>\n<\/ol>\n<h2>Samm 2: Valige oma Vape<\/h2>\n<ol>\n<li><strong>Valige Vape<\/strong>: Valige <b>vape<\/b> olete huvitatud.<\/li>\n<li><strong>Vaata tooteid<\/strong>: Sirvige olemasolevaid tooteid. Kl\u00f5psake toote pildil v\u00f5i pealkirjal, et n\u00e4ha rohkem \u00fcksikasju.<\/li>\n<\/ol>\n<p><a href=\"https:\/\/i0.wp.com\/aiviouvapes.com\/wp-content\/uploads\/2024\/08\/select_product.jpg?ssl=1\"><img data-recalc-dims=\"1\" loading=\"lazy\" decoding=\"async\" title=\"Kuidas tellida\" class=\"alignnone size-full wp-image-9275\" src=\"https:\/\/i0.wp.com\/aiviouvapes.com\/wp-content\/uploads\/2024\/08\/select_product.jpg?resize=1020%2C426&#038;ssl=1\" alt=\"Kuidas tellida\" width=\"1020\" height=\"426\" data-wp-editing=\"1\" srcset=\"https:\/\/i0.wp.com\/aiviouvapes.com\/wp-content\/uploads\/2024\/08\/select_product.jpg?w=1916&amp;ssl=1 1916w, https:\/\/i0.wp.com\/aiviouvapes.com\/wp-content\/uploads\/2024\/08\/select_product.jpg?resize=300%2C125&amp;ssl=1 300w, https:\/\/i0.wp.com\/aiviouvapes.com\/wp-content\/uploads\/2024\/08\/select_product.jpg?resize=1024%2C428&amp;ssl=1 1024w, https:\/\/i0.wp.com\/aiviouvapes.com\/wp-content\/uploads\/2024\/08\/select_product.jpg?resize=768%2C321&amp;ssl=1 768w, https:\/\/i0.wp.com\/aiviouvapes.com\/wp-content\/uploads\/2024\/08\/select_product.jpg?resize=1536%2C641&amp;ssl=1 1536w, https:\/\/i0.wp.com\/aiviouvapes.com\/wp-content\/uploads\/2024\/08\/select_product.jpg?resize=18%2C8&amp;ssl=1 18w, https:\/\/i0.wp.com\/aiviouvapes.com\/wp-content\/uploads\/2024\/08\/select_product.jpg?resize=800%2C334&amp;ssl=1 800w\" sizes=\"auto, (max-width: 1020px) 100vw, 1020px\" \/><\/a><\/p>\n<h2>3. samm: valige toote \u00fcksikasjad<\/h2>\n<ol>\n<li><strong>Loe \u00fcksikasju<\/strong>: Toote lehel vaadake kirjeldust, kontrollige hinda ja lugege klientide kommentaare.<\/li>\n<li><strong>Vali kogus<\/strong>: Valige kogus, mida soovite osta.<\/li>\n<li><strong>Lisa ostukorvi<\/strong>: Vajutage nupule \"Lisa ostukorvi\", et lisada toode ostukorvi.<\/li>\n<\/ol>\n<p><a href=\"https:\/\/i0.wp.com\/aiviouvapes.com\/wp-content\/uploads\/2024\/08\/product_detail.png?ssl=1\"><img data-recalc-dims=\"1\" loading=\"lazy\" decoding=\"async\" title=\"Kuidas tellida\" class=\"alignnone size-full wp-image-9274\" src=\"https:\/\/i0.wp.com\/aiviouvapes.com\/wp-content\/uploads\/2024\/08\/product_detail.png?resize=1020%2C619&#038;ssl=1\" alt=\"Kuidas tellida\" width=\"1020\" height=\"619\" srcset=\"https:\/\/i0.wp.com\/aiviouvapes.com\/wp-content\/uploads\/2024\/08\/product_detail.png?w=1527&amp;ssl=1 1527w, https:\/\/i0.wp.com\/aiviouvapes.com\/wp-content\/uploads\/2024\/08\/product_detail.png?resize=300%2C182&amp;ssl=1 300w, https:\/\/i0.wp.com\/aiviouvapes.com\/wp-content\/uploads\/2024\/08\/product_detail.png?resize=1024%2C622&amp;ssl=1 1024w, https:\/\/i0.wp.com\/aiviouvapes.com\/wp-content\/uploads\/2024\/08\/product_detail.png?resize=768%2C466&amp;ssl=1 768w, https:\/\/i0.wp.com\/aiviouvapes.com\/wp-content\/uploads\/2024\/08\/product_detail.png?resize=18%2C12&amp;ssl=1 18w, https:\/\/i0.wp.com\/aiviouvapes.com\/wp-content\/uploads\/2024\/08\/product_detail.png?resize=800%2C486&amp;ssl=1 800w\" sizes=\"auto, (max-width: 1020px) 100vw, 1020px\" \/><\/a><\/p>\n<\/div>\n<h2>Samm 4: Vaadake oma ostukorv \u00fcle<\/h2>\n<ol>\n<li><strong>Vaata ostukorvi<\/strong>: Vajutage ostukorvi ikoonile lehek\u00fclje paremas \u00fclanurgas, et vaadata oma ostukorvi.<\/li>\n<li><strong>L\u00e4bivaatamise esemed<\/strong>: Veenduge, et k\u00f5ik esemed ja kogused on \u00f5iged.<\/li>\n<li><strong>J\u00e4tkake kassasse<\/strong>: Kl\u00f5psake nuppu \"Edasi kassasse\", et liikuda j\u00e4rgmise sammu juurde.<\/li>\n<\/ol>\n<p><a href=\"https:\/\/i0.wp.com\/aiviouvapes.com\/wp-content\/uploads\/2024\/08\/cart.png?ssl=1\"><img data-recalc-dims=\"1\" loading=\"lazy\" decoding=\"async\" title=\"Kuidas tellida\" class=\"alignnone size-full wp-image-9272\" src=\"https:\/\/i0.wp.com\/aiviouvapes.com\/wp-content\/uploads\/2024\/08\/cart.png?resize=1020%2C383&#038;ssl=1\" alt=\"Kuidas tellida\" width=\"1020\" height=\"383\" srcset=\"https:\/\/i0.wp.com\/aiviouvapes.com\/wp-content\/uploads\/2024\/08\/cart.png?w=1768&amp;ssl=1 1768w, https:\/\/i0.wp.com\/aiviouvapes.com\/wp-content\/uploads\/2024\/08\/cart.png?resize=300%2C113&amp;ssl=1 300w, https:\/\/i0.wp.com\/aiviouvapes.com\/wp-content\/uploads\/2024\/08\/cart.png?resize=1024%2C384&amp;ssl=1 1024w, https:\/\/i0.wp.com\/aiviouvapes.com\/wp-content\/uploads\/2024\/08\/cart.png?resize=768%2C288&amp;ssl=1 768w, https:\/\/i0.wp.com\/aiviouvapes.com\/wp-content\/uploads\/2024\/08\/cart.png?resize=1536%2C576&amp;ssl=1 1536w, https:\/\/i0.wp.com\/aiviouvapes.com\/wp-content\/uploads\/2024\/08\/cart.png?resize=18%2C7&amp;ssl=1 18w, https:\/\/i0.wp.com\/aiviouvapes.com\/wp-content\/uploads\/2024\/08\/cart.png?resize=800%2C300&amp;ssl=1 800w\" sizes=\"auto, (max-width: 1020px) 100vw, 1020px\" \/><\/a><\/p>\n<h2>5. samm: Kassasse minek<\/h2>\n<ol>\n<li><strong>Arveldusandmed<\/strong>: T\u00e4itke oma arveldusandmed, sealhulgas nimi, aadress ja kontaktandmed.<\/li>\n<li><strong>Laevanduse \u00fcksikasjad<\/strong>: Kui see erineb arveldusest, t\u00e4itke oma saatmisandmed.<\/li>\n<li><strong>Makseviis<\/strong>: Valige oma eelistatud makseviis.<\/li>\n<li><strong>Vaadake oma tellimus \u00fcle<\/strong>: Kontrollige k\u00f5ik \u00fcksikasjad, sealhulgas esemed, kogused ja kogusumma.<\/li>\n<li><strong>Tee tellimus<\/strong>: Ostu sooritamiseks kl\u00f5psake nuppu \"Tee tellimus\".<\/li>\n<\/ol>\n<p><a href=\"https:\/\/i0.wp.com\/aiviouvapes.com\/wp-content\/uploads\/2024\/08\/checkout.png?ssl=1\"><img data-recalc-dims=\"1\" loading=\"lazy\" decoding=\"async\" title=\"Kuidas tellida\" class=\"alignnone size-full wp-image-9273\" src=\"https:\/\/i0.wp.com\/aiviouvapes.com\/wp-content\/uploads\/2024\/08\/checkout.png?resize=1020%2C638&#038;ssl=1\" alt=\"Kuidas tellida\" width=\"1020\" height=\"638\" srcset=\"https:\/\/i0.wp.com\/aiviouvapes.com\/wp-content\/uploads\/2024\/08\/checkout.png?w=1328&amp;ssl=1 1328w, https:\/\/i0.wp.com\/aiviouvapes.com\/wp-content\/uploads\/2024\/08\/checkout.png?resize=300%2C188&amp;ssl=1 300w, https:\/\/i0.wp.com\/aiviouvapes.com\/wp-content\/uploads\/2024\/08\/checkout.png?resize=1024%2C640&amp;ssl=1 1024w, https:\/\/i0.wp.com\/aiviouvapes.com\/wp-content\/uploads\/2024\/08\/checkout.png?resize=768%2C480&amp;ssl=1 768w, https:\/\/i0.wp.com\/aiviouvapes.com\/wp-content\/uploads\/2024\/08\/checkout.png?resize=18%2C12&amp;ssl=1 18w, https:\/\/i0.wp.com\/aiviouvapes.com\/wp-content\/uploads\/2024\/08\/checkout.png?resize=800%2C500&amp;ssl=1 800w\" sizes=\"auto, (max-width: 1020px) 100vw, 1020px\" \/><\/a><\/p>\n<h2>6. samm: tellimuse kinnitamine<\/h2>\n<ol>\n<li><strong>Kinnituss\u00f5num<\/strong>: Ekraanile ilmub tellimuse kinnituse teade koos teie tellimuse numbriga.<\/li>\n<li><strong>E-posti kinnitus<\/strong>: Vaadake oma e-kirja, et saada kinnituss\u00f5num koos k\u00f5igi tellimuse \u00fcksikasjadega.<\/li>\n<\/ol>\n<div class=\"row align-middle\"  id=\"row-1369343467\">\n\n\t<div id=\"col-194641048\" class=\"col small-12 large-12\"  >\n\t\t\t\t<div class=\"col-inner text-center\"  >\n\t\t\t\n\t\t\t\n<a href=\"https:\/\/aiviouvapes.com\/et\/shop\/\" class=\"button primary is-shade is-larger box-shadow-4 box-shadow-5-hover\" style=\"border-radius:10px;\">\n\t\t<span>Ostke kohe<\/span>\n\t<\/a>\n\n\t\t<\/div>\n\t\t\t\t\n<style>\n#col-194641048 > .col-inner {\n  padding: 20px 0px 0px 0px;\n}\n<\/style>\n\t<\/div>\n\n\t\n<\/div>","protected":false},"excerpt":{"rendered":"<p>How to Buy Vapes on AIVIOU VAPES (with Pictures) Welcome to AIVIOU VAPES! Follow these simple steps to purchase your favorite disposable vapes from our online store. Step 1: Browse Our Collection Visit our Homepage: Go to\u00a0AIVIOUVAPES.com. Navigate to Products: Click on the \u201cSHOP\u201d menu at the top of the page. Step 2: Select Your [&#8230;]\n","protected":false},"author":1,"featured_media":0,"parent":0,"menu_order":0,"comment_status":"closed","ping_status":"closed","template":"page-blank-title-center.php","meta":{"footnotes":""},"class_list":["post-9102","page","type-page","status-publish","hentry"],"jetpack_sharing_enabled":true,"_links":{"self":[{"href":"https:\/\/aiviouvapes.com\/et\/wp-json\/wp\/v2\/pages\/9102","targetHints":{"allow":["GET"]}}],"collection":[{"href":"https:\/\/aiviouvapes.com\/et\/wp-json\/wp\/v2\/pages"}],"about":[{"href":"https:\/\/aiviouvapes.com\/et\/wp-json\/wp\/v2\/types\/page"}],"author":[{"embeddable":true,"href":"https:\/\/aiviouvapes.com\/et\/wp-json\/wp\/v2\/users\/1"}],"replies":[{"embeddable":true,"href":"https:\/\/aiviouvapes.com\/et\/wp-json\/wp\/v2\/comments?post=9102"}],"version-history":[{"count":0,"href":"https:\/\/aiviouvapes.com\/et\/wp-json\/wp\/v2\/pages\/9102\/revisions"}],"wp:attachment":[{"href":"https:\/\/aiviouvapes.com\/et\/wp-json\/wp\/v2\/media?parent=9102"}],"curies":[{"name":"wp","href":"https:\/\/api.w.org\/{rel}","templated":true}]}}