{"id":9090,"date":"2024-08-21T10:29:18","date_gmt":"2024-08-21T10:29:18","guid":{"rendered":"https:\/\/aiviouvapes.com\/?page_id=9090"},"modified":"2024-12-02T19:43:21","modified_gmt":"2024-12-02T11:43:21","slug":"faqs","status":"publish","type":"page","link":"https:\/\/aiviouvapes.com\/et\/faqs\/","title":{"rendered":"KKK"},"content":{"rendered":"<div class=\"container section-title-container\" ><h3 class=\"section-title section-title-center\"><b aria-hidden=\"true\"><\/b><span class=\"section-title-main\" >Sagedased k\u00fcsimused<\/span><b aria-hidden=\"true\"><\/b><\/h3><\/div>\n\t<div id=\"text-2859452921\" class=\"text\">\n\t\t\n<h3 class=\"accordion_title\">Maksmine<\/h3>\n\t\t\n<style>\n#text-2859452921 {\n  font-size: 1.3rem;\n  line-height: 0.75;\n}\n<\/style>\n\t<\/div>\n\t\n<div class=\"accordion\">\n\t<div id=\"accordion-3141361350\" class=\"accordion-item\">\n\t\t<a id=\"accordion-3141361350-label\" class=\"accordion-title plain\" href=\"#accordion-item-which-payment-methods-do-you-accept?\" aria-expanded=\"false\" aria-controls=\"accordion-3141361350-content\">\n\t\t\t<button class=\"toggle\" aria-label=\"Toggle\"><i class=\"icon-angle-down\" aria-hidden=\"true\"><\/i><\/button>\n\t\t\t<span>Milliseid makseviise te aktsepteerite?<\/span>\n\t\t<\/a>\n\t\t<div id=\"accordion-3141361350-content\" class=\"accordion-inner\" aria-labelledby=\"accordion-3141361350-label\">\n\t\t\t\n<p>Me aktsepteerime erinevaid makseviise, sealhulgas krediitkaardid, PayPal, SEPA, kr\u00fcptoraha ja muud. Saadaval olevaid maksev\u00f5imalusi saate vaadata kassalehek\u00fcljel.<\/p>\n\t\t<\/div>\n\t<\/div>\n\t\n\t<div id=\"accordion-3748394436\" class=\"accordion-item\">\n\t\t<a id=\"accordion-3748394436-label\" class=\"accordion-title plain\" href=\"#accordion-item-why-was-my-payment-declined?\" aria-expanded=\"false\" aria-controls=\"accordion-3748394436-content\">\n\t\t\t<button class=\"toggle\" aria-label=\"Toggle\"><i class=\"icon-angle-down\" aria-hidden=\"true\"><\/i><\/button>\n\t\t\t<span>Miks keelduti minu maksest?<\/span>\n\t\t<\/a>\n\t\t<div id=\"accordion-3748394436-content\" class=\"accordion-inner\" aria-labelledby=\"accordion-3748394436-label\">\n\t\t\t\n<div>\n<div>Makseid v\u00f5idakse tagasi l\u00fckata erinevatel p\u00f5hjustel, n\u00e4iteks vale krediitkaardiinfo, ebapiisav raha v\u00f5i probleemid makseteenuse pakkujaga. Palun veenduge, et teie esitatud makseteave on t\u00e4pne, v\u00f5i v\u00f5tke probleemi lahendamiseks \u00fchendust oma makseteenuse pakkujaga.<\/div>\n<\/div>\n\t\t<\/div>\n\t<\/div>\n\t\n\t<div id=\"accordion-2101292511\" class=\"accordion-item\">\n\t\t<a id=\"accordion-2101292511-label\" class=\"accordion-title plain\" href=\"#accordion-item-how-can-i-obtain-an-invoice?\" aria-expanded=\"false\" aria-controls=\"accordion-2101292511-content\">\n\t\t\t<button class=\"toggle\" aria-label=\"Toggle\"><i class=\"icon-angle-down\" aria-hidden=\"true\"><\/i><\/button>\n\t\t\t<span>Kuidas ma saan arve?<\/span>\n\t\t<\/a>\n\t\t<div id=\"accordion-2101292511-content\" class=\"accordion-inner\" aria-labelledby=\"accordion-2101292511-label\">\n\t\t\t\n<div>\n<div>Saate tellida arve ostu sooritamise ajal ja me saadame selle teile e-kirja teel.<\/div>\n<\/div>\n\t\t<\/div>\n\t<\/div>\n\t\n\t<div id=\"accordion-3334474680\" class=\"accordion-item\">\n\t\t<a id=\"accordion-3334474680-label\" class=\"accordion-title plain\" href=\"#accordion-item-do-you-offer-cash-on-delivery-(cod)-payment-option?\" aria-expanded=\"false\" aria-controls=\"accordion-3334474680-content\">\n\t\t\t<button class=\"toggle\" aria-label=\"Toggle\"><i class=\"icon-angle-down\" aria-hidden=\"true\"><\/i><\/button>\n\t\t\t<span>Kas te pakute j\u00e4relmaksu (COD) maksev\u00f5imalust?<\/span>\n\t\t<\/a>\n\t\t<div id=\"accordion-3334474680-content\" class=\"accordion-inner\" aria-labelledby=\"accordion-3334474680-label\">\n\t\t\t\n<div>\n<div>Me ei paku j\u00e4relmaksu. Tellimuse esitamisel peate kasutama online-makseviise.<\/div>\n<\/div>\n\t\t<\/div>\n\t<\/div>\n\t\n\t<div id=\"accordion-3915129952\" class=\"accordion-item\">\n\t\t<a id=\"accordion-3915129952-label\" class=\"accordion-title plain\" href=\"#accordion-item-is-there-an-option-to-enter-a-discount-code-or-gift-card?\" aria-expanded=\"false\" aria-controls=\"accordion-3915129952-content\">\n\t\t\t<button class=\"toggle\" aria-label=\"Toggle\"><i class=\"icon-angle-down\" aria-hidden=\"true\"><\/i><\/button>\n\t\t\t<span>Kas on v\u00f5imalus sisestada allahindluskood v\u00f5i kinkekaart?<\/span>\n\t\t<\/a>\n\t\t<div id=\"accordion-3915129952-content\" class=\"accordion-inner\" aria-labelledby=\"accordion-3915129952-label\">\n\t\t\t\n<div>\n<div>Jah, kui teil on allahindluskood v\u00f5i kinkekaart, saate allahindluste saamiseks sisestada vastavad andmed kassas\u00fcsteemi lehel.<\/div>\n<\/div>\n\t\t<\/div>\n\t<\/div>\n\t\n\t<div id=\"accordion-2906644483\" class=\"accordion-item\">\n\t\t<a id=\"accordion-2906644483-label\" class=\"accordion-title plain\" href=\"#accordion-item-is-payment-secure?\" aria-expanded=\"false\" aria-controls=\"accordion-2906644483-content\">\n\t\t\t<button class=\"toggle\" aria-label=\"Toggle\"><i class=\"icon-angle-down\" aria-hidden=\"true\"><\/i><\/button>\n\t\t\t<span>Kas makse on turvaline?<\/span>\n\t\t<\/a>\n\t\t<div id=\"accordion-2906644483-content\" class=\"accordion-inner\" aria-labelledby=\"accordion-2906644483-label\">\n\t\t\t\n<div>\n<div>Me v\u00f5tame mitmeid meetmeid maksete turvalisuse tagamiseks, sealhulgas kr\u00fcpteerimistehnoloogiat ja PCI standarditele vastavat maksete t\u00f6\u00f6tlemist.<\/div>\n<\/div>\n\t\t<\/div>\n\t<\/div>\n\t\n\t<div id=\"accordion-1605627883\" class=\"accordion-item\">\n\t\t<a id=\"accordion-1605627883-label\" class=\"accordion-title plain\" href=\"#accordion-item-how-can-i-receive-an-order-confirmation-after-making-a-payment?\" aria-expanded=\"false\" aria-controls=\"accordion-1605627883-content\">\n\t\t\t<button class=\"toggle\" aria-label=\"Toggle\"><i class=\"icon-angle-down\" aria-hidden=\"true\"><\/i><\/button>\n\t\t\t<span>Kuidas saan p\u00e4rast makse sooritamist tellimuse kinnituse?<\/span>\n\t\t<\/a>\n\t\t<div id=\"accordion-1605627883-content\" class=\"accordion-inner\" aria-labelledby=\"accordion-1605627883-label\">\n\t\t\t\n<div>\n<div>Saate tellimuse kinnituse e-posti kohe p\u00e4rast edukat maksmist, mis sisaldab \u00fcksikasjalikku teavet tellimuse kohta.<\/div>\n<\/div>\n\t\t<\/div>\n\t<\/div>\n\t\n\t<div id=\"accordion-1569480959\" class=\"accordion-item\">\n\t\t<a id=\"accordion-1569480959-label\" class=\"accordion-title plain\" href=\"#accordion-item-how-can-i-request-a-refund?\" aria-expanded=\"false\" aria-controls=\"accordion-1569480959-content\">\n\t\t\t<button class=\"toggle\" aria-label=\"Toggle\"><i class=\"icon-angle-down\" aria-hidden=\"true\"><\/i><\/button>\n\t\t\t<span>Kuidas ma saan taotleda tagasimakset?<\/span>\n\t\t<\/a>\n\t\t<div id=\"accordion-1569480959-content\" class=\"accordion-inner\" aria-labelledby=\"accordion-1569480959-label\">\n\t\t\t\n<div>\n<div>Kui teil on vaja raha tagasi saada, v\u00f5tke palun \u00fchendust meie klienditoega, esitades tellimuse \u00fcksikasjad. Me aitame teid tagasimakse taotluste t\u00f6\u00f6tlemisel vastavalt meie tagasimaksepoliitikale.<\/div>\n<\/div>\n\t\t<\/div>\n\t<\/div>\n\t\n\t<div id=\"accordion-2904058619\" class=\"accordion-item\">\n\t\t<a id=\"accordion-2904058619-label\" class=\"accordion-title plain\" href=\"#accordion-item-how-can-i-view-my-order-history-after-making-a-payment?\" aria-expanded=\"false\" aria-controls=\"accordion-2904058619-content\">\n\t\t\t<button class=\"toggle\" aria-label=\"Toggle\"><i class=\"icon-angle-down\" aria-hidden=\"true\"><\/i><\/button>\n\t\t\t<span>Kuidas saan p\u00e4rast makse sooritamist vaadata oma tellimuse ajalugu?<\/span>\n\t\t<\/a>\n\t\t<div id=\"accordion-2904058619-content\" class=\"accordion-inner\" aria-labelledby=\"accordion-2904058619-label\">\n\t\t\t\n<div>\n<div>Logige oma kontole sisse ja minge lehele \"Minu konto\". Tellimuste ajaloo jaotises saate vaadata makseteavet ja varasemate tellimuste staatust.<\/div>\n<\/div>\n\t\t<\/div>\n\t<\/div>\n\t\n<\/div>\n\t<div id=\"text-922605912\" class=\"text\">\n\t\t\n<h3 class=\"accordion_title\">Tarne<\/h3>\n\t\t\n<style>\n#text-922605912 {\n  font-size: 1.3rem;\n  line-height: 0.75;\n}\n<\/style>\n\t<\/div>\n\t\n<div class=\"accordion\">\n\t<div id=\"accordion-959710890\" class=\"accordion-item\">\n\t\t<a id=\"accordion-959710890-label\" class=\"accordion-title plain\" href=\"#accordion-item-what&#039;s-the-shipping-policy?\" aria-expanded=\"false\" aria-controls=\"accordion-959710890-content\">\n\t\t\t<button class=\"toggle\" aria-label=\"Toggle\"><i class=\"icon-angle-down\" aria-hidden=\"true\"><\/i><\/button>\n\t\t\t<span>Milline on laevanduspoliitika?<\/span>\n\t\t<\/a>\n\t\t<div id=\"accordion-959710890-content\" class=\"accordion-inner\" aria-labelledby=\"accordion-959710890-label\">\n\t\t\t\n<p>Riigid, kuhu saame tarnida\u00a0<strong>DDP<\/strong>\u00a0(<strong>Tarnemaks tasutud<\/strong>) Meetod, see ei n\u00f5ua teilt tollivormistust ega mingeid tollimakse.<\/p>\n<ul>\n<li>USA - UPS Express (v.a. Alaska ja Hawaii)<\/li>\n<li>\u00dchendkuningriik - Kohalik DPD Express<\/li>\n<li>Euroopa - UPS Express\/ DPD Express\/ DHL Express<\/li>\n<\/ul>\n<p>Euroopa DDP-meetodi riikide nimekirjad: Saksamaa, Belgia, Luksemburg, Madalmaad, T\u0161ehhi Vabariik, Poola, Horvaatia, Slovakkia, Sloveenia, Soome, Rootsi, Austria, Prantsusmaa, Itaalia, Ungari, Bulgaaria, Leedu, Eesti, L\u00e4ti, Kreeka, Iirimaa, Portugal, Hispaania.<\/p>\n<p>Saadetised Euroopa riikidesse, v\u00e4lja arvatud \u00dchendkuningriiki, kliiritakse Saksamaal ja saadetakse teistesse Euroopa riikidesse Saksamaalt.<\/p>\n<ul>\n<li>A\u00dcE (ainult Dubai)<\/li>\n<li>L\u00f5una-Aafrika Vabariik<\/li>\n<li>Vietnam<\/li>\n<li>L\u00e4\u00e4ne-Malaisia (v\u00e4lja arvatud Kalimantani saar)<\/li>\n<\/ul>\n<figure class=\"wp-block-table\"><strong>L\u00e4hetusaeg konkreetsete riikide puhul:<\/strong><\/p>\n<table>\n<thead>\n<tr>\n<th>RIIK<\/th>\n<th>SAATMISVIIS<\/th>\n<th>L\u00c4HETAMISE AEG<\/th>\n<\/tr>\n<\/thead>\n<tbody>\n<tr>\n<td>USA<\/td>\n<td>Kohalik UPS Ground<\/td>\n<td>10-15 p\u00e4eva<\/td>\n<\/tr>\n<tr>\n<td>UK<\/td>\n<td>Kohalik DPD Express<\/td>\n<td>7-12 p\u00e4eva<\/td>\n<\/tr>\n<tr>\n<td>Saksamaa<\/td>\n<td>UPS\/DPD\/DHL Saksamaa<\/td>\n<td>8-13 p\u00e4eva<\/td>\n<\/tr>\n<tr>\n<td>Prantsusmaa<\/td>\n<td>UPS\/DPD\/DHL Saksamaa<\/td>\n<td>8-13 p\u00e4eva<\/td>\n<\/tr>\n<tr>\n<td>Belgia<\/td>\n<td>UPS\/DPD\/DHL Saksamaa<\/td>\n<td>8-13 p\u00e4eva<\/td>\n<\/tr>\n<tr>\n<td>Luksemburg<\/td>\n<td>UPS\/DPD\/DHL Saksamaa<\/td>\n<td>8-13 p\u00e4eva<\/td>\n<\/tr>\n<tr>\n<td>Madalmaad<\/td>\n<td>UPS\/DPD\/DHL Saksamaa<\/td>\n<td>8-13 p\u00e4eva<\/td>\n<\/tr>\n<tr>\n<td>T\u0161ehhi Vabariik<\/td>\n<td>UPS\/DPD\/DHL Saksamaa<\/td>\n<td>8-13 p\u00e4eva<\/td>\n<\/tr>\n<tr>\n<td>Poola<\/td>\n<td>UPS\/DPD\/DHL Saksamaa<\/td>\n<td>8-13 p\u00e4eva<\/td>\n<\/tr>\n<tr>\n<td>Horvaatia<\/td>\n<td>UPS\/DPD\/DHL Saksamaa<\/td>\n<td>8-13 p\u00e4eva<\/td>\n<\/tr>\n<tr>\n<td>Slovakkia<\/td>\n<td>UPS\/DPD\/DHL Saksamaa<\/td>\n<td>8-13 p\u00e4eva<\/td>\n<\/tr>\n<tr>\n<td>Sloveenia<\/td>\n<td>UPS\/DPD\/DHL Saksamaa<\/td>\n<td>8-13 p\u00e4eva<\/td>\n<\/tr>\n<tr>\n<td>Soome<\/td>\n<td>UPS\/DPD\/DHL Saksamaa<\/td>\n<td>8-13 p\u00e4eva<\/td>\n<\/tr>\n<tr>\n<td>Taani<\/td>\n<td>UPS\/DPD\/DHL Saksamaa<\/td>\n<td>8-13 p\u00e4eva<\/td>\n<\/tr>\n<tr>\n<td>Rootsi<\/td>\n<td>UPS\/DPD\/DHL Saksamaa<\/td>\n<td>8-13 p\u00e4eva<\/td>\n<\/tr>\n<tr>\n<td>Austria<\/td>\n<td>UPS\/DPD\/DHL Saksamaa<\/td>\n<td>8-13 p\u00e4eva<\/td>\n<\/tr>\n<tr>\n<td>Itaalia<\/td>\n<td>UPS\/DPD\/DHL Saksamaa<\/td>\n<td>8-13 p\u00e4eva<\/td>\n<\/tr>\n<tr>\n<td>Ungari<\/td>\n<td>UPS\/DPD\/DHL Saksamaa<\/td>\n<td>8-13 p\u00e4eva<\/td>\n<\/tr>\n<tr>\n<td>Leedu<\/td>\n<td>UPS\/DPD\/DHL Saksamaa<\/td>\n<td>8-13 p\u00e4eva<\/td>\n<\/tr>\n<tr>\n<td>Eesti<\/td>\n<td>UPS\/DPD\/DHL Saksamaa<\/td>\n<td>8-13 p\u00e4eva<\/td>\n<\/tr>\n<tr>\n<td>L\u00e4ti<\/td>\n<td>UPS\/DPD\/DHL Saksamaa<\/td>\n<td>8-13 p\u00e4eva<\/td>\n<\/tr>\n<tr>\n<td>Kreeka<\/td>\n<td>UPS\/DPD\/DHL Saksamaa<\/td>\n<td>8-13 p\u00e4eva<\/td>\n<\/tr>\n<tr>\n<td>Iirimaa<\/td>\n<td>UPS\/DPD\/DHL Saksamaa<\/td>\n<td>8-13 p\u00e4eva<\/td>\n<\/tr>\n<tr>\n<td>Portugal<\/td>\n<td>UPS\/DPD\/DHL Saksamaa<\/td>\n<td>8-13 p\u00e4eva<\/td>\n<\/tr>\n<tr>\n<td>Hispaania<\/td>\n<td>UPS\/DPD\/DHL Saksamaa<\/td>\n<td>8-13 p\u00e4eva<\/td>\n<\/tr>\n<tr>\n<td>A\u00dcE (Dubai)<\/td>\n<td>Dubai spetsiaalne liin<\/td>\n<td>12-18 p\u00e4eva<\/td>\n<\/tr>\n<tr>\n<td>L\u00f5una-Aafrika Vabariik<\/td>\n<td>L\u00f5una-Aafrika sihtotstarbeline liin<\/td>\n<td>15-25 p\u00e4eva<\/td>\n<\/tr>\n<tr>\n<td>Vietnam<\/td>\n<td>Vietnami spetsiaalne liin<\/td>\n<td>3-5 p\u00e4eva<\/td>\n<\/tr>\n<tr>\n<td>L\u00e4\u00e4ne-Malaisia<\/td>\n<td>Malaisia spetsiaalne liin<\/td>\n<td>4-8 p\u00e4eva<\/td>\n<\/tr>\n<\/tbody>\n<\/table>\n<\/figure>\n<p>Muud riigid<br \/>\nV\u00e4lja arvatud need riigid, mis on loetletud eespool, peate te\u00a0<strong>teha tollivormistus<\/strong>\u00a0ja\u00a0<strong>tasuda tollimaksud<\/strong>\u00a0kui pakett saabus teie tollile, kui palju maksu peate maksma, k\u00fcsige \u00fcksikasjade kohta kohalikult tolliasutuselt.<\/p>\n<p>Teie toll v\u00f5ib n\u00f5uda, et te esitaksite\u00a0<strong>\u00e4ritegevusluba<\/strong>\u00a0ka. (kui on)<\/p>\n\t\t<\/div>\n\t<\/div>\n\t\n\t<div id=\"accordion-896369150\" class=\"accordion-item\">\n\t\t<a id=\"accordion-896369150-label\" class=\"accordion-title plain\" href=\"#accordion-item-how-are-shipping-costs-calculated?\" aria-expanded=\"false\" aria-controls=\"accordion-896369150-content\">\n\t\t\t<button class=\"toggle\" aria-label=\"Toggle\"><i class=\"icon-angle-down\" aria-hidden=\"true\"><\/i><\/button>\n\t\t\t<span>Kuidas arvutatakse saatmiskulud?<\/span>\n\t\t<\/a>\n\t\t<div id=\"accordion-896369150-content\" class=\"accordion-inner\" aria-labelledby=\"accordion-896369150-label\">\n\t\t\t\n<div>\n<div>Tavaliselt arvutatakse saatmiskulud l\u00e4htuvalt esemete kaalust, saatmise sihtkohast ja valitud saatmisviisist. Saate n\u00e4ha saatmiskulusid ostu sooritamise ajal.<\/div>\n<\/div>\n\t\t<\/div>\n\t<\/div>\n\t\n\t<div id=\"accordion-809961721\" class=\"accordion-item\">\n\t\t<a id=\"accordion-809961721-label\" class=\"accordion-title plain\" href=\"#accordion-item-what-should-i-do-if-my-package-is-lost-or-delayed?\" aria-expanded=\"false\" aria-controls=\"accordion-809961721-content\">\n\t\t\t<button class=\"toggle\" aria-label=\"Toggle\"><i class=\"icon-angle-down\" aria-hidden=\"true\"><\/i><\/button>\n\t\t\t<span>Mida peaksin tegema, kui minu pakett on kadunud v\u00f5i hilinenud?<\/span>\n\t\t<\/a>\n\t\t<div id=\"accordion-809961721-content\" class=\"accordion-inner\" aria-labelledby=\"accordion-809961721-label\">\n\t\t\t\n<div>\n<div>Kui teie pakk on kadunud v\u00f5i oluliselt hilinenud, v\u00f5tke palun \u00fchendust meie klienditoe meeskonnaga. Me uurime ja aitame probleemi lahendada.<\/div>\n<\/div>\n\t\t<\/div>\n\t<\/div>\n\t\n\t<div id=\"accordion-409271597\" class=\"accordion-item\">\n\t\t<a id=\"accordion-409271597-label\" class=\"accordion-title plain\" href=\"#accordion-item-how-can-i-track-my-order?\" aria-expanded=\"false\" aria-controls=\"accordion-409271597-content\">\n\t\t\t<button class=\"toggle\" aria-label=\"Toggle\"><i class=\"icon-angle-down\" aria-hidden=\"true\"><\/i><\/button>\n\t\t\t<span>Kuidas ma saan oma tellimust j\u00e4lgida?<\/span>\n\t\t<\/a>\n\t\t<div id=\"accordion-409271597-content\" class=\"accordion-inner\" aria-labelledby=\"accordion-409271597-label\">\n\t\t\t\n<div>\n<div>Saate oma tellimust j\u00e4lgida, kui logite sisse oma kontole ja avate jaotise \"Tellimuse ajalugu\". Saadame tellimuse j\u00e4lgimise teavet ka e-posti teel.<\/div>\n<\/div>\n\t\t<\/div>\n\t<\/div>\n\t\n\t<div id=\"accordion-2975809824\" class=\"accordion-item\">\n\t\t<a id=\"accordion-2975809824-label\" class=\"accordion-title plain\" href=\"#accordion-item-do-i-need-to-pay-customs-duties?\" aria-expanded=\"false\" aria-controls=\"accordion-2975809824-content\">\n\t\t\t<button class=\"toggle\" aria-label=\"Toggle\"><i class=\"icon-angle-down\" aria-hidden=\"true\"><\/i><\/button>\n\t\t\t<span>Kas ma pean maksma tollimaksu?<\/span>\n\t\t<\/a>\n\t\t<div id=\"accordion-2975809824-content\" class=\"accordion-inner\" aria-labelledby=\"accordion-2975809824-label\">\n\t\t\t\n<div>\n<div>Praegu ei ole see n\u00f5utav, v\u00e4lja arvatud Kanadas ja Taanis.<\/div>\n<\/div>\n\t\t<\/div>\n\t<\/div>\n\t\n\t<div id=\"accordion-2959932298\" class=\"accordion-item\">\n\t\t<a id=\"accordion-2959932298-label\" class=\"accordion-title plain\" href=\"#accordion-item-what-is-the-estimated-shipping-time?\" aria-expanded=\"false\" aria-controls=\"accordion-2959932298-content\">\n\t\t\t<button class=\"toggle\" aria-label=\"Toggle\"><i class=\"icon-angle-down\" aria-hidden=\"true\"><\/i><\/button>\n\t\t\t<span>Milline on hinnanguline tarneaeg?<\/span>\n\t\t<\/a>\n\t\t<div id=\"accordion-2959932298-content\" class=\"accordion-inner\" aria-labelledby=\"accordion-2959932298-label\">\n\t\t\t\n<div>\n<div>S\u00f5ltuvalt tootest on ladustamise aeg 1-5 p\u00e4eva ja tarneaeg 7-15 p\u00e4eva.<\/div>\n<\/div>\n\t\t<\/div>\n\t<\/div>\n\t\n<\/div>\n\t<div id=\"text-2265920644\" class=\"text\">\n\t\t\n<div>\n<h3>Turvalisus<\/h3>\n<\/div>\n\t\t\n<style>\n#text-2265920644 {\n  font-size: 1.3rem;\n  line-height: 0.75;\n}\n<\/style>\n\t<\/div>\n\t\n<div class=\"accordion\">\n\t<div id=\"accordion-481203781\" class=\"accordion-item\">\n\t\t<a id=\"accordion-481203781-label\" class=\"accordion-title plain\" href=\"#accordion-item-how-is-website-security-ensured?\" aria-expanded=\"false\" aria-controls=\"accordion-481203781-content\">\n\t\t\t<button class=\"toggle\" aria-label=\"Toggle\"><i class=\"icon-angle-down\" aria-hidden=\"true\"><\/i><\/button>\n\t\t\t<span>Kuidas tagatakse veebisaidi turvalisus?<\/span>\n\t\t<\/a>\n\t\t<div id=\"accordion-481203781-content\" class=\"accordion-inner\" aria-labelledby=\"accordion-481203781-label\">\n\t\t\t\n<div>\n<div>Me kasutame teie andmete ja tehingute kaitsmiseks mitmetasandilisi turvameetmeid, sealhulgas andmete kr\u00fcpteerimist, tulem\u00fc\u00fcre ja regulaarseid turvakontrolle.<\/div>\n<\/div>\n\t\t<\/div>\n\t<\/div>\n\t\n\t<div id=\"accordion-552820789\" class=\"accordion-item\">\n\t\t<a id=\"accordion-552820789-label\" class=\"accordion-title plain\" href=\"#accordion-item-how-is-my-personal-information-safeguarded?\" aria-expanded=\"false\" aria-controls=\"accordion-552820789-content\">\n\t\t\t<button class=\"toggle\" aria-label=\"Toggle\"><i class=\"icon-angle-down\" aria-hidden=\"true\"><\/i><\/button>\n\t\t\t<span>Kuidas on minu isikuandmed kaitstud?<\/span>\n\t\t<\/a>\n\t\t<div id=\"accordion-552820789-content\" class=\"accordion-inner\" aria-labelledby=\"accordion-552820789-label\">\n\t\t\t\n<div>\n<div>Me j\u00e4rgime rangelt oma privaatsuspoliitikat ja ei m\u00fc\u00fc ega jaga teie isikuandmeid. Teie andmeid kasutatakse ainult tellimuste t\u00f6\u00f6tlemiseks ja klienditoe pakkumiseks.<\/div>\n<\/div>\n\t\t<\/div>\n\t<\/div>\n\t\n\t<div id=\"accordion-3564849193\" class=\"accordion-item\">\n\t\t<a id=\"accordion-3564849193-label\" class=\"accordion-title plain\" href=\"#accordion-item-is-payment-information-secure?\" aria-expanded=\"false\" aria-controls=\"accordion-3564849193-content\">\n\t\t\t<button class=\"toggle\" aria-label=\"Toggle\"><i class=\"icon-angle-down\" aria-hidden=\"true\"><\/i><\/button>\n\t\t\t<span>Kas makseteave on turvaline?<\/span>\n\t\t<\/a>\n\t\t<div id=\"accordion-3564849193-content\" class=\"accordion-inner\" aria-labelledby=\"accordion-3564849193-label\">\n\t\t\t\n<div>\n<div>Kasutame turvalist makset\u00f6\u00f6tluss\u00fcsteemi, mis vastab PCI standarditele, et tagada teie makseteabe turvalisus.<\/div>\n<\/div>\n\t\t<\/div>\n\t<\/div>\n\t\n\t<div id=\"accordion-3131415273\" class=\"accordion-item\">\n\t\t<a id=\"accordion-3131415273-label\" class=\"accordion-title plain\" href=\"#accordion-item-how-can-i-create-a-strong-password?\" aria-expanded=\"false\" aria-controls=\"accordion-3131415273-content\">\n\t\t\t<button class=\"toggle\" aria-label=\"Toggle\"><i class=\"icon-angle-down\" aria-hidden=\"true\"><\/i><\/button>\n\t\t\t<span>Kuidas luua tugev parool?<\/span>\n\t\t<\/a>\n\t\t<div id=\"accordion-3131415273-content\" class=\"accordion-inner\" aria-labelledby=\"accordion-3131415273-label\">\n\t\t\t\n<div>\n<div>Tugeva parooli loomiseks tuleb kasutada t\u00e4htede, numbrite ja erim\u00e4rkide kombinatsiooni, v\u00e4ltides kergesti \u00e4ra arvata olevaid andmeid, nagu s\u00fcnnip\u00e4evad. Turvalisuse suurendamiseks on oluline ka salas\u00f5na korrap\u00e4rane muutmine.<\/div>\n<\/div>\n\t\t<\/div>\n\t<\/div>\n\t\n\t<div id=\"accordion-1110190221\" class=\"accordion-item\">\n\t\t<a id=\"accordion-1110190221-label\" class=\"accordion-title plain\" href=\"#accordion-item-how-can-i-verify-the-authenticity-of-the-website?\" aria-expanded=\"false\" aria-controls=\"accordion-1110190221-content\">\n\t\t\t<button class=\"toggle\" aria-label=\"Toggle\"><i class=\"icon-angle-down\" aria-hidden=\"true\"><\/i><\/button>\n\t\t\t<span>Kuidas ma saan kontrollida veebisaidi autentsust?<\/span>\n\t\t<\/a>\n\t\t<div id=\"accordion-1110190221-content\" class=\"accordion-inner\" aria-labelledby=\"accordion-1110190221-label\">\n\t\t\t\n<div>\n<div>Kontrollige veebisaidi URL-aadressi, et see vastaks ametlikule veebisaidile. Lisaks otsige SSL-sertifikaati, mis peaks n\u00e4itama, et sait on turvaline.<\/div>\n<\/div>\n\t\t<\/div>\n\t<\/div>\n\t\n\t<div id=\"accordion-3692162129\" class=\"accordion-item\">\n\t\t<a id=\"accordion-3692162129-label\" class=\"accordion-title plain\" href=\"#accordion-item-how-do-i-report-suspicious-activity?\" aria-expanded=\"false\" aria-controls=\"accordion-3692162129-content\">\n\t\t\t<button class=\"toggle\" aria-label=\"Toggle\"><i class=\"icon-angle-down\" aria-hidden=\"true\"><\/i><\/button>\n\t\t\t<span>Kuidas teatada kahtlasest tegevusest?<\/span>\n\t\t<\/a>\n\t\t<div id=\"accordion-3692162129-content\" class=\"accordion-inner\" aria-labelledby=\"accordion-3692162129-label\">\n\t\t\t\n<div>\n<div>Kui teil tekib m\u00f5ni kahtlane tegevus v\u00f5i turvaprobleem, v\u00f5tke kohe \u00fchendust meie klienditoega. Me uurime ja v\u00f5tame vajalikud meetmed.<\/div>\n<\/div>\n\t\t<\/div>\n\t<\/div>\n\t\n\t<div id=\"accordion-2373144205\" class=\"accordion-item\">\n\t\t<a id=\"accordion-2373144205-label\" class=\"accordion-title plain\" href=\"#accordion-item-are-there-anti-phishing-measures-in-place?\" aria-expanded=\"false\" aria-controls=\"accordion-2373144205-content\">\n\t\t\t<button class=\"toggle\" aria-label=\"Toggle\"><i class=\"icon-angle-down\" aria-hidden=\"true\"><\/i><\/button>\n\t\t\t<span>Kas on olemas andmep\u00fc\u00fcgivastased meetmed?<\/span>\n\t\t<\/a>\n\t\t<div id=\"accordion-2373144205-content\" class=\"accordion-inner\" aria-labelledby=\"accordion-2373144205-label\">\n\t\t\t\n<div>\n<div>Jah, me oleme rakendanud andmep\u00fc\u00fcgivastaseid meetmeid, et v\u00e4ltida pettustegevust pahatahtlikel veebisaitidel ja e-kirjades.<\/div>\n<\/div>\n\t\t<\/div>\n\t<\/div>\n\t\n<\/div>\n\t<div id=\"text-3901333274\" class=\"text\">\n\t\t\n<div>\n<h3>Tagastused<\/h3>\n<\/div>\n\t\t\n<style>\n#text-3901333274 {\n  font-size: 1.3rem;\n  line-height: 0.75;\n}\n<\/style>\n\t<\/div>\n\t\n<div class=\"accordion\">\n\t<div id=\"accordion-714856700\" class=\"accordion-item\">\n\t\t<a id=\"accordion-714856700-label\" class=\"accordion-title plain\" href=\"#accordion-item-i-would-like-to-change-my-ordered-items.-what-should-i-do?\" aria-expanded=\"false\" aria-controls=\"accordion-714856700-content\">\n\t\t\t<button class=\"toggle\" aria-label=\"Toggle\"><i class=\"icon-angle-down\" aria-hidden=\"true\"><\/i><\/button>\n\t\t\t<span>Soovin muuta oma tellitud esemeid. Mida peaksin tegema?<\/span>\n\t\t<\/a>\n\t\t<div id=\"accordion-714856700-content\" class=\"accordion-inner\" aria-labelledby=\"accordion-714856700-label\">\n\t\t\t\n<div>\n<div>Te saate oma tellimust muuta hiljemalt kell 23:00 (PDT -7 GMT) samal p\u00e4eval, kui tellimus on tehtud. Muudatuste taotlemiseks v\u00f5tke meiega \u00fchendust aadressil support@aiviouvapes.com.<\/div>\n<\/div>\n\t\t<\/div>\n\t<\/div>\n\t\n\t<div id=\"accordion-4098387758\" class=\"accordion-item\">\n\t\t<a id=\"accordion-4098387758-label\" class=\"accordion-title plain\" href=\"#accordion-item-how-do-i-return-a-product?\" aria-expanded=\"false\" aria-controls=\"accordion-4098387758-content\">\n\t\t\t<button class=\"toggle\" aria-label=\"Toggle\"><i class=\"icon-angle-down\" aria-hidden=\"true\"><\/i><\/button>\n\t\t\t<span>Kuidas tagastada toode?<\/span>\n\t\t<\/a>\n\t\t<div id=\"accordion-4098387758-content\" class=\"accordion-inner\" aria-labelledby=\"accordion-4098387758-label\">\n\t\t\t\n<p>Meil on 15-p\u00e4evane tagastus\u00f5igus, mis v\u00f5imaldab teil taotleda tagastamist 15 p\u00e4eva jooksul p\u00e4rast toote k\u00e4ttesaamist.<\/p>\n<p>Tagastamiseks peab teie toode olema samas seisukorras, nagu te selle k\u00e4tte saite, kandmata v\u00f5i kasutamata, koos siltidega ja originaalpakendis. Samuti vajate ostukviitungit v\u00f5i ostut\u00f5endit.<\/p>\n<p>Tagastamise algatamiseks v\u00f5tke meiega \u00fchendust aadressil support@aiviouvapes.com. Kui teie tagastamine v\u00f5etakse vastu, anname teile tagastussildi ja juhised, kuidas ja kuhu oma pakki saata. Ilma eelneva tagastamistaotluseta meile tagasi saadetud esemeid ei v\u00f5eta vastu.<\/p>\n<p>V\u00f5ta meiega \u00fchendust aadressil support@aiviouvapes.com, kui sul on tagastamisega seotud k\u00fcsimusi.<\/p>\n\t\t<\/div>\n\t<\/div>\n\t\n<\/div>\n<div class=\"row align-middle\"  id=\"row-198952215\">\n\n\t<div id=\"col-146221597\" class=\"col small-12 large-12\"  >\n\t\t\t\t<div class=\"col-inner text-center\"  >\n\t\t\t\n\t\t\t\n<a href=\"https:\/\/aiviouvapes.com\/et\/shop\/\" class=\"button primary is-shade is-larger box-shadow-4 box-shadow-5-hover\" style=\"border-radius:10px;\">\n\t\t<span>Ostke kohe<\/span>\n\t<\/a>\n\n\t\t<\/div>\n\t\t\t\t\n<style>\n#col-146221597 > .col-inner {\n  padding: 20px 0px 0px 0px;\n}\n<\/style>\n\t<\/div>\n\n\t\n<\/div>","protected":false},"excerpt":{"rendered":"","protected":false},"author":1,"featured_media":0,"parent":0,"menu_order":0,"comment_status":"closed","ping_status":"closed","template":"","meta":{"footnotes":""},"class_list":["post-9090","page","type-page","status-publish","hentry"],"jetpack_sharing_enabled":true,"_links":{"self":[{"href":"https:\/\/aiviouvapes.com\/et\/wp-json\/wp\/v2\/pages\/9090","targetHints":{"allow":["GET"]}}],"collection":[{"href":"https:\/\/aiviouvapes.com\/et\/wp-json\/wp\/v2\/pages"}],"about":[{"href":"https:\/\/aiviouvapes.com\/et\/wp-json\/wp\/v2\/types\/page"}],"author":[{"embeddable":true,"href":"https:\/\/aiviouvapes.com\/et\/wp-json\/wp\/v2\/users\/1"}],"replies":[{"embeddable":true,"href":"https:\/\/aiviouvapes.com\/et\/wp-json\/wp\/v2\/comments?post=9090"}],"version-history":[{"count":0,"href":"https:\/\/aiviouvapes.com\/et\/wp-json\/wp\/v2\/pages\/9090\/revisions"}],"wp:attachment":[{"href":"https:\/\/aiviouvapes.com\/et\/wp-json\/wp\/v2\/media?parent=9090"}],"curies":[{"name":"wp","href":"https:\/\/api.w.org\/{rel}","templated":true}]}}