{"id":80783,"date":"2025-11-05T12:53:51","date_gmt":"2025-11-05T04:53:51","guid":{"rendered":"https:\/\/aiviouvapes.com\/?page_id=80783"},"modified":"2025-11-05T13:10:35","modified_gmt":"2025-11-05T05:10:35","slug":"why-waspe-100k-4-in-1-outshines-vapsolo-triple-30k","status":"publish","type":"page","link":"https:\/\/aiviouvapes.com\/et\/why-waspe-100k-4-in-1-outshines-vapsolo-triple-30k\/","title":{"rendered":"Miks WASPE 100K 4-in-1 \u00fcletab VapSolo Triple 30K"},"content":{"rendered":"<div id=\"tab-description\" class=\"woocommerce-Tabs-panel woocommerce-Tabs-panel--description panel entry-content active\" style=\"font-family: Arial, sans-serif; line-height: 1.6; color: #333;\" role=\"tabpanel\" aria-labelledby=\"tab-title-description\">\n<h2 style=\"color: #2c3e50; border-bottom: 2px solid #3498db; padding-bottom: 10px; margin-bottom: 20px;\">Kas kaalute VapSolo Triple 30K? Avasta, miks WASPE 100K 4-in-1 on parem valik!<\/h2>\n<p style=\"margin-bottom: 20px;\">Me m\u00f5istame VapSolo Triple 30K atraktiivsust - see on usaldusv\u00e4\u00e4rne ja heade omadustega vape. Kui aga otsite rohkem pauke, lisamaitse valikuid ja paremat v\u00e4\u00e4rtust, siis soovitame hea meelega WASPE 100K 4-in-1 kui paremat alternatiivi. See on nagu uuendamine seadmele, mis kestab kauem ja pakub rohkem, tegemata kompromisse kvaliteedis. Uurime, miks see vahetus v\u00f5iks teie aurutamiselamust t\u00f5sta!<\/p>\n<h3 style=\"color: #2980b9; margin-bottom: 15px;\">Tutvustame Superior Option'i: WASPE 100K 4-in-1<\/h3>\n<p style=\"margin-bottom: 20px;\">WASPE 100K 4-in-1 on loodud \u00fclima mugavuse ja j\u00f5udluse tagamiseks, pakkudes rikkalikke maitseomadusi ja pikendatud kasutusiga. See seade sobib ideaalselt aurajatele, kes n\u00f5uavad mitmekesisust ja usaldusv\u00e4\u00e4rsust, ning tagab, et saate igast t\u00f5mbest k\u00f5ige rohkem kasu. Tervitage oma uut lemmikut!<\/p>\n<div style=\"display: flex; justify-content: space-around; flex-wrap: wrap; margin: 30px 0;\">\n<div style=\"border: 1px solid #ddd; border-radius: 10px; padding: 20px; text-align: center; width: 45%; box-shadow: 0 4px 8px rgba(0,0,0,0.1); margin-bottom: 20px;\">\n<h4 style=\"color: #e74c3c; margin-top: 0; margin-bottom: 10px;\">Konkurent<\/h4>\n<p style=\"font-size: 1.5em; font-weight: bold; color: #34495e; margin-bottom: 10px;\"><a href=\"https:\/\/aiviouvapes.com\/et\/toode\/vapsolo-triple-30000-puffs\/\">VapSolo Triple 30K<\/a><\/p>\n<p><img loading=\"lazy\" decoding=\"async\" class=\"alignnone\" src=\"https:\/\/i0.wp.com\/aiviouvapes.com\/wp-content\/uploads\/2025\/06\/vapsolo-triple-30000-flavors1.jpg?fit=800%2C800&amp;ssl=1\" alt=\"vapsolo kolmekordne 30000 maitsed1\" width=\"353\" height=\"353\" title=\"\"><\/p>\n<p>Korralik vape kolmekordsete maitsete ja hea puffide arvuga, kuid see vajaks uuendust, et saavutada pikemaajaline rahulolu!<\/p>\n<\/div>\n<div style=\"border: 1px solid #2ecc71; border-radius: 10px; padding: 20px; text-align: center; width: 45%; box-shadow: 0 4px 8px rgba(0,0,0,0.1); margin-bottom: 20px; background-color: #f0fff4;\">\n<h4 style=\"color: #27ae60; margin-top: 0; margin-bottom: 10px;\">Parem alternatiiv<\/h4>\n<p style=\"font-size: 1.5em; font-weight: bold; color: #34495e; margin-bottom: 10px;\"><a style=\"color: #2980b9; text-decoration: none;\" href=\"https:\/\/aiviouvapes.com\/et\/toode\/waspe-4-in-1-100000-puffs\/\">WASPE 100K 4-in-1<\/a><\/p>\n<p><img loading=\"lazy\" decoding=\"async\" class=\"alignnone\" src=\"https:\/\/i0.wp.com\/aiviouvapes.com\/wp-content\/uploads\/2025\/07\/ce9ab875bcc8e8bad463b9393eb003fb.jpg?fit=800%2C800&amp;ssl=1\" alt=\"https:\/\/aiviouvapes.com\/product\/waspe-4-in-1-100000-puffs\/\" width=\"343\" height=\"343\" title=\"\"><\/p>\n<p>R\u00f5\u00f5mustab neljakordse maitsega, tohutu mahutavusega ja t\u00e4iustatud tehnoloogiaga, mis tagab esmaklassilise ja probleemivaba aurutamisreisi!<\/p>\n<\/div>\n<\/div>\n<p style=\"text-align: center;\"><a href=\"https:\/\/aiviouvapes.com\/et\/toode\/waspe-4-in-1-100000-puffs\/\" target=\"_blank\" class=\"button primary is-primary is-medium\" rel=\"noopener\" >\n\t\t<span>\ud83d\udd25 Osta WASPE 100K n\u00fc\u00fcd<\/span>\n\t<\/a>\n\n<h3 style=\"color: #2980b9; margin-bottom: 15px;\">K\u00fclg k\u00fclje k\u00f5rval: Selge v\u00f5rdlus<\/h3>\n<p style=\"margin-bottom: 20px;\">V\u00f5rdleme andmeid, et n\u00e4ha, miks WASPE \u00fcletab VapSolo. Oleme lihtsa viitamise eesm\u00e4rgil toonud v\u00e4lja peamised erinevused.<\/p>\n<table style=\"width: 100%; border-collapse: collapse; margin: 30px 0; box-shadow: 0 4px 8px rgba(0,0,0,0.1);\">\n<thead style=\"background-color: #3498db; color: white;\">\n<tr>\n<th style=\"padding: 12px; border: 1px solid #ddd; text-align: left;\">Funktsioon<\/th>\n<th style=\"padding: 12px; border: 1px solid #ddd; text-align: left;\">VapSolo Triple 30K<\/th>\n<th style=\"padding: 12px; border: 1px solid #ddd; text-align: left; background-color: #2ecc71;\">WASPE 100K 4-in-1 (Suurep\u00e4rane valik!)<\/th>\n<\/tr>\n<\/thead>\n<tbody>\n<tr style=\"background-color: #f9f9f9;\">\n<td style=\"padding: 12px; border: 1px solid #ddd;\">Puffide arv<\/td>\n<td style=\"padding: 12px; border: 1px solid #ddd;\">Kuni 30,000<\/td>\n<td style=\"padding: 12px; border: 1px solid #ddd;\">Kuni 100,000 (\u00fcle 3x rohkem, et nautida pikemat aega!)<\/td>\n<\/tr>\n<tr>\n<td style=\"padding: 12px; border: 1px solid #ddd;\">E-vedeliku mahutavus<\/td>\n<td style=\"padding: 12px; border: 1px solid #ddd;\">40 ml (3 x ~13,3 ml mahutid)<\/td>\n<td style=\"padding: 12px; border: 1px solid #ddd;\">56 ml (4 mahutit pikemate seansside jaoks)<\/td>\n<\/tr>\n<tr style=\"background-color: #f9f9f9;\">\n<td style=\"padding: 12px; border: 1px solid #ddd;\">Maitses\u00fcsteem<\/td>\n<td style=\"padding: 12px; border: 1px solid #ddd;\">Kolmekordne maitse koos keeratava l\u00fclitiga<\/td>\n<td style=\"padding: 12px; border: 1px solid #ddd;\">Nelja maitsega (\u00dcks lisav\u00f5imalus suurema mitmekesisuse tagamiseks!)<\/td>\n<\/tr>\n<tr>\n<td style=\"padding: 12px; border: 1px solid #ddd;\">M\u00e4hise t\u00fc\u00fcp<\/td>\n<td style=\"padding: 12px; border: 1px solid #ddd;\">1.0\u03a9 kolmekordne v\u00f5rgusilma m\u00e4his<\/td>\n<td style=\"padding: 12px; border: 1px solid #ddd;\">4 x 1,0\u03a9 v\u00f5rgusilma m\u00e4hised (p\u00fcsiv, rikkalik aur)<\/td>\n<\/tr>\n<tr style=\"background-color: #f9f9f9;\">\n<td style=\"padding: 12px; border: 1px solid #ddd;\">Aku<\/td>\n<td style=\"padding: 12px; border: 1px solid #ddd;\">650mAh laetav (Type-C)<\/td>\n<td style=\"padding: 12px; border: 1px solid #ddd;\">650mAh laetav (Type-C)<\/td>\n<\/tr>\n<tr>\n<td style=\"padding: 12px; border: 1px solid #ddd;\">Ekraan<\/td>\n<td style=\"padding: 12px; border: 1px solid #ddd;\">Nutikas LCD ekraan (puffide arv, aku, maitse)<\/td>\n<td style=\"padding: 12px; border: 1px solid #ddd;\">LED-ekraan (aku ja e-vedeliku j\u00e4lgimine)<\/td>\n<\/tr>\n<tr style=\"background-color: #f9f9f9;\">\n<td style=\"padding: 12px; border: 1px solid #ddd;\">Nikotiini valikud<\/td>\n<td style=\"padding: 12px; border: 1px solid #ddd;\">2%, 5%<\/td>\n<td style=\"padding: 12px; border: 1px solid #ddd;\">0%, 2%, 5%<\/td>\n<\/tr>\n<tr>\n<td style=\"padding: 12px; border: 1px solid #ddd;\">Hinnakujundus (\u00fchiku kohta, 400+)<\/td>\n<td style=\"padding: 12px; border: 1px solid #ddd;\">~\u20ac7.65<\/td>\n<td style=\"padding: 12px; border: 1px solid #ddd;\">~6.54\u20ac (Veel rohkem kokkuhoidu!)<\/td>\n<\/tr>\n<tr style=\"background-color: #f9f9f9;\">\n<td style=\"padding: 12px; border: 1px solid #ddd;\">Miks seda valida?<\/td>\n<td style=\"padding: 12px; border: 1px solid #ddd;\">Ergonoomilise disainiga hea m\u00f5\u00f5dukaks kasutamiseks.<\/td>\n<td style=\"padding: 12px; border: 1px solid #ddd;\">V\u00f5rratu pikaealisus ja v\u00e4\u00e4rtus intensiivsetele aurutajatele.<\/td>\n<\/tr>\n<\/tbody>\n<\/table>\n<h3 style=\"color: #2980b9; margin-bottom: 15px;\">Mis teeb WASPE 100K eriliseks<\/h3>\n<div style=\"background-color: #eafaf1; border-left: 5px solid #2ecc71; padding: 20px; margin: 20px 0; border-radius: 5px;\">\n<h4 style=\"color: #27ae60; margin-top: 0; margin-bottom: 15px;\">WASPE eelis: K\u00f5igest rohkem!<\/h4>\n<ul style=\"list-style-type: none; padding: 0; margin: 0;\">\n<li style=\"margin-bottom: 10px;\">\u2705 Kolmekordne Puffs: 100 000 puffiga kestab WASPE palju kauem kui VapSolo 30 000, v\u00e4hendades asendamist ja suurendades mugavust.<\/li>\n<li style=\"margin-bottom: 10px;\">\u2705 Ekstra maitse sortiment: Neli maitset t\u00e4hendab rohkem v\u00f5imalusi, mille vahel vahetada, v\u00e4ltides igavust ja suurendades rahulolu - t\u00e4nu eraldi mahutitele ei ole maitsete \u00e4ravahetamist.<\/li>\n<li style=\"margin-bottom: 10px;\">\u2705 Suurem mahutavus v\u00e4hemate probleemide jaoks: Koos neljakordsete v\u00f5rgusilma m\u00e4histega, mis tagavad sujuva ja intensiivse tabamuse iga kord.<\/li>\n<li style=\"margin-bottom: 10px;\">\u2705 Kasutajas\u00f5bralikud omadused: Taaslaetav disain, LED-ekraan ja ergonoomiline ehitus teevad selle k\u00e4ttesaadavaks k\u00f5igile aurutajatele, positiivseid kommentaare maitse puhtuse ja aurukvaliteedi kohta.<\/li>\n<li>\n<p dir=\"auto\">\u2705 Kulut\u00f5husad pakettide valikud: Erinevalt VapSolo'st, mis n\u00f5uab v\u00e4hemalt 1000 t\u00fckki, mis t\u00e4hendab v\u00e4iksematele ostjatele suuremaid kulusid \u00fchiku kohta, on WASPE paindlikku hinnakujundust alates madalast MOQ-st, mis teeb selle k\u00e4ttesaadavaks v\u00e4ikestele tellimustele v\u00f5i testimisele. See on m\u00e4ngumuutja vaperitele v\u00f5i kauplustele, kes soovivad tellida paar \u00fchikut, ilma et nad v\u00f5taksid endale kohustusi suurtes kogustes, kuigi VapSolo \u00fcldine kogemus ei vasta WASPE paremale pikaealisusele ja omadustele. Vahepeal muudab madalam hind suuremates kogustes WASPE ideaalseks hulgim\u00fc\u00fcjatele v\u00f5i innukatele kasutajatele, kes soovivad s\u00e4\u00e4sta. Siin on kiire hinnakujunduse jaotus:<\/p>\n<p dir=\"auto\"><strong>WASPE Hinnakujundus:<\/strong><\/p>\n<ul dir=\"auto\">\n<li>10-29: 12,10 \u20ac iga\u00fchele<\/li>\n<li>30-49: 9,63 \u20ac iga\u00fchele<\/li>\n<li>50-99: 7,90 \u20ac iga\u00fchele<\/li>\n<li>100-199: 7,65 eurot iga\u00fchele<\/li>\n<li>200-399: 6,99 \u20ac iga\u00fchele<\/li>\n<li>400+: 6,54 \u20ac iga\u00fchele<\/li>\n<\/ul>\n<p dir=\"auto\"><strong>VapSolo hinnakujundus:<\/strong><\/p>\n<ul dir=\"auto\">\n<li>1,000-1,999: 8,52 eurot iga\u00fchele.<\/li>\n<li>2,000+: 7,65 \u20ac iga\u00fchele<\/li>\n<\/ul>\n<\/li>\n<\/ul>\n<\/div>\n<p style=\"text-align: center;\"><a href=\"https:\/\/aiviouvapes.com\/et\/toode\/waspe-4-in-1-100000-puffs\/\" target=\"_blank\" class=\"button secondary is-secondary is-medium\" rel=\"noopener\" >\n\t\t<span>\ud83d\udca8 Hangi WASPE 100K hulgim\u00fc\u00fck<\/span>\n\t<\/a>\n\n<h3 style=\"color: #2980b9; margin-bottom: 15px;\">\u00dchiste murede lahendamine<\/h3>\n<div style=\"background-color: #f4f6f7; border-radius: 8px; padding: 20px; margin-bottom: 20px;\">\n<div style=\"margin-bottom: 15px;\">\n<h4 style=\"font-weight: bold; color: #34495e; margin: 0;\">\ud83e\udd14 \u201cVapSolol on uhke LCD - kas WASPE vastab sellele?\u201d<\/h4>\n<p style=\"margin-top: 5px; margin-bottom: 0;\">WASPE LED-ekraan on intuitiivne ja n\u00e4itab olulist teavet, n\u00e4iteks aku ja e-vedeliku taset. Kuigi VapSolo ekraan on \u00fcksikasjalik, on WASPE prioriteediks usaldusv\u00e4\u00e4rsus ja pikaealisus, mitte ekstrad.<\/p>\n<\/div>\n<div style=\"margin-bottom: 15px;\">\n<h4 style=\"font-weight: bold; color: #34495e; margin: 0;\">\ud83e\udd14 \u201cKas WASPE on sama kaasaskantav ja lihtne kasutada?\u201d<\/h4>\n<p style=\"margin-top: 5px; margin-bottom: 0;\">Jah! See on kompaktne, kerge ja sellel on lihtne l\u00fcliti maitsete jaoks. Nii nagu VapSolo, on ka see laetav Type-C kaudu ja valmis aurutamiseks teel olles.<\/p>\n<\/div>\n<div>\n<h4 style=\"font-weight: bold; color: #34495e; margin: 0;\">\ud83e\udd14 \u201cKuidas on maitsete ja nikotiiniga sarnase kvaliteediga?\u201d<\/h4>\n<p style=\"margin-top: 5px; margin-bottom: 0;\">WASPE pakub erinevaid kombinatsioone, nagu arbuusij\u00e4\u00e4tis ja maasikakiivi, 0-5% nikotiiniga. Kasutajad kiidavad selle puhtaid, intensiivseid maitseid, m\u00e4rkides sageli paremat konsistentsi kui konkurendid.<\/p>\n<\/div>\n<\/div>\n<h3 style=\"color: #2980b9; margin-top: 40px; text-align: left; margin-bottom: 15px;\">Kas oled valmis oma Vape'i uuendama?<\/h3>\n<p style=\"font-size: 1.1em; text-align: left; margin-bottom: 0;\">\u00dcleminek WASPE 100K 4-in-1-le t\u00e4hendab rohkem puffe, rohkem maitseid ja rohkem kokkuhoidu. See ei ole lihtsalt asendus - see on teie aurutamisrutiini t\u00e4iendus. Kontrollige seda juba t\u00e4na ja kogege erinevust!<\/p>\n<p style=\"text-align: center;\"><a href=\"https:\/\/aiviouvapes.com\/et\/toode\/waspe-4-in-1-100000-puffs\/\" target=\"_blank\" class=\"button primary is-primary is-medium\" rel=\"noopener\" >\n\t\t<span>\ud83c\udf1f Kauplus WASPE 100K siin<\/span>\n\t<\/a>\n\n<div id=\"row-210236194\" class=\"row row-collapse\" style=\"margin-top: 20px;\">\n<div id=\"col-1507800244\" class=\"col small-12 large-12\"><\/div>\n<\/div>\n<\/div>","protected":false},"excerpt":{"rendered":"<p>Considering the VapSolo Triple 30K? Discover Why WASPE 100K 4-in-1 is the Better Choice! We understand the appeal of the VapSolo Triple 30K\u2014it&#8217;s a reliable vape with good features. However, if you&#8217;re looking for more puffs, extra flavor options, and better value, we&#8217;re excited to recommend the WASPE 100K 4-in-1 as the superior alternative. It&#8217;s [&#8230;]\n","protected":false},"author":2170,"featured_media":0,"parent":0,"menu_order":0,"comment_status":"closed","ping_status":"closed","template":"","meta":{"footnotes":""},"class_list":["post-80783","page","type-page","status-publish","hentry"],"jetpack_sharing_enabled":true,"_links":{"self":[{"href":"https:\/\/aiviouvapes.com\/et\/wp-json\/wp\/v2\/pages\/80783","targetHints":{"allow":["GET"]}}],"collection":[{"href":"https:\/\/aiviouvapes.com\/et\/wp-json\/wp\/v2\/pages"}],"about":[{"href":"https:\/\/aiviouvapes.com\/et\/wp-json\/wp\/v2\/types\/page"}],"author":[{"embeddable":true,"href":"https:\/\/aiviouvapes.com\/et\/wp-json\/wp\/v2\/users\/2170"}],"replies":[{"embeddable":true,"href":"https:\/\/aiviouvapes.com\/et\/wp-json\/wp\/v2\/comments?post=80783"}],"version-history":[{"count":6,"href":"https:\/\/aiviouvapes.com\/et\/wp-json\/wp\/v2\/pages\/80783\/revisions"}],"predecessor-version":[{"id":80792,"href":"https:\/\/aiviouvapes.com\/et\/wp-json\/wp\/v2\/pages\/80783\/revisions\/80792"}],"wp:attachment":[{"href":"https:\/\/aiviouvapes.com\/et\/wp-json\/wp\/v2\/media?parent=80783"}],"curies":[{"name":"wp","href":"https:\/\/api.w.org\/{rel}","templated":true}]}}