{"id":70,"date":"2024-08-12T12:55:00","date_gmt":"2024-08-12T12:55:00","guid":{"rendered":"https:\/\/aiviouvapes.com\/?page_id=70"},"modified":"2026-03-12T10:34:37","modified_gmt":"2026-03-12T02:34:37","slug":"about","status":"publish","type":"page","link":"https:\/\/aiviouvapes.com\/et\/about\/","title":{"rendered":"Meist"},"content":{"rendered":"<div class=\"row\"  id=\"row-589904819\">\n\n\t<div id=\"col-692894701\" class=\"col medium-6 small-12 large-6\"  >\n\t\t\t\t<div class=\"col-inner\"  >\n\t\t\t\n\t\t\t\n\t<div class=\"img has-hover x md-x lg-x y md-y lg-y\" id=\"image_632585501\">\n\t\t\t\t\t\t\t\t<div class=\"img-inner dark\" >\n\t\t\t<img data-recalc-dims=\"1\" loading=\"lazy\" decoding=\"async\" width=\"1020\" height=\"1360\" src=\"https:\/\/i0.wp.com\/aiviouvapes.com\/wp-content\/uploads\/2025\/04\/waspe-60k4.jpg?resize=1020%2C1360&#038;ssl=1\" class=\"attachment-original size-original\" alt=\"waspe 60k\" srcset=\"https:\/\/i0.wp.com\/aiviouvapes.com\/wp-content\/uploads\/2025\/04\/waspe-60k4.jpg?w=1440&amp;ssl=1 1440w, https:\/\/i0.wp.com\/aiviouvapes.com\/wp-content\/uploads\/2025\/04\/waspe-60k4.jpg?resize=225%2C300&amp;ssl=1 225w, https:\/\/i0.wp.com\/aiviouvapes.com\/wp-content\/uploads\/2025\/04\/waspe-60k4.jpg?resize=768%2C1024&amp;ssl=1 768w, https:\/\/i0.wp.com\/aiviouvapes.com\/wp-content\/uploads\/2025\/04\/waspe-60k4.jpg?resize=1152%2C1536&amp;ssl=1 1152w, https:\/\/i0.wp.com\/aiviouvapes.com\/wp-content\/uploads\/2025\/04\/waspe-60k4.jpg?resize=9%2C12&amp;ssl=1 9w, https:\/\/i0.wp.com\/aiviouvapes.com\/wp-content\/uploads\/2025\/04\/waspe-60k4.jpg?resize=1320%2C1760&amp;ssl=1 1320w, https:\/\/i0.wp.com\/aiviouvapes.com\/wp-content\/uploads\/2025\/04\/waspe-60k4.jpg?resize=800%2C1067&amp;ssl=1 800w\" sizes=\"auto, (max-width: 1020px) 100vw, 1020px\" title=\"\">\t\t\t\t\t\t\n\t\t\t\t\t<\/div>\n\t\t\t\t\t\t\t\t\n<style>\n#image_632585501 {\n  width: 100%;\n}\n<\/style>\n\t<\/div>\n\t\n<p>CC Toyar Trade Co., Limited<br \/>Aadress: D18, 3\/F WONG KING IND.<br \/>BLDG NR.2-4 TAI YAU ST SAN PO KONG<br \/>HONG KONG<\/p>\n\t\t<\/div>\n\t\t\t\t\t<\/div>\n\n\t\n\n\t<div id=\"col-1998815810\" class=\"col medium-6 small-12 large-6\"  >\n\t\t\t\t<div class=\"col-inner\"  >\n\t\t\t\n\t\t\t\n<div class=\"container section-title-container\" ><h3 class=\"section-title section-title-normal\"><b aria-hidden=\"true\"><\/b><span class=\"section-title-main\" >Ostke AIVIOU VAPESilt hulgi \u00fchekordseid vapse Internetist<\/span><b aria-hidden=\"true\"><\/b><\/h3><\/div>\n<p dir=\"auto\">Tere tulemast\u00a0<a href=\"https:\/\/aiviouvapes.com\/et\/\">Aiviouvapes<\/a>, teie peamine veebip\u00f5hine sihtkoht\u00a0<a href=\"https:\/\/aiviouvapes.com\/et\/\">\u00fchekordsed vape'id<\/a>. Rikkaliku ajalooga, mis ulatub \u00fcle 5 aasta t\u00f6\u00f6stuses, oleme uhked, et pakume mitmekesist valikut tipptasemel kaubam\u00e4rke, nagu Bang King, Al Fakher Vape, Vapeme, Waspe, RandM Tornado, Bang Box ja palju muud.<\/p>\n<p dir=\"auto\">Aiviouvapes on elektroonilise aurutamise maailmas tipptasemel. Meie tooted on j\u00f5udnud paljudesse riikidesse \u00fcle maailma, mis on tunnistus meie p\u00fchendumusest kvaliteedile ja klientide rahulolule. Kogenud professionaalidena e-sigarettide turustamise valdkonnas rahuldame nii jae- kui ka hulgim\u00fc\u00fcgi vajadusi, tagades, et meie kliendid saavad turul parimaid tooteid ja teenuseid.<\/p>\n<p dir=\"auto\">Meie veebisait aiviouvapes.com on keskuseks nii entusiastidele kui ka algajatele, pakkudes sujuvat ostukogemust ja suurt valikut.\u00a0<a href=\"https:\/\/aiviouvapes.com\/et\/tootekategooria\/waspe\/\">\u00fchekordselt kasutatav e-sigaret<\/a>\u00a0valikud. Olenemata sellest, kas otsite uusimaid uuendusi v\u00f5i ajatuid klassikuid, Aiviouvapes on teie usaldusv\u00e4\u00e4rne partner aurustamise maailmas.<\/p>\n<p dir=\"auto\">Liitu meiega sellel teekonnal, kui me j\u00e4tkame tipptaseme standardite uuesti m\u00e4\u00e4ratlemist\u00a0<a href=\"https:\/\/aiviouvapes.com\/et\/shop\/\">\u00fchekordselt kasutatav vape<\/a>\u00a0t\u00f6\u00f6stus. Kogege erinevust Aiviouvapes'iga - kus kvaliteet, mitmekesisus ja kliendi rahulolu l\u00e4henevad sujuvalt.<\/p>\n<p><strong>E-post:<\/strong>\u00a0<a href=\"mailto:support@aiviouvapes.com\">support@aiviouvapes.com<\/a><\/p>\n<p style=\"display: none;\"><strong>WhatsApp:<\/strong>\u00a0<a href=\"https:\/\/api.whatsapp.com\/send?phone=8618241953968\" rel=\"noopener\">+8618241953968<\/a><\/p>\n<p><strong>Aiviou Vape Technology Co., Ltd (Aivio Vapes Technology Co., Ltd, Aiviou Vapes Technology Co., Ltd)<\/strong><\/p>\n\t<div class=\"img has-hover x md-x lg-x y md-y lg-y\" id=\"image_1778071154\">\n\t\t\t\t\t\t\t\t<div class=\"img-inner dark\" >\n\t\t\t<img data-recalc-dims=\"1\" loading=\"lazy\" decoding=\"async\" width=\"1020\" height=\"765\" src=\"https:\/\/i0.wp.com\/aiviouvapes.com\/wp-content\/uploads\/2026\/03\/aiviouvapes-warehouse.jpg?resize=1020%2C765&#038;ssl=1\" class=\"attachment-original size-original\" alt=\"aiviouvapes ladu\" srcset=\"https:\/\/i0.wp.com\/aiviouvapes.com\/wp-content\/uploads\/2026\/03\/aiviouvapes-warehouse.jpg?w=1706&amp;ssl=1 1706w, https:\/\/i0.wp.com\/aiviouvapes.com\/wp-content\/uploads\/2026\/03\/aiviouvapes-warehouse.jpg?resize=300%2C225&amp;ssl=1 300w, https:\/\/i0.wp.com\/aiviouvapes.com\/wp-content\/uploads\/2026\/03\/aiviouvapes-warehouse.jpg?resize=1024%2C768&amp;ssl=1 1024w, https:\/\/i0.wp.com\/aiviouvapes.com\/wp-content\/uploads\/2026\/03\/aiviouvapes-warehouse.jpg?resize=768%2C576&amp;ssl=1 768w, https:\/\/i0.wp.com\/aiviouvapes.com\/wp-content\/uploads\/2026\/03\/aiviouvapes-warehouse.jpg?resize=1536%2C1152&amp;ssl=1 1536w, https:\/\/i0.wp.com\/aiviouvapes.com\/wp-content\/uploads\/2026\/03\/aiviouvapes-warehouse.jpg?resize=16%2C12&amp;ssl=1 16w, https:\/\/i0.wp.com\/aiviouvapes.com\/wp-content\/uploads\/2026\/03\/aiviouvapes-warehouse.jpg?resize=800%2C600&amp;ssl=1 800w\" sizes=\"auto, (max-width: 1020px) 100vw, 1020px\" title=\"\">\t\t\t\t\t\t\n\t\t\t\t\t<\/div>\n\t\t\t\t\t\t\t\t\n<style>\n#image_1778071154 {\n  width: 100%;\n}\n<\/style>\n\t<\/div>\n\t\n<a href=\"https:\/\/aiviouvapes.com\/et\/shop\/\" class=\"button primary is-outline is-larger\">\n\t\t<span>K\u00fclasta poodi!<\/span>\n\t<\/a>\n\n\t\t<\/div>\n\t\t\t\t\t<\/div>\n\n\t\n<\/div>","protected":false},"excerpt":{"rendered":"","protected":false},"author":1,"featured_media":0,"parent":0,"menu_order":0,"comment_status":"closed","ping_status":"closed","template":"","meta":{"footnotes":""},"class_list":["post-70","page","type-page","status-publish","hentry"],"jetpack_sharing_enabled":true,"_links":{"self":[{"href":"https:\/\/aiviouvapes.com\/et\/wp-json\/wp\/v2\/pages\/70","targetHints":{"allow":["GET"]}}],"collection":[{"href":"https:\/\/aiviouvapes.com\/et\/wp-json\/wp\/v2\/pages"}],"about":[{"href":"https:\/\/aiviouvapes.com\/et\/wp-json\/wp\/v2\/types\/page"}],"author":[{"embeddable":true,"href":"https:\/\/aiviouvapes.com\/et\/wp-json\/wp\/v2\/users\/1"}],"replies":[{"embeddable":true,"href":"https:\/\/aiviouvapes.com\/et\/wp-json\/wp\/v2\/comments?post=70"}],"version-history":[{"count":8,"href":"https:\/\/aiviouvapes.com\/et\/wp-json\/wp\/v2\/pages\/70\/revisions"}],"predecessor-version":[{"id":114619,"href":"https:\/\/aiviouvapes.com\/et\/wp-json\/wp\/v2\/pages\/70\/revisions\/114619"}],"wp:attachment":[{"href":"https:\/\/aiviouvapes.com\/et\/wp-json\/wp\/v2\/media?parent=70"}],"curies":[{"name":"wp","href":"https:\/\/api.w.org\/{rel}","templated":true}]}}