{"id":5173,"date":"2024-08-21T10:42:43","date_gmt":"2024-08-21T10:42:43","guid":{"rendered":"https:\/\/aiviouvapes.com\/?page_id=5173"},"modified":"2026-02-02T10:25:50","modified_gmt":"2026-02-02T02:25:50","slug":"coupons-offer","status":"publish","type":"page","link":"https:\/\/aiviouvapes.com\/et\/coupons-offer\/","title":{"rendered":"Kupongid &amp; pakkumine"},"content":{"rendered":"<div class=\"row\"  id=\"row-1046615645\">\n\n\t<div id=\"col-443012826\" class=\"col medium-6 small-12 large-6\"  >\n\t\t\t\t<div class=\"col-inner text-center\"  >\n\t\t\t\n\t\t\t\n\t<div id=\"text-3536550009\" class=\"text\">\n\t\t\n<h2>2026 eksklusiivne kuponkikood saadaval!<\/h2>\n<p>Logige sisse oma kontole ja suunduge Kupongi koodide lehele, et avada oma isikup\u00e4rastatud allahindlus ja alustada s\u00e4\u00e4stmist juba t\u00e4na.<\/p>\n\t\t\n<style>\n#text-3536550009 {\n  text-align: center;\n}\n<\/style>\n\t<\/div>\n\t\n<a href=\"https:\/\/aiviouvapes.com\/et\/my-account\/smart-coupons\/\" class=\"button primary box-shadow-3 box-shadow-1-hover\" >\n\t\t<span>Vaata kupongid<\/span>\n\t<\/a>\n\n\t\t<\/div>\n\t\t\t\t\t<\/div>\n\n\t\n\n\t<div id=\"col-2056802987\" class=\"col medium-6 small-12 large-6\"  >\n\t\t\t\t<div class=\"col-inner text-center\"  >\n\t\t\t\n\t\t\t\n<div id=\"text-3360396666\" class=\"text\">\n<h2 style=\"text-align: left;\">AIVIOU VAPESi \u00fchekordselt kasutatavad Vape kupongid ja pakkumised<\/h2>\n<\/div>\n<p style=\"text-align: left;\">Tere tulemast aiviouvapes.com'ile, teie \u00fclimale veebip\u00f5hisele sihtkohale tippkvaliteediga \u00fchekordsete vape-toodete jaoks. Avastage meie ulatuslik kollektsioon tuntud kaubam\u00e4rkidest, sealhulgas Doloda, Elf Box, Bang King, Al Fakher Vape, Vapeme, Waspe, RandM Tornado, Bang Box ja palju muud. Kindlasti kontrollige sageli meie veebisaiti eksklusiivsete pakkumiste ja eripakkumiste jaoks, tagades, et meie erakordsed vape-tooted j\u00e4\u00e4vad k\u00f5igile k\u00e4ttesaadavaks.<\/p>\n<p style=\"text-align: left;\">Oleme professionaalsed \u00fchekordsete vapide hulgim\u00fc\u00fcjad. Meie kasumimarginaalid on minimaalsed ja me laiendame oma siiramaid j\u00f5upingutusi, pakkudes sooduskuponge, mille eesm\u00e4rk on pikaajaline ja stabiilne partnerlus meie klientidega.<\/p>\n<a href=\"https:\/\/aiviouvapes.com\/et\/shop\/\" class=\"button primary box-shadow-3 box-shadow-1-hover\" >\n\t\t<span>Telli n\u00fc\u00fcd<\/span>\n\t<\/a>\n\n\t\t<\/div>\n\t\t\t\t\t<\/div>\n\n\t\n<\/div>\n\t<div id=\"gap-692863837\" class=\"gap-element clearfix\" style=\"display:block; height:auto;\">\n\t\t\n<style>\n#gap-692863837 {\n  padding-top: 30px;\n}\n<\/style>\n\t<\/div>\n\t\n<div class=\"container section-title-container\" ><h3 class=\"section-title section-title-normal\"><b aria-hidden=\"true\"><\/b><span class=\"section-title-main\" >Affiliate kupongide raamatukogu (avalik kasutus)<\/span><b aria-hidden=\"true\"><\/b><\/h3><\/div>\n<table style=\"width:100%; border-collapse:collapse; font-family:Arial, sans-serif; text-align:left; border:1px solid #ddd;\">\n<thead style=\"background:#f7f7f7;\">\n<tr>\n<th style=\"padding:10px; border:1px solid #ddd;\">\ud83c\udf9f\ufe0f Kupongi kood<\/th>\n<th style=\"padding:10px; border:1px solid #ddd;\">\ud83d\udcb0 Allahindlus<\/th>\n<th style=\"padding:10px; border:1px solid #ddd;\">\ud83d\uded2 Minimaalne tellimus<\/th>\n<th style=\"padding:10px; border:1px solid #ddd;\">\ud83d\udcc5 Kehtiv kuni<\/th>\n<th style=\"padding:10px; border:1px solid #ddd;\">\ud83e\udded Kirjeldus<\/th>\n<th style=\"padding:10px; border:1px solid #ddd;\">\ud83d\udce2 Soovitatav reklaamirida<\/th>\n<\/tr>\n<\/thead>\n<tbody>\n<tr>\n<td style=\"padding:10px; border:1px solid #ddd;\"><b>BULKSAVE300<\/b><\/td>\n<td style=\"padding:10px; border:1px solid #ddd;\">2% OFF<\/td>\n<td style=\"padding:10px; border:1px solid #ddd;\">\u20ac300+<\/td>\n<td style=\"padding:10px; border:1px solid #ddd;\">31. detsember 2026<\/td>\n<td style=\"padding:10px; border:1px solid #ddd;\">S\u00e4\u00e4sta palju, kui tellid \u00fcle 300 euro!<\/td>\n<td style=\"padding:10px; border:1px solid #ddd;\">\ud83d\udcb8 Kuluta targalt, s\u00e4\u00e4sta rohkem! Hangi <b>2% OFF<\/b> \u00fcle 300 euro suurused tellimused.<\/td>\n<\/tr>\n<tr>\n<td style=\"padding:10px; border:1px solid #ddd;\"><b>BULKSAVE<\/b><\/td>\n<td style=\"padding:10px; border:1px solid #ddd;\">3% OFF<\/td>\n<td style=\"padding:10px; border:1px solid #ddd;\">\u20ac500+<\/td>\n<td style=\"padding:10px; border:1px solid #ddd;\">31. detsember 2026<\/td>\n<td style=\"padding:10px; border:1px solid #ddd;\">Nautige suuremat kokkuhoidu tellimuste puhul, mis on suuremad kui 500 eurot!<\/td>\n<td style=\"padding:10px; border:1px solid #ddd;\">\ud83d\ude9b Suured tellimused = suured auhinnad! <b>3% OFF<\/b> \u00fcle 500 euro.<\/td>\n<\/tr>\n<tr>\n<td style=\"padding:10px; border:1px solid #ddd;\"><b>BULKSAVE1500<\/b><\/td>\n<td style=\"padding:10px; border:1px solid #ddd;\">3.01% OFF<\/td>\n<td style=\"padding:10px; border:1px solid #ddd;\">\u20ac1500+<\/td>\n<td style=\"padding:10px; border:1px solid #ddd;\">31. detsember 2026<\/td>\n<td style=\"padding:10px; border:1px solid #ddd;\">Erisoodustus suurte ostjate jaoks.<\/td>\n<td style=\"padding:10px; border:1px solid #ddd;\">\ud83c\udff7\ufe0f Mega Saver! Kuluta \u20ac1500+ ja saad <b>3.01% OFF<\/b>.<\/td>\n<\/tr>\n<tr>\n<td style=\"padding:10px; border:1px solid #ddd;\"><b>NOV2026<\/b><\/td>\n<td style=\"padding:10px; border:1px solid #ddd;\">5 \u20ac V\u00c4LJA<\/td>\n<td style=\"padding:10px; border:1px solid #ddd;\">\u20ac90+<\/td>\n<td style=\"padding:10px; border:1px solid #ddd;\">30. november 2026<\/td>\n<td style=\"padding:10px; border:1px solid #ddd;\">\ud83c\udf41 Novembri eripakkumine - 5 \u20ac allahindlust!<\/td>\n<td style=\"padding:10px; border:1px solid #ddd;\">\ud83c\udf42 S\u00e4\u00e4sta 5 eurot koheselt koos <b>NOV2026<\/b> kogu novembrikuu!<\/td>\n<\/tr>\n<tr>\n<td style=\"padding:10px; border:1px solid #ddd;\"><b>BlackFriday<\/b><\/td>\n<td style=\"padding:10px; border:1px solid #ddd;\">10 \u20ac V\u00c4LJA<\/td>\n<td style=\"padding:10px; border:1px solid #ddd;\">\u20ac90+<\/td>\n<td style=\"padding:10px; border:1px solid #ddd;\">27. november 2026<\/td>\n<td style=\"padding:10px; border:1px solid #ddd;\">Musta reede eriline kokkuhoid kvalifitseeruvatele tellimustele.<\/td>\n<td style=\"padding:10px; border:1px solid #ddd;\">\ud83d\udda4 Musta reede vargus: Get <b>10 \u20ac V\u00c4LJA<\/b> kui kulutate 90+ eurot!<\/td>\n<\/tr>\n<tr>\n<td style=\"padding:10px; border:1px solid #ddd;\"><b>CyberMonday<\/b><\/td>\n<td style=\"padding:10px; border:1px solid #ddd;\">10 \u20ac V\u00c4LJA<\/td>\n<td style=\"padding:10px; border:1px solid #ddd;\">\u20ac90+<\/td>\n<td style=\"padding:10px; border:1px solid #ddd;\">30. november 2026<\/td>\n<td style=\"padding:10px; border:1px solid #ddd;\">Cyber Monday pikendus - lisaaega s\u00e4\u00e4stmiseks!<\/td>\n<td style=\"padding:10px; border:1px solid #ddd;\">\ud83d\udcbb Kl\u00f5psake, ostukorvi, salvestage: <b>10 \u20ac V\u00c4LJA<\/b> tellimused \u20ac90+!<\/td>\n<\/tr>\n<tr>\n<td style=\"padding:10px; border:1px solid #ddd;\"><b>ChristmasDay<\/b><\/td>\n<td style=\"padding:10px; border:1px solid #ddd;\">10 \u20ac V\u00c4LJA<\/td>\n<td style=\"padding:10px; border:1px solid #ddd;\">\u20ac90+<\/td>\n<td style=\"padding:10px; border:1px solid #ddd;\">26. detsember 2026<\/td>\n<td style=\"padding:10px; border:1px solid #ddd;\">Pidulik kokkuhoid j\u00f5uluostjatele.<\/td>\n<td style=\"padding:10px; border:1px solid #ddd;\">\ud83c\udf84 Keerake lahti <b>10 \u20ac V\u00c4LJA<\/b> \u00fcle 90 euro sel j\u00f5ulup\u00fchal!<\/td>\n<\/tr>\n<tr>\n<td style=\"padding:10px; border:1px solid #ddd;\"><b>BoxingDay<\/b><\/td>\n<td style=\"padding:10px; border:1px solid #ddd;\">10 \u20ac V\u00c4LJA<\/td>\n<td style=\"padding:10px; border:1px solid #ddd;\">\u20ac90+<\/td>\n<td style=\"padding:10px; border:1px solid #ddd;\">27. detsember 2026<\/td>\n<td style=\"padding:10px; border:1px solid #ddd;\">Poksip\u00e4eva pakkumine kvalifitseeruvatele korvidele.<\/td>\n<td style=\"padding:10px; border:1px solid #ddd;\">\ud83c\udf81 Day-After Deal: <b>10 \u20ac V\u00c4LJA<\/b> kui kulutate 90+ eurot.<\/td>\n<\/tr>\n<tr>\n<td style=\"padding:10px; border:1px solid #ddd;\"><b>NewYearDay<\/b><\/td>\n<td style=\"padding:10px; border:1px solid #ddd;\">10 \u20ac V\u00c4LJA<\/td>\n<td style=\"padding:10px; border:1px solid #ddd;\">\u20ac90+<\/td>\n<td style=\"padding:10px; border:1px solid #ddd;\">2. jaanuar 2027<\/td>\n<td style=\"padding:10px; border:1px solid #ddd;\">Alustage uut aastat kohese kokkuhoiuga.<\/td>\n<td style=\"padding:10px; border:1px solid #ddd;\">\ud83c\udf86 Uus aasta, uued s\u00e4\u00e4stud: <b>10 \u20ac V\u00c4LJA<\/b> \u20ac90+!<\/td>\n<\/tr>\n<p><!-- 2026 Monthly Coupons --><\/p>\n<tr>\n<td style=\"padding:10px; border:1px solid #ddd;\"><b>FEB2026<\/b><\/td>\n<td style=\"padding:10px; border:1px solid #ddd;\">5 \u20ac V\u00c4LJA<\/td>\n<td style=\"padding:10px; border:1px solid #ddd;\">\u20ac90+<\/td>\n<td style=\"padding:10px; border:1px solid #ddd;\">28. veebruar 2026<\/td>\n<td style=\"padding:10px; border:1px solid #ddd;\">Veebruarikuu pakkumine - lihtne kokkuhoid.<\/td>\n<td style=\"padding:10px; border:1px solid #ddd;\">\u2764\ufe0f Armastan seda hinda! <b>5 \u20ac V\u00c4LJA<\/b> koos FEB2026-ga.<\/td>\n<\/tr>\n<tr>\n<td style=\"padding:10px; border:1px solid #ddd;\"><b>MAR2026<\/b><\/td>\n<td style=\"padding:10px; border:1px solid #ddd;\">5 \u20ac V\u00c4LJA<\/td>\n<td style=\"padding:10px; border:1px solid #ddd;\">\u20ac90+<\/td>\n<td style=\"padding:10px; border:1px solid #ddd;\">31. m\u00e4rts 2026<\/td>\n<td style=\"padding:10px; border:1px solid #ddd;\">M\u00e4rtsi kokkuhoid lihtsaks tehtud.<\/td>\n<td style=\"padding:10px; border:1px solid #ddd;\">\ud83c\udf31 Kevadine algus: <b>5 \u20ac V\u00c4LJA<\/b> koos MAR2026-ga.<\/td>\n<\/tr>\n<tr>\n<td style=\"padding:10px; border:1px solid #ddd;\"><b>APR2026<\/b><\/td>\n<td style=\"padding:10px; border:1px solid #ddd;\">5 \u20ac V\u00c4LJA<\/td>\n<td style=\"padding:10px; border:1px solid #ddd;\">\u20ac90+<\/td>\n<td style=\"padding:10px; border:1px solid #ddd;\">Apr 30, 2026<\/td>\n<td style=\"padding:10px; border:1px solid #ddd;\">Aprillis ostukorvi boonus.<\/td>\n<td style=\"padding:10px; border:1px solid #ddd;\">\ud83c\udf38 V\u00e4rsked pakkumised: <b>5 \u20ac V\u00c4LJA<\/b> APR2026.<\/td>\n<\/tr>\n<tr>\n<td style=\"padding:10px; border:1px solid #ddd;\"><b>MAY2026<\/b><\/td>\n<td style=\"padding:10px; border:1px solid #ddd;\">5 \u20ac V\u00c4LJA<\/td>\n<td style=\"padding:10px; border:1px solid #ddd;\">\u20ac90+<\/td>\n<td style=\"padding:10px; border:1px solid #ddd;\">31. mai 2026<\/td>\n<td style=\"padding:10px; border:1px solid #ddd;\">Mai eris\u00e4\u00e4stud.<\/td>\n<td style=\"padding:10px; border:1px solid #ddd;\">\ud83c\udf3c S\u00e4rav kokkuhoid koos <b>MAY2026<\/b>.<\/td>\n<\/tr>\n<tr>\n<td style=\"padding:10px; border:1px solid #ddd;\"><b>JUN2026<\/b><\/td>\n<td style=\"padding:10px; border:1px solid #ddd;\">5 \u20ac V\u00c4LJA<\/td>\n<td style=\"padding:10px; border:1px solid #ddd;\">\u20ac90+<\/td>\n<td style=\"padding:10px; border:1px solid #ddd;\">juuni 30, 2026<\/td>\n<td style=\"padding:10px; border:1px solid #ddd;\">Juuni kassaboonus.<\/td>\n<td style=\"padding:10px; border:1px solid #ddd;\">\u2600\ufe0f Suvine salvestus: <b>5 \u20ac V\u00c4LJA<\/b> JUN2026.<\/td>\n<\/tr>\n<tr>\n<td style=\"padding:10px; border:1px solid #ddd;\"><b>JUL2026<\/b><\/td>\n<td style=\"padding:10px; border:1px solid #ddd;\">5 \u20ac V\u00c4LJA<\/td>\n<td style=\"padding:10px; border:1px solid #ddd;\">\u20ac90+<\/td>\n<td style=\"padding:10px; border:1px solid #ddd;\">juuli 31, 2026<\/td>\n<td style=\"padding:10px; border:1px solid #ddd;\">Juuli kuum pakkumine.<\/td>\n<td style=\"padding:10px; border:1px solid #ddd;\">\ud83d\udd25 Soojendage kokkuhoidu JUL2026.<\/td>\n<\/tr>\n<tr>\n<td style=\"padding:10px; border:1px solid #ddd;\"><b>AUG2026<\/b><\/td>\n<td style=\"padding:10px; border:1px solid #ddd;\">5 \u20ac V\u00c4LJA<\/td>\n<td style=\"padding:10px; border:1px solid #ddd;\">\u20ac90+<\/td>\n<td style=\"padding:10px; border:1px solid #ddd;\">august 31, 2026<\/td>\n<td style=\"padding:10px; border:1px solid #ddd;\">Augusti lihtne allahindlus.<\/td>\n<td style=\"padding:10px; border:1px solid #ddd;\">\ud83c\udf1e \u00dcks kl\u00f5ps salvesta: AUG2026.<\/td>\n<\/tr>\n<tr>\n<td style=\"padding:10px; border:1px solid #ddd;\"><b>SEP2026<\/b><\/td>\n<td style=\"padding:10px; border:1px solid #ddd;\">5 \u20ac V\u00c4LJA<\/td>\n<td style=\"padding:10px; border:1px solid #ddd;\">\u20ac90+<\/td>\n<td style=\"padding:10px; border:1px solid #ddd;\">30. september 2026<\/td>\n<td style=\"padding:10px; border:1px solid #ddd;\">Septembri boonus.<\/td>\n<td style=\"padding:10px; border:1px solid #ddd;\">\ud83c\udf41 S\u00fcgisene kokkuhoid koos SEP2026.<\/td>\n<\/tr>\n<tr>\n<td style=\"padding:10px; border:1px solid #ddd;\"><b>OCT2026<\/b><\/td>\n<td style=\"padding:10px; border:1px solid #ddd;\">5 \u20ac V\u00c4LJA<\/td>\n<td style=\"padding:10px; border:1px solid #ddd;\">\u20ac90+<\/td>\n<td style=\"padding:10px; border:1px solid #ddd;\">31. oktoober 2026<\/td>\n<td style=\"padding:10px; border:1px solid #ddd;\">Oktoobri maiuspala.<\/td>\n<td style=\"padding:10px; border:1px solid #ddd;\">\ud83c\udf83 Kummituslikult hea pakkumine: OCT2026.<\/td>\n<\/tr>\n<tr>\n<td style=\"padding:10px; border:1px solid #ddd;\"><b>DEC2026<\/b><\/td>\n<td style=\"padding:10px; border:1px solid #ddd;\">5 \u20ac V\u00c4LJA<\/td>\n<td style=\"padding:10px; border:1px solid #ddd;\">\u20ac90+<\/td>\n<td style=\"padding:10px; border:1px solid #ddd;\">31. detsember 2026<\/td>\n<td style=\"padding:10px; border:1px solid #ddd;\">Detsembrikuu aastal\u00f5puboonus.<\/td>\n<td style=\"padding:10px; border:1px solid #ddd;\">\ud83c\udf84 L\u00f5peta tugevalt: <b>5 \u20ac V\u00c4LJA<\/b> DEC2026.<\/td>\n<\/tr>\n<\/tbody>\n<\/table>\n\t<div id=\"gap-197359499\" class=\"gap-element clearfix\" style=\"display:block; height:auto;\">\n\t\t\n<style>\n#gap-197359499 {\n  padding-top: 30px;\n}\n<\/style>\n\t<\/div>\n\t\n<div class=\"container section-title-container\" ><h3 class=\"section-title section-title-normal\"><b aria-hidden=\"true\"><\/b><span class=\"section-title-main\" >Teenida koos AIVIOU Vapes<\/span><b aria-hidden=\"true\"><\/b><\/h3><\/div>\n<p>Liitu \u00fche k\u00f5ige kiiremini kasvava vape-br\u00e4ndiga ja hakka teenima <strong>15%<\/strong> komisjonitasu igalt m\u00fc\u00fcgilt! AIVIOU Vapes pakub tipptasemel \u00fchekordsete aurude, e-vedelike ja tarvikute valikut, mida kliendid armastavad, mist\u00f5ttu on partnerite jaoks v\u00e4ga lihtne v\u00f5ita komisjonitasusid. Kuumalt m\u00fc\u00fcdavate toodete, k\u00f5rge konversioonim\u00e4\u00e4ra ja iga kuu toimuvate uute kampaaniate t\u00f5ttu t\u00e4hendab AIVIOU Vapes'iga partnerluses osalemine, et teie sissetulek v\u00f5ib kiiresti kasvada. \ud83d\udca8<\/p>\n<p><strong>\ud83d\udc49 Liitu juba t\u00e4na ja hakka teenima AIVIOU Vapesiga - kus maitse kohtub kasumiga!<\/strong><\/p>\n<a href=\"https:\/\/ui.awin.com\/express-signup\/us\/awin\/121568\/d01af3da-9031-45f4-bc25-92d66ffdc756?t=VVP9UbjOfvjddyNyvkNBB71Pni2G_dqZqpIZPRdRWII\" target=\"_blank\" class=\"button primary\" rel=\"noopener\">\n\t\t<span>Liitu Aiviou Vapes Affiliate'iga<\/span>\n\t<\/a>","protected":false},"excerpt":{"rendered":"<p>\ud83c\udf9f\ufe0f Coupon Code \ud83d\udcb0 Discount \ud83d\uded2 Minimum Order \ud83d\udcc5 Valid Until \ud83e\udded Description \ud83d\udce2 Suggested Ad Line BULKSAVE300 2% OFF \u20ac300+ Dec 31, 2026 Save big when you order over \u20ac300! \ud83d\udcb8 Spend Smart, Save More! Get 2% OFF orders above \u20ac300. BULKSAVE 3% OFF \u20ac500+ Dec 31, 2026 Enjoy bigger savings for orders over [&#8230;]\n","protected":false},"author":1,"featured_media":0,"parent":0,"menu_order":0,"comment_status":"closed","ping_status":"closed","template":"page-blank-title-center.php","meta":{"footnotes":""},"class_list":["post-5173","page","type-page","status-publish","hentry"],"jetpack_sharing_enabled":true,"_links":{"self":[{"href":"https:\/\/aiviouvapes.com\/et\/wp-json\/wp\/v2\/pages\/5173","targetHints":{"allow":["GET"]}}],"collection":[{"href":"https:\/\/aiviouvapes.com\/et\/wp-json\/wp\/v2\/pages"}],"about":[{"href":"https:\/\/aiviouvapes.com\/et\/wp-json\/wp\/v2\/types\/page"}],"author":[{"embeddable":true,"href":"https:\/\/aiviouvapes.com\/et\/wp-json\/wp\/v2\/users\/1"}],"replies":[{"embeddable":true,"href":"https:\/\/aiviouvapes.com\/et\/wp-json\/wp\/v2\/comments?post=5173"}],"version-history":[{"count":8,"href":"https:\/\/aiviouvapes.com\/et\/wp-json\/wp\/v2\/pages\/5173\/revisions"}],"predecessor-version":[{"id":105685,"href":"https:\/\/aiviouvapes.com\/et\/wp-json\/wp\/v2\/pages\/5173\/revisions\/105685"}],"wp:attachment":[{"href":"https:\/\/aiviouvapes.com\/et\/wp-json\/wp\/v2\/media?parent=5173"}],"curies":[{"name":"wp","href":"https:\/\/api.w.org\/{rel}","templated":true}]}}