{"id":4558,"date":"2024-08-21T10:35:58","date_gmt":"2024-08-21T10:35:58","guid":{"rendered":"https:\/\/aiviouvapes.com\/?page_id=4558"},"modified":"2024-11-29T02:58:48","modified_gmt":"2024-11-28T18:58:48","slug":"payment-method","status":"publish","type":"page","link":"https:\/\/aiviouvapes.com\/et\/payment-method\/","title":{"rendered":"Makseviis"},"content":{"rendered":"<div class=\"row\"  id=\"row-680932998\">\n\n\t<div id=\"col-594993829\" class=\"col medium-6 small-12 large-6\"  >\n\t\t\t\t<div class=\"col-inner\"  >\n\t\t\t\n\t\t\t\n<p>Tere tulemast <strong>AiviouVape<\/strong> \u2013 teie usaldusv\u00e4\u00e4rne \u00fclemaailmne sihtkoht tippkvaliteetsete \u00fchekordselt kasutatavate vapetoodete jaoks. \u00dclemaailmse tarnega oleme p\u00fchendunud klientide teenindamisele kogu maailmas.<\/p>\n<p><strong>AiviouVape&#039;is seame teie ostuteekonna t\u00e4iustamiseks esikohale mugavuse ja turvalisuse. Pakume erinevaid maksev\u00f5imalusi, mis vastavad teie vajadustele:<\/strong><\/p>\n<p>1. **PayPal**: nautige meie platvormil PayPaliga turvalisi ja lihtsaid makseid. <strong>(20% K\u00c4IBEMAKS)<\/strong><\/p>\n<p>2. **Krediitkaart**: aktsepteerime k\u00f5iki levinumaid krediitkaarte, tagades lihtsa ja usaldusv\u00e4\u00e4rse maksekogemuse. <strong>(20% K\u00c4IBEMAKS)<\/strong><\/p>\n<p>3. **Panga\u00fclekanne**: traditsiooniliste meetodite eelistajatele toetame turvalise v\u00f5imalusena panga\u00fclekandeid. <strong>(K\u00c4IBEMAKSUTA)<\/strong><\/p>\n<p>4. **Kr\u00fcptovaluuta**: v\u00f5tke meie kr\u00fcptovaluutamaksev\u00f5imalusega kaasa kaasaegne rahandus. <strong>(K\u00c4IBEMAKSUTA)<\/strong><\/p>\n<p>5. **Wise Transfer**: saate Wise Transferi abil kasu kulut\u00f5husatest ja t\u00f5husatest maksetest. <strong>(K\u00c4IBEMAKSUTA)<\/strong><\/p>\n<p>Kui teil on k\u00fcsimusi v\u00f5i konkreetseid maksetaotlusi, v\u00f5tke \u00fchendust meie klienditeeninduse meeskonnaga. Oleme siin, et tagada teie kogemus <strong>AiviouVape<\/strong> on sujuv, turvaline ja rahuldav.<\/p>\n<p><strong>T\u00e4name, et usaldasite AiviouVape&#039;i kvaliteetsete \u00fchekordselt kasutatavate vapetoodete allikana.<\/strong><\/p>\n\t\t<\/div>\n\t\t\t\t\t<\/div>\n\n\t\n\n\t<div id=\"col-1409179808\" class=\"col medium-6 small-12 large-6\"  >\n\t\t\t\t<div class=\"col-inner\"  >\n\t\t\t\n\t\t\t\n\t<div class=\"img has-hover x md-x lg-x y md-y lg-y\" id=\"image_67790910\">\n\t\t\t\t\t\t\t\t<div class=\"img-inner dark\" >\n\t\t\t<img loading=\"lazy\" decoding=\"async\" width=\"1020\" height=\"797\" src=\"https:\/\/i0.wp.com\/aiviouvapes.com\/wp-content\/uploads\/2024\/08\/%E5%AE%A3%E4%BC%A0%E5%9B%BE2-2.jpg?fit=1020%2C797&amp;ssl=1\" class=\"attachment-large size-large\" alt=\"Makseviis\" title=\"\">\t\t\t\t\t\t\n\t\t\t\t\t<\/div>\n\t\t\t\t\t\t\t\t\n<style>\n#image_67790910 {\n  width: 100%;\n}\n<\/style>\n\t<\/div>\n\t\n\t\t<\/div>\n\t\t\t\t\t<\/div>\n\n\t\n<\/div>\n<div class=\"row align-middle\"  id=\"row-319006861\">\n\n\t<div id=\"col-81511141\" class=\"col small-12 large-12\"  >\n\t\t\t\t<div class=\"col-inner text-center\"  >\n\t\t\t\n\t\t\t\n<a href=\"https:\/\/aiviouvapes.com\/et\/shop\/\" class=\"button primary is-shade is-larger box-shadow-4 box-shadow-5-hover\" style=\"border-radius:10px;\">\n\t\t<span>Ostke kohe<\/span>\n\t<\/a>\n\n\t\t<\/div>\n\t\t\t\t\n<style>\n#col-81511141 > .col-inner {\n  padding: 20px 0px 0px 0px;\n}\n<\/style>\n\t<\/div>\n\n\t\n<\/div>","protected":false},"excerpt":{"rendered":"","protected":false},"author":1,"featured_media":0,"parent":0,"menu_order":0,"comment_status":"closed","ping_status":"closed","template":"page-blank-title-center.php","meta":{"footnotes":""},"class_list":["post-4558","page","type-page","status-publish","hentry"],"jetpack_sharing_enabled":true,"_links":{"self":[{"href":"https:\/\/aiviouvapes.com\/et\/wp-json\/wp\/v2\/pages\/4558","targetHints":{"allow":["GET"]}}],"collection":[{"href":"https:\/\/aiviouvapes.com\/et\/wp-json\/wp\/v2\/pages"}],"about":[{"href":"https:\/\/aiviouvapes.com\/et\/wp-json\/wp\/v2\/types\/page"}],"author":[{"embeddable":true,"href":"https:\/\/aiviouvapes.com\/et\/wp-json\/wp\/v2\/users\/1"}],"replies":[{"embeddable":true,"href":"https:\/\/aiviouvapes.com\/et\/wp-json\/wp\/v2\/comments?post=4558"}],"version-history":[{"count":0,"href":"https:\/\/aiviouvapes.com\/et\/wp-json\/wp\/v2\/pages\/4558\/revisions"}],"wp:attachment":[{"href":"https:\/\/aiviouvapes.com\/et\/wp-json\/wp\/v2\/media?parent=4558"}],"curies":[{"name":"wp","href":"https:\/\/api.w.org\/{rel}","templated":true}]}}