{"id":3,"date":"2024-08-08T04:38:08","date_gmt":"2024-08-08T04:38:08","guid":{"rendered":"https:\/\/aiviouvapes.com\/?page_id=3"},"modified":"2024-11-19T21:37:05","modified_gmt":"2024-11-19T13:37:05","slug":"privacy-policy","status":"publish","type":"page","link":"https:\/\/aiviouvapes.com\/et\/privacy-policy\/","title":{"rendered":"Privaatsuspoliitika"},"content":{"rendered":"<p>AiviouVape'is seame prioriteediks teie isikuandmete kaitse ja konfidentsiaalsuse. K\u00e4esolevas privaatsuspoliitikas kirjeldatakse, kuidas me kogume, kasutame ja kaitseme teavet, mida annate meie veebisaidi kasutamise ajal.<\/p>\n<p><strong>Teabe kogumine<\/strong><\/p>\n<p>Kui k\u00fclastate meie veebisaiti, v\u00f5ime koguda j\u00e4rgmist t\u00fc\u00fcpi teavet: - Isikuandmed, nagu teie nimi, e-posti aadress ja kontaktandmed, mida esitate ostu sooritamisel v\u00f5i meiega \u00fchendust v\u00f5tmisel. - teave teie sirvimisk\u00e4itumise ja seadme kohta, mida kogutakse k\u00fcpsiste ja sarnaste tehnoloogiate abil. - Mis tahes muu teave, mida te meiega jagada otsustate.<\/p>\n<p><strong>Teabe kasutamine<\/strong><\/p>\n<p>Me kasutame kogutud teavet j\u00e4rgmistel eesm\u00e4rkidel: - Teie poolt meie veebisaidil tehtud tellimuste t\u00f6\u00f6tlemine ja t\u00e4itmine. - Teiega suhtlemine seoses teie tellimuste, p\u00e4ringute ja kampaaniatega. - Meie veebisaidi ja teenuste t\u00e4iustamine teie suhtluse ja tagasiside p\u00f5hjal. - Meie veebisaidi kaitsmine ja pettuste ennetamine.<\/p>\n<p><strong>Teabe jagamine<\/strong><\/p>\n<p>Me ei m\u00fc\u00fc ega avalda teie isikuandmeid kolmandatele osapooltele ilma teie n\u00f5usolekuta, v\u00e4lja arvatud juhul, kui see on vajalik teie taotluste t\u00e4itmiseks, nagu n\u00e4iteks transpordipartnerite puhul v\u00f5i kui seda n\u00f5uab seadus.<\/p>\n<p><strong>Andmete turvalisus<\/strong><\/p>\n<p>Me kasutame teie andmete kaitsmiseks erinevaid turvameetmeid, sealhulgas kr\u00fcpteerimist, turvalise pistikupesa tehnoloogia (SSL) ja rutiinseid turvahinnanguid.<\/p>\n<p><strong>Teie \u00f5igused<\/strong><\/p>\n<p>Teil on \u00f5igus oma isikuandmetele igal ajal juurde p\u00e4\u00e4seda, neid ajakohastada v\u00f5i kustutada. Samuti v\u00f5ite loobuda meilt turunduss\u00f5numite saamisest.<\/p>\n<p><strong>Poliitika uuendused<\/strong><\/p>\n<p>Me v\u00f5ime k\u00e4esolevat privaatsuspoliitikat perioodiliselt muuta, et kajastada meie tavade v\u00f5i \u00f5iguslike n\u00f5uete muutusi. Soovitame seda poliitikat regulaarselt \u00fcle vaadata. Kasutades meie veebisaiti, n\u00f5ustute k\u00e4esolevas privaatsuspoliitikas esitatud tingimustega. Kui teil on k\u00fcsimusi v\u00f5i muresid meie privaatsustavade kohta, v\u00f5tke meiega \u00fchendust aadressil support@aiviouvape.com. T\u00e4name teid, et valisite AiviouVape oma \u00fchekordsete elektrooniliste sigarettide (Vape) vajaduste jaoks.<\/p>\n<div class=\"row align-middle\"  id=\"row-358733500\"> \n\t<div id=\"col-1599761343\" class=\"col small-12 large-12\"  >\n\t\t\t\t<div class=\"col-inner text-center\"  >\n\t\t\t\n\t\t\t <a href=\"https:\/\/aiviouvapes.com\/et\/shop\/\" class=\"button primary is-shade is-larger box-shadow-4 box-shadow-5-hover\" style=\"border-radius:10px;\">\n\t\t<span>Ostke kohe<\/span>\n\t<\/a>\n \t\t<\/div>\n\t\t\t\t\n<style>\n#col-1599761343 > .col-inner {\n  padding: 20px 0px 0px 0px;\n}\n<\/style>\n\t<\/div>\n\n\t <\/div>","protected":false},"excerpt":{"rendered":"<p>At\u00a0AiviouVape, we prioritize the protection and confidentiality of your personal information. This Privacy Policy describes how we collect, use, and safeguard the information you provide while using our website. Information Collection When you visit our website, we may collect the following types of information: \u2013 Personal information such as your name, email address, and contact [&#8230;]\n","protected":false},"author":1,"featured_media":0,"parent":0,"menu_order":0,"comment_status":"closed","ping_status":"closed","template":"page-blank-title-center.php","meta":{"footnotes":""},"class_list":["post-3","page","type-page","status-publish","hentry"],"jetpack_sharing_enabled":true,"_links":{"self":[{"href":"https:\/\/aiviouvapes.com\/et\/wp-json\/wp\/v2\/pages\/3","targetHints":{"allow":["GET"]}}],"collection":[{"href":"https:\/\/aiviouvapes.com\/et\/wp-json\/wp\/v2\/pages"}],"about":[{"href":"https:\/\/aiviouvapes.com\/et\/wp-json\/wp\/v2\/types\/page"}],"author":[{"embeddable":true,"href":"https:\/\/aiviouvapes.com\/et\/wp-json\/wp\/v2\/users\/1"}],"replies":[{"embeddable":true,"href":"https:\/\/aiviouvapes.com\/et\/wp-json\/wp\/v2\/comments?post=3"}],"version-history":[{"count":0,"href":"https:\/\/aiviouvapes.com\/et\/wp-json\/wp\/v2\/pages\/3\/revisions"}],"wp:attachment":[{"href":"https:\/\/aiviouvapes.com\/et\/wp-json\/wp\/v2\/media?parent=3"}],"curies":[{"name":"wp","href":"https:\/\/api.w.org\/{rel}","templated":true}]}}