{"id":10,"date":"2024-08-12T12:49:21","date_gmt":"2024-08-12T12:49:21","guid":{"rendered":"https:\/\/aiviouvapes.com\/?page_id=10"},"modified":"2024-12-26T09:53:11","modified_gmt":"2024-12-26T01:53:11","slug":"refund_returns","status":"publish","type":"page","link":"https:\/\/aiviouvapes.com\/et\/refund_returns\/","title":{"rendered":"Tagasimakse- ja tagastamispoliitika"},"content":{"rendered":"<h2 class=\"wp-block-heading\">AiviouVape tagasimaksmise poliitika<\/h2>\r\n<p><strong>7-p\u00e4evane tagastus\u00f5igus<\/strong><\/p>\r\n<p>Meil AiviouVape'il on hea meel pakkuda 7-p\u00e4evast tagastamispoliitikat. See t\u00e4hendab, et alates p\u00e4evast, mil saate oma toote k\u00e4tte, on teil seitse p\u00e4eva aega, et algatada tagastamistaotlus, kui te ei ole oma ostuga rahul.<\/p>\r\n<p><strong>Tagasip\u00f6\u00f6rdumise abik\u00f5lblikkus<\/strong><\/p>\r\n<p>Tagastamise tingimustele vastamiseks peab teie toode j\u00e4\u00e4ma sellises seisukorras, nagu see on saadud - kasutamata, siltidega ja originaalpakendis. Tagastamisprotsessi h\u00f5lbustamiseks veenduge, et teil on kaasas ostukviitung v\u00f5i ostut\u00f5end.<\/p>\r\n<p><strong>Kuidas alustada tagasisaatmist<\/strong><\/p>\r\n<p>Kui soovite alustada tagasisaatmist, v\u00f5tke meiega \u00fchendust aadressil support@aiviouvape.com. Kui teie tagastamine on heaks kiidetud, anname teile ettemakstud tagastussildi ja juhised, kuidas teie pakki saata. Ilma eelneva loata saadetud tagastusi ei v\u00f5eta vastu, seega v\u00f5tke meiega esmalt \u00fchendust.<\/p>\r\n<p><strong>Kahjudest ja probleemidest teatamine<\/strong><\/p>\r\n<p>Soovitame teil oma tellimus kohe p\u00e4rast selle saabumist \u00fcle vaadata. Kui avastate, et teie toode on kahjustatud, defektne v\u00f5i vale, v\u00f5tke meiega viivitamatult \u00fchendust, et saaksime probleemi kiiresti lahendada.<\/p>\r\n<p><strong>Tagastamiseks mittek\u00f5lblikud esemed<\/strong><\/p>\r\n<p>Teatud tooteid ei saa tagastada, sealhulgas kergesti riknevaid kaupu, eritellimusel valmistatud tooteid, isikliku hoolduse tooteid, ohtlikke materjale ja tuleohtlikke vedelikke v\u00f5i gaase. Kui te ei ole kindel, kas konkreetne toode sobib tagastamiseks, v\u00f5tke meiega \u00fchendust, et saada t\u00e4psustusi.<\/p>\r\n<p><strong>Vahetuse protsess<\/strong><\/p>\r\n<p>Vahetuse puhul soovitame esmalt tagastada originaalartikli. Kui tagastamine on heaks kiidetud, v\u00f5ite uue toote jaoks teha eraldi tellimuse, et tagada kiire t\u00f6\u00f6tlemine.<\/p>\r\n<p><strong>14-p\u00e4evane j\u00e4relem\u00f5tlemisaeg ELi klientidele<\/strong><\/p>\r\n<p>Euroopa Liidus asuvatele klientidele pakume 14-p\u00e4evast j\u00e4relem\u00f5tlemisaega. See t\u00e4hendab, et te v\u00f5ite oma tellimuse t\u00fchistada v\u00f5i tagastada 14 p\u00e4eva jooksul p\u00e4rast selle k\u00e4ttesaamist ilma p\u00f5hjendusi esitamata. Kaubad peavad olema originaalses seisukorras, kasutamata, siltidega ja originaalpakendis. N\u00f5utav on ka ostukviitung v\u00f5i ostut\u00f5end.<\/p>\r\n<p><strong>Tagasimakse protsess<\/strong><\/p>\r\n<p>P\u00e4rast seda, kui oleme teie tagastuse k\u00e4tte saanud ja kontrollinud, teavitame teid tagasimakse heakskiitmise staatusest. Kui see on heaks kiidetud, t\u00f6\u00f6tleme tagasimakse teie algsele makseviisile 10 t\u00f6\u00f6p\u00e4eva jooksul. Pange t\u00e4hele, et teie pangal v\u00f5i krediitkaardipakkujal v\u00f5ib tagasimakse tegemiseks kuluda rohkem aega. Kui te ei ole tagasimakseid saanud 15 t\u00f6\u00f6p\u00e4eva jooksul p\u00e4rast heakskiidu saamist, v\u00f5tke meiega \u00fchendust aadressil support@aiviouvape.com.<\/p>\r\n<p><strong>T\u00e4name teid, et valisite AiviouVape. Teie rahulolu j\u00e4\u00e4b meie peamiseks prioriteediks.<\/strong><\/p>\r\n\r\n<div class=\"row align-middle\"  id=\"row-946068923\"> \n\t<div id=\"col-210718321\" class=\"col small-12 large-12\"  >\n\t\t\t\t<div class=\"col-inner text-center\"  >\n\t\t\t\n\t\t\t <a href=\"https:\/\/aiviouvapes.com\/et\/shop\/\" class=\"button primary is-shade is-larger box-shadow-4 box-shadow-5-hover\" style=\"border-radius:10px;\">\n\t\t<span>Ostke kohe<\/span>\n\t<\/a>\n \t\t<\/div>\n\t\t\t\t\n<style>\n#col-210718321 > .col-inner {\n  padding: 20px 0px 0px 0px;\n}\n<\/style>\n\t<\/div>\n\n\t <\/div>","protected":false},"excerpt":{"rendered":"<p>AiviouVape Refund Policy 7-Day Return Policy We at AiviouVape are pleased to offer a 7-day return policy. This means that from the day you receive your item, you have seven days to initiate a return request if you are unsatisfied with your purchase. Return Eligibility To qualify for a return, your item must remain in [&#8230;]\n","protected":false},"author":1,"featured_media":0,"parent":0,"menu_order":0,"comment_status":"closed","ping_status":"closed","template":"page-blank-title-center.php","meta":{"footnotes":""},"class_list":["post-10","page","type-page","status-publish","hentry"],"jetpack_sharing_enabled":true,"_links":{"self":[{"href":"https:\/\/aiviouvapes.com\/et\/wp-json\/wp\/v2\/pages\/10","targetHints":{"allow":["GET"]}}],"collection":[{"href":"https:\/\/aiviouvapes.com\/et\/wp-json\/wp\/v2\/pages"}],"about":[{"href":"https:\/\/aiviouvapes.com\/et\/wp-json\/wp\/v2\/types\/page"}],"author":[{"embeddable":true,"href":"https:\/\/aiviouvapes.com\/et\/wp-json\/wp\/v2\/users\/1"}],"replies":[{"embeddable":true,"href":"https:\/\/aiviouvapes.com\/et\/wp-json\/wp\/v2\/comments?post=10"}],"version-history":[{"count":0,"href":"https:\/\/aiviouvapes.com\/et\/wp-json\/wp\/v2\/pages\/10\/revisions"}],"wp:attachment":[{"href":"https:\/\/aiviouvapes.com\/et\/wp-json\/wp\/v2\/media?parent=10"}],"curies":[{"name":"wp","href":"https:\/\/api.w.org\/{rel}","templated":true}]}}