{"id":8765,"date":"2024-08-19T16:45:34","date_gmt":"2024-08-19T16:45:34","guid":{"rendered":"https:\/\/aiviouvapes.com\/?post_type=product&#038;p=8765"},"modified":"2026-04-17T13:01:26","modified_gmt":"2026-04-17T05:01:26","slug":"vapsolo-tornado-pro-12000-puffs-2-5-low-nicotine-bulk-buy-rechargeable-disposable-wholesale","status":"publish","type":"product","link":"https:\/\/aiviouvapes.com\/es\/product\/vapsolo-tornado-pro-12000-puffs-2-5-low-nicotine-bulk-buy-rechargeable-disposable-wholesale\/","title":{"rendered":"Vapsolo Tornado Pro 12000 Puffs | 0%-5% nicotina, 20mL, control de flujo de aire, iluminaci\u00f3n RGB"},"content":{"rendered":"<p><iframe title=\"VideoPress Reproductor de v\u00eddeo\" aria-label='VideoPress Reproductor de v\u00eddeo' width='562' height='1000' src='https:\/\/videopress.com\/embed\/IQNVFUQ9?hd=0&amp;cover=1' frameborder='0' allowfullscreen allow='clipboard-write'><\/iframe><script src='https:\/\/v0.wordpress.com\/js\/next\/videopress-iframe.js?m=1739540970'><\/script><\/p>\n<h2>Vapsolo Tornado Pro 12000 bocanadas | 0% 2% 3% 5% nicotina, 20 ml de e-l\u00edquido, flujo de aire ajustable, iluminaci\u00f3n RGB, bobina de malla, recargable tipo C, compra al por mayor de vaporizadores desechables<\/h2>\n<h3>Descripci\u00f3n general y caracter\u00edsticas del Vapsolo Tornado Pro 12000 Puffs<\/h3>\n<p>El Vapsolo Tornado Pro 12000 Puffs redefine la experiencia del vapeo con su tecnolog\u00eda de vanguardia, que ofrece hasta 12 000 bocanadas y una amplia capacidad de e-l\u00edquido de 20 ml, lo que minimiza las recargas para un disfrute ininterrumpido. Equipado con una robusta bater\u00eda recargable de 650 mAh y un puerto de carga tipo C, este dispositivo garantiza una recarga r\u00e1pida y un rendimiento constante. Su avanzada tecnolog\u00eda de bobina de malla de 0,9 \u03a9 ofrece un vapor rico y suave, mientras que el exclusivo sistema de flujo de aire ajustable de 4 niveles permite a los usuarios personalizar su calada. Mejorado con una vibrante iluminaci\u00f3n RGB, este elegante dispositivo combina funcionalidad y estilo para una experiencia de vapeo superior.<\/p>\n<ul>\n<li><strong>Hasta 12.000 bocanadas<\/strong>:Proporciona satisfacci\u00f3n prolongada sin necesidad de reemplazos frecuentes.<\/li>\n<li><strong>Capacidad de 20 ml de e-l\u00edquido<\/strong>:Reduce la frecuencia de recarga, mejorando la comodidad.<\/li>\n<li><strong>Bater\u00eda de 650 mAh<\/strong>:Ofrece energ\u00eda confiable con recarga r\u00e1pida Tipo-C.<\/li>\n<li><strong>Flujo de aire ajustable<\/strong>:Cuatro configuraciones personalizables para personalizar cada bocanada.<\/li>\n<li><strong>Iluminaci\u00f3n RGB<\/strong>:Agrega atractivo visual con un aspecto vibrante y elegante.<\/li>\n<li><strong>Bobina de malla<\/strong>:Garantiza un vapor consistente y sabroso con cada bocanada.<\/li>\n<li><strong>Pantalla completa<\/strong>:Mantiene a los usuarios informados sobre los niveles de bater\u00eda y e-l\u00edquido.<\/li>\n<\/ul>\n<h3>Vapsolo Tornado Pro 12000 Puffs Sabores en stock:<\/h3>\n<p>Helado de sand\u00eda, fresa y kiwi, frambuesa azul, cereza gaseosa, helado de ar\u00e1ndano, helado de fresa y frambuesa y cereza, helado de melocot\u00f3n y mango y pi\u00f1a, helado de uva, frambuesa y sand\u00eda, fresa y pl\u00e1tano.<\/p>\n<h3>\u00bfPor qu\u00e9 elegir el Vapsolo Tornado Pro 12000 Puffs?<\/h3>\n<p>El Vapsolo Tornado Pro 12000 Puffs combina una impresionante capacidad de calada, una variada selecci\u00f3n de sabores y caracter\u00edsticas avanzadas como flujo de aire personalizable e iluminaci\u00f3n RGB, lo que lo hace ideal para quienes priorizan la calidad y la conveniencia. Su dise\u00f1o compacto y recargable admite hasta 1 o 2 recargas despu\u00e9s del uso inicial, lo que brinda versatilidad. Disponible para la venta al por mayor, este dispositivo es una excelente opci\u00f3n para los minoristas que buscan ofrecer un vaporizador premium de alto rendimiento. El Vapsolo Tornado Pro 12000 Puffs promete una experiencia de vapeo elevada y satisfactoria, perfecta tanto para principiantes como para vapeadores experimentados.<\/p>\n<h3>\u00bfPor qu\u00e9 elegir AiviouVapes?<\/h3>\n<p>Bienvenido a <a href=\"https:\/\/aiviouvapes.com\/es\/\">AiviouVapes<\/a> - su fuente de confianza para <a href=\"https:\/\/aiviouvapes.com\/es\/shop\/\">vapes desechables al por mayor<\/a> a precios realmente bajos. Con m\u00e1s de cinco a\u00f1os de experiencia en la industria del vapeo, estamos orgullosos de ofrecer una selecci\u00f3n de marcas l\u00edderes, incluyendo <a href=\"https:\/\/aiviouvapes.com\/es\/categoria-producto\/waspe\/\">WASPE<\/a>, <a href=\"https:\/\/aiviouvapes.com\/es\/categoria-producto\/bang\/\">Bang Vape<\/a>, <a href=\"https:\/\/aiviouvapes.com\/es\/categoria-producto\/vapme-vapes\/\">Vapme<\/a>y <a href=\"https:\/\/aiviouvapes.com\/es\/categoria-producto\/mrvi\/\">MRVI<\/a>.<\/p>\n<p>Desde dispositivos de gran potencia como el <a href=\"https:\/\/aiviouvapes.com\/es\/producto\/waspe-4-in-1-100000-puffs\/\">WASPE 100K Sabor 4 en 1<\/a> a audaces favoritos como el <a href=\"https:\/\/aiviouvapes.com\/es\/producto\/bang-king-triple-flavors-85000\/\">Bang 85.000 Triple Puff<\/a>e incluso el emocionante <a class=\"woocommerce-LoopProduct-link woocommerce-loop-product__link\" href=\"https:\/\/aiviouvapes.com\/es\/producto\/mystery-vape-blind-box\/\">Caja de Vape Desechable Misteriosa<\/a>En AiviouVapes, cada producto es elegido por su alta calidad y valor inmejorable. En AiviouVapes, disfrutar\u00e1 de un gran servicio, ahorros al por mayor y una colecci\u00f3n dise\u00f1ada para satisfacer sus necesidades de vapeo.<\/p>\n<div class=\"row row-large row-full-width align-middle\"  id=\"row-118011033\">\n\n\n\t<div id=\"col-1362832219\" class=\"col medium-3 small-6 large-3\"  >\n\t\t\t\t<div class=\"col-inner text-center\"  >\n\t\t\t\n\t\t\t\n\n\n\t\t<div class=\"icon-box featured-box icon-box-top text-left\"  >\n\t\t\t\t\t<div class=\"icon-box-img\" style=\"width: 90px\">\n\t\t\t\t<div class=\"icon\">\n\t\t\t\t\t<div class=\"icon-inner\" >\n\t\t\t\t\t\t<img loading=\"lazy\" decoding=\"async\" width=\"200\" height=\"200\" src=\"https:\/\/i0.wp.com\/aiviouvapes.com\/wp-content\/uploads\/2024\/08\/vape-1-1.png?fit=200%2C200&amp;ssl=1\" class=\"attachment-medium size-medium\" alt=\"Por qu\u00e9 elegir AIVIOUVAPES\" srcset=\"https:\/\/i0.wp.com\/aiviouvapes.com\/wp-content\/uploads\/2024\/08\/vape-1-1.png?w=200&amp;ssl=1 200w, https:\/\/i0.wp.com\/aiviouvapes.com\/wp-content\/uploads\/2024\/08\/vape-1-1.png?resize=150%2C150&amp;ssl=1 150w, https:\/\/i0.wp.com\/aiviouvapes.com\/wp-content\/uploads\/2024\/08\/vape-1-1.png?resize=12%2C12&amp;ssl=1 12w, https:\/\/i0.wp.com\/aiviouvapes.com\/wp-content\/uploads\/2024\/08\/vape-1-1.png?resize=100%2C100&amp;ssl=1 100w\" sizes=\"auto, (max-width: 200px) 100vw, 200px\" title=\"\">\t\t\t\t\t<\/div>\n\t\t\t\t<\/div>\n\t\t\t<\/div>\n\t\t\t\t<div class=\"icon-box-text last-reset\">\n\t\t\t\t\t\t\t\t\t\n\n\t<div id=\"text-4037475659\" class=\"text\">\n\t\t\n\n<h3 style=\"text-align: center;\">Amplia variedad de vaporizadores<\/h3>\n<p style=\"text-align: center;\">Descubra nuestra amplia gama de productos, dise\u00f1ados para adaptarse a todos los gustos.<\/p>\n\t\t\n<style>\n#text-4037475659 {\n  font-size: 0.9rem;\n}\n<\/style>\n\t<\/div>\n\t\n\n\t\t<\/div>\n\t<\/div>\n\t\n\t\n\n\t\t<\/div>\n\t\t\t\t\t<\/div>\n\n\t\n\n\t<div id=\"col-1926638947\" class=\"col medium-3 small-6 large-3\"  >\n\t\t\t\t<div class=\"col-inner text-center\"  >\n\t\t\t\n\t\t\t\n\n\n\t\t<div class=\"icon-box featured-box icon-box-top text-left\"  >\n\t\t\t\t\t<div class=\"icon-box-img\" style=\"width: 90px\">\n\t\t\t\t<div class=\"icon\">\n\t\t\t\t\t<div class=\"icon-inner\" >\n\t\t\t\t\t\t<img loading=\"lazy\" decoding=\"async\" width=\"200\" height=\"200\" src=\"https:\/\/i0.wp.com\/aiviouvapes.com\/wp-content\/uploads\/2024\/08\/save-money-1-1-1.png?fit=200%2C200&amp;ssl=1\" class=\"attachment-medium size-medium\" alt=\"Por qu\u00e9 elegir AIVIOUVAPES\" srcset=\"https:\/\/i0.wp.com\/aiviouvapes.com\/wp-content\/uploads\/2024\/08\/save-money-1-1-1.png?w=200&amp;ssl=1 200w, https:\/\/i0.wp.com\/aiviouvapes.com\/wp-content\/uploads\/2024\/08\/save-money-1-1-1.png?resize=150%2C150&amp;ssl=1 150w, https:\/\/i0.wp.com\/aiviouvapes.com\/wp-content\/uploads\/2024\/08\/save-money-1-1-1.png?resize=12%2C12&amp;ssl=1 12w, https:\/\/i0.wp.com\/aiviouvapes.com\/wp-content\/uploads\/2024\/08\/save-money-1-1-1.png?resize=100%2C100&amp;ssl=1 100w\" sizes=\"auto, (max-width: 200px) 100vw, 200px\" title=\"\">\t\t\t\t\t<\/div>\n\t\t\t\t<\/div>\n\t\t\t<\/div>\n\t\t\t\t<div class=\"icon-box-text last-reset\">\n\t\t\t\t\t\t\t\t\t\n\n\t<div id=\"text-4118899502\" class=\"text\">\n\t\t\n\n<h3 style=\"text-align: center;\">Valor inmejorable<\/h3>\n<p style=\"text-align: center;\">Disfrute de productos de primera calidad a precios que se ajustan a su presupuesto.<\/p>\n\t\t\n<style>\n#text-4118899502 {\n  font-size: 0.9rem;\n}\n<\/style>\n\t<\/div>\n\t\n\n\t\t<\/div>\n\t<\/div>\n\t\n\t\n\n\t\t<\/div>\n\t\t\t\t\t<\/div>\n\n\t\n\n\t<div id=\"col-2086837611\" class=\"col medium-3 small-6 large-3\"  >\n\t\t\t\t<div class=\"col-inner text-center\"  >\n\t\t\t\n\t\t\t\n\n\n\t\t<div class=\"icon-box featured-box icon-box-top text-left\"  >\n\t\t\t\t\t<div class=\"icon-box-img\" style=\"width: 90px\">\n\t\t\t\t<div class=\"icon\">\n\t\t\t\t\t<div class=\"icon-inner\" >\n\t\t\t\t\t\t<img loading=\"lazy\" decoding=\"async\" width=\"200\" height=\"200\" src=\"https:\/\/i0.wp.com\/aiviouvapes.com\/wp-content\/uploads\/2024\/08\/delivery-truck-1-1.png?fit=200%2C200&amp;ssl=1\" class=\"attachment-medium size-medium\" alt=\"Por qu\u00e9 elegir AIVIOUVAPES\" srcset=\"https:\/\/i0.wp.com\/aiviouvapes.com\/wp-content\/uploads\/2024\/08\/delivery-truck-1-1.png?w=200&amp;ssl=1 200w, https:\/\/i0.wp.com\/aiviouvapes.com\/wp-content\/uploads\/2024\/08\/delivery-truck-1-1.png?resize=150%2C150&amp;ssl=1 150w, https:\/\/i0.wp.com\/aiviouvapes.com\/wp-content\/uploads\/2024\/08\/delivery-truck-1-1.png?resize=12%2C12&amp;ssl=1 12w, https:\/\/i0.wp.com\/aiviouvapes.com\/wp-content\/uploads\/2024\/08\/delivery-truck-1-1.png?resize=100%2C100&amp;ssl=1 100w\" sizes=\"auto, (max-width: 200px) 100vw, 200px\" title=\"\">\t\t\t\t\t<\/div>\n\t\t\t\t<\/div>\n\t\t\t<\/div>\n\t\t\t\t<div class=\"icon-box-text last-reset\">\n\t\t\t\t\t\t\t\t\t\n\n\t<div id=\"text-3748838096\" class=\"text\">\n\t\t\n\n<h3 style=\"text-align: center;\">Env\u00edo r\u00e1pido a nivel mundial<\/h3>\n<p style=\"text-align: center;\">Realizamos entregas en todo el mundo con despacho de aduana garantizado para una experiencia perfecta.<\/p>\n\t\t\n<style>\n#text-3748838096 {\n  font-size: 0.9rem;\n}\n<\/style>\n\t<\/div>\n\t\n\n\t\t<\/div>\n\t<\/div>\n\t\n\t\n\n\t\t<\/div>\n\t\t\t\t\t<\/div>\n\n\t\n\n\t<div id=\"col-1159086568\" class=\"col medium-3 small-6 large-3\"  >\n\t\t\t\t<div class=\"col-inner text-center\"  >\n\t\t\t\n\t\t\t\n\n\n\t\t<div class=\"icon-box featured-box icon-box-top text-left\"  >\n\t\t\t\t\t<div class=\"icon-box-img\" style=\"width: 90px\">\n\t\t\t\t<div class=\"icon\">\n\t\t\t\t\t<div class=\"icon-inner\" >\n\t\t\t\t\t\t<img loading=\"lazy\" decoding=\"async\" width=\"200\" height=\"200\" src=\"https:\/\/i0.wp.com\/aiviouvapes.com\/wp-content\/uploads\/2024\/08\/support-1-1.png?fit=200%2C200&amp;ssl=1\" class=\"attachment-medium size-medium\" alt=\"Por qu\u00e9 elegir AIVIOUVAPES\" srcset=\"https:\/\/i0.wp.com\/aiviouvapes.com\/wp-content\/uploads\/2024\/08\/support-1-1.png?w=200&amp;ssl=1 200w, https:\/\/i0.wp.com\/aiviouvapes.com\/wp-content\/uploads\/2024\/08\/support-1-1.png?resize=150%2C150&amp;ssl=1 150w, https:\/\/i0.wp.com\/aiviouvapes.com\/wp-content\/uploads\/2024\/08\/support-1-1.png?resize=12%2C12&amp;ssl=1 12w, https:\/\/i0.wp.com\/aiviouvapes.com\/wp-content\/uploads\/2024\/08\/support-1-1.png?resize=100%2C100&amp;ssl=1 100w\" sizes=\"auto, (max-width: 200px) 100vw, 200px\" title=\"\">\t\t\t\t\t<\/div>\n\t\t\t\t<\/div>\n\t\t\t<\/div>\n\t\t\t\t<div class=\"icon-box-text last-reset\">\n\t\t\t\t\t\t\t\t\t\n\n\t<div id=\"text-442967951\" class=\"text\">\n\t\t\n\n<h3 style=\"text-align: center;\">Asistencia las 24 horas<\/h3>\n<p style=\"text-align: center;\">Comun\u00edquese con nuestro equipo de soporte en cualquier momento, las 24 horas del d\u00eda, los 7 d\u00edas de la semana, a trav\u00e9s de WhatsApp o correo electr\u00f3nico.<\/p>\n\t\t\n<style>\n#text-442967951 {\n  font-size: 0.9rem;\n}\n<\/style>\n\t<\/div>\n\t\n\n\t\t<\/div>\n\t<\/div>\n\t\n\t\n\n\t\t<\/div>\n\t\t\t\t\t<\/div>\n\n\t\n\n<\/div>\n<div class=\"row row-full-width align-middle\"  id=\"row-1454230153\">\n\n\n\t<div id=\"col-188741252\" class=\"col medium-6 small-12 large-6\"  >\n\t\t\t\t<div class=\"col-inner\"  >\n\t\t\t\n\t\t\t\n\n\t<div class=\"img has-hover x md-x lg-x y md-y lg-y\" id=\"image_1707533354\">\n\t\t\t\t\t\t\t\t<div class=\"img-inner dark\" >\n\t\t\t<img loading=\"lazy\" decoding=\"async\" width=\"930\" height=\"1024\" src=\"https:\/\/i0.wp.com\/aiviouvapes.com\/wp-content\/uploads\/2024\/08\/%E6%8B%BC%E5%9B%BE.jpg?fit=930%2C1024&amp;ssl=1\" class=\"attachment-large size-large\" alt=\"Por qu\u00e9 elegir AIVIOUVAPES\" title=\"\">\t\t\t\t\t\t\n\t\t\t\t\t<\/div>\n\t\t\t\t\t\t\t\t\n<style>\n#image_1707533354 {\n  width: 100%;\n}\n<\/style>\n\t<\/div>\n\t\n\n\n\t\t<\/div>\n\t\t\t\t\t<\/div>\n\n\t\n\n\t<div id=\"col-800601243\" class=\"col medium-6 small-12 large-6\"  >\n\t\t\t\t<div class=\"col-inner\"  >\n\t\t\t\n\t\t\t\n\n<div class=\"container section-title-container\" ><h4 class=\"section-title section-title-normal\"><b aria-hidden=\"true\"><\/b><span class=\"section-title-main\" style=\"font-size:91%;\">Nuestras ventajas<\/span><b aria-hidden=\"true\"><\/b><\/h4><\/div>\n\n<div class=\"accordion\">\n\n\t<div id=\"accordion-2672151725\" class=\"accordion-item\">\n\t\t<a id=\"accordion-2672151725-label\" class=\"accordion-title plain\" href=\"#accordion-item-commitment-to-quality\" aria-expanded=\"false\" aria-controls=\"accordion-2672151725-content\">\n\t\t\t<button class=\"toggle\" aria-label=\"Toggle\"><i class=\"icon-angle-down\" aria-hidden=\"true\"><\/i><\/button>\n\t\t\t<span>Compromiso con la calidad<\/span>\n\t\t<\/a>\n\t\t<div id=\"accordion-2672151725-content\" class=\"accordion-inner\" aria-labelledby=\"accordion-2672151725-label\">\n\t\t\t\n\n<p>En <a href=\"https:\/\/aiviouvapes.com\/es\/\">AiviouVape<\/a>La calidad es el motor de todo lo que hacemos. Nuestros vaporizadores desechables se elaboran meticulosamente y se prueban rigurosamente para cumplir con los est\u00e1ndares m\u00e1s altos, lo que garantiza una experiencia de vapeo fluida y confiable en todo momento. Con nuestro compromiso de cero defectos y cero quejas, puede confiar en que est\u00e1 obteniendo lo mejor.<\/p>\n\n\t\t<\/div>\n\t<\/div>\n\t\n\t<div id=\"accordion-1367676530\" class=\"accordion-item\">\n\t\t<a id=\"accordion-1367676530-label\" class=\"accordion-title plain\" href=\"#accordion-item-diverse-range-of-products\" aria-expanded=\"false\" aria-controls=\"accordion-1367676530-content\">\n\t\t\t<button class=\"toggle\" aria-label=\"Toggle\"><i class=\"icon-angle-down\" aria-hidden=\"true\"><\/i><\/button>\n\t\t\t<span>Diversa gama de productos<\/span>\n\t\t<\/a>\n\t\t<div id=\"accordion-1367676530-content\" class=\"accordion-inner\" aria-labelledby=\"accordion-1367676530-label\">\n\t\t\t\n\n<p>Estamos orgullosos de ofrecer una amplia gama de vaporizadores desechables de primera calidad para satisfacer todas las preferencias. Desde las \u00faltimas innovaciones hasta los favoritos de los fans, nuestra selecci\u00f3n incluye marcas de confianza como Waspe, Vapme, RandM Tornado, Bang Box, ELF Box y Bang King. Tanto si buscas los sabores atrevidos de Vapme como el dise\u00f1o elegante de RandM Tornado, nuestra colecci\u00f3n est\u00e1 dise\u00f1ada para ayudarte a descubrir el vapeador perfecto para tu gusto y estilo de vida.<\/p>\n\n\n\t\t<\/div>\n\t<\/div>\n\t\n\t<div id=\"accordion-1369669758\" class=\"accordion-item\">\n\t\t<a id=\"accordion-1369669758-label\" class=\"accordion-title plain\" href=\"#accordion-item-wholesale-and-retail-solutions\" aria-expanded=\"false\" aria-controls=\"accordion-1369669758-content\">\n\t\t\t<button class=\"toggle\" aria-label=\"Toggle\"><i class=\"icon-angle-down\" aria-hidden=\"true\"><\/i><\/button>\n\t\t\t<span>Soluciones para mayoristas y minoristas<\/span>\n\t\t<\/a>\n\t\t<div id=\"accordion-1369669758-content\" class=\"accordion-inner\" aria-labelledby=\"accordion-1369669758-label\">\n\t\t\t\n\n<p>AiviouVape satisface las demandas de los clientes minoristas y mayoristas, ofreciendo productos y servicios excepcionales en todo momento. Si es la primera vez que nos visita, le recomendamos comenzar con un lote peque\u00f1o para que pueda experimentar nuestra calidad de primera mano. Con precios competitivos y est\u00e1ndares premium, somos la opci\u00f3n de confianza en la industria de los vaporizadores desechables.\u00a0<\/p>\n\n\t\t<\/div>\n\t<\/div>\n\t\n\t<div id=\"accordion-3662859267\" class=\"accordion-item\">\n\t\t<a id=\"accordion-3662859267-label\" class=\"accordion-title plain\" href=\"#accordion-item-continuous-improvement\" aria-expanded=\"false\" aria-controls=\"accordion-3662859267-content\">\n\t\t\t<button class=\"toggle\" aria-label=\"Toggle\"><i class=\"icon-angle-down\" aria-hidden=\"true\"><\/i><\/button>\n\t\t\t<span>Mejora continua<\/span>\n\t\t<\/a>\n\t\t<div id=\"accordion-3662859267-content\" class=\"accordion-inner\" aria-labelledby=\"accordion-3662859267-label\">\n\t\t\t\n\n<p>Lo que distingue a AiviouVape es nuestra dedicaci\u00f3n a brindar un servicio al cliente excepcional. Ya sea que necesite asesoramiento antes de comprar o asistencia con un pedido, nuestro equipo siempre est\u00e1 disponible por WhatsApp o correo electr\u00f3nico. Nos esforzamos por construir relaciones duraderas con nuestros clientes, garantizando su satisfacci\u00f3n en cada paso del proceso.<\/p>\n\n\t\t<\/div>\n\t<\/div>\n\t\n\t<div id=\"accordion-3823888121\" class=\"accordion-item\">\n\t\t<a id=\"accordion-3823888121-label\" class=\"accordion-title plain\" href=\"#accordion-item-quality-assurance\" aria-expanded=\"false\" aria-controls=\"accordion-3823888121-content\">\n\t\t\t<button class=\"toggle\" aria-label=\"Toggle\"><i class=\"icon-angle-down\" aria-hidden=\"true\"><\/i><\/button>\n\t\t\t<span>Garant\u00eda de calidad<\/span>\n\t\t<\/a>\n\t\t<div id=\"accordion-3823888121-content\" class=\"accordion-inner\" aria-labelledby=\"accordion-3823888121-label\">\n\t\t\t\n\n<p>En cada etapa (desarrollo, producci\u00f3n, comercializaci\u00f3n y distribuci\u00f3n del producto), nuestro compromiso con la calidad nunca flaquea. Nuestros vaporizadores desechables se someten a pruebas rigurosas para garantizar que no sean t\u00f3xicos, sean puros y brinden un sabor excepcional. Esta dedicaci\u00f3n a la excelencia constituye la columna vertebral de nuestra cultura corporativa.<\/p>\n\n\t\t<\/div>\n\t<\/div>\n\t\n\t<div id=\"accordion-3459157099\" class=\"accordion-item\">\n\t\t<a id=\"accordion-3459157099-label\" class=\"accordion-title plain\" href=\"#accordion-item-efficient-logistics-and-delivery\" aria-expanded=\"false\" aria-controls=\"accordion-3459157099-content\">\n\t\t\t<button class=\"toggle\" aria-label=\"Toggle\"><i class=\"icon-angle-down\" aria-hidden=\"true\"><\/i><\/button>\n\t\t\t<span>Log\u00edstica y entrega eficaces<\/span>\n\t\t<\/a>\n\t\t<div id=\"accordion-3459157099-content\" class=\"accordion-inner\" aria-labelledby=\"accordion-3459157099-label\">\n\t\t\t\n\n<p>AiviouVape ofrece una log\u00edstica y una entrega eficientes, incluidos los servicios DDP (entrega con derechos pagados), lo que garantiza un despacho de aduana sin problemas y sin tasas ni impuestos. Con una entrega r\u00e1pida y una atenci\u00f3n al cliente excepcional, ofrecemos una experiencia fluida y fiable, lo que nos convierte en un socio de confianza en la industria.<\/p>\n\n\t\t<\/div>\n\t<\/div>\n\t\n\t<div id=\"accordion-3077367831\" class=\"accordion-item\">\n\t\t<a id=\"accordion-3077367831-label\" class=\"accordion-title plain\" href=\"#accordion-item-odm-and-oem-services\" aria-expanded=\"false\" aria-controls=\"accordion-3077367831-content\">\n\t\t\t<button class=\"toggle\" aria-label=\"Toggle\"><i class=\"icon-angle-down\" aria-hidden=\"true\"><\/i><\/button>\n\t\t\t<span>Servicios ODM y OEM<\/span>\n\t\t<\/a>\n\t\t<div id=\"accordion-3077367831-content\" class=\"accordion-inner\" aria-labelledby=\"accordion-3077367831-label\">\n\t\t\t\n\n<p>AiviouVapes ofrece servicios completos de ODM (fabricaci\u00f3n de dise\u00f1o original) y OEM (fabricaci\u00f3n de equipos originales). Con dos grandes instalaciones, ayudamos a los clientes a dise\u00f1ar productos \u00fanicos y logotipos llamativos para los envases. Tambi\u00e9n ofrecemos asesoramiento gratuito sobre el dise\u00f1o de envases y ayudamos a los clientes que envasan sus propios productos, lo que garantiza que su marca destaque en el mercado.<\/p>\n\n\t\t<\/div>\n\t<\/div>\n\t\n\n<\/div>\n\n\t\t<\/div>\n\t\t\t\t\t<\/div>\n\n\t\n\n<\/div>","protected":false},"excerpt":{"rendered":"<p>El Vapsolo Tornado Pro 12000 Puffs ofrece hasta 12 000 bocanadas, una capacidad de 20 ml de e-l\u00edquido y un flujo de aire personalizable para un vapeo personalizado. Con iluminaci\u00f3n RGB, tecnolog\u00eda de bobina de malla y carga r\u00e1pida tipo C, garantiza un vapeo suave, sabroso y conveniente. Ideal tanto para uso personal como para venta al por mayor.<\/p>\n<a href=\"https:\/\/aiviouvapes.com\/es\/why-waspe-40k-beats-vapsolo-tornado-pro-12000-puffs\/\" target=\"_blank\" class=\"button secondary is-secondary is-medium hide-this-btn1\" rel=\"noopener\" >\n\t\t<span>\ud83d\udc51 Descubre por qu\u00e9 los vapers inteligentes eligen WASPE 40K en lugar de VapSolo \u2705.<\/span>\n\t<\/a>","protected":false},"featured_media":8766,"comment_status":"open","ping_status":"closed","template":"","meta":[],"product_brand":[228],"product_cat":[48,124,90,117,81,76,134,135,133,136,137,146,138,139,140,141,142,143,144,145,573,572,132,82],"product_tag":[],"class_list":{"0":"post-8765","1":"product","2":"type-product","3":"status-publish","4":"has-post-thumbnail","6":"product_brand-vapsolo","7":"product_cat-vapsolo","8":"product_cat-12000-puffs-disposable-vape","9":"product_cat-big-puffs-vapes","10":"product_cat-different-puffs-of-diposable-vapes","11":"product_cat-digital-box-vapes","12":"product_cat-disposable-vape-types","13":"product_cat-disposable-vapes-in-austria","14":"product_cat-disposable-vapes-in-belgium","15":"product_cat-disposable-vapes-in-europe","16":"product_cat-disposable-vapes-in-france","17":"product_cat-disposable-vapes-in-germany","18":"product_cat-disposable-vapes-in-hungary","19":"product_cat-disposable-vapes-in-ltaly","20":"product_cat-disposable-vapes-in-netherlands","21":"product_cat-disposable-vapes-in-norway","22":"product_cat-disposable-vapes-in-poland","23":"product_cat-disposable-vapes-in-portugal","24":"product_cat-disposable-vapes-in-spain","25":"product_cat-disposable-vapes-in-sweden","26":"product_cat-disposable-vapes-in-switzerland","27":"product_cat-new-3","28":"product_cat-new-2","29":"product_cat-rechargeable-vapes","30":"product_cat-smart-screen-vapes","32":"first","33":"instock","34":"shipping-taxable","35":"purchasable","36":"product-type-variable","37":"has-default-attributes"},"jetpack_sharing_enabled":true,"tiered_pricing_type":"fixed","tiered_pricing_fixed_rules":{"2000":6.4900000000000002131628207280300557613372802734375},"tiered_pricing_product_settings":{"layout":"default","base_unit_name":{"singular":null,"plural":null},"default_variation":null},"tiered_pricing_minimum_quantity":1000,"tiered_pricing_roles_data":[],"tiered_pricing_percentage_rules":[],"tiered_pricing_maximum_quantity":null,"tiered_pricing_quantity_step":"10","_links":{"self":[{"href":"https:\/\/aiviouvapes.com\/es\/wp-json\/wp\/v2\/product\/8765","targetHints":{"allow":["GET"]}}],"collection":[{"href":"https:\/\/aiviouvapes.com\/es\/wp-json\/wp\/v2\/product"}],"about":[{"href":"https:\/\/aiviouvapes.com\/es\/wp-json\/wp\/v2\/types\/product"}],"replies":[{"embeddable":true,"href":"https:\/\/aiviouvapes.com\/es\/wp-json\/wp\/v2\/comments?post=8765"}],"wp:featuredmedia":[{"embeddable":true,"href":"https:\/\/aiviouvapes.com\/es\/wp-json\/wp\/v2\/media\/8766"}],"wp:attachment":[{"href":"https:\/\/aiviouvapes.com\/es\/wp-json\/wp\/v2\/media?parent=8765"}],"wp:term":[{"taxonomy":"product_brand","embeddable":true,"href":"https:\/\/aiviouvapes.com\/es\/wp-json\/wp\/v2\/product_brand?post=8765"},{"taxonomy":"product_cat","embeddable":true,"href":"https:\/\/aiviouvapes.com\/es\/wp-json\/wp\/v2\/product_cat?post=8765"},{"taxonomy":"product_tag","embeddable":true,"href":"https:\/\/aiviouvapes.com\/es\/wp-json\/wp\/v2\/product_tag?post=8765"}],"curies":[{"name":"wp","href":"https:\/\/api.w.org\/{rel}","templated":true}]}}