{"id":8675,"date":"2024-08-19T16:12:48","date_gmt":"2024-08-19T16:12:48","guid":{"rendered":"https:\/\/aiviouvapes.com\/?post_type=product&#038;p=8675"},"modified":"2026-04-17T13:01:27","modified_gmt":"2026-04-17T05:01:27","slug":"vapsolo-viking-12000-puffs-2-5-2-2","status":"publish","type":"product","link":"https:\/\/aiviouvapes.com\/es\/product\/vapsolo-viking-12000-puffs-2-5-2-2\/","title":{"rendered":"Vapsolo Viking 12000 Puffs | 22mL, 650mAh, airflow control, LCD display, bulk vape"},"content":{"rendered":"<p><iframe title=\"VideoPress Reproductor de v\u00eddeo\" aria-label='VideoPress Reproductor de v\u00eddeo' width='1020' height='574' src='https:\/\/videopress.com\/embed\/ngfVq1VJ?hd=0&amp;cover=1' frameborder='0' allowfullscreen allow='clipboard-write'><\/iframe><script src='https:\/\/v0.wordpress.com\/js\/next\/videopress-iframe.js?m=1739540970'><\/script><\/p>\n<h2>Vapsolo Viking 12000 bocanadas | E-l\u00edquido de 22 ml, bater\u00eda de 650 mAh, bobina de malla, flujo de aire ajustable, pantalla LCD, recargable tipo C, compra al por mayor de vaporizadores desechables<\/h2>\n<h3>VapSolo Viking 12000 Puffs Visi\u00f3n General y Caracter\u00edsticas<\/h3>\n<p>El VapSolo Viking 12000 Puffs est\u00e1 meticulosamente dise\u00f1ado para ofrecer una experiencia de vapeo premium con hasta 12.000 caladas. Su dep\u00f3sito de e-l\u00edquido de 22 ml minimiza las recargas, proporcionando un disfrute prolongado, mientras que la robusta bater\u00eda recargable de 650mAh y el puerto de carga Tipo-C garantizan una potencia constante y duradera y recargas r\u00e1pidas. La avanzada tecnolog\u00eda de bobina de malla del Viking con resistencia de 1,0\u03a9 crea un vapor suave y sabroso con cada calada. Personalizable con un sistema de flujo de aire ajustable de cuatro niveles y una pantalla LCD para una f\u00e1cil monitorizaci\u00f3n, este dispositivo combina rendimiento con comodidad en un dise\u00f1o compacto y ligero.<\/p>\n<ul>\n<li><strong>12.000 Puffs<\/strong>: Ofrece un uso duradero y una mayor satisfacci\u00f3n.<\/li>\n<li><strong>Capacidad de 22 ml de e-l\u00edquido<\/strong>: Reduce la necesidad de recargas frecuentes, mejorando la comodidad.<\/li>\n<li><strong>Bater\u00eda de 650 mAh<\/strong>: Proporciona energ\u00eda fiable y recargable para un rendimiento constante.<\/li>\n<li><strong>Bobina de malla con resistencia de 1,0\u03a9<\/strong>: Garantiza una producci\u00f3n de vapor suave y abundante.<\/li>\n<li><strong>Flujo de aire ajustable en cuatro niveles<\/strong>: Personaliza cada calada para conseguir tu calada preferida.<\/li>\n<li><strong>Pantalla LCD<\/strong>: Monitoriza la duraci\u00f3n de la bater\u00eda y el estado del vapeo con facilidad.<\/li>\n<\/ul>\n<h3>VapSolo Viking 12000 Puffs Selecci\u00f3n de Sabores<\/h3>\n<p>Ar\u00e1ndano Frambuesa, Ar\u00e1ndano, Cereza, Sand\u00eda Hielo, Fresa Kiwi, Fresa Sand\u00eda, Sue\u00f1o de Verano, Ar\u00e1ndano Cereza Ar\u00e1ndano, Lim\u00f3n Lima, Osito de Gominola, Fresa Pl\u00e1tano, Menta Fresca, Fresa Frambuesa Hielo, Lim\u00f3n Melocot\u00f3n, Manzana Roja Hielo.<\/p>\n<h3>\u00bfPor qu\u00e9 elegir el VapSolo Viking 12000 Puffs?<\/h3>\n<p>El VapSolo Viking 12000 Puffs ofrece una combinaci\u00f3n \u00fanica de alta capacidad, flujo de aire personalizable y una variada selecci\u00f3n de sabores, por lo que es ideal para los vapeadores que buscan comodidad, rendimiento y sabor. Disponible para la distribuci\u00f3n al por mayor a granel, este dispositivo es perfecto para los minoristas que buscan ofrecer un producto de alta calidad. Con caracter\u00edsticas como la pantalla LCD y la carga r\u00e1pida Type-C, el VapSolo Viking 12000 est\u00e1 dise\u00f1ado para satisfacer las necesidades de los vapeadores ocasionales y experimentados, ofreciendo una experiencia de vapeo excepcional y satisfactoria en todo momento.<\/p>\n<p><img data-recalc-dims=\"1\" loading=\"lazy\" decoding=\"async\" class=\"alignnone wp-image-8990 size-full\" title=\"VapSolo Viking 12000 Puffs 2% 5% Low Nicotine Compra a Granel Vapes Pen Recargable Desechable al por Mayor\" src=\"https:\/\/i0.wp.com\/aiviouvapes.com\/wp-content\/uploads\/2024\/08\/Vapsolo-2-5-Available-Disposable-Vape-EU-Warehouse-Viking-12000-12K-Puff-Vaper-Electronic-Cigarette-Germany-Vaporizer.webp?resize=800%2C800&#038;ssl=1\" alt=\"VapSolo Viking 12000 Puffs 2% 5% Low Nicotine Compra a Granel Vapes Pen Recargable Desechable al por Mayor\" width=\"800\" height=\"800\" srcset=\"https:\/\/i0.wp.com\/aiviouvapes.com\/wp-content\/uploads\/2024\/08\/Vapsolo-2-5-Available-Disposable-Vape-EU-Warehouse-Viking-12000-12K-Puff-Vaper-Electronic-Cigarette-Germany-Vaporizer.webp?w=800&amp;ssl=1 800w, https:\/\/i0.wp.com\/aiviouvapes.com\/wp-content\/uploads\/2024\/08\/Vapsolo-2-5-Available-Disposable-Vape-EU-Warehouse-Viking-12000-12K-Puff-Vaper-Electronic-Cigarette-Germany-Vaporizer.webp?resize=300%2C300&amp;ssl=1 300w, https:\/\/i0.wp.com\/aiviouvapes.com\/wp-content\/uploads\/2024\/08\/Vapsolo-2-5-Available-Disposable-Vape-EU-Warehouse-Viking-12000-12K-Puff-Vaper-Electronic-Cigarette-Germany-Vaporizer.webp?resize=150%2C150&amp;ssl=1 150w, https:\/\/i0.wp.com\/aiviouvapes.com\/wp-content\/uploads\/2024\/08\/Vapsolo-2-5-Available-Disposable-Vape-EU-Warehouse-Viking-12000-12K-Puff-Vaper-Electronic-Cigarette-Germany-Vaporizer.webp?resize=768%2C768&amp;ssl=1 768w, https:\/\/i0.wp.com\/aiviouvapes.com\/wp-content\/uploads\/2024\/08\/Vapsolo-2-5-Available-Disposable-Vape-EU-Warehouse-Viking-12000-12K-Puff-Vaper-Electronic-Cigarette-Germany-Vaporizer.webp?resize=12%2C12&amp;ssl=1 12w, https:\/\/i0.wp.com\/aiviouvapes.com\/wp-content\/uploads\/2024\/08\/Vapsolo-2-5-Available-Disposable-Vape-EU-Warehouse-Viking-12000-12K-Puff-Vaper-Electronic-Cigarette-Germany-Vaporizer.webp?resize=100%2C100&amp;ssl=1 100w\" sizes=\"auto, (max-width: 800px) 100vw, 800px\" \/><\/p>\n<h3>\u00bfPor qu\u00e9 elegir AiviouVapes?<\/h3>\n<p>Bienvenido a <a href=\"https:\/\/aiviouvapes.com\/es\/\">AiviouVapes<\/a> - su fuente de confianza para <a href=\"https:\/\/aiviouvapes.com\/es\/shop\/\">vapes desechables al por mayor<\/a> a precios realmente bajos. Con m\u00e1s de cinco a\u00f1os de experiencia en la industria del vapeo, estamos orgullosos de ofrecer una selecci\u00f3n de marcas l\u00edderes, incluyendo <a href=\"https:\/\/aiviouvapes.com\/es\/categoria-producto\/waspe\/\">WASPE<\/a>, <a href=\"https:\/\/aiviouvapes.com\/es\/categoria-producto\/bang\/\">Bang Vape<\/a>, <a href=\"https:\/\/aiviouvapes.com\/es\/categoria-producto\/vapme-vapes\/\">Vapme<\/a>y <a href=\"https:\/\/aiviouvapes.com\/es\/categoria-producto\/mrvi\/\">MRVI<\/a>.<\/p>\n<p>Desde dispositivos de gran potencia como el <a href=\"https:\/\/aiviouvapes.com\/es\/producto\/waspe-4-in-1-100000-puffs\/\">WASPE 100K Sabor 4 en 1<\/a> a audaces favoritos como el <a href=\"https:\/\/aiviouvapes.com\/es\/producto\/bang-king-triple-flavors-85000\/\">Bang 85.000 Triple Puff<\/a>e incluso el emocionante <a class=\"woocommerce-LoopProduct-link woocommerce-loop-product__link\" href=\"https:\/\/aiviouvapes.com\/es\/producto\/mystery-vape-blind-box\/\">Caja de Vape Desechable Misteriosa<\/a>En AiviouVapes, cada producto es elegido por su alta calidad y valor inmejorable. En AiviouVapes, disfrutar\u00e1 de un gran servicio, ahorros al por mayor y una colecci\u00f3n dise\u00f1ada para satisfacer sus necesidades de vapeo.<\/p>\n<div class=\"row row-large row-full-width align-middle\"  id=\"row-391011438\">\n\n\n\t<div id=\"col-1663465006\" class=\"col medium-3 small-6 large-3\"  >\n\t\t\t\t<div class=\"col-inner text-center\"  >\n\t\t\t\n\t\t\t\n\n\n\t\t<div class=\"icon-box featured-box icon-box-top text-left\"  >\n\t\t\t\t\t<div class=\"icon-box-img\" style=\"width: 90px\">\n\t\t\t\t<div class=\"icon\">\n\t\t\t\t\t<div class=\"icon-inner\" >\n\t\t\t\t\t\t<img loading=\"lazy\" decoding=\"async\" width=\"200\" height=\"200\" src=\"https:\/\/i0.wp.com\/aiviouvapes.com\/wp-content\/uploads\/2024\/08\/vape-1-1.png?fit=200%2C200&amp;ssl=1\" class=\"attachment-medium size-medium\" alt=\"Por qu\u00e9 elegir AIVIOUVAPES\" srcset=\"https:\/\/i0.wp.com\/aiviouvapes.com\/wp-content\/uploads\/2024\/08\/vape-1-1.png?w=200&amp;ssl=1 200w, https:\/\/i0.wp.com\/aiviouvapes.com\/wp-content\/uploads\/2024\/08\/vape-1-1.png?resize=150%2C150&amp;ssl=1 150w, https:\/\/i0.wp.com\/aiviouvapes.com\/wp-content\/uploads\/2024\/08\/vape-1-1.png?resize=12%2C12&amp;ssl=1 12w, https:\/\/i0.wp.com\/aiviouvapes.com\/wp-content\/uploads\/2024\/08\/vape-1-1.png?resize=100%2C100&amp;ssl=1 100w\" sizes=\"auto, (max-width: 200px) 100vw, 200px\" title=\"\">\t\t\t\t\t<\/div>\n\t\t\t\t<\/div>\n\t\t\t<\/div>\n\t\t\t\t<div class=\"icon-box-text last-reset\">\n\t\t\t\t\t\t\t\t\t\n\n\t<div id=\"text-3093701342\" class=\"text\">\n\t\t\n\n<h3 style=\"text-align: center;\">Amplia variedad de vaporizadores<\/h3>\n<p style=\"text-align: center;\">Descubra nuestra amplia gama de productos, dise\u00f1ados para adaptarse a todos los gustos.<\/p>\n\t\t\n<style>\n#text-3093701342 {\n  font-size: 0.9rem;\n}\n<\/style>\n\t<\/div>\n\t\n\n\t\t<\/div>\n\t<\/div>\n\t\n\t\n\n\t\t<\/div>\n\t\t\t\t\t<\/div>\n\n\t\n\n\t<div id=\"col-422379684\" class=\"col medium-3 small-6 large-3\"  >\n\t\t\t\t<div class=\"col-inner text-center\"  >\n\t\t\t\n\t\t\t\n\n\n\t\t<div class=\"icon-box featured-box icon-box-top text-left\"  >\n\t\t\t\t\t<div class=\"icon-box-img\" style=\"width: 90px\">\n\t\t\t\t<div class=\"icon\">\n\t\t\t\t\t<div class=\"icon-inner\" >\n\t\t\t\t\t\t<img loading=\"lazy\" decoding=\"async\" width=\"200\" height=\"200\" src=\"https:\/\/i0.wp.com\/aiviouvapes.com\/wp-content\/uploads\/2024\/08\/save-money-1-1-1.png?fit=200%2C200&amp;ssl=1\" class=\"attachment-medium size-medium\" alt=\"Por qu\u00e9 elegir AIVIOUVAPES\" srcset=\"https:\/\/i0.wp.com\/aiviouvapes.com\/wp-content\/uploads\/2024\/08\/save-money-1-1-1.png?w=200&amp;ssl=1 200w, https:\/\/i0.wp.com\/aiviouvapes.com\/wp-content\/uploads\/2024\/08\/save-money-1-1-1.png?resize=150%2C150&amp;ssl=1 150w, https:\/\/i0.wp.com\/aiviouvapes.com\/wp-content\/uploads\/2024\/08\/save-money-1-1-1.png?resize=12%2C12&amp;ssl=1 12w, https:\/\/i0.wp.com\/aiviouvapes.com\/wp-content\/uploads\/2024\/08\/save-money-1-1-1.png?resize=100%2C100&amp;ssl=1 100w\" sizes=\"auto, (max-width: 200px) 100vw, 200px\" title=\"\">\t\t\t\t\t<\/div>\n\t\t\t\t<\/div>\n\t\t\t<\/div>\n\t\t\t\t<div class=\"icon-box-text last-reset\">\n\t\t\t\t\t\t\t\t\t\n\n\t<div id=\"text-3007757840\" class=\"text\">\n\t\t\n\n<h3 style=\"text-align: center;\">Valor inmejorable<\/h3>\n<p style=\"text-align: center;\">Disfrute de productos de primera calidad a precios que se ajustan a su presupuesto.<\/p>\n\t\t\n<style>\n#text-3007757840 {\n  font-size: 0.9rem;\n}\n<\/style>\n\t<\/div>\n\t\n\n\t\t<\/div>\n\t<\/div>\n\t\n\t\n\n\t\t<\/div>\n\t\t\t\t\t<\/div>\n\n\t\n\n\t<div id=\"col-1270976805\" class=\"col medium-3 small-6 large-3\"  >\n\t\t\t\t<div class=\"col-inner text-center\"  >\n\t\t\t\n\t\t\t\n\n\n\t\t<div class=\"icon-box featured-box icon-box-top text-left\"  >\n\t\t\t\t\t<div class=\"icon-box-img\" style=\"width: 90px\">\n\t\t\t\t<div class=\"icon\">\n\t\t\t\t\t<div class=\"icon-inner\" >\n\t\t\t\t\t\t<img loading=\"lazy\" decoding=\"async\" width=\"200\" height=\"200\" src=\"https:\/\/i0.wp.com\/aiviouvapes.com\/wp-content\/uploads\/2024\/08\/delivery-truck-1-1.png?fit=200%2C200&amp;ssl=1\" class=\"attachment-medium size-medium\" alt=\"Por qu\u00e9 elegir AIVIOUVAPES\" srcset=\"https:\/\/i0.wp.com\/aiviouvapes.com\/wp-content\/uploads\/2024\/08\/delivery-truck-1-1.png?w=200&amp;ssl=1 200w, https:\/\/i0.wp.com\/aiviouvapes.com\/wp-content\/uploads\/2024\/08\/delivery-truck-1-1.png?resize=150%2C150&amp;ssl=1 150w, https:\/\/i0.wp.com\/aiviouvapes.com\/wp-content\/uploads\/2024\/08\/delivery-truck-1-1.png?resize=12%2C12&amp;ssl=1 12w, https:\/\/i0.wp.com\/aiviouvapes.com\/wp-content\/uploads\/2024\/08\/delivery-truck-1-1.png?resize=100%2C100&amp;ssl=1 100w\" sizes=\"auto, (max-width: 200px) 100vw, 200px\" title=\"\">\t\t\t\t\t<\/div>\n\t\t\t\t<\/div>\n\t\t\t<\/div>\n\t\t\t\t<div class=\"icon-box-text last-reset\">\n\t\t\t\t\t\t\t\t\t\n\n\t<div id=\"text-3552368534\" class=\"text\">\n\t\t\n\n<h3 style=\"text-align: center;\">Env\u00edo r\u00e1pido a nivel mundial<\/h3>\n<p style=\"text-align: center;\">Realizamos entregas en todo el mundo con despacho de aduana garantizado para una experiencia perfecta.<\/p>\n\t\t\n<style>\n#text-3552368534 {\n  font-size: 0.9rem;\n}\n<\/style>\n\t<\/div>\n\t\n\n\t\t<\/div>\n\t<\/div>\n\t\n\t\n\n\t\t<\/div>\n\t\t\t\t\t<\/div>\n\n\t\n\n\t<div id=\"col-468004874\" class=\"col medium-3 small-6 large-3\"  >\n\t\t\t\t<div class=\"col-inner text-center\"  >\n\t\t\t\n\t\t\t\n\n\n\t\t<div class=\"icon-box featured-box icon-box-top text-left\"  >\n\t\t\t\t\t<div class=\"icon-box-img\" style=\"width: 90px\">\n\t\t\t\t<div class=\"icon\">\n\t\t\t\t\t<div class=\"icon-inner\" >\n\t\t\t\t\t\t<img loading=\"lazy\" decoding=\"async\" width=\"200\" height=\"200\" src=\"https:\/\/i0.wp.com\/aiviouvapes.com\/wp-content\/uploads\/2024\/08\/support-1-1.png?fit=200%2C200&amp;ssl=1\" class=\"attachment-medium size-medium\" alt=\"Por qu\u00e9 elegir AIVIOUVAPES\" srcset=\"https:\/\/i0.wp.com\/aiviouvapes.com\/wp-content\/uploads\/2024\/08\/support-1-1.png?w=200&amp;ssl=1 200w, https:\/\/i0.wp.com\/aiviouvapes.com\/wp-content\/uploads\/2024\/08\/support-1-1.png?resize=150%2C150&amp;ssl=1 150w, https:\/\/i0.wp.com\/aiviouvapes.com\/wp-content\/uploads\/2024\/08\/support-1-1.png?resize=12%2C12&amp;ssl=1 12w, https:\/\/i0.wp.com\/aiviouvapes.com\/wp-content\/uploads\/2024\/08\/support-1-1.png?resize=100%2C100&amp;ssl=1 100w\" sizes=\"auto, (max-width: 200px) 100vw, 200px\" title=\"\">\t\t\t\t\t<\/div>\n\t\t\t\t<\/div>\n\t\t\t<\/div>\n\t\t\t\t<div class=\"icon-box-text last-reset\">\n\t\t\t\t\t\t\t\t\t\n\n\t<div id=\"text-3215340536\" class=\"text\">\n\t\t\n\n<h3 style=\"text-align: center;\">Asistencia las 24 horas<\/h3>\n<p style=\"text-align: center;\">Comun\u00edquese con nuestro equipo de soporte en cualquier momento, las 24 horas del d\u00eda, los 7 d\u00edas de la semana, a trav\u00e9s de WhatsApp o correo electr\u00f3nico.<\/p>\n\t\t\n<style>\n#text-3215340536 {\n  font-size: 0.9rem;\n}\n<\/style>\n\t<\/div>\n\t\n\n\t\t<\/div>\n\t<\/div>\n\t\n\t\n\n\t\t<\/div>\n\t\t\t\t\t<\/div>\n\n\t\n\n<\/div>\n<div class=\"row row-full-width align-middle\"  id=\"row-1491586675\">\n\n\n\t<div id=\"col-195509174\" class=\"col medium-6 small-12 large-6\"  >\n\t\t\t\t<div class=\"col-inner\"  >\n\t\t\t\n\t\t\t\n\n\t<div class=\"img has-hover x md-x lg-x y md-y lg-y\" id=\"image_1637949502\">\n\t\t\t\t\t\t\t\t<div class=\"img-inner dark\" >\n\t\t\t<img loading=\"lazy\" decoding=\"async\" width=\"930\" height=\"1024\" src=\"https:\/\/i0.wp.com\/aiviouvapes.com\/wp-content\/uploads\/2024\/08\/%E6%8B%BC%E5%9B%BE.jpg?fit=930%2C1024&amp;ssl=1\" class=\"attachment-large size-large\" alt=\"Por qu\u00e9 elegir AIVIOUVAPES\" title=\"\">\t\t\t\t\t\t\n\t\t\t\t\t<\/div>\n\t\t\t\t\t\t\t\t\n<style>\n#image_1637949502 {\n  width: 100%;\n}\n<\/style>\n\t<\/div>\n\t\n\n\n\t\t<\/div>\n\t\t\t\t\t<\/div>\n\n\t\n\n\t<div id=\"col-443751980\" class=\"col medium-6 small-12 large-6\"  >\n\t\t\t\t<div class=\"col-inner\"  >\n\t\t\t\n\t\t\t\n\n<div class=\"container section-title-container\" ><h4 class=\"section-title section-title-normal\"><b aria-hidden=\"true\"><\/b><span class=\"section-title-main\" style=\"font-size:91%;\">Nuestras ventajas<\/span><b aria-hidden=\"true\"><\/b><\/h4><\/div>\n\n<div class=\"accordion\">\n\n\t<div id=\"accordion-1026644607\" class=\"accordion-item\">\n\t\t<a id=\"accordion-1026644607-label\" class=\"accordion-title plain\" href=\"#accordion-item-commitment-to-quality\" aria-expanded=\"false\" aria-controls=\"accordion-1026644607-content\">\n\t\t\t<button class=\"toggle\" aria-label=\"Toggle\"><i class=\"icon-angle-down\" aria-hidden=\"true\"><\/i><\/button>\n\t\t\t<span>Compromiso con la calidad<\/span>\n\t\t<\/a>\n\t\t<div id=\"accordion-1026644607-content\" class=\"accordion-inner\" aria-labelledby=\"accordion-1026644607-label\">\n\t\t\t\n\n<p>En <a href=\"https:\/\/aiviouvapes.com\/es\/\">AiviouVape<\/a>La calidad es el motor de todo lo que hacemos. Nuestros vaporizadores desechables se elaboran meticulosamente y se prueban rigurosamente para cumplir con los est\u00e1ndares m\u00e1s altos, lo que garantiza una experiencia de vapeo fluida y confiable en todo momento. Con nuestro compromiso de cero defectos y cero quejas, puede confiar en que est\u00e1 obteniendo lo mejor.<\/p>\n\n\t\t<\/div>\n\t<\/div>\n\t\n\t<div id=\"accordion-2397520484\" class=\"accordion-item\">\n\t\t<a id=\"accordion-2397520484-label\" class=\"accordion-title plain\" href=\"#accordion-item-diverse-range-of-products\" aria-expanded=\"false\" aria-controls=\"accordion-2397520484-content\">\n\t\t\t<button class=\"toggle\" aria-label=\"Toggle\"><i class=\"icon-angle-down\" aria-hidden=\"true\"><\/i><\/button>\n\t\t\t<span>Diversa gama de productos<\/span>\n\t\t<\/a>\n\t\t<div id=\"accordion-2397520484-content\" class=\"accordion-inner\" aria-labelledby=\"accordion-2397520484-label\">\n\t\t\t\n\n<p>Estamos orgullosos de ofrecer una amplia gama de vaporizadores desechables de primera calidad para satisfacer todas las preferencias. Desde las \u00faltimas innovaciones hasta los favoritos de los fans, nuestra selecci\u00f3n incluye marcas de confianza como Waspe, Vapme, RandM Tornado, Bang Box, ELF Box y Bang King. Tanto si buscas los sabores atrevidos de Vapme como el dise\u00f1o elegante de RandM Tornado, nuestra colecci\u00f3n est\u00e1 dise\u00f1ada para ayudarte a descubrir el vapeador perfecto para tu gusto y estilo de vida.<\/p>\n\n\n\t\t<\/div>\n\t<\/div>\n\t\n\t<div id=\"accordion-4271266447\" class=\"accordion-item\">\n\t\t<a id=\"accordion-4271266447-label\" class=\"accordion-title plain\" href=\"#accordion-item-wholesale-and-retail-solutions\" aria-expanded=\"false\" aria-controls=\"accordion-4271266447-content\">\n\t\t\t<button class=\"toggle\" aria-label=\"Toggle\"><i class=\"icon-angle-down\" aria-hidden=\"true\"><\/i><\/button>\n\t\t\t<span>Soluciones para mayoristas y minoristas<\/span>\n\t\t<\/a>\n\t\t<div id=\"accordion-4271266447-content\" class=\"accordion-inner\" aria-labelledby=\"accordion-4271266447-label\">\n\t\t\t\n\n<p>AiviouVape satisface las demandas de los clientes minoristas y mayoristas, ofreciendo productos y servicios excepcionales en todo momento. Si es la primera vez que nos visita, le recomendamos comenzar con un lote peque\u00f1o para que pueda experimentar nuestra calidad de primera mano. Con precios competitivos y est\u00e1ndares premium, somos la opci\u00f3n de confianza en la industria de los vaporizadores desechables.\u00a0<\/p>\n\n\t\t<\/div>\n\t<\/div>\n\t\n\t<div id=\"accordion-4109064577\" class=\"accordion-item\">\n\t\t<a id=\"accordion-4109064577-label\" class=\"accordion-title plain\" href=\"#accordion-item-continuous-improvement\" aria-expanded=\"false\" aria-controls=\"accordion-4109064577-content\">\n\t\t\t<button class=\"toggle\" aria-label=\"Toggle\"><i class=\"icon-angle-down\" aria-hidden=\"true\"><\/i><\/button>\n\t\t\t<span>Mejora continua<\/span>\n\t\t<\/a>\n\t\t<div id=\"accordion-4109064577-content\" class=\"accordion-inner\" aria-labelledby=\"accordion-4109064577-label\">\n\t\t\t\n\n<p>Lo que distingue a AiviouVape es nuestra dedicaci\u00f3n a brindar un servicio al cliente excepcional. Ya sea que necesite asesoramiento antes de comprar o asistencia con un pedido, nuestro equipo siempre est\u00e1 disponible por WhatsApp o correo electr\u00f3nico. Nos esforzamos por construir relaciones duraderas con nuestros clientes, garantizando su satisfacci\u00f3n en cada paso del proceso.<\/p>\n\n\t\t<\/div>\n\t<\/div>\n\t\n\t<div id=\"accordion-424199994\" class=\"accordion-item\">\n\t\t<a id=\"accordion-424199994-label\" class=\"accordion-title plain\" href=\"#accordion-item-quality-assurance\" aria-expanded=\"false\" aria-controls=\"accordion-424199994-content\">\n\t\t\t<button class=\"toggle\" aria-label=\"Toggle\"><i class=\"icon-angle-down\" aria-hidden=\"true\"><\/i><\/button>\n\t\t\t<span>Garant\u00eda de calidad<\/span>\n\t\t<\/a>\n\t\t<div id=\"accordion-424199994-content\" class=\"accordion-inner\" aria-labelledby=\"accordion-424199994-label\">\n\t\t\t\n\n<p>En cada etapa (desarrollo, producci\u00f3n, comercializaci\u00f3n y distribuci\u00f3n del producto), nuestro compromiso con la calidad nunca flaquea. Nuestros vaporizadores desechables se someten a pruebas rigurosas para garantizar que no sean t\u00f3xicos, sean puros y brinden un sabor excepcional. Esta dedicaci\u00f3n a la excelencia constituye la columna vertebral de nuestra cultura corporativa.<\/p>\n\n\t\t<\/div>\n\t<\/div>\n\t\n\t<div id=\"accordion-1727951058\" class=\"accordion-item\">\n\t\t<a id=\"accordion-1727951058-label\" class=\"accordion-title plain\" href=\"#accordion-item-efficient-logistics-and-delivery\" aria-expanded=\"false\" aria-controls=\"accordion-1727951058-content\">\n\t\t\t<button class=\"toggle\" aria-label=\"Toggle\"><i class=\"icon-angle-down\" aria-hidden=\"true\"><\/i><\/button>\n\t\t\t<span>Log\u00edstica y entrega eficaces<\/span>\n\t\t<\/a>\n\t\t<div id=\"accordion-1727951058-content\" class=\"accordion-inner\" aria-labelledby=\"accordion-1727951058-label\">\n\t\t\t\n\n<p>AiviouVape ofrece una log\u00edstica y una entrega eficientes, incluidos los servicios DDP (entrega con derechos pagados), lo que garantiza un despacho de aduana sin problemas y sin tasas ni impuestos. Con una entrega r\u00e1pida y una atenci\u00f3n al cliente excepcional, ofrecemos una experiencia fluida y fiable, lo que nos convierte en un socio de confianza en la industria.<\/p>\n\n\t\t<\/div>\n\t<\/div>\n\t\n\t<div id=\"accordion-4163786339\" class=\"accordion-item\">\n\t\t<a id=\"accordion-4163786339-label\" class=\"accordion-title plain\" href=\"#accordion-item-odm-and-oem-services\" aria-expanded=\"false\" aria-controls=\"accordion-4163786339-content\">\n\t\t\t<button class=\"toggle\" aria-label=\"Toggle\"><i class=\"icon-angle-down\" aria-hidden=\"true\"><\/i><\/button>\n\t\t\t<span>Servicios ODM y OEM<\/span>\n\t\t<\/a>\n\t\t<div id=\"accordion-4163786339-content\" class=\"accordion-inner\" aria-labelledby=\"accordion-4163786339-label\">\n\t\t\t\n\n<p>AiviouVapes ofrece servicios completos de ODM (fabricaci\u00f3n de dise\u00f1o original) y OEM (fabricaci\u00f3n de equipos originales). Con dos grandes instalaciones, ayudamos a los clientes a dise\u00f1ar productos \u00fanicos y logotipos llamativos para los envases. Tambi\u00e9n ofrecemos asesoramiento gratuito sobre el dise\u00f1o de envases y ayudamos a los clientes que envasan sus propios productos, lo que garantiza que su marca destaque en el mercado.<\/p>\n\n\t\t<\/div>\n\t<\/div>\n\t\n\n<\/div>\n\n\t\t<\/div>\n\t\t\t\t\t<\/div>\n\n\t\n\n<\/div>","protected":false},"excerpt":{"rendered":"<p>VapSolo Viking 12000 Puffs Vape desechable ofrece hasta 12.000 caladas con una capacidad de 22 ml de e-l\u00edquido, flujo de aire personalizable, y una bobina de malla para un vapor suave y rico. Recargable y equipado con una pantalla LCD, es ideal para los vapeadores que buscan rendimiento, sabor y comodidad.<\/p>\n<a href=\"https:\/\/aiviouvapes.com\/es\/why-waspe-40k-beats-vapsolo-viking-12000-puffs\/\" target=\"_blank\" class=\"button secondary is-secondary is-medium hide-this-btn1\" rel=\"noopener\" >\n\t\t<span>\ud83d\udc51 Descubre por qu\u00e9 los vapers inteligentes eligen WASPE 40K en lugar de VapSolo Viking 12000 \u2705.<\/span>\n\t<\/a>","protected":false},"featured_media":8677,"comment_status":"open","ping_status":"closed","template":"","meta":[],"product_brand":[228],"product_cat":[48,124,90,117,81,76,134,135,133,136,137,146,138,139,140,141,142,143,144,145,573,572,132,82],"product_tag":[],"class_list":{"0":"post-8675","1":"product","2":"type-product","3":"status-publish","4":"has-post-thumbnail","6":"product_brand-vapsolo","7":"product_cat-vapsolo","8":"product_cat-12000-puffs-disposable-vape","9":"product_cat-big-puffs-vapes","10":"product_cat-different-puffs-of-diposable-vapes","11":"product_cat-digital-box-vapes","12":"product_cat-disposable-vape-types","13":"product_cat-disposable-vapes-in-austria","14":"product_cat-disposable-vapes-in-belgium","15":"product_cat-disposable-vapes-in-europe","16":"product_cat-disposable-vapes-in-france","17":"product_cat-disposable-vapes-in-germany","18":"product_cat-disposable-vapes-in-hungary","19":"product_cat-disposable-vapes-in-ltaly","20":"product_cat-disposable-vapes-in-netherlands","21":"product_cat-disposable-vapes-in-norway","22":"product_cat-disposable-vapes-in-poland","23":"product_cat-disposable-vapes-in-portugal","24":"product_cat-disposable-vapes-in-spain","25":"product_cat-disposable-vapes-in-sweden","26":"product_cat-disposable-vapes-in-switzerland","27":"product_cat-new-3","28":"product_cat-new-2","29":"product_cat-rechargeable-vapes","30":"product_cat-smart-screen-vapes","32":"first","33":"instock","34":"shipping-taxable","35":"purchasable","36":"product-type-variable","37":"has-default-attributes"},"jetpack_sharing_enabled":true,"tiered_pricing_type":"fixed","tiered_pricing_fixed_rules":{"2000":5.6500000000000003552713678800500929355621337890625},"tiered_pricing_product_settings":{"layout":"default","base_unit_name":{"singular":null,"plural":null},"default_variation":null},"tiered_pricing_minimum_quantity":1000,"tiered_pricing_roles_data":[],"tiered_pricing_percentage_rules":[],"tiered_pricing_maximum_quantity":null,"tiered_pricing_quantity_step":"10","_links":{"self":[{"href":"https:\/\/aiviouvapes.com\/es\/wp-json\/wp\/v2\/product\/8675","targetHints":{"allow":["GET"]}}],"collection":[{"href":"https:\/\/aiviouvapes.com\/es\/wp-json\/wp\/v2\/product"}],"about":[{"href":"https:\/\/aiviouvapes.com\/es\/wp-json\/wp\/v2\/types\/product"}],"replies":[{"embeddable":true,"href":"https:\/\/aiviouvapes.com\/es\/wp-json\/wp\/v2\/comments?post=8675"}],"wp:featuredmedia":[{"embeddable":true,"href":"https:\/\/aiviouvapes.com\/es\/wp-json\/wp\/v2\/media\/8677"}],"wp:attachment":[{"href":"https:\/\/aiviouvapes.com\/es\/wp-json\/wp\/v2\/media?parent=8675"}],"wp:term":[{"taxonomy":"product_brand","embeddable":true,"href":"https:\/\/aiviouvapes.com\/es\/wp-json\/wp\/v2\/product_brand?post=8675"},{"taxonomy":"product_cat","embeddable":true,"href":"https:\/\/aiviouvapes.com\/es\/wp-json\/wp\/v2\/product_cat?post=8675"},{"taxonomy":"product_tag","embeddable":true,"href":"https:\/\/aiviouvapes.com\/es\/wp-json\/wp\/v2\/product_tag?post=8675"}],"curies":[{"name":"wp","href":"https:\/\/api.w.org\/{rel}","templated":true}]}}