{"id":82847,"date":"2025-11-11T16:50:44","date_gmt":"2025-11-11T08:50:44","guid":{"rendered":"https:\/\/aiviouvapes.com\/?post_type=product&#038;p=82847"},"modified":"2026-04-02T10:11:59","modified_gmt":"2026-04-02T02:11:59","slug":"poco-fr-80k-80000-puffs-4-in-1-quad-mesh-coil-rechargeable-disposable-vape","status":"publish","type":"product","link":"https:\/\/aiviouvapes.com\/es\/product\/poco-fr-80k-80000-puffs-4-in-1-quad-mesh-coil-rechargeable-disposable-vape\/","title":{"rendered":"POCO FR 80K | 80000 Puffs 4 en 1 quad mesh coil recargable vape desechable"},"content":{"rendered":"<h2>\ud83d\udd25 \u00bfPor qu\u00e9 elegir POCO FR 80000 Puffs?<\/h2>\n<ul>\n<li>\ud83d\udca8 <strong>80.000 Puffs masivos:<\/strong> Dise\u00f1ado para un uso prolongado, ideal para vapers intensivos y revendedores.<\/li>\n<li>\ud83c\udfa8 <strong>4 Sabores en 1 Vape:<\/strong> Cambie sin esfuerzo entre cuatro sabores de primera calidad para disfrutar de una variedad infinita.<\/li>\n<li>\u26a1 <strong>Sistema de bobina de malla cu\u00e1druple:<\/strong> 4 bobinas de malla que potencian el sabor y proporcionan un vapor suave y un sabor intenso.<\/li>\n<li>\ud83d\udd0b <strong>Bater\u00eda recargable de 650 mAh:<\/strong> La carga r\u00e1pida Type-C garantiza una potencia constante hasta la \u00faltima calada.<\/li>\n<li>\ud83e\uddc3 <strong>Capacidad de 60ml de E-l\u00edquido:<\/strong> Generoso volumen de l\u00edquido para un disfrute ultralargo.<\/li>\n<li>\ud83d\udda5\ufe0f <strong>Dise\u00f1o compacto y duradero:<\/strong> Se adapta perfectamente a la mano y tiene una construcci\u00f3n s\u00f3lida y duradera.<\/li>\n<li>\ud83c\udff7\ufe0f <strong>Venta al por mayor:<\/strong> Envasado en cajas de 10 unidades, ideal para vape shops y distribuidores.<\/li>\n<\/ul>\n<p><img data-recalc-dims=\"1\" decoding=\"async\" style=\"max-width: 100%; height: auto; display: block; margin: 0 auto;\" src=\"https:\/\/i0.wp.com\/aiviouvapes.com\/wp-content\/uploads\/2025\/11\/1111.jpg?w=1020&#038;ssl=1\" alt=\"POCO FR 80K\" title=\"\"><br \/>\n<img data-recalc-dims=\"1\" decoding=\"async\" style=\"max-width: 100%; height: auto; display: block; margin: 0 auto;\" src=\"https:\/\/i0.wp.com\/aiviouvapes.com\/wp-content\/uploads\/2025\/11\/2222.jpg?w=1020&#038;ssl=1\" alt=\"POCO FR 80K\" title=\"\"><\/p>\n<p>&nbsp;<\/p>\n<h2>\u2699\ufe0f Especificaciones<\/h2>\n<table>\n<tbody>\n<tr>\n<td><strong>N\u00famero de caladas<\/strong><\/td>\n<td>80.000 caladas<\/td>\n<\/tr>\n<tr>\n<td><strong>Capacidad de e-l\u00edquido<\/strong><\/td>\n<td>60 ml<\/td>\n<\/tr>\n<tr>\n<td><strong>Potencia de nicotina<\/strong><\/td>\n<td>5%<\/td>\n<\/tr>\n<tr>\n<td><strong>Bater\u00eda<\/strong><\/td>\n<td>650mAh Recargable<\/td>\n<\/tr>\n<tr>\n<td><strong>Puerto de carga<\/strong><\/td>\n<td>Tipo-C<\/td>\n<\/tr>\n<tr>\n<td><strong>Tipo de bobina<\/strong><\/td>\n<td>Bobina de malla cu\u00e1druple (x4)<\/td>\n<\/tr>\n<tr>\n<td><strong>Tama\u00f1o del dispositivo<\/strong><\/td>\n<td>100,5 \u00d7 42 \u00d7 44 mm<\/td>\n<\/tr>\n<tr>\n<td><strong>Embalaje<\/strong><\/td>\n<td>10 unidades por caja expositora<\/td>\n<\/tr>\n<\/tbody>\n<\/table>\n<h2>\ud83c\udf53 Colecci\u00f3n de Sabores<\/h2>\n<p>Experimente el POCO FR's <strong>Sistema de sabor 4 en 1<\/strong> - elaborados para lograr transiciones suaves y un sabor equilibrado. Cada combinaci\u00f3n ofrece una fusi\u00f3n \u00fanica de tonos afrutados, helados y dulces para satisfacer todos los paladares. \ud83d\ude0b\ud83d\udc47<\/p>\n<ul>\n<li><b>1.<\/b>Fresa Frambuesa Cereza - Sand\u00eda Lichi - Ar\u00e1ndano Fresa - Pastel de pl\u00e1tano<\/li>\n<li><b>2.<\/b>Fresa Sand\u00eda - Fresa Frambuesa Kiwi - Pi\u00f1a Manzana - Cereza Ar\u00e1ndanos<\/li>\n<li><b>3.<\/b>Ar\u00e1ndano Fresa - Uva Ar\u00e1ndano Melocot\u00f3n - Bebida Energ\u00e9tica - Ar\u00e1ndano Sand\u00eda<\/li>\n<li><b>4.<\/b>Limonada Frambuesa Ar\u00e1ndano - Fresa Kiwi - Fresa Mango - Mezcla de Bayas<\/li>\n<li><b>5.<\/b>Fresa Cereza - Frambuesa Sand\u00eda - Ar\u00e1ndano Cereza Cola - Mango Pi\u00f1a<\/li>\n<li><b>6.<\/b>Cereza Melocot\u00f3n Lim\u00f3n - Menta Fresca - Sand\u00eda Chicle - Uva Helada<\/li>\n<li><b>7.<\/b>Zarzamora Ar\u00e1ndano - Fresa Pl\u00e1tano - Ar\u00e1ndano Frambuesa Cereza - Ar\u00e1ndano Kiwi<\/li>\n<li><b>8.<\/b>Sand\u00eda Helada - Pi\u00f1a Coco - Melocot\u00f3n Mango Sand\u00eda - Cereza Melocot\u00f3n Lim\u00f3n<\/li>\n<li><b>9.<\/b>Fresa Uva - Manzana Melocot\u00f3n - Fresa Sand\u00eda - Black Ice Fruta del Drag\u00f3n Fresa<\/li>\n<li><b>10.<\/b>Ar\u00e1ndano Frambuesa \u00e1cida - Kiwi Pi\u00f1a helada - Uva Cereza - Aloe Uva<\/li>\n<li><strong>11.<\/strong>Fresa Frambuesa - Lim\u00f3n Lima - Ar\u00e1ndano Negro Hielo - Fruta de la Pasi\u00f3n Kiwi Guayaba<\/li>\n<li><strong>12.<\/strong>Bayas Cereza Lima \u2013 Manzana \u00c1cida \u2013 Melocot\u00f3n Ar\u00e1ndano Caramelo Blando \u2013 Fresa Cola<\/li>\n<li><strong>13.<\/strong>Hielo negro Fruta del drag\u00f3n Fresa - Hielo de sand\u00eda - Hielo de ar\u00e1ndanos - Hielo de melocot\u00f3n<\/li>\n<li><strong>14.<\/strong>Manzana \u00e1cida - Sand\u00eda Lima - Sand\u00eda Frambuesa Lichi - Fresa Cola<\/li>\n<li><strong>15.<\/strong>Aloe Uva - Frambuesa Melocot\u00f3n Lima - Melocot\u00f3n Mango Sand\u00eda - Coca Cola<\/li>\n<\/ul>\n<h2>\ud83d\udcac Preguntas m\u00e1s frecuentes (FAQ)<\/h2>\n<p><strong>Q:<\/strong> \u00bfCu\u00e1nto dura un POCO FR 80000?<br \/>\n<strong>A:<\/strong> Con hasta 80.000 caladas, puede durar varias semanas dependiendo de tus h\u00e1bitos de vapeo.<\/p>\n<p><strong>Q:<\/strong> \u00bfPuedo recargarlo?<br \/>\n<strong>A:<\/strong> S\u00ed. La bater\u00eda de 650 mAh es recargable Tipo-C, lo que garantiza una recarga eficiente para un uso prolongado.<\/p>\n<p><strong>Q:<\/strong> \u00bfIncluye varios sabores?<br \/>\n<strong>A:<\/strong> Por supuesto: cada dispositivo incluye cuatro sabores distintos entre los que puede cambiar en cualquier momento.<\/p>\n<p><strong>Q:<\/strong> \u00bfPara qui\u00e9n es mejor este aparato?<br \/>\n<strong>A:<\/strong> Perfecto para <strong>vapers intensivos, amantes del sabor,<\/strong> y <strong>distribuidores mayoristas<\/strong> que buscan un rendimiento superior y una satisfacci\u00f3n duradera.<\/p>\n<h2>\ud83d\ude80 Perfecto para<\/h2>\n<p>En <strong>POCO FR 80K Vape desechable 4 en 1<\/strong> es una opci\u00f3n de primer nivel para <strong>minoristas, vape shops,<\/strong> y <strong>distribuidores<\/strong> que valoran la variedad de sabores, el rendimiento y la comodidad. Ideal para <strong>Mercados europeos<\/strong> y cualquiera que quiera nubes potentes con un mantenimiento m\u00ednimo. \ud83c\udf2c\ufe0f\ud83d\udc8e<\/p>","protected":false},"excerpt":{"rendered":"<p>Descubra el <strong>POCO FR 80000 Puffs Vape Desechable<\/strong> - con <strong>4 sabores en 1 aparato<\/strong>, un <strong>Bater\u00eda recargable Type-C de 650 mAh<\/strong>y <strong>bobina de malla cu\u00e1druple<\/strong> para una experiencia de vapeo de larga duraci\u00f3n. \u00a1Perfecto para los mercados minoristas y mayoristas de toda Europa! \ud83c\udf0d\ud83d\udca8<\/p>","protected":false},"featured_media":82859,"comment_status":"open","ping_status":"closed","template":"","meta":[],"product_brand":[232],"product_cat":[36,137,146,138,141,143],"product_tag":[],"class_list":{"0":"post-82847","1":"product","2":"type-product","3":"status-publish","4":"has-post-thumbnail","6":"product_brand-poco","7":"product_cat-poco","8":"product_cat-disposable-vapes-in-germany","9":"product_cat-disposable-vapes-in-hungary","10":"product_cat-disposable-vapes-in-ltaly","11":"product_cat-disposable-vapes-in-poland","12":"product_cat-disposable-vapes-in-spain","14":"first","15":"instock","16":"shipping-taxable","17":"purchasable","18":"product-type-variable","19":"has-default-attributes"},"jetpack_sharing_enabled":true,"tiered_pricing_type":"fixed","tiered_pricing_fixed_rules":{"100":9.5,"200":8.9000000000000003552713678800500929355621337890625,"500":8.4000000000000003552713678800500929355621337890625},"tiered_pricing_product_settings":{"layout":"default","base_unit_name":{"singular":null,"plural":null},"default_variation":null},"tiered_pricing_minimum_quantity":50,"tiered_pricing_roles_data":[],"tiered_pricing_percentage_rules":[],"tiered_pricing_maximum_quantity":null,"tiered_pricing_quantity_step":"10","_links":{"self":[{"href":"https:\/\/aiviouvapes.com\/es\/wp-json\/wp\/v2\/product\/82847","targetHints":{"allow":["GET"]}}],"collection":[{"href":"https:\/\/aiviouvapes.com\/es\/wp-json\/wp\/v2\/product"}],"about":[{"href":"https:\/\/aiviouvapes.com\/es\/wp-json\/wp\/v2\/types\/product"}],"replies":[{"embeddable":true,"href":"https:\/\/aiviouvapes.com\/es\/wp-json\/wp\/v2\/comments?post=82847"}],"wp:featuredmedia":[{"embeddable":true,"href":"https:\/\/aiviouvapes.com\/es\/wp-json\/wp\/v2\/media\/82859"}],"wp:attachment":[{"href":"https:\/\/aiviouvapes.com\/es\/wp-json\/wp\/v2\/media?parent=82847"}],"wp:term":[{"taxonomy":"product_brand","embeddable":true,"href":"https:\/\/aiviouvapes.com\/es\/wp-json\/wp\/v2\/product_brand?post=82847"},{"taxonomy":"product_cat","embeddable":true,"href":"https:\/\/aiviouvapes.com\/es\/wp-json\/wp\/v2\/product_cat?post=82847"},{"taxonomy":"product_tag","embeddable":true,"href":"https:\/\/aiviouvapes.com\/es\/wp-json\/wp\/v2\/product_tag?post=82847"}],"curies":[{"name":"wp","href":"https:\/\/api.w.org\/{rel}","templated":true}]}}