{"id":79362,"date":"2025-11-01T15:44:17","date_gmt":"2025-11-01T07:44:17","guid":{"rendered":"https:\/\/aiviouvapes.com\/?post_type=product&#038;p=79362"},"modified":"2026-04-08T18:15:32","modified_gmt":"2026-04-08T10:15:32","slug":"bang-legend-150k","status":"publish","type":"product","link":"https:\/\/aiviouvapes.com\/es\/product\/bang-legend-150k\/","title":{"rendered":"Bang Legend 150K | 150000 caladas, 6 sabores en 1, larga duraci\u00f3n, multi-sabor, vape desechable"},"content":{"rendered":"<h2>Bang Legend 150K Vapeador desechable 6 en 1 inteligente y multi-sabor - 150.000 caladas\ud83d\udca8\ud83d\udd25<\/h2>\n<h3>\ud83d\udc8e \u00bfPor qu\u00e9 elegir Bang Legend 150K Puffs?<\/h3>\n<ul>\n<li>\ud83d\udca8 <strong>150.000 Puffs masivos:<\/strong> Uno de los vaporizadores desechables m\u00e1s duraderos del mercado, perfecto para sesiones prolongadas.<\/li>\n<li>\ud83c\udf9b\ufe0f <strong>6 modos de sabor:<\/strong> \u00a1Elige entre A, B, C, o mezcla A+B, A+C, B+C para una aventura de sabor personalizada en cada calada! \ud83d\udd04<\/li>\n<li>\ud83e\uddc3 <strong>Dep\u00f3sitos de aceite triples:<\/strong> Cada dep\u00f3sito contiene una mezcla \u00fanica, lo que le proporciona una versatilidad y una variedad de sabores inigualables.<\/li>\n<li>\ud83c\udf08 <strong>Pantalla LED inteligente:<\/strong> Muestra los niveles de bater\u00eda y e-l\u00edquido, para que tengas el control total en todo momento.<\/li>\n<li>\u2699\ufe0f <strong>Tecnolog\u00eda de bobina de malla:<\/strong> Produce un sabor m\u00e1s rico, caladas m\u00e1s suaves y un rendimiento de vapor consistente.<\/li>\n<li>\ud83d\udd0b <strong>Bater\u00eda recargable Tipo-C de 850 mAh:<\/strong> Carga r\u00e1pida y potencia duradera para un uso intensivo.<\/li>\n<li>\ud83c\udfea <strong>Listo para la venta al por mayor:<\/strong> Viene en paquetes de 10, ideal para vape shops, distribuidores y compradores a granel B2B.<\/li>\n<li>\u2728 <strong>Dise\u00f1o premium:<\/strong> Su elegante dise\u00f1o, su inteligente funcionalidad y su gran rendimiento hacen que destaque en cualquier vitrina.<\/li>\n<\/ul>\n<h3>\u2699\ufe0f Especificaciones<\/h3>\n<table>\n<tbody>\n<tr>\n<td><strong>Potencia de nicotina<\/strong><\/td>\n<td>2% \/ 3% \/ 5%<\/td>\n<\/tr>\n<tr>\n<td><strong>N\u00famero de caladas<\/strong><\/td>\n<td>Hasta 150.000 caladas. Gran capacidad de e-l\u00edquido de 66 ml<\/td>\n<\/tr>\n<tr>\n<td><strong>Modos de sabor<\/strong><\/td>\n<td>A, B, C, A+B, A+C, B+C<\/td>\n<\/tr>\n<tr>\n<td><strong>Dep\u00f3sitos de aceite<\/strong><\/td>\n<td>3 tanques independientes<\/td>\n<\/tr>\n<tr>\n<td><strong>Tipo de bobina<\/strong><\/td>\n<td>Bobina de malla<\/td>\n<\/tr>\n<tr>\n<td><strong>Capacidad de la bater\u00eda<\/strong><\/td>\n<td>Recargable 850mAh<\/td>\n<\/tr>\n<tr>\n<td><strong>Pantalla<\/strong><\/td>\n<td>Pantalla LED inteligente<\/td>\n<\/tr>\n<tr>\n<td><strong>Puerto de carga<\/strong><\/td>\n<td>Tipo-C<\/td>\n<\/tr>\n<tr>\n<td><strong>Embalaje<\/strong><\/td>\n<td>10 unidades por paquete<\/td>\n<\/tr>\n<\/tbody>\n<\/table>\n<h3>\ud83c\udf53 Sabores disponibles<\/h3>\n<p>Con <strong>12 grupos de sabores premium<\/strong>, cada una de las cuales ofrece 6 combinaciones creativas, Bang Legend 150K garantiza que cada inhalaci\u00f3n sea una nueva aventura. \ud83d\ude0b<\/p>\n<ul>\n<li>\ud83c\udf51 <strong>Serie Peach:<\/strong> Melocot\u00f3n Ice \/ Melocot\u00f3n Mango \/ Melocot\u00f3n Ar\u00e1ndano \/ Melocot\u00f3n Ice Melocot\u00f3n Mango \/ Melocot\u00f3n Ice Melocot\u00f3n Ar\u00e1ndano \/ Melocot\u00f3n Mango \/ Melocot\u00f3n Ar\u00e1ndano<\/li>\n<li>\ud83c\udf4d <strong>Serie Pi\u00f1a:<\/strong> Pi\u00f1a Helada \/ Pi\u00f1a Coco \/ Kiwi Pi\u00f1a Helada \/ Pi\u00f1a Coco \/ Pi\u00f1a Helada \/ Kiwi Pi\u00f1a Helada \/ Pi\u00f1a Coco \/ Kiwi Helada<\/li>\n<li>\ud83c\udf47 <strong>Serie de uvas:<\/strong> Grape Ice \/ Grape Bubble Gum \/ Raspberry Grapes \/ Grape Ice Grape Bubble Gum \/ Grape Ice Raspberry Grapes \/ Grape Bubble Gum Raspberry Grapes<\/li>\n<li>\ud83c\udf49 <strong>Serie Sand\u00eda:<\/strong> Sand\u00eda Helada \/ Sand\u00eda Bayas \/ Sand\u00eda Fresa \/ Sand\u00eda Helada Sand\u00eda Bayas \/ Sand\u00eda Helada Sand\u00eda Fresa \/ Sand\u00eda Bayas \/ Sand\u00eda Fresa<\/li>\n<li>\ud83e\uded0 <strong>Serie Blueberry:<\/strong> Blueberry Ice \/ Blueberry Raspberry \/ Blueberry Cranberry Cherry \/ Blueberry Ice Blueberry Raspberry \/ Blueberry Ice Blueberry Cranberry Cherry \/ Blueberry Raspberry Blueberry Cranberry Cherry<\/li>\n<li>\ud83c\udf4c <strong>Serie Banana:<\/strong> Pl\u00e1tano Ice \/ Fresa Pl\u00e1tano \/ Naranja \u00c1cido C\u00edtrico \/ Pl\u00e1tano Ice Fresa Pl\u00e1tano \/ Pl\u00e1tano Ice Naranja \u00c1cido C\u00edtrico \/ Fresa Pl\u00e1tano Naranja \u00c1cido C\u00edtrico<\/li>\n<li>\ud83c\udf4f <strong>Serie Apple:<\/strong> Manzana Ice \/ Manzana Grape \/ Ar\u00e1ndano Grape \/ Manzana Ice Manzana Grape \/ Manzana Ice Ar\u00e1ndano Grape \/ Manzana Grape Ar\u00e1ndano Grape<\/li>\n<li>\ud83e\udd6d <strong>Serie Mango:<\/strong> Mango Ice \/ Melocot\u00f3n Mango Sand\u00eda \/ Gomitas \/ Mango Ice Melocot\u00f3n Mango Sand\u00eda \/ Mango Ice Gomitas \/ Melocot\u00f3n Mango Sand\u00eda Gomitas<\/li>\n<li>\ud83c\udf52 <strong>Serie Cherry:<\/strong> Cherry Ice \/ Mixed Berries \/ Red Cola \/ Cherry Ice Mixed Berries \/ Cherry Ice Red Cola \/ Mixed Berries Red Cola<\/li>\n<li>\u26a1 <strong>Serie Energ\u00eda:<\/strong> Red Bull \/ Chicle Sand\u00eda \/ Love 66 \/ Chicle Sand\u00eda Red Bull \/ Red Bull Love 66 \/ Chicle Sand\u00eda Love 66<\/li>\n<li>\ud83c\udf53 <strong>Serie de la fresa:<\/strong> Fresa Ice \/ Fresa Kiwi \/ Fresa Lychee \/ Fresa Ice \/ Fresa Kiwi \/ Fresa Ice \/ Fresa Lychee \/ Fresa Kiwi \/ Fresa Lychee<\/li>\n<li>\ud83e\udd5d <strong>Serie Pasi\u00f3n:<\/strong> Fruta de la Pasi\u00f3n Pasionaria \/ Lima Guayaba \/ Fruta de la Pasi\u00f3n Lim\u00f3n \/ Fruta de la Pasi\u00f3n Pasionaria Lima Guayaba \/ Fruta de la Pasi\u00f3n Pasionaria Lim\u00f3n \/ Lima Guayaba Fruta de la Pasi\u00f3n Lim\u00f3n<\/li>\n<\/ul>\n<h3>\ud83d\udcac FAQ<\/h3>\n<p><strong>Q:<\/strong> \u00bfCu\u00e1ntas caladas puedo obtener de un dispositivo Bang Legend?<br \/>\n<strong>A:<\/strong> Cada dispositivo proporciona hasta <strong>150.000 caladas<\/strong> - dise\u00f1ado para la satisfacci\u00f3n a largo plazo. \ud83d\udd0b<\/p>\n<p><strong>Q:<\/strong> \u00bfC\u00f3mo cambio los modos de sabor?<br \/>\n<strong>A:<\/strong> Basta con girar la boquilla para cambiar <strong>A, B, C, A+B, A+C o B+C<\/strong> - \u00a1disfruta de m\u00faltiples mezclas en segundos! \ud83d\udd04<\/p>\n<p><strong>Q:<\/strong> \u00bfEs recargable el aparato?<br \/>\n<strong>A:<\/strong> S\u00ed, incluye un <strong>Bater\u00eda de 850 mAh<\/strong> con <strong>Carga r\u00e1pida Tipo-C<\/strong> apoyo. \u26a1<\/p>\n<p><strong>Q:<\/strong> \u00bfPuedo ver los niveles de bater\u00eda y e-l\u00edquido?<br \/>\n<strong>A:<\/strong> En <strong>Pantalla LED inteligente<\/strong> muestra ambos indicadores en tiempo real. \ud83c\udf08<\/p>\n<p><strong>Q:<\/strong> \u00bfEs adecuado para la venta al por mayor o al por menor?<br \/>\n<strong>A:<\/strong> \u00a1Claro que s\u00ed! El <strong>Embalaje de 10 unidades por paquete<\/strong> est\u00e1 optimizado para <strong>distribuci\u00f3n mayorista, estanter\u00edas minoristas y venta a granel B2B<\/strong>. \ud83c\udfea<\/p>\n<h3>\ud83c\udf0d Perfecto para<\/h3>\n<p>En <strong>Bang Legend 150K Vape desechable<\/strong> es ideal para <strong>grandes consumidores, entusiastas de los sabores y distribuidores de vapeadores<\/strong> en busca de un <strong>dispositivo premium de gran capacidad<\/strong>. Con <strong>6 modos de sabor, dep\u00f3sitos de aceite triples y pantalla LED inteligente<\/strong>, es un verdadero centro neur\u00e1lgico para <strong>Vape shops, mayoristas y minoristas en l\u00ednea europeos<\/strong>. \ud83d\udca8\ud83d\udd25<\/p>","protected":false},"excerpt":{"rendered":"<p>Descubre el siguiente nivel de vapeo con el <strong>Bang Legend 150K Puffs Vape Desechable<\/strong> - con <strong>6 modos de sabor<\/strong>, <strong>Gran capacidad de e-l\u00edquido de 66 ml<\/strong>, <strong>dep\u00f3sitos de aceite triples<\/strong>y un <strong>pantalla LED inteligente<\/strong>. \u00a1Dise\u00f1ado para mayoristas, cazadores de sabores y vapers serios que quieren el m\u00e1ximo sabor y resistencia! \u26a1<\/p>","protected":false},"featured_media":79372,"comment_status":"open","ping_status":"closed","template":"","meta":[],"product_brand":[239],"product_cat":[37,336,280,137,146,138,141,143],"product_tag":[377,378,376,306,379,380],"class_list":{"0":"post-79362","1":"product","2":"type-product","3":"status-publish","4":"has-post-thumbnail","6":"product_brand-bang","7":"product_cat-bang","8":"product_cat-100k-puffs-disposable-vape","9":"product_cat-cheap-rechargeable-disposable-vapes","10":"product_cat-disposable-vapes-in-germany","11":"product_cat-disposable-vapes-in-hungary","12":"product_cat-disposable-vapes-in-ltaly","13":"product_cat-disposable-vapes-in-poland","14":"product_cat-disposable-vapes-in-spain","15":"product_tag-150000-puffs-vape","16":"product_tag-6-flavor-in-1-vape","17":"product_tag-bang-legend-150k-disposable-vape","18":"product_tag-best-disposable-vapes","19":"product_tag-long-lasting-smart-vape","20":"product_tag-wholesale-rechargeable-vape","22":"first","23":"instock","24":"shipping-taxable","25":"purchasable","26":"product-type-variable","27":"has-default-attributes"},"jetpack_sharing_enabled":true,"tiered_pricing_type":"fixed","tiered_pricing_fixed_rules":{"30":9.3300000000000000710542735760100185871124267578125,"50":7.519999999999999573674358543939888477325439453125,"100":6.87000000000000010658141036401502788066864013671875,"200":6.3499999999999996447286321199499070644378662109375,"400":5.70000000000000017763568394002504646778106689453125},"tiered_pricing_product_settings":{"layout":"default","base_unit_name":{"singular":null,"plural":null},"default_variation":null},"tiered_pricing_minimum_quantity":10,"tiered_pricing_roles_data":[],"tiered_pricing_percentage_rules":[],"tiered_pricing_maximum_quantity":null,"tiered_pricing_quantity_step":"10","_links":{"self":[{"href":"https:\/\/aiviouvapes.com\/es\/wp-json\/wp\/v2\/product\/79362","targetHints":{"allow":["GET"]}}],"collection":[{"href":"https:\/\/aiviouvapes.com\/es\/wp-json\/wp\/v2\/product"}],"about":[{"href":"https:\/\/aiviouvapes.com\/es\/wp-json\/wp\/v2\/types\/product"}],"replies":[{"embeddable":true,"href":"https:\/\/aiviouvapes.com\/es\/wp-json\/wp\/v2\/comments?post=79362"}],"wp:featuredmedia":[{"embeddable":true,"href":"https:\/\/aiviouvapes.com\/es\/wp-json\/wp\/v2\/media\/79372"}],"wp:attachment":[{"href":"https:\/\/aiviouvapes.com\/es\/wp-json\/wp\/v2\/media?parent=79362"}],"wp:term":[{"taxonomy":"product_brand","embeddable":true,"href":"https:\/\/aiviouvapes.com\/es\/wp-json\/wp\/v2\/product_brand?post=79362"},{"taxonomy":"product_cat","embeddable":true,"href":"https:\/\/aiviouvapes.com\/es\/wp-json\/wp\/v2\/product_cat?post=79362"},{"taxonomy":"product_tag","embeddable":true,"href":"https:\/\/aiviouvapes.com\/es\/wp-json\/wp\/v2\/product_tag?post=79362"}],"curies":[{"name":"wp","href":"https:\/\/api.w.org\/{rel}","templated":true}]}}