{"id":5353,"date":"2024-08-19T03:51:49","date_gmt":"2024-08-18T19:51:49","guid":{"rendered":"https:\/\/aiviouvapes.com\/?post_type=product&#038;p=5353"},"modified":"2026-04-17T13:01:41","modified_gmt":"2026-04-17T05:01:41","slug":"aivono-winner-6000-puffs-disposable-wholesale","status":"publish","type":"product","link":"https:\/\/aiviouvapes.com\/es\/product\/aivono-winner-6000-puffs-disposable-wholesale\/","title":{"rendered":"AIVONO Winner 6000 Puffs | 0%-5% nicotina, 26mL, doble malla, pantalla LCD, vape a granel"},"content":{"rendered":"<h2>AIVONO Winner 6000 bocanadas | 0% 2% 3% 5% nicotina, e-l\u00edquido de 26 ml, bobinas de malla doble, pantalla LCD, recargable tipo C, compra al por mayor de vaporizadores desechables<\/h2>\n<h3>Descripci\u00f3n general y caracter\u00edsticas del AIVONO WINNER 6000 Puffs<\/h3>\n<p>El AIVONO WINNER 6000 Puffs est\u00e1 dise\u00f1ado para brindar una satisfacci\u00f3n prolongada, ya que ofrece hasta 6000 bocanadas con una generosa capacidad de 15 ml de e-l\u00edquido que reduce la necesidad de recargas frecuentes. Alimentado por una bater\u00eda recargable de 600 mAh, este dispositivo admite sesiones de vapeo prolongadas, y el puerto de carga tipo C garantiza una recarga r\u00e1pida y eficiente. Disponible en niveles de nicotina de 0%, 2% y 5%, se adapta a varias preferencias. La resistencia de malla de 1,2 \u03a9 mejora el sabor y la consistencia del vapor, lo que hace que cada bocanada sea suave y agradable.<\/p>\n<ul>\n<li><strong>Hasta 6000 bocanadas<\/strong>:Proporciona un uso extensivo, maximizando el valor y la conveniencia.<\/li>\n<li><strong>Capacidad de e-l\u00edquido de 15 ml<\/strong>:Reduce la frecuencia de recarga para un disfrute ininterrumpido.<\/li>\n<li><strong>Bater\u00eda de 600 mAh<\/strong>: Garantiza un rendimiento fiable con recarga r\u00e1pida Type-C.<\/li>\n<li><strong>Opciones de nicotina<\/strong>:Disponible en 0%, 2% y 5% para una experiencia personalizada.<\/li>\n<li><strong>Bobina de malla de 1,2 \u03a9<\/strong>:Ofrece un sabor rico y suave y una producci\u00f3n de vapor constante.<\/li>\n<\/ul>\n<h3>AIVONO GANADOR 6000 Puffs Sabores en stock:<\/h3>\n<p>Helado de sand\u00eda, menta fresca, hielo de pl\u00e1tano, ar\u00e1ndano con hielo, hielo de melocot\u00f3n, hielo de uva, pomelo y naranja, mango y guayaba, fresa y maracuy\u00e1, refresco de naranja.<\/p>\n<h3>\u00bfPor qu\u00e9 elegir el AIVONO WINNER 6000 Puffs?<\/h3>\n<p>El AIVONO WINNER 6000 Puffs combina una gran capacidad de calada, una amplia gama de sabores y una tecnolog\u00eda avanzada de bobina de malla, lo que lo convierte en la mejor opci\u00f3n para quienes buscan calidad y comodidad. Su dise\u00f1o liviano y port\u00e1til y su bater\u00eda recargable lo hacen ideal para usar en movimiento, mientras que el formato desechable significa que no se requieren recargas ni mantenimiento. Perfecto para la venta al por mayor, este dispositivo es una excelente opci\u00f3n para los minoristas que buscan ofrecer un vaporizador desechable de alta calidad. El AIVONO WINNER 6000 Puffs brinda una experiencia de vapeo premium y satisfactoria con cada calada.<img data-recalc-dims=\"1\" loading=\"lazy\" decoding=\"async\" class=\"alignnone wp-image-8224 size-full\" title=\"AIVONO WINNER 6000 Puffs 0% 2% 5% Nicotina Recargable Compra a Granel Vape Desechable al por Mayor\" src=\"https:\/\/i0.wp.com\/aiviouvapes.com\/wp-content\/uploads\/2024\/08\/%E9%9B%86%E5%90%88%E5%9B%BE3.jpg?resize=1020%2C599&#038;ssl=1\" alt=\"AIVONO WINNER 6000 Puffs 0% 2% 5% Nicotina Recargable Compra a Granel Vape Desechable al por Mayor\" width=\"1020\" height=\"599\" srcset=\"https:\/\/i0.wp.com\/aiviouvapes.com\/wp-content\/uploads\/2024\/08\/%E9%9B%86%E5%90%88%E5%9B%BE3.jpg?w=1920&amp;ssl=1 1920w, https:\/\/i0.wp.com\/aiviouvapes.com\/wp-content\/uploads\/2024\/08\/%E9%9B%86%E5%90%88%E5%9B%BE3.jpg?resize=300%2C176&amp;ssl=1 300w, https:\/\/i0.wp.com\/aiviouvapes.com\/wp-content\/uploads\/2024\/08\/%E9%9B%86%E5%90%88%E5%9B%BE3.jpg?resize=1024%2C602&amp;ssl=1 1024w, https:\/\/i0.wp.com\/aiviouvapes.com\/wp-content\/uploads\/2024\/08\/%E9%9B%86%E5%90%88%E5%9B%BE3.jpg?resize=768%2C451&amp;ssl=1 768w, https:\/\/i0.wp.com\/aiviouvapes.com\/wp-content\/uploads\/2024\/08\/%E9%9B%86%E5%90%88%E5%9B%BE3.jpg?resize=1536%2C902&amp;ssl=1 1536w, https:\/\/i0.wp.com\/aiviouvapes.com\/wp-content\/uploads\/2024\/08\/%E9%9B%86%E5%90%88%E5%9B%BE3.jpg?resize=18%2C12&amp;ssl=1 18w, https:\/\/i0.wp.com\/aiviouvapes.com\/wp-content\/uploads\/2024\/08\/%E9%9B%86%E5%90%88%E5%9B%BE3.jpg?resize=800%2C470&amp;ssl=1 800w\" sizes=\"auto, (max-width: 1020px) 100vw, 1020px\" \/><\/p>","protected":false},"excerpt":{"rendered":"<p>AIVONO WINNER 6000 Puffs ofrece hasta 6000 bocanadas con una capacidad de e-l\u00edquido de 15 ml, una resistencia de malla suave de 1,2 \u03a9 y una bater\u00eda recargable de 600 mAh. Disponible con nicotina 0%, 2% y 5%, ofrece un sabor y una satisfacci\u00f3n consistentes en un dise\u00f1o port\u00e1til que no requiere mantenimiento.<\/p>","protected":false},"featured_media":5354,"comment_status":"open","ping_status":"closed","template":"","meta":[],"product_brand":[],"product_cat":[41,119,117,76,134,135,133,136,137,146,138,139,140,141,142,143,144,145,116,573,572,132],"product_tag":[],"class_list":{"0":"post-5353","1":"product","2":"type-product","3":"status-publish","4":"has-post-thumbnail","6":"product_cat-aivono-vapes","7":"product_cat-5000-puffs-disposable-vape","8":"product_cat-different-puffs-of-diposable-vapes","9":"product_cat-disposable-vape-types","10":"product_cat-disposable-vapes-in-austria","11":"product_cat-disposable-vapes-in-belgium","12":"product_cat-disposable-vapes-in-europe","13":"product_cat-disposable-vapes-in-france","14":"product_cat-disposable-vapes-in-germany","15":"product_cat-disposable-vapes-in-hungary","16":"product_cat-disposable-vapes-in-ltaly","17":"product_cat-disposable-vapes-in-netherlands","18":"product_cat-disposable-vapes-in-norway","19":"product_cat-disposable-vapes-in-poland","20":"product_cat-disposable-vapes-in-portugal","21":"product_cat-disposable-vapes-in-spain","22":"product_cat-disposable-vapes-in-sweden","23":"product_cat-disposable-vapes-in-switzerland","24":"product_cat-mini-puffs-vapes","25":"product_cat-new-3","26":"product_cat-new-2","27":"product_cat-rechargeable-vapes","29":"first","30":"instock","31":"shipping-taxable","32":"purchasable","33":"product-type-variable","34":"has-default-attributes"},"jetpack_sharing_enabled":true,"tiered_pricing_type":"fixed","tiered_pricing_fixed_rules":{"2000":5.12999999999999989341858963598497211933135986328125},"tiered_pricing_product_settings":{"layout":"default","base_unit_name":{"singular":null,"plural":null},"default_variation":null},"tiered_pricing_minimum_quantity":1000,"tiered_pricing_roles_data":[],"tiered_pricing_percentage_rules":[],"tiered_pricing_maximum_quantity":null,"tiered_pricing_quantity_step":"10","_links":{"self":[{"href":"https:\/\/aiviouvapes.com\/es\/wp-json\/wp\/v2\/product\/5353","targetHints":{"allow":["GET"]}}],"collection":[{"href":"https:\/\/aiviouvapes.com\/es\/wp-json\/wp\/v2\/product"}],"about":[{"href":"https:\/\/aiviouvapes.com\/es\/wp-json\/wp\/v2\/types\/product"}],"replies":[{"embeddable":true,"href":"https:\/\/aiviouvapes.com\/es\/wp-json\/wp\/v2\/comments?post=5353"}],"wp:featuredmedia":[{"embeddable":true,"href":"https:\/\/aiviouvapes.com\/es\/wp-json\/wp\/v2\/media\/5354"}],"wp:attachment":[{"href":"https:\/\/aiviouvapes.com\/es\/wp-json\/wp\/v2\/media?parent=5353"}],"wp:term":[{"taxonomy":"product_brand","embeddable":true,"href":"https:\/\/aiviouvapes.com\/es\/wp-json\/wp\/v2\/product_brand?post=5353"},{"taxonomy":"product_cat","embeddable":true,"href":"https:\/\/aiviouvapes.com\/es\/wp-json\/wp\/v2\/product_cat?post=5353"},{"taxonomy":"product_tag","embeddable":true,"href":"https:\/\/aiviouvapes.com\/es\/wp-json\/wp\/v2\/product_tag?post=5353"}],"curies":[{"name":"wp","href":"https:\/\/api.w.org\/{rel}","templated":true}]}}