{"id":53032,"date":"2025-08-09T15:36:13","date_gmt":"2025-08-09T07:36:13","guid":{"rendered":"https:\/\/aiviouvapes.com\/?post_type=product&#038;p=53032"},"modified":"2026-04-17T13:00:40","modified_gmt":"2026-04-17T05:00:40","slug":"bang-king-tornado-fire-40000","status":"publish","type":"product","link":"https:\/\/aiviouvapes.com\/es\/product\/bang-king-tornado-fire-40000\/","title":{"rendered":"Bang King Tornado Fire 40000 Puffs | flujo de aire ajustable &amp; 35ml e-liquid a granel vape desechable"},"content":{"rendered":"<h2><strong>\ud83d\udd25\u00bfPor qu\u00e9 elegir Bang King Tornado Fire 40000?\ud83d\udd25<\/strong><\/h2>\n<ul>\n<li><strong>De larga duraci\u00f3n:<\/strong> Consigue hasta 40.000 caladas para una mayor satisfacci\u00f3n al vapear.<\/li>\n<li><strong>Potencias de nicotina vers\u00e1tiles:<\/strong> Ofrece 2%, 3%, o 5% nicotina para golpes personalizados.<\/li>\n<li><strong>Flujo de aire ajustable:<\/strong> Perfeccione su calada con el flujo de aire ajustable para una experiencia a medida.<\/li>\n<li><strong>Construcci\u00f3n de alta calidad:<\/strong> Bobina de malla de 1,0\u03a9 para un sabor y una producci\u00f3n de vapor \u00f3ptimos.<\/li>\n<li><strong>Elegante y pr\u00e1ctico:<\/strong> Cuerpo elegante y cristalino con pantalla inteligente y carga USB-C.<\/li>\n<li><strong>Perfecto para la venta al por menor y al por mayor:<\/strong> Ideal para vape shops y distribuidores que buscan vapeadores desechables de primera calidad.<\/li>\n<\/ul>\n<p>En <strong>Bang King Tornado Fuego 40000<\/strong> es la elecci\u00f3n ideal para usuarios intensivos, cazadores de sabores y tiendas de vapeo que buscan ofrecer a sus clientes vapeadores desechables de alta calidad. Con su enorme capacidad de calada, dise\u00f1o elegante y variedad de opciones de sabor, este dispositivo promete una experiencia de vapeo inolvidable. \u00a1Si usted es un minorista o distribuidor, el Tornado Fire es seguro que ser\u00e1 un \u00e9xito en su tienda!<\/p>\n<h2>\ud83d\udd25 <strong>Bang Rey Tornado Fuego 40000 Puffs: \u00a1Desata el poder del sabor!<\/strong> \ud83d\udd25<\/h2>\n<p>Saluda a la experiencia de vapeo definitiva con el <strong>Bang King Tornado Fuego 40000<\/strong>. Repleto de sabor y dise\u00f1ado tanto para el disfrute personal como para la distribuci\u00f3n al por mayor, este vapeador desechable ofrece hasta 40.000 caladas de pura satisfacci\u00f3n. Si usted es un vaper pesado persiguiendo sabores audaces e inolvidables o un distribuidor en busca de productos de primera calidad para su tienda, este es el dispositivo que usted ha estado esperando. Con su flujo de aire ajustable, recarga Type-C y dise\u00f1o de cuerpo cristalino, el <strong>Tornado Incendio 40000<\/strong> cambia las reglas del juego en el mundo de los vaporizadores desechables.<\/p>\n<p><strong>Caracter\u00edsticas principales:<\/strong><\/p>\n<ul>\n<li><strong>Gran capacidad de soplado:<\/strong> Hasta 40.000 caladas, perfecto para disfrutar todo el d\u00eda.<\/li>\n<li><strong>Potencias de nicotina personalizables:<\/strong> Elija entre las opciones de nicotina 2%, 3% o 5%.<\/li>\n<li><strong>Capacidad de e-l\u00edquido:<\/strong> 35mL de e-l\u00edquido, para que disfrutes al m\u00e1ximo de cada calada.<\/li>\n<li><strong>Flujo de aire ajustable:<\/strong> Adapta tu experiencia de vapeo a tus preferencias de caladas suaves o intensas.<\/li>\n<li><strong>Carga Tipo-C:<\/strong> Recarga r\u00e1pida y c\u00f3moda con la moderna tecnolog\u00eda USB-C.<\/li>\n<li><strong>Dise\u00f1o duradero y elegante:<\/strong> Un cuerpo cristalino para mostrar el elegante dise\u00f1o y el e-l\u00edquido de primera calidad.<\/li>\n<\/ul>\n<h3><strong>Bang King Tornado Fuego 40000 Especificaciones:<\/strong><\/h3>\n<table>\n<thead>\n<tr>\n<th>Caracter\u00edstica<\/th>\n<th>Detalles<\/th>\n<\/tr>\n<\/thead>\n<tbody>\n<tr>\n<td><strong>Capacidad de caladas<\/strong><\/td>\n<td>Hasta 40.000 caladas<\/td>\n<\/tr>\n<tr>\n<td><strong>Capacidad de e-l\u00edquido<\/strong><\/td>\n<td>35 ml<\/td>\n<\/tr>\n<tr>\n<td><strong>Bater\u00eda<\/strong><\/td>\n<td>1000mAh, recarga Tipo-C<\/td>\n<\/tr>\n<tr>\n<td><strong>Tipo de bobina<\/strong><\/td>\n<td>Bobina de malla de 1,0 \u03a9<\/td>\n<\/tr>\n<tr>\n<td><strong>Opciones de nicotina<\/strong><\/td>\n<td>2%, 3%, 5%<\/td>\n<\/tr>\n<tr>\n<td><strong>Pantalla<\/strong><\/td>\n<td>Pantalla inteligente<\/td>\n<\/tr>\n<tr>\n<td><strong>Dise\u00f1o<\/strong><\/td>\n<td>Cuerpo transparente<\/td>\n<\/tr>\n<tr>\n<td><strong>Flujo de aire<\/strong><\/td>\n<td>Ajustable<\/td>\n<\/tr>\n<\/tbody>\n<\/table>\n<p>Tanto si eres un <strong>vape shop<\/strong> para comprar lo \u00faltimo y lo mejor o una <strong>distribuidor mayorista<\/strong> buscando un producto de gran demanda, el <strong>Tornado Incendio 40000<\/strong> es imprescindible. Con <strong>12 sabores incre\u00edbles<\/strong>con flujo de aire ajustable y carga r\u00e1pida Type-C, este dispositivo est\u00e1 dise\u00f1ado para satisfacer a sus clientes y hacer que vuelvan a por m\u00e1s.<\/p>\n<h4><strong>Bang King Tornado Fire 40000 Lista de Sabores:<\/strong><\/h4>\n<ol>\n<li><strong>Sand\u00eda<\/strong> - Refrescante y jugoso sabor a sand\u00eda en cada calada.<\/li>\n<li><strong>Sand\u00eda con fresa<\/strong> - Una mezcla dulce y \u00e1cida de fresas maduras y sand\u00eda.<\/li>\n<li><strong>Hielo de ar\u00e1ndanos<\/strong> - Ar\u00e1ndanos crujientes con un final fresco y helado.<\/li>\n<li><strong>Ar\u00e1ndano Frambuesa<\/strong> - Una fusi\u00f3n afrutada de ar\u00e1ndanos dulces y frambuesas \u00e1cidas.<\/li>\n<li><strong>Fresa helada<\/strong> - El equilibrio perfecto de fresas dulces con una escalofriante explosi\u00f3n de hielo.<\/li>\n<li><strong>Fresa Kiwi<\/strong> - Una combinaci\u00f3n tropical de fresas dulces y kiwi \u00e1cido.<\/li>\n<li><strong>Mango Melocot\u00f3n Sand\u00eda<\/strong> - Una deliciosa mezcla tropical de mango, melocot\u00f3n y refrescante sand\u00eda.<\/li>\n<li><strong>Kiwi Fruta de la pasi\u00f3n Granada<\/strong> - Ex\u00f3tico kiwi y fruta de la pasi\u00f3n con un toque \u00e1cido de granada.<\/li>\n<li><strong>Melocot\u00f3n helado<\/strong> - Melocotones suaves y dulces con un fresco toque mentolado.<\/li>\n<li><strong>Mezcla de bayas<\/strong> - Una jugosa mezcla de bayas variadas para una experiencia afrutada completa.<\/li>\n<li><strong>Ar\u00e1ndano Uva<\/strong> - Ar\u00e1ndanos dulces combinados con uvas maduras y jugosas.<\/li>\n<li><strong>Sand\u00eda Chicle<\/strong> - Un nost\u00e1lgico y dulce sabor a sand\u00eda con matices de chicle.<\/li>\n<\/ol>","protected":false},"excerpt":{"rendered":"<p>Bang King Tornado Fire 40000 Puffs | 12 sabores, flujo de aire ajustable, e-l\u00edquido de 35mL, y rendimiento de larga duraci\u00f3n - \u00a1perfecto para vapers y mayoristas!<\/p>","protected":false},"featured_media":52919,"comment_status":"open","ping_status":"closed","template":"","meta":[],"product_brand":[239],"product_cat":[37,280,137,146,138,141,143],"product_tag":[306,308,303,305,304,302],"class_list":{"0":"post-53032","1":"product","2":"type-product","3":"status-publish","4":"has-post-thumbnail","6":"product_brand-bang","7":"product_cat-bang","8":"product_cat-cheap-rechargeable-disposable-vapes","9":"product_cat-disposable-vapes-in-germany","10":"product_cat-disposable-vapes-in-hungary","11":"product_cat-disposable-vapes-in-ltaly","12":"product_cat-disposable-vapes-in-poland","13":"product_cat-disposable-vapes-in-spain","14":"product_tag-best-disposable-vapes","15":"product_tag-disposable-vape-in-europe","16":"product_tag-screen-vape","17":"product_tag-vape-suppliers","18":"product_tag-wholesale-vapes","19":"product_tag-wholesale-vapor","21":"first","22":"instock","23":"shipping-taxable","24":"purchasable","25":"product-type-variable","26":"has-default-attributes"},"jetpack_sharing_enabled":true,"tiered_pricing_type":"fixed","tiered_pricing_fixed_rules":{"30":7.78000000000000024868995751603506505489349365234375,"50":6.480000000000000426325641456060111522674560546875,"100":5.70000000000000017763568394002504646778106689453125,"200":5.30999999999999960920149533194489777088165283203125,"400":4.730000000000000426325641456060111522674560546875},"tiered_pricing_product_settings":{"layout":"default","base_unit_name":{"singular":null,"plural":null},"default_variation":null},"tiered_pricing_minimum_quantity":10,"tiered_pricing_roles_data":[],"tiered_pricing_percentage_rules":[],"tiered_pricing_maximum_quantity":null,"tiered_pricing_quantity_step":"10","_links":{"self":[{"href":"https:\/\/aiviouvapes.com\/es\/wp-json\/wp\/v2\/product\/53032","targetHints":{"allow":["GET"]}}],"collection":[{"href":"https:\/\/aiviouvapes.com\/es\/wp-json\/wp\/v2\/product"}],"about":[{"href":"https:\/\/aiviouvapes.com\/es\/wp-json\/wp\/v2\/types\/product"}],"replies":[{"embeddable":true,"href":"https:\/\/aiviouvapes.com\/es\/wp-json\/wp\/v2\/comments?post=53032"}],"wp:featuredmedia":[{"embeddable":true,"href":"https:\/\/aiviouvapes.com\/es\/wp-json\/wp\/v2\/media\/52919"}],"wp:attachment":[{"href":"https:\/\/aiviouvapes.com\/es\/wp-json\/wp\/v2\/media?parent=53032"}],"wp:term":[{"taxonomy":"product_brand","embeddable":true,"href":"https:\/\/aiviouvapes.com\/es\/wp-json\/wp\/v2\/product_brand?post=53032"},{"taxonomy":"product_cat","embeddable":true,"href":"https:\/\/aiviouvapes.com\/es\/wp-json\/wp\/v2\/product_cat?post=53032"},{"taxonomy":"product_tag","embeddable":true,"href":"https:\/\/aiviouvapes.com\/es\/wp-json\/wp\/v2\/product_tag?post=53032"}],"curies":[{"name":"wp","href":"https:\/\/api.w.org\/{rel}","templated":true}]}}