{"id":52966,"date":"2025-08-12T10:02:17","date_gmt":"2025-08-12T02:02:17","guid":{"rendered":"https:\/\/aiviouvapes.com\/?post_type=product&#038;p=52966"},"modified":"2026-03-17T10:28:05","modified_gmt":"2026-03-17T02:28:05","slug":"bang-king-twins-50000","status":"publish","type":"product","link":"https:\/\/aiviouvapes.com\/es\/product\/bang-king-twins-50000\/","title":{"rendered":"Bang King Twins 50000 Puffs | doble sabor 56ml vape desechable de larga duraci\u00f3n"},"content":{"rendered":"<h2>\u00bfPor qu\u00e9 elegir Bang King Twins 50000?<\/h2>\n<ul>\n<li>\ud83d\udd25 Enorme capacidad de 50.000 caladas para un disfrute duradero<\/li>\n<li>\ud83c\udf79 C\u00e1maras de doble sabor para una experiencia vaping \u00fanica.<\/li>\n<li>\ud83d\udca8 56 ml de e-l\u00edquido para un uso prolongado<\/li>\n<li>\u26a1 Pantalla digital LED para el seguimiento de la bater\u00eda y el e-l\u00edquido.<\/li>\n<li>\ud83d\udd0b Carga r\u00e1pida de tipo C para un tiempo de inactividad m\u00ednimo<\/li>\n<li>\ud83c\udf0e Ideal tanto para clientes minoristas como para distribuidores mayoristas<\/li>\n<\/ul>\n<p>Si usted es un vapeador pesado, cazador de sabores, o un propietario de una tienda de vapeo en busca de productos a granel de primera calidad, el Bang King Twins 50000 es la mejor opci\u00f3n. Con una gran capacidad, un sabor excepcional y un dise\u00f1o pensado para la comodidad, es el vapeador desechable perfecto para uso personal o distribuci\u00f3n a gran escala.<\/p>\n<h3>Bang King Twins 50000 Especificaciones<\/h3>\n<table>\n<tbody>\n<tr>\n<td>Capacidad de caladas<\/td>\n<td>Hasta 50.000 caladas<\/td>\n<\/tr>\n<tr>\n<td>Capacidad de e-l\u00edquido<\/td>\n<td>56mL (28mL + 28mL)<\/td>\n<\/tr>\n<tr>\n<td>Bater\u00eda<\/td>\n<td>650 mAh, recargable tipo C<\/td>\n<\/tr>\n<tr>\n<td>Tipo de bobina<\/td>\n<td>Bobina de malla de 1,0 \u03a9<\/td>\n<\/tr>\n<tr>\n<td>Opciones de nicotina<\/td>\n<td>2%, 3%, 5%<\/td>\n<\/tr>\n<tr>\n<td>Pantalla<\/td>\n<td>Pantalla digital LED<\/td>\n<\/tr>\n<tr>\n<td>Dise\u00f1o<\/td>\n<td>Cuerpo port\u00e1til elegante de doble c\u00e1mara<\/td>\n<\/tr>\n<\/tbody>\n<\/table>\n<h3>Bang King Twins 50000 Descripci\u00f3n general y caracter\u00edsticas<\/h3>\n<p>\ud83d\ude80 \u00a1Lleva tu experiencia de vapeo al siguiente nivel con el Bang King Twins 50000! Dise\u00f1ado para los perseguidores serios de la nube y los entusiastas del sabor, esta potencia ofrece una incre\u00edble <strong>hasta 50.000 caladas<\/strong> de su enorme <strong>Capacidad de 56 ml de e-l\u00edquido<\/strong> - dividido en dos c\u00e1maras separadas para <strong>disfrute de dos sabores<\/strong>. El avanzado <strong>bobina de malla<\/strong> ofrece un sabor intenso y una calada suave, mientras que el <strong>Pantalla digital LED<\/strong> le mantiene informado de los niveles de bater\u00eda y e-l\u00edquido. Si usted es un cliente al por menor o un comprador al por mayor, este dispositivo est\u00e1 construido para el rendimiento, el estilo y la satisfacci\u00f3n.<\/p>\n<h3>Combinaciones de sabores<\/h3>\n<table>\n<tbody>\n<tr>\n<th>Sabor A<\/th>\n<th>Sabor B<\/th>\n<\/tr>\n<tr>\n<td>Amor 66<\/td>\n<td>Fruta de la pasi\u00f3n al lim\u00f3n<\/td>\n<\/tr>\n<tr>\n<td>Melocot\u00f3n Guayaba Fresa<\/td>\n<td>Uva Sakura<\/td>\n<\/tr>\n<tr>\n<td>Fresa Pl\u00e1tano<\/td>\n<td>Heisenberg<\/td>\n<\/tr>\n<tr>\n<td>Hielo Razz Azul<\/td>\n<td>Azul Razz Cereza<\/td>\n<\/tr>\n<tr>\n<td>Sand\u00eda con fresa<\/td>\n<td>Helado de fresa<\/td>\n<\/tr>\n<tr>\n<td>Hielo de sand\u00eda<\/td>\n<td>Sand\u00eda Hubba Bubba<\/td>\n<\/tr>\n<tr>\n<td>Lima doble<\/td>\n<td>Aloe Vera helado<\/td>\n<\/tr>\n<tr>\n<td>Mezcla de bayas<\/td>\n<td>Fresa Kiwi<\/td>\n<\/tr>\n<tr>\n<td>Lichi Super Cool<\/td>\n<td>Hombre rosa<\/td>\n<\/tr>\n<tr>\n<td>Zumo de melocot\u00f3n helado<\/td>\n<td>Fresa Mango<\/td>\n<\/tr>\n<tr>\n<td>Cola Lim\u00f3n<\/td>\n<td>Skittles de fresa<\/td>\n<\/tr>\n<tr>\n<td>Melocot\u00f3n Mango Sand\u00eda<\/td>\n<td>Azul Razz Cereza<\/td>\n<\/tr>\n<\/tbody>\n<\/table>\n<h3>Bang King Twins 50000 Sabores en Stock:<\/h3>\n<p>Love 66 &amp; Lemon Passion Fruit, Peach Guava Strawberry &amp; Sakura Grape, Strawberry Banana &amp; Heisenberg, Blue Razz Ice &amp; Blue Razz Cherry, Strawberry Watermelon &amp; Strawberry Ice Cream, Watermelon Ice &amp; Watermelon Hubba Bubba, Doble Lima &amp; Hielo Aloe Vera, Mix Berry &amp; Fresa Kiwi, Super Cool Lichi &amp; Pink Man, Zumo de Melocot\u00f3n Hielo &amp; Fresa Mango, Cola Lim\u00f3n &amp; Fresa Skittles, Melocot\u00f3n Mango Sand\u00eda &amp; Cereza Blue Razz.<a style=\"font-size: 14.4px;\" href=\"https:\/\/aiviouvapes.com\/wp-content\/uploads\/2025\/08\/Bang-King-Twins-50000-flavor-chart.avif\"><br \/>\n<img decoding=\"async\" class=\"alignnone size-full wp-image-52973\" src=\"https:\/\/aiviouvapes.com\/wp-content\/uploads\/2025\/08\/Bang-King-Twins-50000-flavor-chart.avif\" alt=\",\" title=\"\"><\/a><\/p>","protected":false},"excerpt":{"rendered":"<p>Bang King Twins 50000 ofrece hasta 50.000 caladas con un dise\u00f1o duradero de doble sabor, 56mL de e-l\u00edquido y pantalla LED. Perfecto para los amantes del sabor, los usuarios pesados, y la distribuci\u00f3n al por mayor vape.<\/p>","protected":false},"featured_media":52984,"comment_status":"open","ping_status":"closed","template":"","meta":[],"product_brand":[239],"product_cat":[37,280,137,146,138,141,143],"product_tag":[306,308,303,305,304,302],"class_list":{"0":"post-52966","1":"product","2":"type-product","3":"status-publish","4":"has-post-thumbnail","6":"product_brand-bang","7":"product_cat-bang","8":"product_cat-cheap-rechargeable-disposable-vapes","9":"product_cat-disposable-vapes-in-germany","10":"product_cat-disposable-vapes-in-hungary","11":"product_cat-disposable-vapes-in-ltaly","12":"product_cat-disposable-vapes-in-poland","13":"product_cat-disposable-vapes-in-spain","14":"product_tag-best-disposable-vapes","15":"product_tag-disposable-vape-in-europe","16":"product_tag-screen-vape","17":"product_tag-vape-suppliers","18":"product_tag-wholesale-vapes","19":"product_tag-wholesale-vapor","21":"first","22":"instock","23":"shipping-taxable","24":"purchasable","25":"product-type-variable","26":"has-default-attributes"},"jetpack_sharing_enabled":true,"tiered_pricing_type":"fixed","tiered_pricing_fixed_rules":{"30":7.6500000000000003552713678800500929355621337890625,"50":6.3499999999999996447286321199499070644378662109375,"100":5.57000000000000028421709430404007434844970703125,"200":5.19000000000000039079850466805510222911834716796875,"400":4.5999999999999996447286321199499070644378662109375},"tiered_pricing_product_settings":{"layout":"default","base_unit_name":{"singular":null,"plural":null},"default_variation":null},"tiered_pricing_minimum_quantity":10,"tiered_pricing_roles_data":[],"tiered_pricing_percentage_rules":[],"tiered_pricing_maximum_quantity":null,"tiered_pricing_quantity_step":"10","_links":{"self":[{"href":"https:\/\/aiviouvapes.com\/es\/wp-json\/wp\/v2\/product\/52966","targetHints":{"allow":["GET"]}}],"collection":[{"href":"https:\/\/aiviouvapes.com\/es\/wp-json\/wp\/v2\/product"}],"about":[{"href":"https:\/\/aiviouvapes.com\/es\/wp-json\/wp\/v2\/types\/product"}],"replies":[{"embeddable":true,"href":"https:\/\/aiviouvapes.com\/es\/wp-json\/wp\/v2\/comments?post=52966"}],"wp:featuredmedia":[{"embeddable":true,"href":"https:\/\/aiviouvapes.com\/es\/wp-json\/wp\/v2\/media\/52984"}],"wp:attachment":[{"href":"https:\/\/aiviouvapes.com\/es\/wp-json\/wp\/v2\/media?parent=52966"}],"wp:term":[{"taxonomy":"product_brand","embeddable":true,"href":"https:\/\/aiviouvapes.com\/es\/wp-json\/wp\/v2\/product_brand?post=52966"},{"taxonomy":"product_cat","embeddable":true,"href":"https:\/\/aiviouvapes.com\/es\/wp-json\/wp\/v2\/product_cat?post=52966"},{"taxonomy":"product_tag","embeddable":true,"href":"https:\/\/aiviouvapes.com\/es\/wp-json\/wp\/v2\/product_tag?post=52966"}],"curies":[{"name":"wp","href":"https:\/\/api.w.org\/{rel}","templated":true}]}}