{"id":5272,"date":"2024-08-19T03:33:10","date_gmt":"2024-08-18T19:33:10","guid":{"rendered":"https:\/\/aiviouvapes.com\/?post_type=product&#038;p=5272"},"modified":"2026-04-17T13:01:43","modified_gmt":"2026-04-17T05:01:43","slug":"aivono-aim-puff-star-6500-puffs-disposable-wholesale","status":"publish","type":"product","link":"https:\/\/aiviouvapes.com\/es\/product\/aivono-aim-puff-star-6500-puffs-disposable-wholesale\/","title":{"rendered":"AIVONO Aim Puff Star 6500 Puffs | 0%-5% nicotina, 13mL, vape desechable a granel"},"content":{"rendered":"<h2>AIVONO Aim Puff Star 6500 bocanadas | 0% 2% 5% nicotina, e-l\u00edquido de 13 ml, bobina de malla de 1,2 \u03a9, recargable tipo C, compra al por mayor de vaporizadores desechables<\/h2>\n<h3>Descripci\u00f3n general y caracter\u00edsticas del AIVONO AIM PUFF STAR 6500 Puffs<\/h3>\n<p>El AIVONO AIM PUFF STAR 6500 Puffs est\u00e1 dise\u00f1ado para un disfrute prolongado, ofreciendo hasta 6500 bocanadas con un dep\u00f3sito de e-l\u00edquido de 13 ml para reducir la necesidad de recargas frecuentes. Alimentado por una bater\u00eda recargable de 400 mAh, este dispositivo admite sesiones de vapeo prolongadas, mientras que el puerto de carga Tipo-C garantiza una recarga r\u00e1pida y eficiente. Disponible en concentraciones de nicotina de 0%, 2% y 5%, se adapta a varias preferencias. La bobina de malla de 1,2 \u03a9 mejora el sabor y la consistencia del vapor, brindando un vapeo suave y agradable con cada bocanada.<\/p>\n<ul>\n<li><strong>Hasta 6500 bocanadas<\/strong>:Proporciona un uso duradero, maximizando la comodidad y la satisfacci\u00f3n.<\/li>\n<li><strong>Capacidad de e-l\u00edquido de 13 ml<\/strong>:Reduce la necesidad de recargas, ideal para disfrutar sin interrupciones.<\/li>\n<li><strong>Bater\u00eda de 400 mAh<\/strong>: Garantiza un rendimiento fiable con recarga r\u00e1pida Type-C.<\/li>\n<li><strong>Opciones de nicotina<\/strong>:Disponible en 0%, 2% y 5% para una experiencia personalizada.<\/li>\n<li><strong>Bobina de malla de 1,2 \u03a9<\/strong>:Ofrece un sabor rico y suave y una producci\u00f3n de vapor constante.<\/li>\n<\/ul>\n<h3>AIVONO AIM PUFF STAR 6500 Puffs Sabores en stock:<\/h3>\n<p>Bayas mixtas, caramelos de mentol, fresa y kiwi, mango mixto, sand\u00eda, helado de fresa, bebida energ\u00e9tica, frambuesa azul, mel\u00f3n con coco, jugo de durazno.<\/p>\n<h3>\u00bfPor qu\u00e9 elegir el AIVONO AIM PUFF STAR 6500 Puffs?<\/h3>\n<p>El AIVONO AIM PUFF STAR 6500 Puffs combina una gran capacidad de calada, diversos sabores y una tecnolog\u00eda avanzada de resistencia de malla, lo que lo hace ideal para vapeadores que buscan calidad y comodidad. Su dise\u00f1o compacto y port\u00e1til y su bater\u00eda recargable son perfectos para usar sobre la marcha, mientras que el formato desechable elimina el mantenimiento. Ideal para la venta al por mayor, este dispositivo es una excelente opci\u00f3n para los minoristas que buscan ofrecer un vaporizador desechable de primera calidad. Ya sea que sea un vapeador experimentado o nuevo en la escena, el AIVONO AIM PUFF STAR 6500 Puffs promete una experiencia satisfactoria y sabrosa con cada calada.<\/p>\n<p><img data-recalc-dims=\"1\" loading=\"lazy\" decoding=\"async\" class=\"alignnone wp-image-8222 size-full\" title=\"AIVONO AIM PUFF STAR 6500 Puffs 0% 2% 5% Nicotina Recargable Compra a Granel Vape Desechable al por Mayor\" src=\"https:\/\/i0.wp.com\/aiviouvapes.com\/wp-content\/uploads\/2024\/08\/1-21.jpg?resize=1020%2C816&#038;ssl=1\" alt=\"AIVONO AIM PUFF STAR 6500 Puffs 0% 2% 5% Nicotina Recargable Compra a Granel Vape Desechable al por Mayor\" width=\"1020\" height=\"816\" srcset=\"https:\/\/i0.wp.com\/aiviouvapes.com\/wp-content\/uploads\/2024\/08\/1-21.jpg?w=1876&amp;ssl=1 1876w, https:\/\/i0.wp.com\/aiviouvapes.com\/wp-content\/uploads\/2024\/08\/1-21.jpg?resize=300%2C240&amp;ssl=1 300w, https:\/\/i0.wp.com\/aiviouvapes.com\/wp-content\/uploads\/2024\/08\/1-21.jpg?resize=1024%2C819&amp;ssl=1 1024w, https:\/\/i0.wp.com\/aiviouvapes.com\/wp-content\/uploads\/2024\/08\/1-21.jpg?resize=768%2C614&amp;ssl=1 768w, https:\/\/i0.wp.com\/aiviouvapes.com\/wp-content\/uploads\/2024\/08\/1-21.jpg?resize=1536%2C1228&amp;ssl=1 1536w, https:\/\/i0.wp.com\/aiviouvapes.com\/wp-content\/uploads\/2024\/08\/1-21.jpg?resize=15%2C12&amp;ssl=1 15w, https:\/\/i0.wp.com\/aiviouvapes.com\/wp-content\/uploads\/2024\/08\/1-21.jpg?resize=800%2C640&amp;ssl=1 800w\" sizes=\"auto, (max-width: 1020px) 100vw, 1020px\" \/><\/p>","protected":false},"excerpt":{"rendered":"<p>\u2764\ufe0f\ud83d\udca8AIVONO AIM PUFF STAR 6500 Puffs ofrece hasta 6500 caladas, una capacidad de 13ml de e-l\u00edquido y una bater\u00eda recargable de 400mAh para un vapeo prolongado y sin complicaciones. Disponible en m\u00faltiples concentraciones de nicotina, cuenta con una bobina de malla de 1,2\u03a9 para un vapor suave y sabroso. Perfecto tanto para uso personal como al por mayor.<\/p>","protected":false},"featured_media":5290,"comment_status":"open","ping_status":"closed","template":"","meta":[],"product_brand":[],"product_cat":[41,119,120,90,117,76,134,135,133,136,137,146,138,139,140,141,142,143,144,145,132],"product_tag":[],"class_list":{"0":"post-5272","1":"product","2":"type-product","3":"status-publish","4":"has-post-thumbnail","6":"product_cat-aivono-vapes","7":"product_cat-5000-puffs-disposable-vape","8":"product_cat-8000-puffs-disposable-vape","9":"product_cat-big-puffs-vapes","10":"product_cat-different-puffs-of-diposable-vapes","11":"product_cat-disposable-vape-types","12":"product_cat-disposable-vapes-in-austria","13":"product_cat-disposable-vapes-in-belgium","14":"product_cat-disposable-vapes-in-europe","15":"product_cat-disposable-vapes-in-france","16":"product_cat-disposable-vapes-in-germany","17":"product_cat-disposable-vapes-in-hungary","18":"product_cat-disposable-vapes-in-ltaly","19":"product_cat-disposable-vapes-in-netherlands","20":"product_cat-disposable-vapes-in-norway","21":"product_cat-disposable-vapes-in-poland","22":"product_cat-disposable-vapes-in-portugal","23":"product_cat-disposable-vapes-in-spain","24":"product_cat-disposable-vapes-in-sweden","25":"product_cat-disposable-vapes-in-switzerland","26":"product_cat-rechargeable-vapes","28":"first","29":"instock","30":"shipping-taxable","31":"purchasable","32":"product-type-variable","33":"has-default-attributes"},"jetpack_sharing_enabled":true,"tiered_pricing_type":"fixed","tiered_pricing_fixed_rules":{"2000":5.589999999999999857891452847979962825775146484375},"tiered_pricing_product_settings":{"layout":"default","base_unit_name":{"singular":null,"plural":null},"default_variation":null},"tiered_pricing_minimum_quantity":1000,"tiered_pricing_roles_data":[],"tiered_pricing_percentage_rules":[],"tiered_pricing_maximum_quantity":null,"tiered_pricing_quantity_step":"10","_links":{"self":[{"href":"https:\/\/aiviouvapes.com\/es\/wp-json\/wp\/v2\/product\/5272","targetHints":{"allow":["GET"]}}],"collection":[{"href":"https:\/\/aiviouvapes.com\/es\/wp-json\/wp\/v2\/product"}],"about":[{"href":"https:\/\/aiviouvapes.com\/es\/wp-json\/wp\/v2\/types\/product"}],"replies":[{"embeddable":true,"href":"https:\/\/aiviouvapes.com\/es\/wp-json\/wp\/v2\/comments?post=5272"}],"wp:featuredmedia":[{"embeddable":true,"href":"https:\/\/aiviouvapes.com\/es\/wp-json\/wp\/v2\/media\/5290"}],"wp:attachment":[{"href":"https:\/\/aiviouvapes.com\/es\/wp-json\/wp\/v2\/media?parent=5272"}],"wp:term":[{"taxonomy":"product_brand","embeddable":true,"href":"https:\/\/aiviouvapes.com\/es\/wp-json\/wp\/v2\/product_brand?post=5272"},{"taxonomy":"product_cat","embeddable":true,"href":"https:\/\/aiviouvapes.com\/es\/wp-json\/wp\/v2\/product_cat?post=5272"},{"taxonomy":"product_tag","embeddable":true,"href":"https:\/\/aiviouvapes.com\/es\/wp-json\/wp\/v2\/product_tag?post=5272"}],"curies":[{"name":"wp","href":"https:\/\/api.w.org\/{rel}","templated":true}]}}