{"id":46957,"date":"2025-07-29T21:47:25","date_gmt":"2025-07-29T13:47:25","guid":{"rendered":"https:\/\/aiviouvapes.com\/?post_type=product&#038;p=46957"},"modified":"2026-03-27T09:19:18","modified_gmt":"2026-03-27T01:19:18","slug":"bang-de-80000","status":"publish","type":"product","link":"https:\/\/aiviouvapes.com\/es\/product\/bang-de-80000\/","title":{"rendered":"Bang DE 80000 | 3 en 1 80K bocanadas triple sabor a granel vape desechable al por mayor"},"content":{"rendered":"<h2>\u2b50 \u00bfPor qu\u00e9 elegir Bang DE 80000? \u2b50<\/h2>\n<ul>\n<li><strong>\ud83e\udd2f Cantidad de bocanadas sin precedentes:<\/strong> Con una enorme capacidad de 80.000 caladas, este dispositivo est\u00e1 hecho para resistir, ofreciendo un valor y una longevidad excepcionales.<\/li>\n<li><strong>\ud83d\udd04 Revolucionario sistema de sabor 3 en 1:<\/strong> \u00a1No se aburra nunca! Cambia instant\u00e1neamente entre tres sabores distintos alojados en un elegante dispositivo para una experiencia realmente personalizable.<\/li>\n<li><strong>\ud83d\udd0b Pantalla LCD avanzada:<\/strong> Mant\u00e9ngase informado con una pantalla clara e intuitiva que muestra los niveles de e-l\u00edquido restantes para los tres pods y la duraci\u00f3n de la bater\u00eda de un vistazo.<\/li>\n<li><strong>\ud83d\udca8 Bobinas de malla triple superior:<\/strong> Cada vaina de sabor est\u00e1 emparejada con su propia bobina de malla de 1,0\u03a9, lo que garantiza un sabor puro, intenso y consistente desde la primera calada hasta la \u00faltima.<\/li>\n<li><strong>\ud83d\udcc8 Perfecto para los negocios:<\/strong> Envasado en c\u00f3modas cajas expositoras de 10 unidades y con unas caracter\u00edsticas inigualables, el Bang DE 80000 es un producto de gran margen y r\u00e1pida rotaci\u00f3n para vapeadores y distribuidores.<\/li>\n<li><strong>Carga r\u00e1pida y c\u00f3moda:<\/strong> La bater\u00eda de 650 mAh est\u00e1 equipada con un moderno puerto de carga Type-C para recargas r\u00e1pidas y fiables.<\/li>\n<\/ul>\n<h3>\ud83d\ude80 \u00a1El triple de sabor, el triple de diversi\u00f3n! \ud83d\ude80<\/h3>\n<p>\u00a1Prep\u00e1rate para revolucionar tu experiencia de vapeo con el Bang DE 80000! No es un vapeador desechable m\u00e1s; es una potencia de sabor y tecnolog\u00eda dise\u00f1ada para los entusiastas m\u00e1s exigentes. Con una incre\u00edble capacidad de 80.000 caladas y un innovador sistema de sabor ajustable 3 en 1, el Bang DE 80000 te da el control total. Cambie entre las tres c\u00e1psulas de sabores precargadas sin problemas y controle su e-l\u00edquido y la duraci\u00f3n de la bater\u00eda en la pantalla LCD cristalina. \u00a1Prep\u00e1rate para un viaje \u00e9pico de sabor que dura y dura! \ud83d\udca8\u2728<\/p>\n<h3>\u2699\ufe0f Especificaciones \u2699\ufe0f<\/h3>\n<table>\n<tbody>\n<tr>\n<td><strong>Puffs<\/strong><\/td>\n<td>Hasta 80.000<\/td>\n<\/tr>\n<tr>\n<td><strong>E-l\u00edquido total<\/strong><\/td>\n<td>60mL (20mL \u00d7 3)<\/td>\n<\/tr>\n<tr>\n<td><strong>Potencia de nicotina<\/strong><\/td>\n<td>2% \/ 3% \/ 5%<\/td>\n<\/tr>\n<tr>\n<td><strong>Sistema de sabor<\/strong><\/td>\n<td>3 sabores ajustables<\/td>\n<\/tr>\n<tr>\n<td><strong>Sistema de bobinas<\/strong><\/td>\n<td>Bobina de malla triple (1,0\u03a9 \u00d7 3)<\/td>\n<\/tr>\n<tr>\n<td><strong>Bater\u00eda<\/strong><\/td>\n<td>650mAh Recargable<\/td>\n<\/tr>\n<tr>\n<td><strong>Puerto de carga<\/strong><\/td>\n<td>Tipo-C<\/td>\n<\/tr>\n<tr>\n<td><strong>Pantalla<\/strong><\/td>\n<td>Pantalla LCD (Indicador de bater\u00eda y e-l\u00edquido)<\/td>\n<\/tr>\n<tr>\n<td><strong>Embalaje<\/strong><\/td>\n<td>10 dispositivos por caja<\/td>\n<\/tr>\n<\/tbody>\n<\/table>\n<h3>\ud83c\udf53 Explora las combinaciones de sabores triples \ud83e\udd5d<\/h3>\n<p>Cada dispositivo Bang DE 80000 viene precargado con tres sabores incre\u00edbles entre los que puede cambiar en cualquier momento. \u00a1Encuentra tu trifecta perfecta entre nuestras 12 combinaciones magistralmente elaboradas!<\/p>\n<table>\n<thead>\n<tr>\n<th>Sabor 1<\/th>\n<th>Sabor 2<\/th>\n<th>Sabor 3<\/th>\n<\/tr>\n<\/thead>\n<tbody>\n<tr>\n<td>Hielo de sand\u00eda<\/td>\n<td>Red Bull<\/td>\n<td>Fresa Kiwi<\/td>\n<\/tr>\n<tr>\n<td>Hielo de ar\u00e1ndanos<\/td>\n<td>Sand\u00eda con fresa<\/td>\n<td>Lim\u00f3n Lima<\/td>\n<\/tr>\n<tr>\n<td>Sand\u00eda con ar\u00e1ndanos<\/td>\n<td>Kiwi Fruta de la pasi\u00f3n Guayaba<\/td>\n<td>Chicle de sand\u00eda<\/td>\n<\/tr>\n<tr>\n<td>Hielo del Drag\u00f3n Negro<\/td>\n<td>Mango agrio Pi\u00f1a<\/td>\n<td>Red Bull<\/td>\n<\/tr>\n<tr>\n<td>Sand\u00eda con fresa<\/td>\n<td>Mezcla de bayas<\/td>\n<td>Melocot\u00f3n lim\u00f3n<\/td>\n<\/tr>\n<tr>\n<td>Blueberry Razz<\/td>\n<td>Fresa Pl\u00e1tano<\/td>\n<td>Pi\u00f1a Coco<\/td>\n<\/tr>\n<tr>\n<td>Hielo de ar\u00e1ndanos<\/td>\n<td>Mel\u00f3n triple<\/td>\n<td>Manzana Uva<\/td>\n<\/tr>\n<tr>\n<td>Sand\u00eda Fruta del drag\u00f3n<\/td>\n<td>Mango Melocot\u00f3n<\/td>\n<td>Fresa Kiwi<\/td>\n<\/tr>\n<tr>\n<td>Ar\u00e1ndano Frambuesa<\/td>\n<td>Coca-Cola de fresa y vainilla<\/td>\n<td>Mezcla de bayas<\/td>\n<\/tr>\n<tr>\n<td>Hielo de sand\u00eda<\/td>\n<td>Helado de fresa<\/td>\n<td>Kiwi Fruta de la pasi\u00f3n Guayaba<\/td>\n<\/tr>\n<tr>\n<td>Blueberry Razz<\/td>\n<td>Hielo del Drag\u00f3n Negro<\/td>\n<td>Hielo de cereza efervescente<\/td>\n<\/tr>\n<tr>\n<td>Cereza Cola helada<\/td>\n<td>Sand\u00eda con ar\u00e1ndanos<\/td>\n<td>Fresa Mango<\/td>\n<\/tr>\n<\/tbody>\n<\/table>\n<h3>\ud83d\udcbc Ideal para grandes usuarios y distribuci\u00f3n al por mayor \ud83d\udcbc<\/h3>\n<p>El Bang DE 80000 est\u00e1 dise\u00f1ado para satisfacer las demandas de los vapeadores m\u00e1s exigentes y de los empresarios m\u00e1s astutos. Para los particulares, es el dispositivo todo en uno definitivo que elimina la necesidad de llevar varios vapeadores. Para los minoristas y mayoristas, es un producto de primera calidad y de gran demanda que promete una excelente satisfacci\u00f3n del cliente y la repetici\u00f3n del negocio. Llene sus estantes con el futuro de los vaporizadores desechables y ofrezca a sus clientes el poder de la elecci\u00f3n y el rendimiento. Pida hoy mismo su suministro a granel del Bang DE 80000.<\/p>\n<h3>\u2753 Preguntas frecuentes\u2753<\/h3>\n<p><strong>P: \u00bfC\u00f3mo funciona el sistema de sabor ajustable 3 en 1?<\/strong><\/p>\n<p>R: El Bang DE 80000 cuenta con un sencillo mecanismo de conmutaci\u00f3n que le permite alternar entre las tres c\u00e1psulas precargadas de e-l\u00edquido de 20 ml. Cada vaina tiene su propia bobina de malla dedicada, por lo que cuando se cambia, se obtiene un sabor fresco, sin contaminar cada vez.<\/p>\n<p><strong>P: \u00bfQu\u00e9 muestra la pantalla LCD?<\/strong><\/p>\n<p>R: La pantalla LCD inteligente proporciona informaci\u00f3n en tiempo real sobre el porcentaje de la bater\u00eda y los niveles individuales de e-l\u00edquido para cada una de las tres c\u00e1psulas de sabor, por lo que siempre sabr\u00e1 su estado.<\/p>\n<p><strong>P: \u00bfEl Bang DE 80000 es adecuado para principiantes?<\/strong><\/p>\n<p>R: Aunque sus funciones avanzadas y su elevado n\u00famero de caladas son perfectas para los vapeadores experimentados, su dise\u00f1o f\u00e1cil de usar (activaci\u00f3n por arrastre con un sencillo cambio de sabor) lo hace accesible para los principiantes que buscan una experiencia duradera y de alta calidad.<\/p>\n<p><strong>P: \u00bfCu\u00e1nto tarda en cargarse la bater\u00eda?<\/strong><\/p>\n<p>R: Gracias al puerto de carga Type-C, la bater\u00eda de 650 mAh se recarga r\u00e1pidamente, normalmente en unos 45-60 minutos, minimizando tu tiempo de inactividad.<\/p>","protected":false},"excerpt":{"rendered":"<p>Experimenta el futuro del vapeo con el Bang DE 80000, un revolucionario vapeador desechable 3 en 1 que ofrece 80.000 caladas y sabores triples ajustables. Perfecto para mayoristas y compradores a granel que buscan innovaci\u00f3n y longevidad.<\/p>","protected":false},"featured_media":46967,"comment_status":"open","ping_status":"closed","template":"","meta":[],"product_brand":[239],"product_cat":[37,280,137,146,138,141,143],"product_tag":[306,308,303,305,304,302],"class_list":{"0":"post-46957","1":"product","2":"type-product","3":"status-publish","4":"has-post-thumbnail","6":"product_brand-bang","7":"product_cat-bang","8":"product_cat-cheap-rechargeable-disposable-vapes","9":"product_cat-disposable-vapes-in-germany","10":"product_cat-disposable-vapes-in-hungary","11":"product_cat-disposable-vapes-in-ltaly","12":"product_cat-disposable-vapes-in-poland","13":"product_cat-disposable-vapes-in-spain","14":"product_tag-best-disposable-vapes","15":"product_tag-disposable-vape-in-europe","16":"product_tag-screen-vape","17":"product_tag-vape-suppliers","18":"product_tag-wholesale-vapes","19":"product_tag-wholesale-vapor","21":"first","22":"instock","23":"shipping-taxable","24":"purchasable","25":"product-type-variable","26":"has-default-attributes"},"jetpack_sharing_enabled":true,"tiered_pricing_type":"fixed","tiered_pricing_fixed_rules":{"2000":5.4900000000000002131628207280300557613372802734375},"tiered_pricing_product_settings":{"layout":"default","base_unit_name":{"singular":null,"plural":null},"default_variation":null},"tiered_pricing_minimum_quantity":1000,"tiered_pricing_roles_data":[],"tiered_pricing_percentage_rules":[],"tiered_pricing_maximum_quantity":null,"tiered_pricing_quantity_step":"10","_links":{"self":[{"href":"https:\/\/aiviouvapes.com\/es\/wp-json\/wp\/v2\/product\/46957","targetHints":{"allow":["GET"]}}],"collection":[{"href":"https:\/\/aiviouvapes.com\/es\/wp-json\/wp\/v2\/product"}],"about":[{"href":"https:\/\/aiviouvapes.com\/es\/wp-json\/wp\/v2\/types\/product"}],"replies":[{"embeddable":true,"href":"https:\/\/aiviouvapes.com\/es\/wp-json\/wp\/v2\/comments?post=46957"}],"wp:featuredmedia":[{"embeddable":true,"href":"https:\/\/aiviouvapes.com\/es\/wp-json\/wp\/v2\/media\/46967"}],"wp:attachment":[{"href":"https:\/\/aiviouvapes.com\/es\/wp-json\/wp\/v2\/media?parent=46957"}],"wp:term":[{"taxonomy":"product_brand","embeddable":true,"href":"https:\/\/aiviouvapes.com\/es\/wp-json\/wp\/v2\/product_brand?post=46957"},{"taxonomy":"product_cat","embeddable":true,"href":"https:\/\/aiviouvapes.com\/es\/wp-json\/wp\/v2\/product_cat?post=46957"},{"taxonomy":"product_tag","embeddable":true,"href":"https:\/\/aiviouvapes.com\/es\/wp-json\/wp\/v2\/product_tag?post=46957"}],"curies":[{"name":"wp","href":"https:\/\/api.w.org\/{rel}","templated":true}]}}