{"id":41846,"date":"2025-07-04T09:51:19","date_gmt":"2025-07-04T01:51:19","guid":{"rendered":"https:\/\/aiviouvapes.com\/?post_type=product&#038;p=41846"},"modified":"2026-03-24T11:26:56","modified_gmt":"2026-03-24T03:26:56","slug":"bang-blaze-60k-shisha","status":"publish","type":"product","link":"https:\/\/aiviouvapes.com\/es\/product\/bang-blaze-60k-shisha\/","title":{"rendered":"Bang Blaze 60K Shisha 60000 Puffs | Vape desechable a granel de larga duraci\u00f3n"},"content":{"rendered":"<h3>\u00bfPor qu\u00e9 elegir la Shisha Bang Blaze 60K?<\/h3>\n<ul>\n<li>\ud83d\ude80 Capacidad masiva de 60.000 caladas para un uso prolongado<\/li>\n<li>\ud83c\udf53 Sabores frescos para infinitas combinaciones de sabores<\/li>\n<li>\u26a1 Bater\u00eda recargable de 1000 mAh con carga r\u00e1pida Type-C.<\/li>\n<li>\ud83d\udd0d Pantalla LED inteligente para controlar f\u00e1cilmente los niveles de bater\u00eda y zumo<\/li>\n<li>\ud83d\udc8e Cuerpo cristalino para un aspecto elegante y premium<\/li>\n<li>\ud83c\udf2c\ufe0f Golpes suaves y satisfactorios DTL (Direct-To-Lung) con una bobina de malla de 0.6\u03a9<\/li>\n<li>\ud83d\udce6 Embalaje apto para mayoristas que facilita la distribuci\u00f3n<\/li>\n<\/ul>\n<p>En <strong>Bang Blaze 60K Shisha<\/strong> est\u00e1 hecho para usuarios intensivos, cazadores de sabores y negocios de vapeo que necesitan un vapeador desechable potente y vers\u00e1til que nunca decepcione. Ya sea que est\u00e9 abasteciendo a su tienda o en busca de un dispositivo a granel con caracter\u00edsticas incre\u00edbles, esta obra maestra inspirada en la shisha ofrece un rendimiento constante y la satisfacci\u00f3n de sabor inmejorable en todo momento.<\/p>\n<h2>\ud83d\udd25 \u00a1Presentamos la Bang Blaze 60K Shisha! \ud83d\udd25<\/h2>\n<p>\ud83d\udca8 \u00bfListo para llevar tu vapeo estilo shisha al siguiente nivel? Conoce el <strong>Bang Blaze 60K Shisha<\/strong> - un vapeador desechable de \u00faltima generaci\u00f3n con 60.000 caladas y una potente bater\u00eda recargable de 1.000 mAh. Tanto si te gusta el sabor como si eres un vapeador empedernido, esta potencia cristalina con pantalla LED te garantiza un sabor intenso y nubes suaves en todo momento. Perfecto para revendedores, mayoristas y cualquiera que quiera disfrutar de la mejor experiencia de vapeo inspirada en la shisha del mercado.<\/p>\n<h3>Especificaciones<\/h3>\n<table>\n<tbody>\n<tr>\n<th>Capacidad de caladas<\/th>\n<td>Hasta 60.000 bocanadas<\/td>\n<\/tr>\n<tr>\n<th>Capacidad de e-l\u00edquido<\/th>\n<td>40 ml<\/td>\n<\/tr>\n<tr>\n<th>Bater\u00eda<\/th>\n<td>1000 mAh, recargable tipo C<\/td>\n<\/tr>\n<tr>\n<th>Tipo de bobina<\/th>\n<td>Bobina de malla de 0,6\u03a9<\/td>\n<\/tr>\n<tr>\n<th>Opciones de nicotina<\/th>\n<td>0%, 2%, 3%, 5%<\/td>\n<\/tr>\n<tr>\n<th>Pantalla<\/th>\n<td>Pantalla LED inteligente<\/td>\n<\/tr>\n<tr>\n<th>Dise\u00f1o<\/th>\n<td>Cuerpo transparente<\/td>\n<\/tr>\n<tr>\n<th>Embalaje<\/th>\n<td>Paquete de 8 unidades<\/td>\n<\/tr>\n<\/tbody>\n<\/table>\n<h3>Lista de sabores<\/h3>\n<p>Menta fresca<br \/>\nManzana doble<br \/>\nFresa Kiwi<br \/>\nSand\u00eda Fresa Mel\u00f3n<br \/>\nMezcla de bayas<br \/>\nCerveza negra<br \/>\nCereza menta<br \/>\nMelocot\u00f3n Mango Sand\u00eda<br \/>\nBlue Razz<br \/>\nFruta de la pasi\u00f3n<\/p>","protected":false},"excerpt":{"rendered":"<p>El vapeador desechable Bang Blaze 60K Shisha proporciona hasta 60.000 caladas con sabores duales, potente bater\u00eda de 1000mAh y bobina de malla de 0,6\u03a9, perfecto para vapeadores intensos, tiendas de vapeo y mayoristas.<\/p>","protected":false},"featured_media":41847,"comment_status":"open","ping_status":"closed","template":"","meta":[],"product_brand":[239],"product_cat":[37,320,137,146,138,141,143],"product_tag":[],"class_list":{"0":"post-41846","1":"product","2":"type-product","3":"status-publish","4":"has-post-thumbnail","6":"product_brand-bang","7":"product_cat-bang","8":"product_cat-best-disposable-vapes","9":"product_cat-disposable-vapes-in-germany","10":"product_cat-disposable-vapes-in-hungary","11":"product_cat-disposable-vapes-in-ltaly","12":"product_cat-disposable-vapes-in-poland","13":"product_cat-disposable-vapes-in-spain","15":"first","16":"instock","17":"shipping-taxable","18":"purchasable","19":"product-type-variable","20":"has-default-attributes"},"jetpack_sharing_enabled":true,"tiered_pricing_type":"fixed","tiered_pricing_fixed_rules":{"30":9.3300000000000000710542735760100185871124267578125,"50":7.519999999999999573674358543939888477325439453125,"100":6.87000000000000010658141036401502788066864013671875,"200":6.61000000000000031974423109204508364200592041015625,"400":6.089999999999999857891452847979962825775146484375},"tiered_pricing_product_settings":{"layout":"default","base_unit_name":{"singular":null,"plural":null},"default_variation":null},"tiered_pricing_minimum_quantity":10,"tiered_pricing_roles_data":[],"tiered_pricing_percentage_rules":[],"tiered_pricing_maximum_quantity":null,"tiered_pricing_quantity_step":"10","_links":{"self":[{"href":"https:\/\/aiviouvapes.com\/es\/wp-json\/wp\/v2\/product\/41846","targetHints":{"allow":["GET"]}}],"collection":[{"href":"https:\/\/aiviouvapes.com\/es\/wp-json\/wp\/v2\/product"}],"about":[{"href":"https:\/\/aiviouvapes.com\/es\/wp-json\/wp\/v2\/types\/product"}],"replies":[{"embeddable":true,"href":"https:\/\/aiviouvapes.com\/es\/wp-json\/wp\/v2\/comments?post=41846"}],"wp:featuredmedia":[{"embeddable":true,"href":"https:\/\/aiviouvapes.com\/es\/wp-json\/wp\/v2\/media\/41847"}],"wp:attachment":[{"href":"https:\/\/aiviouvapes.com\/es\/wp-json\/wp\/v2\/media?parent=41846"}],"wp:term":[{"taxonomy":"product_brand","embeddable":true,"href":"https:\/\/aiviouvapes.com\/es\/wp-json\/wp\/v2\/product_brand?post=41846"},{"taxonomy":"product_cat","embeddable":true,"href":"https:\/\/aiviouvapes.com\/es\/wp-json\/wp\/v2\/product_cat?post=41846"},{"taxonomy":"product_tag","embeddable":true,"href":"https:\/\/aiviouvapes.com\/es\/wp-json\/wp\/v2\/product_tag?post=41846"}],"curies":[{"name":"wp","href":"https:\/\/api.w.org\/{rel}","templated":true}]}}