{"id":41615,"date":"2025-07-02T00:17:15","date_gmt":"2025-07-01T16:17:15","guid":{"rendered":"https:\/\/aiviouvapes.com\/?post_type=product&#038;p=41615"},"modified":"2026-04-17T13:00:44","modified_gmt":"2026-04-17T05:00:44","slug":"bang-king-triple-flavors-85000","status":"publish","type":"product","link":"https:\/\/aiviouvapes.com\/es\/product\/bang-king-triple-flavors-85000\/","title":{"rendered":"Bang King 85K 3 en 1 85000 Puffs | vape desechable triple sabor a granel"},"content":{"rendered":"<h2>\ud83c\udf89 <strong>\u00bfPor qu\u00e9 comprar Bang King 85K?<\/strong><\/h2>\n<p>Si deseas un vapeo potente y duradero con la m\u00e1xima flexibilidad de sabor, el Bang King 85K es tu nuevo mejor amigo. Disfrute de <strong>85.000 bocanadas<\/strong>, un enorme <strong>63 ml<\/strong> de capacidad total de e-l\u00edquido, y la libertad de cambiar entre tres sabores ajustables. Tanto si te gustan las mezclas afrutadas, heladas o inspiradas en los refrescos, este vapeador de triple bobina de malla ofrece nubes suaves y consistentes en cada calada. Perfecto para compradores a granel, minoristas o vapeadores intensivos que buscan sesiones fiables y satisfactorias.<\/p>\n<h3>\ud83d\udd0d <strong>Especificaciones<\/strong><\/h3>\n<ul>\n<li><strong>Potencia de nicotina:<\/strong> 0% \/ 2% \/ 3% \/ 5%<\/li>\n<li><strong>Conteo de Puff:<\/strong> 85.000 bocanadas<\/li>\n<li><strong>Sabores ajustables:<\/strong> 3 sabores ajustables<\/li>\n<li><strong>Capacidad de e-l\u00edquido:<\/strong> 21mL \u00d7 3 (total 63mL)<\/li>\n<li><strong>Capacidad de la bater\u00eda:<\/strong> 600 mAh recargable<\/li>\n<li><strong>Tipo de bobina:<\/strong> Bobina de malla triple (1,0\u03a9)<\/li>\n<li><strong>Pantalla:<\/strong> Pantalla LED<\/li>\n<li><strong>Cargando:<\/strong> Tipo-C<\/li>\n<li><strong>Embalaje:<\/strong> 10 unidades por paquete<\/li>\n<li><strong>Opciones de sabor:<\/strong> 16 combinaciones de triple sabor<\/li>\n<\/ul>\n<h3>\ud83c\udf08 <strong>Opciones de sabor<\/strong><\/h3>\n<p>Explore estas deliciosas combinaciones para satisfacer todos los gustos:<\/p>\n<ul>\n<li>Sand\u00eda Helada &amp; Red Bull &amp; Fresa Kiwi<\/li>\n<li>Coca-Cola de Fresa y Vainilla &amp; Hielo de Drag\u00f3n Negro &amp; Hielo de Melocot\u00f3n<\/li>\n<li>Hielo de ar\u00e1ndanos, lima lim\u00f3n y sand\u00eda con fresas<\/li>\n<li>Kiwi Fruta de la Pasi\u00f3n Guayaba &amp; Lush Ice &amp; Straw Mango<\/li>\n<li>Fresa Pl\u00e1tano &amp; Limonada Rosa &amp; Sand\u00eda Frambuesa<\/li>\n<li>Blue Razz Ice &amp; Sand\u00eda con fresa &amp; Sand\u00eda Ice<\/li>\n<li>Melocot\u00f3n Mango &amp; Azul Razz Cereza &amp; Menta Fresca<\/li>\n<li>Berry Lemonade &amp; Strawberry Red Bull &amp; Strawberry Pomp<\/li>\n<li>Frutas tropicales y lim\u00f3n Melocot\u00f3n y fresa Sand\u00eda<\/li>\n<li>Doble Fusi\u00f3n de Manzana y Pi\u00f1a con Hielo y Frutas<\/li>\n<li>Pi\u00f1a Coco &amp; Blue Razz &amp; Fresa Pl\u00e1tano<\/li>\n<li>Cola Ice &amp; Cherry Cola &amp; Mr Blue<\/li>\n<li>Sand\u00eda con fresa y triple helado de mel\u00f3n y fresa<\/li>\n<li>Donut de fresa &amp; Love 66 &amp; Hielo de pl\u00e1tano<\/li>\n<li>Hielo de frutas del bosque y mango Melocot\u00f3n y uva<\/li>\n<li>Ice Tea Lemon Ice &amp; Lychee Ice &amp; Mango On Ice<\/li>\n<\/ul>","protected":false},"excerpt":{"rendered":"<p>\u00a1Prep\u00e1rate para el triple de potencia de sabor! El nuevo Bang King 85K ofrece 85.000 caladas, 3 sabores ajustables y una enorme capacidad en un atrevido vaporizador recargable desechable.<\/p>","protected":false},"featured_media":41617,"comment_status":"open","ping_status":"closed","template":"","meta":[],"product_brand":[239],"product_cat":[37,336,242,320,90,572],"product_tag":[384,382,381,383,385],"class_list":{"0":"post-41615","1":"product","2":"type-product","3":"status-publish","4":"has-post-thumbnail","6":"product_brand-bang","7":"product_cat-bang","8":"product_cat-100k-puffs-disposable-vape","9":"product_cat-60000-puffs-disposable-vape","10":"product_cat-best-disposable-vapes","11":"product_cat-big-puffs-vapes","12":"product_cat-new-2","13":"product_tag-3-in-1-adjustable-flavor-vape","14":"product_tag-85000-puffs-triple-flavor-vape","15":"product_tag-bang-king-85k-disposable-vape","16":"product_tag-bulk-rechargeable-vape-device","17":"product_tag-long-lasting-mesh-coil-vape","19":"first","20":"instock","21":"shipping-taxable","22":"purchasable","23":"product-type-variable","24":"has-default-attributes"},"jetpack_sharing_enabled":true,"tiered_pricing_type":"fixed","tiered_pricing_fixed_rules":{"2000":5.37000000000000010658141036401502788066864013671875},"tiered_pricing_product_settings":{"layout":"default","base_unit_name":{"singular":null,"plural":null},"default_variation":null},"tiered_pricing_minimum_quantity":1000,"tiered_pricing_roles_data":[],"tiered_pricing_percentage_rules":[],"tiered_pricing_maximum_quantity":null,"tiered_pricing_quantity_step":"10","_links":{"self":[{"href":"https:\/\/aiviouvapes.com\/es\/wp-json\/wp\/v2\/product\/41615","targetHints":{"allow":["GET"]}}],"collection":[{"href":"https:\/\/aiviouvapes.com\/es\/wp-json\/wp\/v2\/product"}],"about":[{"href":"https:\/\/aiviouvapes.com\/es\/wp-json\/wp\/v2\/types\/product"}],"replies":[{"embeddable":true,"href":"https:\/\/aiviouvapes.com\/es\/wp-json\/wp\/v2\/comments?post=41615"}],"wp:featuredmedia":[{"embeddable":true,"href":"https:\/\/aiviouvapes.com\/es\/wp-json\/wp\/v2\/media\/41617"}],"wp:attachment":[{"href":"https:\/\/aiviouvapes.com\/es\/wp-json\/wp\/v2\/media?parent=41615"}],"wp:term":[{"taxonomy":"product_brand","embeddable":true,"href":"https:\/\/aiviouvapes.com\/es\/wp-json\/wp\/v2\/product_brand?post=41615"},{"taxonomy":"product_cat","embeddable":true,"href":"https:\/\/aiviouvapes.com\/es\/wp-json\/wp\/v2\/product_cat?post=41615"},{"taxonomy":"product_tag","embeddable":true,"href":"https:\/\/aiviouvapes.com\/es\/wp-json\/wp\/v2\/product_tag?post=41615"}],"curies":[{"name":"wp","href":"https:\/\/api.w.org\/{rel}","templated":true}]}}