{"id":4097,"date":"2024-08-18T08:06:16","date_gmt":"2024-08-18T00:06:16","guid":{"rendered":"https:\/\/aiviouvapes.com\/?post_type=product&#038;p=4097"},"modified":"2025-08-06T15:12:07","modified_gmt":"2025-08-06T07:12:07","slug":"bang-box-18000puffs-dual-mesh-disposable-wholesale","status":"publish","type":"product","link":"https:\/\/aiviouvapes.com\/es\/product\/bang-box-18000puffs-dual-mesh-disposable-wholesale\/","title":{"rendered":"Bang Box 18000 Puffs | 0%-5% nicotina, 26mL, pantalla LED, vape desechable a granel"},"content":{"rendered":"<h2>Bang Caja de 18000 bocanadas | Malla doble 0% 2% 3% 5% Nicotina, 26 ml de e-l\u00edquido, 850 mAh recargable, pantalla digital LED, compra al por mayor de vaporizadores desechables<\/h2>\n<h3>Descripci\u00f3n general y caracter\u00edsticas de BANG BOX 18000 Puffs<\/h3>\n<p>El BANG BOX 18000 Puffs est\u00e1 dise\u00f1ado para un disfrute prolongado, ofrece una impresionante capacidad de 18 000 bocanadas y una generosa cantidad de 26 ml de e-l\u00edquido premium para un uso duradero. Alimentado por una bater\u00eda recargable de 850 mAh, este dispositivo garantiza sesiones ininterrumpidas con potencia constante. La bobina de malla doble con una resistencia de 0,8 \u03a9 proporciona un vapor suave y sabroso, mientras que la pantalla digital LED ofrece monitoreo del dispositivo en tiempo real. Disponible en concentraciones de nicotina de 0%, 2%, 3% y 5%, el BANG BOX satisface una variedad de preferencias, lo que permite una experiencia de vapeo personalizada.<\/p>\n<ul>\n<li><strong>Hasta 18.000 bocanadas<\/strong>:Ofrece una satisfacci\u00f3n de vapeo prolongada, maximizando el valor.<\/li>\n<li><strong>Capacidad de e-l\u00edquido de 26 ml<\/strong>:Reduce la necesidad de recargas frecuentes para un disfrute prolongado.<\/li>\n<li><strong>Bater\u00eda de 850 mAh<\/strong>:Garantiza una alimentaci\u00f3n constante con una c\u00f3moda recarga tipo C.<\/li>\n<li><strong>Opciones de nicotina<\/strong>:Disponible en 0%, 2%, 3% y 5% para adaptarse a diversas necesidades.<\/li>\n<li><strong>Bobina de malla doble de 0,8 \u03a9<\/strong>:Mejora la consistencia del vapor y la riqueza del sabor.<\/li>\n<li><strong>Pantalla digital LED<\/strong>:Monitorea el estado del dispositivo en tiempo real para mayor comodidad.<\/li>\n<\/ul>\n<h3>BANG BOX 18000 Puffs Sabores en stock:<\/h3>\n<p>Fresa y kiwi, helado de ar\u00e1ndano, fresa y sand\u00eda, helado de sand\u00eda, helado de ar\u00e1ndano y frambuesa \u00e1cida, helado de frambuesa y sand\u00eda, sangre de tigre, helado de triple baya, jugo de melocot\u00f3n, fresa y mango, doble manzana, mango y melocot\u00f3n y sand\u00eda.<\/p>\n<h3>\u00bfPor qu\u00e9 elegir el BANG BOX 18000 Puffs?<\/h3>\n<p>El BANG BOX 18000 ofrece una experiencia de vapeo de primera calidad con una gran capacidad de calada, tecnolog\u00eda de resistencia avanzada y monitoreo en tiempo real, lo que lo convierte en la mejor opci\u00f3n para los vapeadores que buscan rendimiento y sabor. Su dise\u00f1o compacto y elegante es perfecto para usar en movimiento, mientras que la bater\u00eda robusta y la f\u00e1cil carga tipo C agregan comodidad. Ideal para la venta al por mayor, este dispositivo satisface las necesidades tanto de los vapeadores novatos como de los experimentados con su construcci\u00f3n de alta calidad y su amplia selecci\u00f3n de sabores. Ya sea que sea un entusiasta del vapeo o un minorista, el BANG BOX 18000 Puffs brinda un valor y una satisfacci\u00f3n excepcionales en cada calada.<\/p>\n<h3>\u00bfPor qu\u00e9 elegir AiviouVapes?<\/h3>\n<p>Bienvenido a <a href=\"https:\/\/aiviouvapes.com\/es\/\">AiviouVapes<\/a> - su fuente de confianza para <a href=\"https:\/\/aiviouvapes.com\/es\/shop\/\">vapes desechables al por mayor<\/a> a precios realmente bajos. Con m\u00e1s de cinco a\u00f1os de experiencia en la industria del vapeo, estamos orgullosos de ofrecer una selecci\u00f3n de marcas l\u00edderes, incluyendo <a href=\"https:\/\/aiviouvapes.com\/es\/categoria-producto\/waspe\/\">WASPE<\/a>, <a href=\"https:\/\/aiviouvapes.com\/es\/categoria-producto\/bang\/\">Bang Vape<\/a>, <a href=\"https:\/\/aiviouvapes.com\/es\/categoria-producto\/vapme-vapes\/\">Vapme<\/a>y <a href=\"https:\/\/aiviouvapes.com\/es\/categoria-producto\/mrvi\/\">MRVI<\/a>.<\/p>\n<p>Desde dispositivos de gran potencia como el <a href=\"https:\/\/aiviouvapes.com\/es\/producto\/waspe-4-in-1-100000-puffs\/\">WASPE 100K Sabor 4 en 1<\/a> a audaces favoritos como el <a href=\"https:\/\/aiviouvapes.com\/es\/producto\/bang-king-triple-flavors-85000\/\">Bang 85.000 Triple Puff<\/a>e incluso el emocionante <a class=\"woocommerce-LoopProduct-link woocommerce-loop-product__link\" href=\"https:\/\/aiviouvapes.com\/es\/producto\/mystery-vape-blind-box\/\">Caja de Vape Desechable Misteriosa<\/a>En AiviouVapes, cada producto es elegido por su alta calidad y valor inmejorable. En AiviouVapes, disfrutar\u00e1 de un gran servicio, ahorros al por mayor y una colecci\u00f3n dise\u00f1ada para satisfacer sus necesidades de vapeo.<\/p>\n<div class=\"row row-large row-full-width align-middle\"  id=\"row-1278781519\">\n\n\n\t<div id=\"col-1850154817\" class=\"col medium-3 small-6 large-3\"  >\n\t\t\t\t<div class=\"col-inner text-center\"  >\n\t\t\t\n\t\t\t\n\n\n\t\t<div class=\"icon-box featured-box icon-box-top text-left\"  >\n\t\t\t\t\t<div class=\"icon-box-img\" style=\"width: 90px\">\n\t\t\t\t<div class=\"icon\">\n\t\t\t\t\t<div class=\"icon-inner\" >\n\t\t\t\t\t\t<img loading=\"lazy\" decoding=\"async\" width=\"200\" height=\"200\" src=\"https:\/\/i0.wp.com\/aiviouvapes.com\/wp-content\/uploads\/2024\/08\/vape-1-1.png?fit=200%2C200&amp;ssl=1\" class=\"attachment-medium size-medium\" alt=\"Por qu\u00e9 elegir AIVIOUVAPES\" srcset=\"https:\/\/i0.wp.com\/aiviouvapes.com\/wp-content\/uploads\/2024\/08\/vape-1-1.png?w=200&amp;ssl=1 200w, https:\/\/i0.wp.com\/aiviouvapes.com\/wp-content\/uploads\/2024\/08\/vape-1-1.png?resize=150%2C150&amp;ssl=1 150w, https:\/\/i0.wp.com\/aiviouvapes.com\/wp-content\/uploads\/2024\/08\/vape-1-1.png?resize=12%2C12&amp;ssl=1 12w, https:\/\/i0.wp.com\/aiviouvapes.com\/wp-content\/uploads\/2024\/08\/vape-1-1.png?resize=100%2C100&amp;ssl=1 100w\" sizes=\"auto, (max-width: 200px) 100vw, 200px\" title=\"\">\t\t\t\t\t<\/div>\n\t\t\t\t<\/div>\n\t\t\t<\/div>\n\t\t\t\t<div class=\"icon-box-text last-reset\">\n\t\t\t\t\t\t\t\t\t\n\n\t<div id=\"text-3625430490\" class=\"text\">\n\t\t\n\n<h3 style=\"text-align: center;\">Amplia variedad de vaporizadores<\/h3>\n<p style=\"text-align: center;\">Descubra nuestra amplia gama de productos, dise\u00f1ados para adaptarse a todos los gustos.<\/p>\n\t\t\n<style>\n#text-3625430490 {\n  font-size: 0.9rem;\n}\n<\/style>\n\t<\/div>\n\t\n\n\t\t<\/div>\n\t<\/div>\n\t\n\t\n\n\t\t<\/div>\n\t\t\t\t\t<\/div>\n\n\t\n\n\t<div id=\"col-1101244350\" class=\"col medium-3 small-6 large-3\"  >\n\t\t\t\t<div class=\"col-inner text-center\"  >\n\t\t\t\n\t\t\t\n\n\n\t\t<div class=\"icon-box featured-box icon-box-top text-left\"  >\n\t\t\t\t\t<div class=\"icon-box-img\" style=\"width: 90px\">\n\t\t\t\t<div class=\"icon\">\n\t\t\t\t\t<div class=\"icon-inner\" >\n\t\t\t\t\t\t<img loading=\"lazy\" decoding=\"async\" width=\"200\" height=\"200\" src=\"https:\/\/i0.wp.com\/aiviouvapes.com\/wp-content\/uploads\/2024\/08\/save-money-1-1-1.png?fit=200%2C200&amp;ssl=1\" class=\"attachment-medium size-medium\" alt=\"Por qu\u00e9 elegir AIVIOUVAPES\" srcset=\"https:\/\/i0.wp.com\/aiviouvapes.com\/wp-content\/uploads\/2024\/08\/save-money-1-1-1.png?w=200&amp;ssl=1 200w, https:\/\/i0.wp.com\/aiviouvapes.com\/wp-content\/uploads\/2024\/08\/save-money-1-1-1.png?resize=150%2C150&amp;ssl=1 150w, https:\/\/i0.wp.com\/aiviouvapes.com\/wp-content\/uploads\/2024\/08\/save-money-1-1-1.png?resize=12%2C12&amp;ssl=1 12w, https:\/\/i0.wp.com\/aiviouvapes.com\/wp-content\/uploads\/2024\/08\/save-money-1-1-1.png?resize=100%2C100&amp;ssl=1 100w\" sizes=\"auto, (max-width: 200px) 100vw, 200px\" title=\"\">\t\t\t\t\t<\/div>\n\t\t\t\t<\/div>\n\t\t\t<\/div>\n\t\t\t\t<div class=\"icon-box-text last-reset\">\n\t\t\t\t\t\t\t\t\t\n\n\t<div id=\"text-4234715716\" class=\"text\">\n\t\t\n\n<h3 style=\"text-align: center;\">Valor inmejorable<\/h3>\n<p style=\"text-align: center;\">Disfrute de productos de primera calidad a precios que se ajustan a su presupuesto.<\/p>\n\t\t\n<style>\n#text-4234715716 {\n  font-size: 0.9rem;\n}\n<\/style>\n\t<\/div>\n\t\n\n\t\t<\/div>\n\t<\/div>\n\t\n\t\n\n\t\t<\/div>\n\t\t\t\t\t<\/div>\n\n\t\n\n\t<div id=\"col-827817206\" class=\"col medium-3 small-6 large-3\"  >\n\t\t\t\t<div class=\"col-inner text-center\"  >\n\t\t\t\n\t\t\t\n\n\n\t\t<div class=\"icon-box featured-box icon-box-top text-left\"  >\n\t\t\t\t\t<div class=\"icon-box-img\" style=\"width: 90px\">\n\t\t\t\t<div class=\"icon\">\n\t\t\t\t\t<div class=\"icon-inner\" >\n\t\t\t\t\t\t<img loading=\"lazy\" decoding=\"async\" width=\"200\" height=\"200\" src=\"https:\/\/i0.wp.com\/aiviouvapes.com\/wp-content\/uploads\/2024\/08\/delivery-truck-1-1.png?fit=200%2C200&amp;ssl=1\" class=\"attachment-medium size-medium\" alt=\"Por qu\u00e9 elegir AIVIOUVAPES\" srcset=\"https:\/\/i0.wp.com\/aiviouvapes.com\/wp-content\/uploads\/2024\/08\/delivery-truck-1-1.png?w=200&amp;ssl=1 200w, https:\/\/i0.wp.com\/aiviouvapes.com\/wp-content\/uploads\/2024\/08\/delivery-truck-1-1.png?resize=150%2C150&amp;ssl=1 150w, https:\/\/i0.wp.com\/aiviouvapes.com\/wp-content\/uploads\/2024\/08\/delivery-truck-1-1.png?resize=12%2C12&amp;ssl=1 12w, https:\/\/i0.wp.com\/aiviouvapes.com\/wp-content\/uploads\/2024\/08\/delivery-truck-1-1.png?resize=100%2C100&amp;ssl=1 100w\" sizes=\"auto, (max-width: 200px) 100vw, 200px\" title=\"\">\t\t\t\t\t<\/div>\n\t\t\t\t<\/div>\n\t\t\t<\/div>\n\t\t\t\t<div class=\"icon-box-text last-reset\">\n\t\t\t\t\t\t\t\t\t\n\n\t<div id=\"text-99674987\" class=\"text\">\n\t\t\n\n<h3 style=\"text-align: center;\">Env\u00edo r\u00e1pido a nivel mundial<\/h3>\n<p style=\"text-align: center;\">Realizamos entregas en todo el mundo con despacho de aduana garantizado para una experiencia perfecta.<\/p>\n\t\t\n<style>\n#text-99674987 {\n  font-size: 0.9rem;\n}\n<\/style>\n\t<\/div>\n\t\n\n\t\t<\/div>\n\t<\/div>\n\t\n\t\n\n\t\t<\/div>\n\t\t\t\t\t<\/div>\n\n\t\n\n\t<div id=\"col-343318475\" class=\"col medium-3 small-6 large-3\"  >\n\t\t\t\t<div class=\"col-inner text-center\"  >\n\t\t\t\n\t\t\t\n\n\n\t\t<div class=\"icon-box featured-box icon-box-top text-left\"  >\n\t\t\t\t\t<div class=\"icon-box-img\" style=\"width: 90px\">\n\t\t\t\t<div class=\"icon\">\n\t\t\t\t\t<div class=\"icon-inner\" >\n\t\t\t\t\t\t<img loading=\"lazy\" decoding=\"async\" width=\"200\" height=\"200\" src=\"https:\/\/i0.wp.com\/aiviouvapes.com\/wp-content\/uploads\/2024\/08\/support-1-1.png?fit=200%2C200&amp;ssl=1\" class=\"attachment-medium size-medium\" alt=\"Por qu\u00e9 elegir AIVIOUVAPES\" srcset=\"https:\/\/i0.wp.com\/aiviouvapes.com\/wp-content\/uploads\/2024\/08\/support-1-1.png?w=200&amp;ssl=1 200w, https:\/\/i0.wp.com\/aiviouvapes.com\/wp-content\/uploads\/2024\/08\/support-1-1.png?resize=150%2C150&amp;ssl=1 150w, https:\/\/i0.wp.com\/aiviouvapes.com\/wp-content\/uploads\/2024\/08\/support-1-1.png?resize=12%2C12&amp;ssl=1 12w, https:\/\/i0.wp.com\/aiviouvapes.com\/wp-content\/uploads\/2024\/08\/support-1-1.png?resize=100%2C100&amp;ssl=1 100w\" sizes=\"auto, (max-width: 200px) 100vw, 200px\" title=\"\">\t\t\t\t\t<\/div>\n\t\t\t\t<\/div>\n\t\t\t<\/div>\n\t\t\t\t<div class=\"icon-box-text last-reset\">\n\t\t\t\t\t\t\t\t\t\n\n\t<div id=\"text-1358957441\" class=\"text\">\n\t\t\n\n<h3 style=\"text-align: center;\">Asistencia las 24 horas<\/h3>\n<p style=\"text-align: center;\">Comun\u00edquese con nuestro equipo de soporte en cualquier momento, las 24 horas del d\u00eda, los 7 d\u00edas de la semana, a trav\u00e9s de WhatsApp o correo electr\u00f3nico.<\/p>\n\t\t\n<style>\n#text-1358957441 {\n  font-size: 0.9rem;\n}\n<\/style>\n\t<\/div>\n\t\n\n\t\t<\/div>\n\t<\/div>\n\t\n\t\n\n\t\t<\/div>\n\t\t\t\t\t<\/div>\n\n\t\n\n<\/div>\n<div class=\"row row-full-width align-middle\"  id=\"row-1218734072\">\n\n\n\t<div id=\"col-27268794\" class=\"col medium-6 small-12 large-6\"  >\n\t\t\t\t<div class=\"col-inner\"  >\n\t\t\t\n\t\t\t\n\n\t<div class=\"img has-hover x md-x lg-x y md-y lg-y\" id=\"image_223869860\">\n\t\t\t\t\t\t\t\t<div class=\"img-inner dark\" >\n\t\t\t<img loading=\"lazy\" decoding=\"async\" width=\"930\" height=\"1024\" src=\"https:\/\/i0.wp.com\/aiviouvapes.com\/wp-content\/uploads\/2024\/08\/%E6%8B%BC%E5%9B%BE.jpg?fit=930%2C1024&amp;ssl=1\" class=\"attachment-large size-large\" alt=\"Por qu\u00e9 elegir AIVIOUVAPES\" title=\"\">\t\t\t\t\t\t\n\t\t\t\t\t<\/div>\n\t\t\t\t\t\t\t\t\n<style>\n#image_223869860 {\n  width: 100%;\n}\n<\/style>\n\t<\/div>\n\t\n\n\n\t\t<\/div>\n\t\t\t\t\t<\/div>\n\n\t\n\n\t<div id=\"col-2086903611\" class=\"col medium-6 small-12 large-6\"  >\n\t\t\t\t<div class=\"col-inner\"  >\n\t\t\t\n\t\t\t\n\n<div class=\"container section-title-container\" ><h4 class=\"section-title section-title-normal\"><b aria-hidden=\"true\"><\/b><span class=\"section-title-main\" style=\"font-size:91%;\">Nuestras ventajas<\/span><b aria-hidden=\"true\"><\/b><\/h4><\/div>\n\n<div class=\"accordion\">\n\n\t<div id=\"accordion-3574508894\" class=\"accordion-item\">\n\t\t<a id=\"accordion-3574508894-label\" class=\"accordion-title plain\" href=\"#accordion-item-commitment-to-quality\" aria-expanded=\"false\" aria-controls=\"accordion-3574508894-content\">\n\t\t\t<button class=\"toggle\" aria-label=\"Toggle\"><i class=\"icon-angle-down\" aria-hidden=\"true\"><\/i><\/button>\n\t\t\t<span>Compromiso con la calidad<\/span>\n\t\t<\/a>\n\t\t<div id=\"accordion-3574508894-content\" class=\"accordion-inner\" aria-labelledby=\"accordion-3574508894-label\">\n\t\t\t\n\n<p>En <a href=\"https:\/\/aiviouvapes.com\/es\/\">AiviouVape<\/a>La calidad es el motor de todo lo que hacemos. Nuestros vaporizadores desechables se elaboran meticulosamente y se prueban rigurosamente para cumplir con los est\u00e1ndares m\u00e1s altos, lo que garantiza una experiencia de vapeo fluida y confiable en todo momento. Con nuestro compromiso de cero defectos y cero quejas, puede confiar en que est\u00e1 obteniendo lo mejor.<\/p>\n\n\t\t<\/div>\n\t<\/div>\n\t\n\t<div id=\"accordion-1445464696\" class=\"accordion-item\">\n\t\t<a id=\"accordion-1445464696-label\" class=\"accordion-title plain\" href=\"#accordion-item-diverse-range-of-products\" aria-expanded=\"false\" aria-controls=\"accordion-1445464696-content\">\n\t\t\t<button class=\"toggle\" aria-label=\"Toggle\"><i class=\"icon-angle-down\" aria-hidden=\"true\"><\/i><\/button>\n\t\t\t<span>Diversa gama de productos<\/span>\n\t\t<\/a>\n\t\t<div id=\"accordion-1445464696-content\" class=\"accordion-inner\" aria-labelledby=\"accordion-1445464696-label\">\n\t\t\t\n\n<p>Estamos orgullosos de ofrecer una amplia gama de vaporizadores desechables de primera calidad para satisfacer todas las preferencias. Desde las \u00faltimas innovaciones hasta los favoritos de los fans, nuestra selecci\u00f3n incluye marcas de confianza como Waspe, Vapme, RandM Tornado, Bang Box, ELF Box y Bang King. Tanto si buscas los sabores atrevidos de Vapme como el dise\u00f1o elegante de RandM Tornado, nuestra colecci\u00f3n est\u00e1 dise\u00f1ada para ayudarte a descubrir el vapeador perfecto para tu gusto y estilo de vida.<\/p>\n\n\n\t\t<\/div>\n\t<\/div>\n\t\n\t<div id=\"accordion-3110946722\" class=\"accordion-item\">\n\t\t<a id=\"accordion-3110946722-label\" class=\"accordion-title plain\" href=\"#accordion-item-wholesale-and-retail-solutions\" aria-expanded=\"false\" aria-controls=\"accordion-3110946722-content\">\n\t\t\t<button class=\"toggle\" aria-label=\"Toggle\"><i class=\"icon-angle-down\" aria-hidden=\"true\"><\/i><\/button>\n\t\t\t<span>Soluciones para mayoristas y minoristas<\/span>\n\t\t<\/a>\n\t\t<div id=\"accordion-3110946722-content\" class=\"accordion-inner\" aria-labelledby=\"accordion-3110946722-label\">\n\t\t\t\n\n<p>AiviouVape satisface las demandas de los clientes minoristas y mayoristas, ofreciendo productos y servicios excepcionales en todo momento. Si es la primera vez que nos visita, le recomendamos comenzar con un lote peque\u00f1o para que pueda experimentar nuestra calidad de primera mano. Con precios competitivos y est\u00e1ndares premium, somos la opci\u00f3n de confianza en la industria de los vaporizadores desechables.\u00a0<\/p>\n\n\t\t<\/div>\n\t<\/div>\n\t\n\t<div id=\"accordion-1356015266\" class=\"accordion-item\">\n\t\t<a id=\"accordion-1356015266-label\" class=\"accordion-title plain\" href=\"#accordion-item-continuous-improvement\" aria-expanded=\"false\" aria-controls=\"accordion-1356015266-content\">\n\t\t\t<button class=\"toggle\" aria-label=\"Toggle\"><i class=\"icon-angle-down\" aria-hidden=\"true\"><\/i><\/button>\n\t\t\t<span>Mejora continua<\/span>\n\t\t<\/a>\n\t\t<div id=\"accordion-1356015266-content\" class=\"accordion-inner\" aria-labelledby=\"accordion-1356015266-label\">\n\t\t\t\n\n<p>Lo que distingue a AiviouVape es nuestra dedicaci\u00f3n a brindar un servicio al cliente excepcional. Ya sea que necesite asesoramiento antes de comprar o asistencia con un pedido, nuestro equipo siempre est\u00e1 disponible por WhatsApp o correo electr\u00f3nico. Nos esforzamos por construir relaciones duraderas con nuestros clientes, garantizando su satisfacci\u00f3n en cada paso del proceso.<\/p>\n\n\t\t<\/div>\n\t<\/div>\n\t\n\t<div id=\"accordion-883863783\" class=\"accordion-item\">\n\t\t<a id=\"accordion-883863783-label\" class=\"accordion-title plain\" href=\"#accordion-item-quality-assurance\" aria-expanded=\"false\" aria-controls=\"accordion-883863783-content\">\n\t\t\t<button class=\"toggle\" aria-label=\"Toggle\"><i class=\"icon-angle-down\" aria-hidden=\"true\"><\/i><\/button>\n\t\t\t<span>Garant\u00eda de calidad<\/span>\n\t\t<\/a>\n\t\t<div id=\"accordion-883863783-content\" class=\"accordion-inner\" aria-labelledby=\"accordion-883863783-label\">\n\t\t\t\n\n<p>En cada etapa (desarrollo, producci\u00f3n, comercializaci\u00f3n y distribuci\u00f3n del producto), nuestro compromiso con la calidad nunca flaquea. Nuestros vaporizadores desechables se someten a pruebas rigurosas para garantizar que no sean t\u00f3xicos, sean puros y brinden un sabor excepcional. Esta dedicaci\u00f3n a la excelencia constituye la columna vertebral de nuestra cultura corporativa.<\/p>\n\n\t\t<\/div>\n\t<\/div>\n\t\n\t<div id=\"accordion-3972117047\" class=\"accordion-item\">\n\t\t<a id=\"accordion-3972117047-label\" class=\"accordion-title plain\" href=\"#accordion-item-efficient-logistics-and-delivery\" aria-expanded=\"false\" aria-controls=\"accordion-3972117047-content\">\n\t\t\t<button class=\"toggle\" aria-label=\"Toggle\"><i class=\"icon-angle-down\" aria-hidden=\"true\"><\/i><\/button>\n\t\t\t<span>Log\u00edstica y entrega eficaces<\/span>\n\t\t<\/a>\n\t\t<div id=\"accordion-3972117047-content\" class=\"accordion-inner\" aria-labelledby=\"accordion-3972117047-label\">\n\t\t\t\n\n<p>AiviouVape ofrece una log\u00edstica y una entrega eficientes, incluidos los servicios DDP (entrega con derechos pagados), lo que garantiza un despacho de aduana sin problemas y sin tasas ni impuestos. Con una entrega r\u00e1pida y una atenci\u00f3n al cliente excepcional, ofrecemos una experiencia fluida y fiable, lo que nos convierte en un socio de confianza en la industria.<\/p>\n\n\t\t<\/div>\n\t<\/div>\n\t\n\t<div id=\"accordion-1080539074\" class=\"accordion-item\">\n\t\t<a id=\"accordion-1080539074-label\" class=\"accordion-title plain\" href=\"#accordion-item-odm-and-oem-services\" aria-expanded=\"false\" aria-controls=\"accordion-1080539074-content\">\n\t\t\t<button class=\"toggle\" aria-label=\"Toggle\"><i class=\"icon-angle-down\" aria-hidden=\"true\"><\/i><\/button>\n\t\t\t<span>Servicios ODM y OEM<\/span>\n\t\t<\/a>\n\t\t<div id=\"accordion-1080539074-content\" class=\"accordion-inner\" aria-labelledby=\"accordion-1080539074-label\">\n\t\t\t\n\n<p>AiviouVapes ofrece servicios completos de ODM (fabricaci\u00f3n de dise\u00f1o original) y OEM (fabricaci\u00f3n de equipos originales). Con dos grandes instalaciones, ayudamos a los clientes a dise\u00f1ar productos \u00fanicos y logotipos llamativos para los envases. Tambi\u00e9n ofrecemos asesoramiento gratuito sobre el dise\u00f1o de envases y ayudamos a los clientes que envasan sus propios productos, lo que garantiza que su marca destaque en el mercado.<\/p>\n\n\t\t<\/div>\n\t<\/div>\n\t\n\n<\/div>\n\n\t\t<\/div>\n\t\t\t\t\t<\/div>\n\n\t\n\n<\/div>","protected":false},"excerpt":{"rendered":"<p>BANG BOX 18000 Puffs ofrece hasta 18 000 bocanadas con una capacidad de 26 ml de e-l\u00edquido y una bobina de malla doble avanzada para un vapor suave y sabroso. Recargable, con monitoreo en tiempo real, concentraciones de nicotina personalizables y una variedad de sabores emocionantes, es ideal para un vapeo prolongado y satisfactorio.<\/p>","protected":false},"featured_media":4153,"comment_status":"open","ping_status":"closed","template":"","meta":[],"product_brand":[239],"product_cat":[37,128,90,117,81,76,134,135,133,136,137,146,138,139,140,141,142,143,144,145,132,82],"product_tag":[],"class_list":{"0":"post-4097","1":"product","2":"type-product","3":"status-publish","4":"has-post-thumbnail","6":"product_brand-bang","7":"product_cat-bang","8":"product_cat-18000-puffs-disposable-vape","9":"product_cat-big-puffs-vapes","10":"product_cat-different-puffs-of-diposable-vapes","11":"product_cat-digital-box-vapes","12":"product_cat-disposable-vape-types","13":"product_cat-disposable-vapes-in-austria","14":"product_cat-disposable-vapes-in-belgium","15":"product_cat-disposable-vapes-in-europe","16":"product_cat-disposable-vapes-in-france","17":"product_cat-disposable-vapes-in-germany","18":"product_cat-disposable-vapes-in-hungary","19":"product_cat-disposable-vapes-in-ltaly","20":"product_cat-disposable-vapes-in-netherlands","21":"product_cat-disposable-vapes-in-norway","22":"product_cat-disposable-vapes-in-poland","23":"product_cat-disposable-vapes-in-portugal","24":"product_cat-disposable-vapes-in-spain","25":"product_cat-disposable-vapes-in-sweden","26":"product_cat-disposable-vapes-in-switzerland","27":"product_cat-rechargeable-vapes","28":"product_cat-smart-screen-vapes","30":"first","31":"instock","32":"shipping-taxable","33":"purchasable","34":"product-type-variable","35":"has-default-attributes"},"jetpack_sharing_enabled":true,"tiered_pricing_type":"fixed","tiered_pricing_fixed_rules":{"2000":4.62999999999999989341858963598497211933135986328125},"tiered_pricing_product_settings":{"layout":"default","base_unit_name":{"singular":null,"plural":null},"default_variation":null},"tiered_pricing_minimum_quantity":1000,"tiered_pricing_roles_data":[],"tiered_pricing_percentage_rules":[],"tiered_pricing_maximum_quantity":null,"tiered_pricing_quantity_step":"10","_links":{"self":[{"href":"https:\/\/aiviouvapes.com\/es\/wp-json\/wp\/v2\/product\/4097","targetHints":{"allow":["GET"]}}],"collection":[{"href":"https:\/\/aiviouvapes.com\/es\/wp-json\/wp\/v2\/product"}],"about":[{"href":"https:\/\/aiviouvapes.com\/es\/wp-json\/wp\/v2\/types\/product"}],"replies":[{"embeddable":true,"href":"https:\/\/aiviouvapes.com\/es\/wp-json\/wp\/v2\/comments?post=4097"}],"wp:featuredmedia":[{"embeddable":true,"href":"https:\/\/aiviouvapes.com\/es\/wp-json\/wp\/v2\/media\/4153"}],"wp:attachment":[{"href":"https:\/\/aiviouvapes.com\/es\/wp-json\/wp\/v2\/media?parent=4097"}],"wp:term":[{"taxonomy":"product_brand","embeddable":true,"href":"https:\/\/aiviouvapes.com\/es\/wp-json\/wp\/v2\/product_brand?post=4097"},{"taxonomy":"product_cat","embeddable":true,"href":"https:\/\/aiviouvapes.com\/es\/wp-json\/wp\/v2\/product_cat?post=4097"},{"taxonomy":"product_tag","embeddable":true,"href":"https:\/\/aiviouvapes.com\/es\/wp-json\/wp\/v2\/product_tag?post=4097"}],"curies":[{"name":"wp","href":"https:\/\/api.w.org\/{rel}","templated":true}]}}