{"id":4083,"date":"2024-08-21T07:53:03","date_gmt":"2024-08-20T23:53:03","guid":{"rendered":"https:\/\/aiviouvapes.com\/?post_type=product&#038;p=4083"},"modified":"2026-03-24T11:27:06","modified_gmt":"2026-03-24T03:27:06","slug":"fluum-digital-box-tn-15000-puffs-0-2-3-5-nicotine-rechargeable-disposable-vape-pen-pods-e-cigarette-wholesale","status":"publish","type":"product","link":"https:\/\/aiviouvapes.com\/es\/product\/fluum-digital-box-tn-15000-puffs-0-2-3-5-nicotine-rechargeable-disposable-vape-pen-pods-e-cigarette-wholesale\/","title":{"rendered":"Fluum Digital Box TN 15000 Puffs | 0%-5% nicotina, bol\u00edgrafo recargable, vape desechable a granel"},"content":{"rendered":"<h2>Vapeador desechable recargable con nicotina Fluum Digital Box TN de 15000 bocanadas, 0%, 2%, 3%, 5%, venta al por mayor<\/h2>\n<h3>Visi\u00f3n general y caracter\u00edsticas de FLUUM BOX 15000 Puffs<\/h3>\n<p>El FLUUM BOX 15000 Puffs Digital 15k Vape est\u00e1 dise\u00f1ado para un disfrute prolongado con su gran capacidad de e-l\u00edquido de 25ml y sus impresionantes 15.000 puffs. La bater\u00eda recargable de 650mAh del dispositivo prolonga el tiempo de uso, minimizando la frecuencia de recarga para sesiones c\u00f3modas e ininterrumpidas. Ofreciendo 12 sabores diferentes, el FLUUM BOX 15k satisface una gran variedad de gustos, asegurando que hay un sabor para cada preferencia. Disponible en los niveles de nicotina 2% y 5%, permite una experiencia personalizable, ideal tanto para vapeadores nuevos como experimentados que buscan una satisfacci\u00f3n prolongada.<\/p>\n<ul>\n<li><strong>15.000 Puffs<\/strong>: Proporciona una experiencia de vapeo amplia y duradera.<\/li>\n<li><strong>Capacidad de e-l\u00edquido de 25 ml<\/strong>: Reduce la necesidad de recargas frecuentes, ideal para sesiones prolongadas.<\/li>\n<li><strong>Bater\u00eda de 650 mAh<\/strong>: Proporciona energ\u00eda fiable y prolongada con necesidades de carga reducidas.<\/li>\n<li><strong>Opciones de nicotina<\/strong>: Disponible en 2% y 5% para satisfacer diversas preferencias.<\/li>\n<li><strong>12 sabores<\/strong>: Ofrece una amplia selecci\u00f3n para satisfacer los gustos individuales.<\/li>\n<\/ul>\n<h3>FLUUM BOX 15000 Puffs Sabores en Stock:<\/h3>\n<p>Fresa Sand\u00eda, Fresa Mango, Triple Baya, Sand\u00eda Hielo, Mango Melocot\u00f3n, Ar\u00e1ndano Frambuesa, Melocot\u00f3n Hielo, Ar\u00e1ndano Hielo, Manzana Agria, Fresa Kiwi, Kiwi Maracuy\u00e1 Guayaba, Uva Hielo.<\/p>\n<h3>\u00bfPor qu\u00e9 elegir el FLUUM BOX 15000 Puffs Digital 15k Vape?<\/h3>\n<p>El FLUUM BOX 15000 Puffs destaca por su impresionante longevidad, variedad de sabores y dise\u00f1o f\u00e1cil de usar. Su bater\u00eda de 650mAh y su gran capacidad de e-l\u00edquido lo convierten en una opci\u00f3n fiable para un uso prolongado, mientras que su dise\u00f1o compacto garantiza su portabilidad. Con diversidad de sabores y dos niveles de nicotina, es una excelente opci\u00f3n para aquellos que buscan una experiencia de vapeo personalizable. Disponible para la venta al por mayor, el FLUUM BOX 15k es perfecto para los minoristas que buscan un vapeador desechable de alta calidad para satisfacer las demandas de sus clientes.<\/p>\n<h3>FLUUM BOX 15000 Puffs Venta al por mayor Detalles:<\/h3>\n<ul>\n<li><strong>MOQ<\/strong>: 100 piezas<\/li>\n<li><strong>Plazo de entrega<\/strong>: 10-15 d\u00edas despu\u00e9s del env\u00edo<\/li>\n<li><strong>Env\u00edo<\/strong>: El coste var\u00eda en funci\u00f3n del peso del pedido; disponible para la mayor\u00eda de los pa\u00edses europeos, incluidos Pa\u00edses Bajos, Alemania, Francia, Espa\u00f1a, etc.<\/li>\n<\/ul>\n<p>Explora un nuevo mundo de vapeo con el FLUUM BOX 15000 Puffs Digital 15k Vape, dise\u00f1ado para la m\u00e1xima satisfacci\u00f3n y comodidad en cada calada.<\/p>\n<h3>\u00bfPor qu\u00e9 elegir AiviouVapes?<\/h3>\n<p>Bienvenido a <a href=\"https:\/\/aiviouvapes.com\/es\/\">AiviouVapes<\/a> - su fuente de confianza para <a href=\"https:\/\/aiviouvapes.com\/es\/shop\/\">vapes desechables al por mayor<\/a> a precios realmente bajos. Con m\u00e1s de cinco a\u00f1os de experiencia en la industria del vapeo, estamos orgullosos de ofrecer una selecci\u00f3n de marcas l\u00edderes, incluyendo <a href=\"https:\/\/aiviouvapes.com\/es\/categoria-producto\/waspe\/\">WASPE<\/a>, <a href=\"https:\/\/aiviouvapes.com\/es\/categoria-producto\/bang\/\">Bang Vape<\/a>, <a href=\"https:\/\/aiviouvapes.com\/es\/categoria-producto\/vapme-vapes\/\">Vapme<\/a>y <a href=\"https:\/\/aiviouvapes.com\/es\/categoria-producto\/mrvi\/\">MRVI<\/a>.<\/p>\n<p>Desde dispositivos de gran potencia como el <a href=\"https:\/\/aiviouvapes.com\/es\/producto\/waspe-4-in-1-100000-puffs\/\">WASPE 100K Sabor 4 en 1<\/a> a audaces favoritos como el <a href=\"https:\/\/aiviouvapes.com\/es\/producto\/bang-king-triple-flavors-85000\/\">Bang 85.000 Triple Puff<\/a>e incluso el emocionante <a class=\"woocommerce-LoopProduct-link woocommerce-loop-product__link\" href=\"https:\/\/aiviouvapes.com\/es\/producto\/mystery-vape-blind-box\/\">Caja de Vape Desechable Misteriosa<\/a>En AiviouVapes, cada producto es elegido por su alta calidad y valor inmejorable. En AiviouVapes, disfrutar\u00e1 de un gran servicio, ahorros al por mayor y una colecci\u00f3n dise\u00f1ada para satisfacer sus necesidades de vapeo.<\/p>\n<div class=\"row row-large row-full-width align-middle\"  id=\"row-1782541939\">\n\n\n\t<div id=\"col-1026356740\" class=\"col medium-3 small-6 large-3\"  >\n\t\t\t\t<div class=\"col-inner text-center\"  >\n\t\t\t\n\t\t\t\n\n\n\t\t<div class=\"icon-box featured-box icon-box-top text-left\"  >\n\t\t\t\t\t<div class=\"icon-box-img\" style=\"width: 90px\">\n\t\t\t\t<div class=\"icon\">\n\t\t\t\t\t<div class=\"icon-inner\" >\n\t\t\t\t\t\t<img loading=\"lazy\" decoding=\"async\" width=\"200\" height=\"200\" src=\"https:\/\/i0.wp.com\/aiviouvapes.com\/wp-content\/uploads\/2024\/08\/vape-1-1.png?fit=200%2C200&amp;ssl=1\" class=\"attachment-medium size-medium\" alt=\"Por qu\u00e9 elegir AIVIOUVAPES\" srcset=\"https:\/\/i0.wp.com\/aiviouvapes.com\/wp-content\/uploads\/2024\/08\/vape-1-1.png?w=200&amp;ssl=1 200w, https:\/\/i0.wp.com\/aiviouvapes.com\/wp-content\/uploads\/2024\/08\/vape-1-1.png?resize=150%2C150&amp;ssl=1 150w, https:\/\/i0.wp.com\/aiviouvapes.com\/wp-content\/uploads\/2024\/08\/vape-1-1.png?resize=12%2C12&amp;ssl=1 12w, https:\/\/i0.wp.com\/aiviouvapes.com\/wp-content\/uploads\/2024\/08\/vape-1-1.png?resize=100%2C100&amp;ssl=1 100w\" sizes=\"auto, (max-width: 200px) 100vw, 200px\" title=\"\">\t\t\t\t\t<\/div>\n\t\t\t\t<\/div>\n\t\t\t<\/div>\n\t\t\t\t<div class=\"icon-box-text last-reset\">\n\t\t\t\t\t\t\t\t\t\n\n\t<div id=\"text-2113582517\" class=\"text\">\n\t\t\n\n<h3 style=\"text-align: center;\">Amplia variedad de vaporizadores<\/h3>\n<p style=\"text-align: center;\">Descubra nuestra amplia gama de productos, dise\u00f1ados para adaptarse a todos los gustos.<\/p>\n\t\t\n<style>\n#text-2113582517 {\n  font-size: 0.9rem;\n}\n<\/style>\n\t<\/div>\n\t\n\n\t\t<\/div>\n\t<\/div>\n\t\n\t\n\n\t\t<\/div>\n\t\t\t\t\t<\/div>\n\n\t\n\n\t<div id=\"col-2099787223\" class=\"col medium-3 small-6 large-3\"  >\n\t\t\t\t<div class=\"col-inner text-center\"  >\n\t\t\t\n\t\t\t\n\n\n\t\t<div class=\"icon-box featured-box icon-box-top text-left\"  >\n\t\t\t\t\t<div class=\"icon-box-img\" style=\"width: 90px\">\n\t\t\t\t<div class=\"icon\">\n\t\t\t\t\t<div class=\"icon-inner\" >\n\t\t\t\t\t\t<img loading=\"lazy\" decoding=\"async\" width=\"200\" height=\"200\" src=\"https:\/\/i0.wp.com\/aiviouvapes.com\/wp-content\/uploads\/2024\/08\/save-money-1-1-1.png?fit=200%2C200&amp;ssl=1\" class=\"attachment-medium size-medium\" alt=\"Por qu\u00e9 elegir AIVIOUVAPES\" srcset=\"https:\/\/i0.wp.com\/aiviouvapes.com\/wp-content\/uploads\/2024\/08\/save-money-1-1-1.png?w=200&amp;ssl=1 200w, https:\/\/i0.wp.com\/aiviouvapes.com\/wp-content\/uploads\/2024\/08\/save-money-1-1-1.png?resize=150%2C150&amp;ssl=1 150w, https:\/\/i0.wp.com\/aiviouvapes.com\/wp-content\/uploads\/2024\/08\/save-money-1-1-1.png?resize=12%2C12&amp;ssl=1 12w, https:\/\/i0.wp.com\/aiviouvapes.com\/wp-content\/uploads\/2024\/08\/save-money-1-1-1.png?resize=100%2C100&amp;ssl=1 100w\" sizes=\"auto, (max-width: 200px) 100vw, 200px\" title=\"\">\t\t\t\t\t<\/div>\n\t\t\t\t<\/div>\n\t\t\t<\/div>\n\t\t\t\t<div class=\"icon-box-text last-reset\">\n\t\t\t\t\t\t\t\t\t\n\n\t<div id=\"text-2102144509\" class=\"text\">\n\t\t\n\n<h3 style=\"text-align: center;\">Valor inmejorable<\/h3>\n<p style=\"text-align: center;\">Disfrute de productos de primera calidad a precios que se ajustan a su presupuesto.<\/p>\n\t\t\n<style>\n#text-2102144509 {\n  font-size: 0.9rem;\n}\n<\/style>\n\t<\/div>\n\t\n\n\t\t<\/div>\n\t<\/div>\n\t\n\t\n\n\t\t<\/div>\n\t\t\t\t\t<\/div>\n\n\t\n\n\t<div id=\"col-1076140351\" class=\"col medium-3 small-6 large-3\"  >\n\t\t\t\t<div class=\"col-inner text-center\"  >\n\t\t\t\n\t\t\t\n\n\n\t\t<div class=\"icon-box featured-box icon-box-top text-left\"  >\n\t\t\t\t\t<div class=\"icon-box-img\" style=\"width: 90px\">\n\t\t\t\t<div class=\"icon\">\n\t\t\t\t\t<div class=\"icon-inner\" >\n\t\t\t\t\t\t<img loading=\"lazy\" decoding=\"async\" width=\"200\" height=\"200\" src=\"https:\/\/i0.wp.com\/aiviouvapes.com\/wp-content\/uploads\/2024\/08\/delivery-truck-1-1.png?fit=200%2C200&amp;ssl=1\" class=\"attachment-medium size-medium\" alt=\"Por qu\u00e9 elegir AIVIOUVAPES\" srcset=\"https:\/\/i0.wp.com\/aiviouvapes.com\/wp-content\/uploads\/2024\/08\/delivery-truck-1-1.png?w=200&amp;ssl=1 200w, https:\/\/i0.wp.com\/aiviouvapes.com\/wp-content\/uploads\/2024\/08\/delivery-truck-1-1.png?resize=150%2C150&amp;ssl=1 150w, https:\/\/i0.wp.com\/aiviouvapes.com\/wp-content\/uploads\/2024\/08\/delivery-truck-1-1.png?resize=12%2C12&amp;ssl=1 12w, https:\/\/i0.wp.com\/aiviouvapes.com\/wp-content\/uploads\/2024\/08\/delivery-truck-1-1.png?resize=100%2C100&amp;ssl=1 100w\" sizes=\"auto, (max-width: 200px) 100vw, 200px\" title=\"\">\t\t\t\t\t<\/div>\n\t\t\t\t<\/div>\n\t\t\t<\/div>\n\t\t\t\t<div class=\"icon-box-text last-reset\">\n\t\t\t\t\t\t\t\t\t\n\n\t<div id=\"text-2544019637\" class=\"text\">\n\t\t\n\n<h3 style=\"text-align: center;\">Env\u00edo r\u00e1pido a nivel mundial<\/h3>\n<p style=\"text-align: center;\">Realizamos entregas en todo el mundo con despacho de aduana garantizado para una experiencia perfecta.<\/p>\n\t\t\n<style>\n#text-2544019637 {\n  font-size: 0.9rem;\n}\n<\/style>\n\t<\/div>\n\t\n\n\t\t<\/div>\n\t<\/div>\n\t\n\t\n\n\t\t<\/div>\n\t\t\t\t\t<\/div>\n\n\t\n\n\t<div id=\"col-260225814\" class=\"col medium-3 small-6 large-3\"  >\n\t\t\t\t<div class=\"col-inner text-center\"  >\n\t\t\t\n\t\t\t\n\n\n\t\t<div class=\"icon-box featured-box icon-box-top text-left\"  >\n\t\t\t\t\t<div class=\"icon-box-img\" style=\"width: 90px\">\n\t\t\t\t<div class=\"icon\">\n\t\t\t\t\t<div class=\"icon-inner\" >\n\t\t\t\t\t\t<img loading=\"lazy\" decoding=\"async\" width=\"200\" height=\"200\" src=\"https:\/\/i0.wp.com\/aiviouvapes.com\/wp-content\/uploads\/2024\/08\/support-1-1.png?fit=200%2C200&amp;ssl=1\" class=\"attachment-medium size-medium\" alt=\"Por qu\u00e9 elegir AIVIOUVAPES\" srcset=\"https:\/\/i0.wp.com\/aiviouvapes.com\/wp-content\/uploads\/2024\/08\/support-1-1.png?w=200&amp;ssl=1 200w, https:\/\/i0.wp.com\/aiviouvapes.com\/wp-content\/uploads\/2024\/08\/support-1-1.png?resize=150%2C150&amp;ssl=1 150w, https:\/\/i0.wp.com\/aiviouvapes.com\/wp-content\/uploads\/2024\/08\/support-1-1.png?resize=12%2C12&amp;ssl=1 12w, https:\/\/i0.wp.com\/aiviouvapes.com\/wp-content\/uploads\/2024\/08\/support-1-1.png?resize=100%2C100&amp;ssl=1 100w\" sizes=\"auto, (max-width: 200px) 100vw, 200px\" title=\"\">\t\t\t\t\t<\/div>\n\t\t\t\t<\/div>\n\t\t\t<\/div>\n\t\t\t\t<div class=\"icon-box-text last-reset\">\n\t\t\t\t\t\t\t\t\t\n\n\t<div id=\"text-4235404152\" class=\"text\">\n\t\t\n\n<h3 style=\"text-align: center;\">Asistencia las 24 horas<\/h3>\n<p style=\"text-align: center;\">Comun\u00edquese con nuestro equipo de soporte en cualquier momento, las 24 horas del d\u00eda, los 7 d\u00edas de la semana, a trav\u00e9s de WhatsApp o correo electr\u00f3nico.<\/p>\n\t\t\n<style>\n#text-4235404152 {\n  font-size: 0.9rem;\n}\n<\/style>\n\t<\/div>\n\t\n\n\t\t<\/div>\n\t<\/div>\n\t\n\t\n\n\t\t<\/div>\n\t\t\t\t\t<\/div>\n\n\t\n\n<\/div>\n<div class=\"row row-full-width align-middle\"  id=\"row-1621260157\">\n\n\n\t<div id=\"col-616266775\" class=\"col medium-6 small-12 large-6\"  >\n\t\t\t\t<div class=\"col-inner\"  >\n\t\t\t\n\t\t\t\n\n\t<div class=\"img has-hover x md-x lg-x y md-y lg-y\" id=\"image_1037721487\">\n\t\t\t\t\t\t\t\t<div class=\"img-inner dark\" >\n\t\t\t<img loading=\"lazy\" decoding=\"async\" width=\"930\" height=\"1024\" src=\"https:\/\/i0.wp.com\/aiviouvapes.com\/wp-content\/uploads\/2024\/08\/%E6%8B%BC%E5%9B%BE.jpg?fit=930%2C1024&amp;ssl=1\" class=\"attachment-large size-large\" alt=\"Por qu\u00e9 elegir AIVIOUVAPES\" title=\"\">\t\t\t\t\t\t\n\t\t\t\t\t<\/div>\n\t\t\t\t\t\t\t\t\n<style>\n#image_1037721487 {\n  width: 100%;\n}\n<\/style>\n\t<\/div>\n\t\n\n\n\t\t<\/div>\n\t\t\t\t\t<\/div>\n\n\t\n\n\t<div id=\"col-2064204162\" class=\"col medium-6 small-12 large-6\"  >\n\t\t\t\t<div class=\"col-inner\"  >\n\t\t\t\n\t\t\t\n\n<div class=\"container section-title-container\" ><h4 class=\"section-title section-title-normal\"><b aria-hidden=\"true\"><\/b><span class=\"section-title-main\" style=\"font-size:91%;\">Nuestras ventajas<\/span><b aria-hidden=\"true\"><\/b><\/h4><\/div>\n\n<div class=\"accordion\">\n\n\t<div id=\"accordion-4226315461\" class=\"accordion-item\">\n\t\t<a id=\"accordion-4226315461-label\" class=\"accordion-title plain\" href=\"#accordion-item-commitment-to-quality\" aria-expanded=\"false\" aria-controls=\"accordion-4226315461-content\">\n\t\t\t<button class=\"toggle\" aria-label=\"Toggle\"><i class=\"icon-angle-down\" aria-hidden=\"true\"><\/i><\/button>\n\t\t\t<span>Compromiso con la calidad<\/span>\n\t\t<\/a>\n\t\t<div id=\"accordion-4226315461-content\" class=\"accordion-inner\" aria-labelledby=\"accordion-4226315461-label\">\n\t\t\t\n\n<p>En <a href=\"https:\/\/aiviouvapes.com\/es\/\">AiviouVape<\/a>La calidad es el motor de todo lo que hacemos. Nuestros vaporizadores desechables se elaboran meticulosamente y se prueban rigurosamente para cumplir con los est\u00e1ndares m\u00e1s altos, lo que garantiza una experiencia de vapeo fluida y confiable en todo momento. Con nuestro compromiso de cero defectos y cero quejas, puede confiar en que est\u00e1 obteniendo lo mejor.<\/p>\n\n\t\t<\/div>\n\t<\/div>\n\t\n\t<div id=\"accordion-1458674923\" class=\"accordion-item\">\n\t\t<a id=\"accordion-1458674923-label\" class=\"accordion-title plain\" href=\"#accordion-item-diverse-range-of-products\" aria-expanded=\"false\" aria-controls=\"accordion-1458674923-content\">\n\t\t\t<button class=\"toggle\" aria-label=\"Toggle\"><i class=\"icon-angle-down\" aria-hidden=\"true\"><\/i><\/button>\n\t\t\t<span>Diversa gama de productos<\/span>\n\t\t<\/a>\n\t\t<div id=\"accordion-1458674923-content\" class=\"accordion-inner\" aria-labelledby=\"accordion-1458674923-label\">\n\t\t\t\n\n<p>Estamos orgullosos de ofrecer una amplia gama de vaporizadores desechables de primera calidad para satisfacer todas las preferencias. Desde las \u00faltimas innovaciones hasta los favoritos de los fans, nuestra selecci\u00f3n incluye marcas de confianza como Waspe, Vapme, RandM Tornado, Bang Box, ELF Box y Bang King. Tanto si buscas los sabores atrevidos de Vapme como el dise\u00f1o elegante de RandM Tornado, nuestra colecci\u00f3n est\u00e1 dise\u00f1ada para ayudarte a descubrir el vapeador perfecto para tu gusto y estilo de vida.<\/p>\n\n\n\t\t<\/div>\n\t<\/div>\n\t\n\t<div id=\"accordion-2726443445\" class=\"accordion-item\">\n\t\t<a id=\"accordion-2726443445-label\" class=\"accordion-title plain\" href=\"#accordion-item-wholesale-and-retail-solutions\" aria-expanded=\"false\" aria-controls=\"accordion-2726443445-content\">\n\t\t\t<button class=\"toggle\" aria-label=\"Toggle\"><i class=\"icon-angle-down\" aria-hidden=\"true\"><\/i><\/button>\n\t\t\t<span>Soluciones para mayoristas y minoristas<\/span>\n\t\t<\/a>\n\t\t<div id=\"accordion-2726443445-content\" class=\"accordion-inner\" aria-labelledby=\"accordion-2726443445-label\">\n\t\t\t\n\n<p>AiviouVape satisface las demandas de los clientes minoristas y mayoristas, ofreciendo productos y servicios excepcionales en todo momento. Si es la primera vez que nos visita, le recomendamos comenzar con un lote peque\u00f1o para que pueda experimentar nuestra calidad de primera mano. Con precios competitivos y est\u00e1ndares premium, somos la opci\u00f3n de confianza en la industria de los vaporizadores desechables.\u00a0<\/p>\n\n\t\t<\/div>\n\t<\/div>\n\t\n\t<div id=\"accordion-228938002\" class=\"accordion-item\">\n\t\t<a id=\"accordion-228938002-label\" class=\"accordion-title plain\" href=\"#accordion-item-continuous-improvement\" aria-expanded=\"false\" aria-controls=\"accordion-228938002-content\">\n\t\t\t<button class=\"toggle\" aria-label=\"Toggle\"><i class=\"icon-angle-down\" aria-hidden=\"true\"><\/i><\/button>\n\t\t\t<span>Mejora continua<\/span>\n\t\t<\/a>\n\t\t<div id=\"accordion-228938002-content\" class=\"accordion-inner\" aria-labelledby=\"accordion-228938002-label\">\n\t\t\t\n\n<p>Lo que distingue a AiviouVape es nuestra dedicaci\u00f3n a brindar un servicio al cliente excepcional. Ya sea que necesite asesoramiento antes de comprar o asistencia con un pedido, nuestro equipo siempre est\u00e1 disponible por WhatsApp o correo electr\u00f3nico. Nos esforzamos por construir relaciones duraderas con nuestros clientes, garantizando su satisfacci\u00f3n en cada paso del proceso.<\/p>\n\n\t\t<\/div>\n\t<\/div>\n\t\n\t<div id=\"accordion-266796427\" class=\"accordion-item\">\n\t\t<a id=\"accordion-266796427-label\" class=\"accordion-title plain\" href=\"#accordion-item-quality-assurance\" aria-expanded=\"false\" aria-controls=\"accordion-266796427-content\">\n\t\t\t<button class=\"toggle\" aria-label=\"Toggle\"><i class=\"icon-angle-down\" aria-hidden=\"true\"><\/i><\/button>\n\t\t\t<span>Garant\u00eda de calidad<\/span>\n\t\t<\/a>\n\t\t<div id=\"accordion-266796427-content\" class=\"accordion-inner\" aria-labelledby=\"accordion-266796427-label\">\n\t\t\t\n\n<p>En cada etapa (desarrollo, producci\u00f3n, comercializaci\u00f3n y distribuci\u00f3n del producto), nuestro compromiso con la calidad nunca flaquea. Nuestros vaporizadores desechables se someten a pruebas rigurosas para garantizar que no sean t\u00f3xicos, sean puros y brinden un sabor excepcional. Esta dedicaci\u00f3n a la excelencia constituye la columna vertebral de nuestra cultura corporativa.<\/p>\n\n\t\t<\/div>\n\t<\/div>\n\t\n\t<div id=\"accordion-2051191862\" class=\"accordion-item\">\n\t\t<a id=\"accordion-2051191862-label\" class=\"accordion-title plain\" href=\"#accordion-item-efficient-logistics-and-delivery\" aria-expanded=\"false\" aria-controls=\"accordion-2051191862-content\">\n\t\t\t<button class=\"toggle\" aria-label=\"Toggle\"><i class=\"icon-angle-down\" aria-hidden=\"true\"><\/i><\/button>\n\t\t\t<span>Log\u00edstica y entrega eficaces<\/span>\n\t\t<\/a>\n\t\t<div id=\"accordion-2051191862-content\" class=\"accordion-inner\" aria-labelledby=\"accordion-2051191862-label\">\n\t\t\t\n\n<p>AiviouVape ofrece una log\u00edstica y una entrega eficientes, incluidos los servicios DDP (entrega con derechos pagados), lo que garantiza un despacho de aduana sin problemas y sin tasas ni impuestos. Con una entrega r\u00e1pida y una atenci\u00f3n al cliente excepcional, ofrecemos una experiencia fluida y fiable, lo que nos convierte en un socio de confianza en la industria.<\/p>\n\n\t\t<\/div>\n\t<\/div>\n\t\n\t<div id=\"accordion-2087809352\" class=\"accordion-item\">\n\t\t<a id=\"accordion-2087809352-label\" class=\"accordion-title plain\" href=\"#accordion-item-odm-and-oem-services\" aria-expanded=\"false\" aria-controls=\"accordion-2087809352-content\">\n\t\t\t<button class=\"toggle\" aria-label=\"Toggle\"><i class=\"icon-angle-down\" aria-hidden=\"true\"><\/i><\/button>\n\t\t\t<span>Servicios ODM y OEM<\/span>\n\t\t<\/a>\n\t\t<div id=\"accordion-2087809352-content\" class=\"accordion-inner\" aria-labelledby=\"accordion-2087809352-label\">\n\t\t\t\n\n<p>AiviouVapes ofrece servicios completos de ODM (fabricaci\u00f3n de dise\u00f1o original) y OEM (fabricaci\u00f3n de equipos originales). Con dos grandes instalaciones, ayudamos a los clientes a dise\u00f1ar productos \u00fanicos y logotipos llamativos para los envases. Tambi\u00e9n ofrecemos asesoramiento gratuito sobre el dise\u00f1o de envases y ayudamos a los clientes que envasan sus propios productos, lo que garantiza que su marca destaque en el mercado.<\/p>\n\n\t\t<\/div>\n\t<\/div>\n\t\n\n<\/div>\n\n\t\t<\/div>\n\t\t\t\t\t<\/div>\n\n\t\n\n<\/div>","protected":false},"excerpt":{"rendered":"<p>Descubre el FluuM Digital Box TN, un innovador vapeador desechable dise\u00f1ado para ofrecer una experiencia de vapeo excepcional con cada calada. Con sus impresionantes caracter\u00edsticas y su variada selecci\u00f3n de sabores, este dispositivo va a redefinir tu experiencia de vapeo, proporcion\u00e1ndote una satisfacci\u00f3n y comodidad inigualables.<\/p>","protected":false},"featured_media":4084,"comment_status":"open","ping_status":"closed","template":"","meta":[],"product_brand":[],"product_cat":[40,126,90,117,81,76,134,135,133,136,137,146,138,139,140,141,142,143,144,145,132,82],"product_tag":[],"class_list":{"0":"post-4083","1":"product","2":"type-product","3":"status-publish","4":"has-post-thumbnail","6":"product_cat-fluum","7":"product_cat-15000-puffs-disposable-vape","8":"product_cat-big-puffs-vapes","9":"product_cat-different-puffs-of-diposable-vapes","10":"product_cat-digital-box-vapes","11":"product_cat-disposable-vape-types","12":"product_cat-disposable-vapes-in-austria","13":"product_cat-disposable-vapes-in-belgium","14":"product_cat-disposable-vapes-in-europe","15":"product_cat-disposable-vapes-in-france","16":"product_cat-disposable-vapes-in-germany","17":"product_cat-disposable-vapes-in-hungary","18":"product_cat-disposable-vapes-in-ltaly","19":"product_cat-disposable-vapes-in-netherlands","20":"product_cat-disposable-vapes-in-norway","21":"product_cat-disposable-vapes-in-poland","22":"product_cat-disposable-vapes-in-portugal","23":"product_cat-disposable-vapes-in-spain","24":"product_cat-disposable-vapes-in-sweden","25":"product_cat-disposable-vapes-in-switzerland","26":"product_cat-rechargeable-vapes","27":"product_cat-smart-screen-vapes","29":"first","30":"instock","31":"shipping-taxable","32":"purchasable","33":"product-type-variable","34":"has-default-attributes"},"jetpack_sharing_enabled":true,"tiered_pricing_type":"fixed","tiered_pricing_fixed_rules":{"2000":6.44000000000000039079850466805510222911834716796875},"tiered_pricing_product_settings":{"layout":"default","base_unit_name":{"singular":null,"plural":null},"default_variation":null},"tiered_pricing_minimum_quantity":1000,"tiered_pricing_roles_data":[],"tiered_pricing_percentage_rules":[],"tiered_pricing_maximum_quantity":null,"tiered_pricing_quantity_step":"10","_links":{"self":[{"href":"https:\/\/aiviouvapes.com\/es\/wp-json\/wp\/v2\/product\/4083","targetHints":{"allow":["GET"]}}],"collection":[{"href":"https:\/\/aiviouvapes.com\/es\/wp-json\/wp\/v2\/product"}],"about":[{"href":"https:\/\/aiviouvapes.com\/es\/wp-json\/wp\/v2\/types\/product"}],"replies":[{"embeddable":true,"href":"https:\/\/aiviouvapes.com\/es\/wp-json\/wp\/v2\/comments?post=4083"}],"wp:featuredmedia":[{"embeddable":true,"href":"https:\/\/aiviouvapes.com\/es\/wp-json\/wp\/v2\/media\/4084"}],"wp:attachment":[{"href":"https:\/\/aiviouvapes.com\/es\/wp-json\/wp\/v2\/media?parent=4083"}],"wp:term":[{"taxonomy":"product_brand","embeddable":true,"href":"https:\/\/aiviouvapes.com\/es\/wp-json\/wp\/v2\/product_brand?post=4083"},{"taxonomy":"product_cat","embeddable":true,"href":"https:\/\/aiviouvapes.com\/es\/wp-json\/wp\/v2\/product_cat?post=4083"},{"taxonomy":"product_tag","embeddable":true,"href":"https:\/\/aiviouvapes.com\/es\/wp-json\/wp\/v2\/product_tag?post=4083"}],"curies":[{"name":"wp","href":"https:\/\/api.w.org\/{rel}","templated":true}]}}