{"id":40311,"date":"2025-06-26T10:24:16","date_gmt":"2025-06-26T02:24:16","guid":{"rendered":"https:\/\/aiviouvapes.com\/?post_type=product&#038;p=40311"},"modified":"2026-04-17T13:00:48","modified_gmt":"2026-04-17T05:00:48","slug":"vozol-gear-shisha-25000","status":"publish","type":"product","link":"https:\/\/aiviouvapes.com\/es\/product\/vozol-gear-shisha-25000\/","title":{"rendered":"Vozol GEAR SHISHA 25000 | 25k dual mode 25000 puffs, pantalla inteligente a granel vape desechable"},"content":{"rendered":"<p><img data-recalc-dims=\"1\" loading=\"lazy\" decoding=\"async\" class=\"alignnone\" src=\"https:\/\/i0.wp.com\/sleekvape.com\/cdn-cgi\/image\/width%3D1015%2Cheight%3D599%2Cfit%3Dcrop%2Cquality%3D90%2Cgravity%3Dauto%2Csharpen%3D1%2Cmetadata%3Dnone%2Cformat%3Dauto%2Conerror%3Dredirect\/wp-content\/uploads\/2025\/04\/vozol-%E6%98%AF%E5%95%A5.png?resize=1020%2C602&#038;ssl=1\" alt=\"Imagen promocional del VozoL Pod System, destacando caracter\u00edsticas como el primer DTL desechable audio-interactivo del mundo, robusta bater\u00eda de 1000 mAh, chip inteligente de Si.L.C Tech, doble bobina de malla, flujo de aire ajustable, pantalla a color y modos eco y power para 25000 y 18000 caladas respectivamente.\" width=\"1020\" height=\"602\" title=\"\"><\/p>\n<h2>\ud83d\ude80 Vozol GEAR SHISHA 25000 - Inteligente, potente y lleno de sabor.<\/h2>\n<p>\ud83d\udd25 Presentaci\u00f3n del <strong>Vozol ENGRANAJE SHISHA 25000<\/strong> - el vaporizador desechable definitivo dise\u00f1ado para vapers serios y minoristas inteligentes. Con <strong>modos duales<\/strong> (ECO &amp; Power), un vibrante <strong>Pantalla en color de 2,1 pulgadas<\/strong>y un chip inteligente con voz mejorada, este vapeador no s\u00f3lo funciona, sino que habla tu idioma. Ya sea que est\u00e9s persiguiendo nubes o saboreando el sabor, esta potencia siempre cumple. \ud83d\udca8<\/p>\n<h3>Especificaciones<\/h3>\n<table>\n<tbody>\n<tr>\n<th>Nombre del producto<\/th>\n<td>Vozol ENGRANAJE SHISHA 25000<\/td>\n<\/tr>\n<tr>\n<th>Capacidad de caladas<\/th>\n<td>25.000 (modo ECO) \/ 18.000 (modo Power)<\/td>\n<\/tr>\n<tr>\n<th>Capacidad de e-l\u00edquido<\/th>\n<td>25 ml<\/td>\n<\/tr>\n<tr>\n<th>Bater\u00eda<\/th>\n<td>1000mAh (recargable, Tipo-C)<\/td>\n<\/tr>\n<tr>\n<th>Tipo de bobina<\/th>\n<td>Bobina de malla doble<\/td>\n<\/tr>\n<tr>\n<th>Opciones de nicotina<\/th>\n<td>5%<\/td>\n<\/tr>\n<tr>\n<th>Pantalla<\/th>\n<td>Pantalla inteligente en color de 2,1 pulgadas<\/td>\n<\/tr>\n<tr>\n<th>Dise\u00f1o<\/th>\n<td>Resistente a las fugas, audio-interactivo, flujo de aire ajustable<\/td>\n<\/tr>\n<\/tbody>\n<\/table>\n<h3>Combinaciones de sabores<\/h3>\n<table>\n<tbody>\n<tr>\n<th>C\u00e1mara A<\/th>\n<th>C\u00e1mara B<\/th>\n<\/tr>\n<tr>\n<td>Dos manzanas<\/td>\n<td>Hielo de sand\u00eda<\/td>\n<\/tr>\n<tr>\n<td>Mango Freeze<\/td>\n<td>Mango Melocot\u00f3n<\/td>\n<\/tr>\n<tr>\n<td>Hielo de ar\u00e1ndanos<\/td>\n<td>Perfume Lim\u00f3n<\/td>\n<\/tr>\n<tr>\n<td>Hielo Razz Azul<\/td>\n<td>Hielo de uva<\/td>\n<\/tr>\n<tr>\n<td>Fresa Kiwi<\/td>\n<td>Sand\u00eda con ar\u00e1ndanos<\/td>\n<\/tr>\n<tr>\n<td>Cereza Cola<\/td>\n<td>Mojito azul<\/td>\n<\/tr>\n<tr>\n<td>Love 777<\/td>\n<td>Tardes en Mosc\u00fa<\/td>\n<\/tr>\n<tr>\n<td>Maiden Killer<\/td>\n<td>Cereza helada<\/td>\n<\/tr>\n<tr>\n<td>Melocot\u00f3n helado<\/td>\n<td>Fruta de la pasi\u00f3n dulce<\/td>\n<\/tr>\n<tr>\n<td>Kiwi Fresa Congelado<\/td>\n<td>Fruta de la pasi\u00f3n Lichi Naranja<\/td>\n<\/tr>\n<tr>\n<td colspan=\"2\">Fruta del drag\u00f3n Pl\u00e1tano Cereza<\/td>\n<\/tr>\n<\/tbody>\n<\/table>\n<h3>\u00bfPor qu\u00e9 elegir Vozol GEAR SHISHA 25000?<\/h3>\n<ul>\n<li>\ud83d\udd25 Hasta 25.000 caladas en modo ECO para un uso prolongado<\/li>\n<li>\ud83d\udca8 Modo de potencia con vapor intenso para cazadores de nubes<\/li>\n<li>\ud83c\udfaf La bobina de malla doble garantiza un suministro de sabor rico y constante<\/li>\n<li>\ud83d\udd0b Bater\u00eda de 1000mAh con carga r\u00e1pida Tipo-C.<\/li>\n<li>\ud83d\udcfa Pantalla inteligente de 2,1\u2033 que muestra el recuento de caladas, el modo y la bater\u00eda.<\/li>\n<li>\ud83c\udfa7 El chip audio-interactivo proporciona informaci\u00f3n de voz en tiempo real<\/li>\n<li>\ud83c\udf2c\ufe0f Flujo de aire ajustable y v\u00eda de aire fluidodin\u00e1mica para una extracci\u00f3n suave<\/li>\n<li>\ud83d\udeab Estructura resistente a las fugas para un vapeo limpio y sin ensuciar<\/li>\n<li>\ud83c\udfa8 M\u00e1s de 21 atrevidos sabores para satisfacer todos los gustos<\/li>\n<\/ul>\n<p>Tanto si eres un entusiasta de los sabores, un comprador a granel o diriges una tienda de vapeo que exige productos destacados, el <strong>Vozol ENGRANAJE SHISHA 25000<\/strong> ofrece estilo, tecnolog\u00eda y rendimiento en una potencia compacta. Creada para usuarios de gran volumen y dise\u00f1ada para impresionar tanto en entornos mayoristas como minoristas. \ud83d\udd04\ud83d\udcbc<\/p>","protected":false},"excerpt":{"rendered":"<p>Compra el Vozol GEAR SHISHA 25000 - un vapeador desechable de alto rendimiento con 25.000 caladas, doble bobina de malla, pantalla inteligente y 21 opciones de sabor. Perfecto para heavy users y compradores al por mayor.<\/p>","protected":false},"featured_media":39968,"comment_status":"open","ping_status":"closed","template":"","meta":[],"product_brand":[250],"product_cat":[249],"product_tag":[],"class_list":{"0":"post-40311","1":"product","2":"type-product","3":"status-publish","4":"has-post-thumbnail","6":"product_brand-vozol","7":"product_cat-vozol","9":"first","10":"instock","11":"shipping-taxable","12":"purchasable","13":"product-type-variable","14":"has-default-attributes"},"jetpack_sharing_enabled":true,"tiered_pricing_type":"fixed","tiered_pricing_fixed_rules":{"2000":6.71999999999999975131004248396493494510650634765625},"tiered_pricing_product_settings":{"layout":"default","base_unit_name":{"singular":null,"plural":null},"default_variation":null},"tiered_pricing_minimum_quantity":1000,"tiered_pricing_roles_data":[],"tiered_pricing_percentage_rules":[],"tiered_pricing_maximum_quantity":null,"tiered_pricing_quantity_step":"100","_links":{"self":[{"href":"https:\/\/aiviouvapes.com\/es\/wp-json\/wp\/v2\/product\/40311","targetHints":{"allow":["GET"]}}],"collection":[{"href":"https:\/\/aiviouvapes.com\/es\/wp-json\/wp\/v2\/product"}],"about":[{"href":"https:\/\/aiviouvapes.com\/es\/wp-json\/wp\/v2\/types\/product"}],"replies":[{"embeddable":true,"href":"https:\/\/aiviouvapes.com\/es\/wp-json\/wp\/v2\/comments?post=40311"}],"wp:featuredmedia":[{"embeddable":true,"href":"https:\/\/aiviouvapes.com\/es\/wp-json\/wp\/v2\/media\/39968"}],"wp:attachment":[{"href":"https:\/\/aiviouvapes.com\/es\/wp-json\/wp\/v2\/media?parent=40311"}],"wp:term":[{"taxonomy":"product_brand","embeddable":true,"href":"https:\/\/aiviouvapes.com\/es\/wp-json\/wp\/v2\/product_brand?post=40311"},{"taxonomy":"product_cat","embeddable":true,"href":"https:\/\/aiviouvapes.com\/es\/wp-json\/wp\/v2\/product_cat?post=40311"},{"taxonomy":"product_tag","embeddable":true,"href":"https:\/\/aiviouvapes.com\/es\/wp-json\/wp\/v2\/product_tag?post=40311"}],"curies":[{"name":"wp","href":"https:\/\/api.w.org\/{rel}","templated":true}]}}