{"id":40022,"date":"2025-06-25T11:26:32","date_gmt":"2025-06-25T03:26:32","guid":{"rendered":"https:\/\/aiviouvapes.com\/?post_type=product&#038;p=40022"},"modified":"2026-04-17T13:00:50","modified_gmt":"2026-04-17T05:00:50","slug":"vozol-star-40000-puffs","status":"publish","type":"product","link":"https:\/\/aiviouvapes.com\/es\/product\/vozol-star-40000-puffs\/","title":{"rendered":"Vozol Star 40000 Puffs | modo dual 40000 puffs a granel vape desechable con pantalla ondulada"},"content":{"rendered":"<h2><img data-recalc-dims=\"1\" loading=\"lazy\" decoding=\"async\" class=\"aligncenter wp-image-40824 size-full\" src=\"https:\/\/i0.wp.com\/aiviouvapes.com\/wp-content\/uploads\/2025\/06\/38881750159394_.pic_hd.jpg?resize=1020%2C1442&#038;ssl=1\" alt=\",\" width=\"1020\" height=\"1442\" title=\"\" srcset=\"https:\/\/i0.wp.com\/aiviouvapes.com\/wp-content\/uploads\/2025\/06\/38881750159394_.pic_hd.jpg?w=1358&amp;ssl=1 1358w, https:\/\/i0.wp.com\/aiviouvapes.com\/wp-content\/uploads\/2025\/06\/38881750159394_.pic_hd.jpg?resize=212%2C300&amp;ssl=1 212w, https:\/\/i0.wp.com\/aiviouvapes.com\/wp-content\/uploads\/2025\/06\/38881750159394_.pic_hd.jpg?resize=724%2C1024&amp;ssl=1 724w, https:\/\/i0.wp.com\/aiviouvapes.com\/wp-content\/uploads\/2025\/06\/38881750159394_.pic_hd.jpg?resize=768%2C1086&amp;ssl=1 768w, https:\/\/i0.wp.com\/aiviouvapes.com\/wp-content\/uploads\/2025\/06\/38881750159394_.pic_hd.jpg?resize=1086%2C1536&amp;ssl=1 1086w, https:\/\/i0.wp.com\/aiviouvapes.com\/wp-content\/uploads\/2025\/06\/38881750159394_.pic_hd.jpg?resize=8%2C12&amp;ssl=1 8w, https:\/\/i0.wp.com\/aiviouvapes.com\/wp-content\/uploads\/2025\/06\/38881750159394_.pic_hd.jpg?resize=1320%2C1866&amp;ssl=1 1320w, https:\/\/i0.wp.com\/aiviouvapes.com\/wp-content\/uploads\/2025\/06\/38881750159394_.pic_hd.jpg?resize=800%2C1131&amp;ssl=1 800w\" sizes=\"auto, (max-width: 1020px) 100vw, 1020px\" \/><br \/>\n<img data-recalc-dims=\"1\" loading=\"lazy\" decoding=\"async\" class=\"aligncenter wp-image-40825 size-full\" src=\"https:\/\/i0.wp.com\/aiviouvapes.com\/wp-content\/uploads\/2025\/06\/38891750159406_.pic_hd.jpg?resize=1020%2C1442&#038;ssl=1\" alt=\",\" width=\"1020\" height=\"1442\" title=\"\" srcset=\"https:\/\/i0.wp.com\/aiviouvapes.com\/wp-content\/uploads\/2025\/06\/38891750159406_.pic_hd.jpg?w=1358&amp;ssl=1 1358w, https:\/\/i0.wp.com\/aiviouvapes.com\/wp-content\/uploads\/2025\/06\/38891750159406_.pic_hd.jpg?resize=212%2C300&amp;ssl=1 212w, https:\/\/i0.wp.com\/aiviouvapes.com\/wp-content\/uploads\/2025\/06\/38891750159406_.pic_hd.jpg?resize=724%2C1024&amp;ssl=1 724w, https:\/\/i0.wp.com\/aiviouvapes.com\/wp-content\/uploads\/2025\/06\/38891750159406_.pic_hd.jpg?resize=768%2C1086&amp;ssl=1 768w, https:\/\/i0.wp.com\/aiviouvapes.com\/wp-content\/uploads\/2025\/06\/38891750159406_.pic_hd.jpg?resize=1086%2C1536&amp;ssl=1 1086w, https:\/\/i0.wp.com\/aiviouvapes.com\/wp-content\/uploads\/2025\/06\/38891750159406_.pic_hd.jpg?resize=8%2C12&amp;ssl=1 8w, https:\/\/i0.wp.com\/aiviouvapes.com\/wp-content\/uploads\/2025\/06\/38891750159406_.pic_hd.jpg?resize=1320%2C1866&amp;ssl=1 1320w, https:\/\/i0.wp.com\/aiviouvapes.com\/wp-content\/uploads\/2025\/06\/38891750159406_.pic_hd.jpg?resize=800%2C1131&amp;ssl=1 800w\" sizes=\"auto, (max-width: 1020px) 100vw, 1020px\" \/><\/h2>\n<h2>\u2b50 Vozol Star 40000 Puffs - El estilo se une al rendimiento<\/h2>\n<p>\u00bfBuscas un vaporizador que dure mucho, tenga un aspecto elegante y d\u00e9 en el clavo? El <strong>Vozol Star 40000<\/strong> lo ofrece todo.<\/p>\n<p>Con hasta <strong>40.000 bocanadas<\/strong>una poderosa <strong>Bater\u00eda de 1000 mAh<\/strong>y <strong>50mg\/ml de nicotina<\/strong>Este dispositivo est\u00e1 hecho para vapeadores serios que no quieren cargar o cambiar a menudo. El <strong>est\u00e9tica pantalla curva<\/strong> y <strong>dos modos de sabor<\/strong> a\u00f1aden un toque futurista a cada calada.<\/p>\n<p>Carga r\u00e1pida y disfrute prolongado: rendimiento y estilo en un dispositivo compacto.<\/p>\n<h3>Especificaciones principales<\/h3>\n<table>\n<thead>\n<tr>\n<th>Caracter\u00edstica<\/th>\n<th>Detalle<\/th>\n<\/tr>\n<\/thead>\n<tbody>\n<tr>\n<td><strong>N\u00famero de caladas<\/strong><\/td>\n<td>Hasta 40.000<\/td>\n<\/tr>\n<tr>\n<td><strong>Bater\u00eda<\/strong><\/td>\n<td>1000mAh recargable<\/td>\n<\/tr>\n<tr>\n<td><strong>Nivel de nicotina<\/strong><\/td>\n<td>50mg\/ml<\/td>\n<\/tr>\n<tr>\n<td><strong>Pantalla<\/strong><\/td>\n<td>Pantalla LED curva ondulada<\/td>\n<\/tr>\n<tr>\n<td><strong>Dise\u00f1o<\/strong><\/td>\n<td>Elegante, moderno y de bolsillo<\/td>\n<\/tr>\n<tr>\n<td><strong>Modos de sabor<\/strong><\/td>\n<td>Modo de doble sabor<\/td>\n<\/tr>\n<tr>\n<td><strong>Cargando<\/strong><\/td>\n<td>Carga r\u00e1pida, horas de uso<\/td>\n<\/tr>\n<\/tbody>\n<\/table>\n<h3>\ud83c\udf53 Sabores disponibles<\/h3>\n<table>\n<thead>\n<tr>\n<th>Afrutado y dulce<\/th>\n<th>Menta y frescor<\/th>\n<\/tr>\n<\/thead>\n<tbody>\n<tr>\n<td>Hielo de ar\u00e1ndanos<\/td>\n<td>Menta fresca<\/td>\n<\/tr>\n<tr>\n<td>Menta con ar\u00e1ndanos<\/td>\n<td>Hielo de uva<\/td>\n<\/tr>\n<tr>\n<td>Sand\u00eda con ar\u00e1ndanos<\/td>\n<td>Mango Ice<\/td>\n<\/tr>\n<tr>\n<td>Chirimoya Pomelo Bayas<\/td>\n<td>Mel\u00f3n helado<\/td>\n<\/tr>\n<tr>\n<td>Cereza Cola<\/td>\n<td>Hielo de manzana \u00e1cida<\/td>\n<\/tr>\n<tr>\n<td>Mango Melocot\u00f3n<\/td>\n<td>Fresa helada<\/td>\n<\/tr>\n<tr>\n<td>Goma de mel\u00f3n<\/td>\n<td>Hielo de sand\u00eda<\/td>\n<\/tr>\n<tr>\n<td>Melocot\u00f3n helado<\/td>\n<td>Sand\u00eda Melocot\u00f3n \u00e1cido<\/td>\n<\/tr>\n<tr>\n<td>Fresa Kiwi<\/td>\n<td><\/td>\n<\/tr>\n<\/tbody>\n<\/table>\n<table>\n<thead>\n<tr>\n<th>Mezclas ex\u00f3ticas<\/th>\n<th>Dulces y bebidas<\/th>\n<\/tr>\n<\/thead>\n<tbody>\n<tr>\n<td>Hielo Razz Azul<\/td>\n<td>Chicle de sand\u00eda<\/td>\n<\/tr>\n<tr>\n<td>Sand\u00eda Melocot\u00f3n<\/td>\n<td>Vzbull (bebida energ\u00e9tica inspirada)<\/td>\n<\/tr>\n<tr>\n<td>Sand\u00eda con fresa<\/td>\n<td><\/td>\n<\/tr>\n<tr>\n<td>Sand\u00eda Uva Boysenberry<\/td>\n<td><\/td>\n<\/tr>\n<tr>\n<td>Melocot\u00f3n blanco Frambuesa<\/td>\n<td><\/td>\n<\/tr>\n<\/tbody>\n<\/table>\n<p>\ud83d\uded2 <strong>Perfecto tanto para mayoristas como para usuarios habituales<\/strong>Vozol Star 40000 est\u00e1 construido para impresionar con su sabor, durabilidad y elegante dise\u00f1o. Ya sea que est\u00e9 relaj\u00e1ndose en casa o en movimiento, este dispositivo ofrece una satisfacci\u00f3n suave y consistente en cada calada.<\/p>","protected":false},"excerpt":{"rendered":"<p>\u2b50 Vozol Star 40000 Puffs \u2013 Style Meets Performance Looking for a vape that lasts long, looks sleek, and hits just right? The Vozol Star 40000 delivers it all. With up to 40,000 puffs, a powerful 1000mAh battery, and 50mg\/ml nicotine strength, this device is made for serious vapers who don\u2019t want to charge or [&#8230;]\n","protected":false},"featured_media":46162,"comment_status":"open","ping_status":"closed","template":"","meta":[],"product_brand":[250],"product_cat":[249],"product_tag":[],"class_list":{"0":"post-40022","1":"product","2":"type-product","3":"status-publish","4":"has-post-thumbnail","6":"product_brand-vozol","7":"product_cat-vozol","9":"first","10":"instock","11":"shipping-taxable","12":"purchasable","13":"product-type-variable","14":"has-default-attributes"},"jetpack_sharing_enabled":true,"tiered_pricing_type":"fixed","tiered_pricing_fixed_rules":{"30":10.3699999999999992184029906638897955417633056640625,"50":9.199999999999999289457264239899814128875732421875,"100":8.8100000000000004973799150320701301097869873046875,"200":8.6899999999999995026200849679298698902130126953125,"400":8.300000000000000710542735760100185871124267578125},"tiered_pricing_product_settings":{"layout":"default","base_unit_name":{"singular":null,"plural":null},"default_variation":null},"tiered_pricing_minimum_quantity":10,"tiered_pricing_roles_data":[],"tiered_pricing_percentage_rules":[],"tiered_pricing_maximum_quantity":null,"tiered_pricing_quantity_step":"10","_links":{"self":[{"href":"https:\/\/aiviouvapes.com\/es\/wp-json\/wp\/v2\/product\/40022","targetHints":{"allow":["GET"]}}],"collection":[{"href":"https:\/\/aiviouvapes.com\/es\/wp-json\/wp\/v2\/product"}],"about":[{"href":"https:\/\/aiviouvapes.com\/es\/wp-json\/wp\/v2\/types\/product"}],"replies":[{"embeddable":true,"href":"https:\/\/aiviouvapes.com\/es\/wp-json\/wp\/v2\/comments?post=40022"}],"wp:featuredmedia":[{"embeddable":true,"href":"https:\/\/aiviouvapes.com\/es\/wp-json\/wp\/v2\/media\/46162"}],"wp:attachment":[{"href":"https:\/\/aiviouvapes.com\/es\/wp-json\/wp\/v2\/media?parent=40022"}],"wp:term":[{"taxonomy":"product_brand","embeddable":true,"href":"https:\/\/aiviouvapes.com\/es\/wp-json\/wp\/v2\/product_brand?post=40022"},{"taxonomy":"product_cat","embeddable":true,"href":"https:\/\/aiviouvapes.com\/es\/wp-json\/wp\/v2\/product_cat?post=40022"},{"taxonomy":"product_tag","embeddable":true,"href":"https:\/\/aiviouvapes.com\/es\/wp-json\/wp\/v2\/product_tag?post=40022"}],"curies":[{"name":"wp","href":"https:\/\/api.w.org\/{rel}","templated":true}]}}