{"id":39912,"date":"2025-06-24T16:09:54","date_gmt":"2025-06-24T08:09:54","guid":{"rendered":"https:\/\/aiviouvapes.com\/?post_type=product&#038;p=39912"},"modified":"2026-03-24T11:26:14","modified_gmt":"2026-03-24T03:26:14","slug":"uwin-crystal-twins-40k","status":"publish","type":"product","link":"https:\/\/aiviouvapes.com\/es\/product\/uwin-crystal-twins-40k\/","title":{"rendered":"Uwin Crystal Twins 40K | doble sabor 40000 caladas, bobina de malla a granel vape desechable"},"content":{"rendered":"<p><img data-recalc-dims=\"1\" loading=\"lazy\" decoding=\"async\" class=\"aligncenter wp-image-40419 size-full\" src=\"https:\/\/i0.wp.com\/aiviouvapes.com\/wp-content\/uploads\/2025\/06\/%E6%B5%B7%E6%8A%A5%E6%A8%AA%E5%B9%85.jpg?resize=1020%2C510&#038;ssl=1\" alt=\",\" width=\"1020\" height=\"510\" title=\"\" srcset=\"https:\/\/i0.wp.com\/aiviouvapes.com\/wp-content\/uploads\/2025\/06\/%E6%B5%B7%E6%8A%A5%E6%A8%AA%E5%B9%85.jpg?w=1920&amp;ssl=1 1920w, https:\/\/i0.wp.com\/aiviouvapes.com\/wp-content\/uploads\/2025\/06\/%E6%B5%B7%E6%8A%A5%E6%A8%AA%E5%B9%85.jpg?resize=300%2C150&amp;ssl=1 300w, https:\/\/i0.wp.com\/aiviouvapes.com\/wp-content\/uploads\/2025\/06\/%E6%B5%B7%E6%8A%A5%E6%A8%AA%E5%B9%85.jpg?resize=1024%2C512&amp;ssl=1 1024w, https:\/\/i0.wp.com\/aiviouvapes.com\/wp-content\/uploads\/2025\/06\/%E6%B5%B7%E6%8A%A5%E6%A8%AA%E5%B9%85.jpg?resize=768%2C384&amp;ssl=1 768w, https:\/\/i0.wp.com\/aiviouvapes.com\/wp-content\/uploads\/2025\/06\/%E6%B5%B7%E6%8A%A5%E6%A8%AA%E5%B9%85.jpg?resize=1536%2C768&amp;ssl=1 1536w, https:\/\/i0.wp.com\/aiviouvapes.com\/wp-content\/uploads\/2025\/06\/%E6%B5%B7%E6%8A%A5%E6%A8%AA%E5%B9%85.jpg?resize=18%2C9&amp;ssl=1 18w, https:\/\/i0.wp.com\/aiviouvapes.com\/wp-content\/uploads\/2025\/06\/%E6%B5%B7%E6%8A%A5%E6%A8%AA%E5%B9%85.jpg?resize=1320%2C660&amp;ssl=1 1320w, https:\/\/i0.wp.com\/aiviouvapes.com\/wp-content\/uploads\/2025\/06\/%E6%B5%B7%E6%8A%A5%E6%A8%AA%E5%B9%85.jpg?resize=800%2C400&amp;ssl=1 800w\" sizes=\"auto, (max-width: 1020px) 100vw, 1020px\" \/><\/p>\n<h2>\ud83d\udd25 Uwin Crystal Twins 40k - Doble Sabor, Puffs Masivos<\/h2>\n<p>En <strong>Gemelos de cristal Uwin 40k<\/strong> lleva el vapeo desechable al siguiente nivel con su elegante dise\u00f1o cristalino, su configuraci\u00f3n de doble sabor y su avanzada tecnolog\u00eda. Tanto si eres un perseguidor de nubes como un amante del sabor, este vapeador ofrece hasta <strong>40.000 bocanadas<\/strong>, un <strong>pantalla inteligente<\/strong>y personalizable <strong>concentraci\u00f3n de nicotina<\/strong> que van desde <strong>0% a 5%<\/strong>por lo que es perfecto para cualquier usuario.<\/p>\n<p>Sin compromisos.<strong>consigue dos sabores incre\u00edbles en un solo dispositivo<\/strong>, emparejado con un <strong>Bobina de malla para un golpe rico y suave<\/strong> siempre.<\/p>\n<h3>\ud83d\udd27 <strong>Especificaciones<\/strong><\/h3>\n<table>\n<thead>\n<tr>\n<th>Caracter\u00edstica<\/th>\n<th>Detalles<\/th>\n<\/tr>\n<\/thead>\n<tbody>\n<tr>\n<td><strong>Capacidad de caladas<\/strong><\/td>\n<td>Hasta 40.000 caladas<\/td>\n<\/tr>\n<tr>\n<td><strong>Capacidad de e-l\u00edquido<\/strong><\/td>\n<td>32 ml<\/td>\n<\/tr>\n<tr>\n<td><strong>Potencia de nicotina<\/strong><\/td>\n<td>0%, 2%, 3%, 5%<\/td>\n<\/tr>\n<tr>\n<td><strong>Bater\u00eda<\/strong><\/td>\n<td>850 mAh, recargable Tipo-C<\/td>\n<\/tr>\n<tr>\n<td><strong>Tipo de bobina<\/strong><\/td>\n<td>Bobina de malla avanzada de 0,6\u03a9<\/td>\n<\/tr>\n<tr>\n<td><strong>Pantalla<\/strong><\/td>\n<td>Pantalla inteligente (bater\u00eda y e-l\u00edquido)<\/td>\n<\/tr>\n<tr>\n<td><strong>Dise\u00f1o<\/strong><\/td>\n<td>Elegante cuerpo de cristal transparente<\/td>\n<\/tr>\n<\/tbody>\n<\/table>\n<h3>\ud83c\udf08 <strong>Combinaciones de sabores - Variedad de doble c\u00e1mara<\/strong><\/h3>\n<table>\n<thead>\n<tr>\n<th>C\u00e1mara A<\/th>\n<th>C\u00e1mara B<\/th>\n<\/tr>\n<\/thead>\n<tbody>\n<tr>\n<td>Ar\u00e1ndanos sobre hielo<\/td>\n<td>Helado de melocot\u00f3n de verano<\/td>\n<\/tr>\n<tr>\n<td>Kiwi Fruta de la pasi\u00f3n Guayaba<\/td>\n<td>Ar\u00e1ndano Frambuesa<\/td>\n<\/tr>\n<tr>\n<td>Fresa Kiwi<\/td>\n<td>Hielo de uva<\/td>\n<\/tr>\n<tr>\n<td>Kiwi Fruta de la pasi\u00f3n Guayaba<\/td>\n<td>Dos manzanas<\/td>\n<\/tr>\n<tr>\n<td>Sand\u00eda con fresa<\/td>\n<td>Lim\u00f3n Lima<\/td>\n<\/tr>\n<tr>\n<td>Ar\u00e1ndano Frambuesa<\/td>\n<td>Cereza helada<\/td>\n<\/tr>\n<tr>\n<td>Fresa Frambuesa Cereza<\/td>\n<td>Sr. Azul<\/td>\n<\/tr>\n<tr>\n<td>Melocot\u00f3n Mango Pi\u00f1a<\/td>\n<td>Red Bull<\/td>\n<\/tr>\n<tr>\n<td>Hielo de sand\u00eda<\/td>\n<td>Mezcla de bayas<\/td>\n<\/tr>\n<tr>\n<td>Fresa Pl\u00e1tano<\/td>\n<td>Amor 66<\/td>\n<\/tr>\n<tr>\n<td>Fruta del drag\u00f3n Pl\u00e1tano Cereza<\/td>\n<td>Limonada rosa<\/td>\n<\/tr>\n<tr>\n<td>Melocot\u00f3n Mango<\/td>\n<td>Cereza Cola<\/td>\n<\/tr>\n<tr>\n<td>Fresa helada<\/td>\n<td>Mango sobre hielo<\/td>\n<\/tr>\n<tr>\n<td>Hielo Razz Azul<\/td>\n<td>Hielo de fruta del drag\u00f3n<\/td>\n<\/tr>\n<tr>\n<td>Red Bull de fresa<\/td>\n<td>Cereza helada<\/td>\n<\/tr>\n<\/tbody>\n<\/table>\n<h3>\ud83d\udca1 \u00bfPor qu\u00e9 elegir Uwin Crystal Twins 40k?<\/h3>\n<ul>\n<li><strong>C\u00e1psulas de doble sabor<\/strong> le permiten cambiar de sabor sin esfuerzo.<\/li>\n<li><strong>Opci\u00f3n cero-nic<\/strong> disponibles para disfrutar sin nicotina.<\/li>\n<li><strong>Carga r\u00e1pida Tipo-C<\/strong> significa menos tiempo de inactividad, m\u00e1s vapeo.<\/li>\n<li><strong>Tecnolog\u00eda de bobina de malla<\/strong> proporciona un sabor y un vapor limpios y consistentes.<\/li>\n<li><strong>Pantalla inteligente<\/strong> le mantiene informado: se acabaron las conjeturas.<\/li>\n<li><strong>Dise\u00f1o cristalino<\/strong> da a tu vape un aspecto moderno y de primera calidad.<\/li>\n<\/ul>\n<p>Perfecto para usuarios intensivos, exploradores de sabores y propietarios de tiendas de vapeo, el Uwin Crystal Twins 40k es su nuevo generador desechable todo en uno, ideal para pedidos de vapeo a granel y distribuci\u00f3n al por mayor.<\/p>","protected":false},"excerpt":{"rendered":"<p data-start=\"212\" data-end=\"391\">El vapeador Uwin Crystal Twins 40000 puffs ofrece sabores duales, opciones de nicotina 0-5%, e-l\u00edquido de 32mL, bater\u00eda recargable de 850mAh, bobina de malla y pantalla inteligente en un elegante dise\u00f1o de cristal.<\/p>","protected":false},"featured_media":39913,"comment_status":"open","ping_status":"closed","template":"","meta":[],"product_brand":[247],"product_cat":[224],"product_tag":[],"class_list":{"0":"post-39912","1":"product","2":"type-product","3":"status-publish","4":"has-post-thumbnail","6":"product_brand-uwin","7":"product_cat-uwin","9":"first","10":"instock","11":"shipping-taxable","12":"purchasable","13":"product-type-variable","14":"has-default-attributes"},"jetpack_sharing_enabled":true,"tiered_pricing_type":"fixed","tiered_pricing_fixed_rules":{"30":7.96999999999999975131004248396493494510650634765625,"50":6.519999999999999573674358543939888477325439453125,"100":6.2599999999999997868371792719699442386627197265625,"200":5.87000000000000010658141036401502788066864013671875,"400":5.29000000000000003552713678800500929355621337890625},"tiered_pricing_product_settings":{"layout":"default","base_unit_name":{"singular":null,"plural":null},"default_variation":null},"tiered_pricing_minimum_quantity":10,"tiered_pricing_roles_data":[],"tiered_pricing_percentage_rules":[],"tiered_pricing_maximum_quantity":null,"tiered_pricing_quantity_step":"10","_links":{"self":[{"href":"https:\/\/aiviouvapes.com\/es\/wp-json\/wp\/v2\/product\/39912","targetHints":{"allow":["GET"]}}],"collection":[{"href":"https:\/\/aiviouvapes.com\/es\/wp-json\/wp\/v2\/product"}],"about":[{"href":"https:\/\/aiviouvapes.com\/es\/wp-json\/wp\/v2\/types\/product"}],"replies":[{"embeddable":true,"href":"https:\/\/aiviouvapes.com\/es\/wp-json\/wp\/v2\/comments?post=39912"}],"wp:featuredmedia":[{"embeddable":true,"href":"https:\/\/aiviouvapes.com\/es\/wp-json\/wp\/v2\/media\/39913"}],"wp:attachment":[{"href":"https:\/\/aiviouvapes.com\/es\/wp-json\/wp\/v2\/media?parent=39912"}],"wp:term":[{"taxonomy":"product_brand","embeddable":true,"href":"https:\/\/aiviouvapes.com\/es\/wp-json\/wp\/v2\/product_brand?post=39912"},{"taxonomy":"product_cat","embeddable":true,"href":"https:\/\/aiviouvapes.com\/es\/wp-json\/wp\/v2\/product_cat?post=39912"},{"taxonomy":"product_tag","embeddable":true,"href":"https:\/\/aiviouvapes.com\/es\/wp-json\/wp\/v2\/product_tag?post=39912"}],"curies":[{"name":"wp","href":"https:\/\/api.w.org\/{rel}","templated":true}]}}