{"id":39475,"date":"2025-07-02T10:19:59","date_gmt":"2025-07-02T02:19:59","guid":{"rendered":"https:\/\/aiviouvapes.com\/?post_type=product&#038;p=39475"},"modified":"2026-04-17T13:00:43","modified_gmt":"2026-04-17T05:00:43","slug":"mrvi-growing-60k-3t-spin","status":"publish","type":"product","link":"https:\/\/aiviouvapes.com\/es\/product\/mrvi-growing-60k-3t-spin\/","title":{"rendered":"MRVI GROWING 60K 3T SPIN 60000 Puffs | triple sabor a granel vape desechable"},"content":{"rendered":"<h2>\ud83c\udf1f\u00bfPor qu\u00e9 elegir MRVI GROWING 60K 3T SPIN?<\/h2>\n<ul>\n<li>\ud83d\udd25 Hasta 60.000 caladas para una longevidad incre\u00edble<\/li>\n<li>\ud83c\udfaf Conmutador de triple sabor para un sinf\u00edn de aventuras gustativas.<\/li>\n<li>\u26a1 La carga r\u00e1pida Type-C te mantiene en marcha<\/li>\n<li>\ud83d\udca7 48mL de capacidad de e-l\u00edquido para menos recambios.<\/li>\n<li>\ud83d\udda5\ufe0f Pantalla inteligente para controlar los niveles de energ\u00eda y e-l\u00edquido<\/li>\n<li>\ud83d\udc8e Cuerpo cristalino con dise\u00f1o premium<\/li>\n<li>\ud83d\udce6 Embalaje amigable al por mayor: 1pc por caja, 10pcs por pantalla.<\/li>\n<\/ul>\n<p>Si est\u00e1 buscando un vapeador desechable potente y vers\u00e1til que cumpla todos los requisitos, el MRVI GROWING 60K 3T SPIN es su mejor elecci\u00f3n. Construido para usuarios intensivos, amantes del sabor, tiendas de vapeo y distribuidores a granel, este dispositivo garantiza un alto volumen de ventas y clientes satisfechos. No se pierda la nueva generaci\u00f3n de vapeadores desechables.<\/p>\n<h3>\ud83d\ude80 \u00a1Experimenta la triple libertad de sabores con el MRVI GROWING 60K 3T SPIN!<\/h3>\n<p>\u00bfListo para pasar al siguiente nivel? En <strong>MRVI CRECIENTE 60K 3T SPIN<\/strong> es lo \u00faltimo en vapeadores desechables a granel, dise\u00f1ado para vapeadores serios y propietarios de tiendas que exigen lo mejor. Con rotaci\u00f3n de triple sabor, una enorme capacidad de 60.000 caladas y una pantalla inteligente de energ\u00eda y e-l\u00edquido, este es el vapeador desechable de \u00faltima generaci\u00f3n que estabas esperando. Desde su dise\u00f1o de cuerpo cristalino hasta su suave carga Type-C, el MRVI GROWING 60K 3T SPIN ofrece una satisfacci\u00f3n inigualable tanto para los cazadores de sabores como para los usuarios intensivos. \ud83c\udf1f<\/p>\n<h3>Especificaciones<\/h3>\n<table>\n<tbody>\n<tr>\n<td><strong>Capacidad de caladas<\/strong><\/td>\n<td>60.000 caladas<\/td>\n<\/tr>\n<tr>\n<td><strong>Capacidad de e-l\u00edquido<\/strong><\/td>\n<td>48 ml<\/td>\n<\/tr>\n<tr>\n<td><strong>Bater\u00eda<\/strong><\/td>\n<td>650 mAh, recargable tipo C<\/td>\n<\/tr>\n<tr>\n<td><strong>Tipo de bobina<\/strong><\/td>\n<td>Bobina de malla doble<\/td>\n<\/tr>\n<tr>\n<td><strong>Opciones de nicotina<\/strong><\/td>\n<td>2%, 5%<\/td>\n<\/tr>\n<tr>\n<td><strong>Pantalla<\/strong><\/td>\n<td>Pantalla inteligente Power &amp; E-Liquid<\/td>\n<\/tr>\n<tr>\n<td><strong>Dise\u00f1o<\/strong><\/td>\n<td>Cuerpo cristalino<\/td>\n<\/tr>\n<\/tbody>\n<\/table>\n<h3>Combinaciones de sabores<\/h3>\n<table>\n<tbody>\n<tr>\n<th>C\u00e1mara A<\/th>\n<th>C\u00e1mara B<\/th>\n<th>C\u00e1mara C<\/th>\n<\/tr>\n<tr>\n<td>Hielo de sand\u00eda<\/td>\n<td>Red Bull<\/td>\n<td>Fresa Kiwi<\/td>\n<\/tr>\n<tr>\n<td>Lim\u00f3n Lima<\/td>\n<td>Sand\u00eda con fresa<\/td>\n<td>Hielo de ar\u00e1ndanos<\/td>\n<\/tr>\n<tr>\n<td>Pi\u00f1a Coco<\/td>\n<td>Pl\u00e1tano<\/td>\n<td>Hielo Razz Azul<\/td>\n<\/tr>\n<tr>\n<td>Sand\u00eda con frambuesa<\/td>\n<td>Cola Helada<\/td>\n<td>Manzana \u00e1cida<\/td>\n<\/tr>\n<tr>\n<td>Mezcla tropical<\/td>\n<td>Helado de fresa<\/td>\n<td>Mango Ice<\/td>\n<\/tr>\n<tr>\n<td>Fresa Frambuesa Cereza<\/td>\n<td>Love 666<\/td>\n<td>Hielo de caramelo de cereza<\/td>\n<\/tr>\n<tr>\n<td>Mezcla de bayas<\/td>\n<td>Osito de goma<\/td>\n<td>Melocot\u00f3n helado<\/td>\n<\/tr>\n<tr>\n<td>Hielo de uva<\/td>\n<td>Caramelo de fresa<\/td>\n<td>Helados<\/td>\n<\/tr>\n<\/tbody>\n<\/table>\n<p><img data-recalc-dims=\"1\" loading=\"lazy\" decoding=\"async\" class=\"alignnone wp-image-42240 size-full\" src=\"https:\/\/i0.wp.com\/aiviouvapes.com\/wp-content\/uploads\/2025\/06\/%E5%85%A8%E5%AE%B6%E7%A6%8F_%E7%94%BB%E6%9D%BF-1-%E5%89%AF%E6%9C%AC-1.jpg?resize=1020%2C1442&#038;ssl=1\" alt=\",\" width=\"1020\" height=\"1442\" title=\"\" srcset=\"https:\/\/i0.wp.com\/aiviouvapes.com\/wp-content\/uploads\/2025\/06\/%E5%85%A8%E5%AE%B6%E7%A6%8F_%E7%94%BB%E6%9D%BF-1-%E5%89%AF%E6%9C%AC-1.jpg?w=1358&amp;ssl=1 1358w, https:\/\/i0.wp.com\/aiviouvapes.com\/wp-content\/uploads\/2025\/06\/%E5%85%A8%E5%AE%B6%E7%A6%8F_%E7%94%BB%E6%9D%BF-1-%E5%89%AF%E6%9C%AC-1.jpg?resize=212%2C300&amp;ssl=1 212w, https:\/\/i0.wp.com\/aiviouvapes.com\/wp-content\/uploads\/2025\/06\/%E5%85%A8%E5%AE%B6%E7%A6%8F_%E7%94%BB%E6%9D%BF-1-%E5%89%AF%E6%9C%AC-1.jpg?resize=724%2C1024&amp;ssl=1 724w, https:\/\/i0.wp.com\/aiviouvapes.com\/wp-content\/uploads\/2025\/06\/%E5%85%A8%E5%AE%B6%E7%A6%8F_%E7%94%BB%E6%9D%BF-1-%E5%89%AF%E6%9C%AC-1.jpg?resize=768%2C1086&amp;ssl=1 768w, https:\/\/i0.wp.com\/aiviouvapes.com\/wp-content\/uploads\/2025\/06\/%E5%85%A8%E5%AE%B6%E7%A6%8F_%E7%94%BB%E6%9D%BF-1-%E5%89%AF%E6%9C%AC-1.jpg?resize=1086%2C1536&amp;ssl=1 1086w, https:\/\/i0.wp.com\/aiviouvapes.com\/wp-content\/uploads\/2025\/06\/%E5%85%A8%E5%AE%B6%E7%A6%8F_%E7%94%BB%E6%9D%BF-1-%E5%89%AF%E6%9C%AC-1.jpg?resize=8%2C12&amp;ssl=1 8w, https:\/\/i0.wp.com\/aiviouvapes.com\/wp-content\/uploads\/2025\/06\/%E5%85%A8%E5%AE%B6%E7%A6%8F_%E7%94%BB%E6%9D%BF-1-%E5%89%AF%E6%9C%AC-1.jpg?resize=1320%2C1866&amp;ssl=1 1320w, https:\/\/i0.wp.com\/aiviouvapes.com\/wp-content\/uploads\/2025\/06\/%E5%85%A8%E5%AE%B6%E7%A6%8F_%E7%94%BB%E6%9D%BF-1-%E5%89%AF%E6%9C%AC-1.jpg?resize=800%2C1131&amp;ssl=1 800w\" sizes=\"auto, (max-width: 1020px) 100vw, 1020px\" \/><\/p>","protected":false},"excerpt":{"rendered":"<p>El vapeador desechable MRVI GROWING 60K 3T SPIN proporciona hasta 60.000 caladas con triple cambio de sabor, 48mL de e-l\u00edquido y doble bobina de malla - perfecto para la distribuci\u00f3n de vapeo al por mayor.<\/p>","protected":false},"featured_media":39477,"comment_status":"open","ping_status":"closed","template":"","meta":[],"product_brand":[229],"product_cat":[33,137,146,138,141,143,572],"product_tag":[],"class_list":{"0":"post-39475","1":"product","2":"type-product","3":"status-publish","4":"has-post-thumbnail","6":"product_brand-mrvi","7":"product_cat-mrvi","8":"product_cat-disposable-vapes-in-germany","9":"product_cat-disposable-vapes-in-hungary","10":"product_cat-disposable-vapes-in-ltaly","11":"product_cat-disposable-vapes-in-poland","12":"product_cat-disposable-vapes-in-spain","13":"product_cat-new-2","15":"first","16":"instock","17":"shipping-taxable","18":"purchasable","19":"product-type-variable","20":"has-default-attributes"},"jetpack_sharing_enabled":true,"tiered_pricing_type":"fixed","tiered_pricing_fixed_rules":{"100":6.910000000000000142108547152020037174224853515625,"200":6.54000000000000003552713678800500929355621337890625,"400":6.11000000000000031974423109204508364200592041015625},"tiered_pricing_product_settings":{"layout":"default","base_unit_name":{"singular":null,"plural":null},"default_variation":null},"tiered_pricing_minimum_quantity":50,"tiered_pricing_roles_data":[],"tiered_pricing_percentage_rules":[],"tiered_pricing_maximum_quantity":null,"tiered_pricing_quantity_step":"10","_links":{"self":[{"href":"https:\/\/aiviouvapes.com\/es\/wp-json\/wp\/v2\/product\/39475","targetHints":{"allow":["GET"]}}],"collection":[{"href":"https:\/\/aiviouvapes.com\/es\/wp-json\/wp\/v2\/product"}],"about":[{"href":"https:\/\/aiviouvapes.com\/es\/wp-json\/wp\/v2\/types\/product"}],"replies":[{"embeddable":true,"href":"https:\/\/aiviouvapes.com\/es\/wp-json\/wp\/v2\/comments?post=39475"}],"wp:featuredmedia":[{"embeddable":true,"href":"https:\/\/aiviouvapes.com\/es\/wp-json\/wp\/v2\/media\/39477"}],"wp:attachment":[{"href":"https:\/\/aiviouvapes.com\/es\/wp-json\/wp\/v2\/media?parent=39475"}],"wp:term":[{"taxonomy":"product_brand","embeddable":true,"href":"https:\/\/aiviouvapes.com\/es\/wp-json\/wp\/v2\/product_brand?post=39475"},{"taxonomy":"product_cat","embeddable":true,"href":"https:\/\/aiviouvapes.com\/es\/wp-json\/wp\/v2\/product_cat?post=39475"},{"taxonomy":"product_tag","embeddable":true,"href":"https:\/\/aiviouvapes.com\/es\/wp-json\/wp\/v2\/product_tag?post=39475"}],"curies":[{"name":"wp","href":"https:\/\/api.w.org\/{rel}","templated":true}]}}