{"id":37402,"date":"2025-06-12T22:56:20","date_gmt":"2025-06-12T14:56:20","guid":{"rendered":"https:\/\/aiviouvapes.com\/?post_type=product&#038;p=37402"},"modified":"2026-04-17T13:00:52","modified_gmt":"2026-04-17T05:00:52","slug":"fumot-randm-tornado-30000","status":"publish","type":"product","link":"https:\/\/aiviouvapes.com\/es\/product\/fumot-randm-tornado-30000\/","title":{"rendered":"Fumot RandM Tornado 30000 Puffs | luces reactivas a la m\u00fasica, bobina de malla, vape desechable recargable a granel"},"content":{"rendered":"<p><!-- SEO Meta Description --><\/p>\n<p><!-- Product Title --><\/p>\n<h2>Fumot RandM Tornado 30000 Puffs Vape Desechable<\/h2>\n<p><!-- Key Features --><\/p>\n<h2>\ud83d\udd11 Caracter\u00edsticas principales de Fumot RandM Tornado 30000 Puffs<\/h2>\n<ul>\n<li><strong>Gran capacidad de soplado:<\/strong> Hasta 30.000 caladas para un uso prolongado y sin preocupaciones.<\/li>\n<li><strong>Opciones de nicotina:<\/strong> Disponible en nicotina 2% y 5% para adaptarse a todas las preferencias.<\/li>\n<li><strong>Capacidad de 30mL de E-l\u00edquido:<\/strong> Garantiza un sabor duradero en cada calada.<\/li>\n<li><strong>Bobina de malla avanzada (1,0\u03a9):<\/strong> Vapor suave y sabor atrevido en cada inhalaci\u00f3n.<\/li>\n<li><strong>Bater\u00eda recargable (600mAh):<\/strong> Fuente de energ\u00eda ecol\u00f3gica y fiable.<\/li>\n<li><strong>Carga r\u00e1pida Tipo-C:<\/strong> Recarga r\u00e1pida y eficaz para sesiones ininterrumpidas.<\/li>\n<li><strong>Luces sensibles a la m\u00fasica:<\/strong> Las luces LED reaccionan al sonido para un vapeo din\u00e1mico.<\/li>\n<\/ul>\n<p><!-- Why Choose Section --><\/p>\n<h2>\ud83c\udf1f \u00bfPor qu\u00e9 elegir Fumot RandM Tornado 30000 Puffs?<\/h2>\n<p>En <strong>Fumot RandM Tornado 30000 Puffs<\/strong> no es s\u00f3lo otro vapeador desechable, es una experiencia elegante y tecnol\u00f3gica. Tanto si buscas rendimiento, est\u00e9tica o variedad de sabores, este dispositivo te lo ofrece todo. Perfecto para entornos sociales o para disfrutar en solitario, sus luces LED sincronizadas con la m\u00fasica y su potente cuenta de caladas lo convierten en la mejor elecci\u00f3n para los vapeadores modernos.<\/p>\n<p><!-- Flavor List --><\/p>\n<h2>\ud83c\udf53 Variedad de sabores - 30 sabores para satisfacer todos los paladares<\/h2>\n<ul>\n<li>Hielo de pl\u00e1tano<\/li>\n<li>Hielo negro<\/li>\n<li>Hielo Razz Azul<\/li>\n<li>Ar\u00e1ndanos sobre hielo<\/li>\n<li>Ar\u00e1ndano Frambuesa<\/li>\n<li>Frambuesa \u00e1cida con ar\u00e1ndanos<\/li>\n<li>Cereza helada<\/li>\n<li>Cereza Cola<\/li>\n<li>Cola Helada<\/li>\n<li>Menta fresca<\/li>\n<li>Manzana doble<\/li>\n<li>Dr. Azul<\/li>\n<li>Hielo de uva<\/li>\n<li>Helados<\/li>\n<li>Kiwi Fruta de la pasi\u00f3n Guayaba<\/li>\n<li>Amor 66<\/li>\n<li>Hielo exuberante<\/li>\n<li>Mezcla de bayas<\/li>\n<li>Melocot\u00f3n baya<\/li>\n<li>Melocot\u00f3n helado<\/li>\n<li>Melocot\u00f3n Mango Pi\u00f1a<\/li>\n<li>Pi\u00f1a helada<\/li>\n<li>Limonada rosa<\/li>\n<li>Bolos<\/li>\n<li>Fresa Pl\u00e1tano<\/li>\n<li>Fresa Uva<\/li>\n<li>Fresa helada<\/li>\n<li>Sand\u00eda con fresa<\/li>\n<li>Triple Mango<\/li>\n<li>Vimto<\/li>\n<\/ul>\n<p>Tanto si le apetece un sabor afrutado, helado o a caramelo, hay un sabor perfecto para usted.<\/p>","protected":false},"excerpt":{"rendered":"<p>Experimenta un vapeo vibrante con Fumot RandM Tornado 30000 caladas - caladas masivas, 30 sabores, energ\u00eda recargable y luces sincronizadas con la m\u00fasica para un viaje divertido y lleno de sabor.<\/p>","protected":false},"featured_media":37403,"comment_status":"open","ping_status":"closed","template":"","meta":[],"product_brand":[231],"product_cat":[35,131,572],"product_tag":[],"class_list":{"0":"post-37402","1":"product","2":"type-product","3":"status-publish","4":"has-post-thumbnail","6":"product_brand-randm","7":"product_cat-randm","8":"product_cat-30000-puffs-disposable-vape","9":"product_cat-new-2","11":"first","12":"instock","13":"featured","14":"shipping-taxable","15":"purchasable","16":"product-type-variable","17":"has-default-attributes"},"jetpack_sharing_enabled":true,"tiered_pricing_type":"fixed","tiered_pricing_fixed_rules":{"2000":5.9900000000000002131628207280300557613372802734375},"tiered_pricing_product_settings":{"layout":"default","base_unit_name":{"singular":null,"plural":null},"default_variation":null},"tiered_pricing_minimum_quantity":1000,"tiered_pricing_roles_data":[],"tiered_pricing_percentage_rules":[],"tiered_pricing_maximum_quantity":null,"tiered_pricing_quantity_step":"10","_links":{"self":[{"href":"https:\/\/aiviouvapes.com\/es\/wp-json\/wp\/v2\/product\/37402","targetHints":{"allow":["GET"]}}],"collection":[{"href":"https:\/\/aiviouvapes.com\/es\/wp-json\/wp\/v2\/product"}],"about":[{"href":"https:\/\/aiviouvapes.com\/es\/wp-json\/wp\/v2\/types\/product"}],"replies":[{"embeddable":true,"href":"https:\/\/aiviouvapes.com\/es\/wp-json\/wp\/v2\/comments?post=37402"}],"wp:featuredmedia":[{"embeddable":true,"href":"https:\/\/aiviouvapes.com\/es\/wp-json\/wp\/v2\/media\/37403"}],"wp:attachment":[{"href":"https:\/\/aiviouvapes.com\/es\/wp-json\/wp\/v2\/media?parent=37402"}],"wp:term":[{"taxonomy":"product_brand","embeddable":true,"href":"https:\/\/aiviouvapes.com\/es\/wp-json\/wp\/v2\/product_brand?post=37402"},{"taxonomy":"product_cat","embeddable":true,"href":"https:\/\/aiviouvapes.com\/es\/wp-json\/wp\/v2\/product_cat?post=37402"},{"taxonomy":"product_tag","embeddable":true,"href":"https:\/\/aiviouvapes.com\/es\/wp-json\/wp\/v2\/product_tag?post=37402"}],"curies":[{"name":"wp","href":"https:\/\/api.w.org\/{rel}","templated":true}]}}