{"id":37374,"date":"2025-06-12T22:50:24","date_gmt":"2025-06-12T14:50:24","guid":{"rendered":"https:\/\/aiviouvapes.com\/?post_type=product&#038;p=37374"},"modified":"2026-03-17T10:36:08","modified_gmt":"2026-03-17T02:36:08","slug":"bang-blaze-40k","status":"publish","type":"product","link":"https:\/\/aiviouvapes.com\/es\/product\/bang-blaze-40k\/","title":{"rendered":"Bang Blaze 40K 40000 Puffs | doble sabor, 40mL, 32 sabores, vape desechable recargable a granel"},"content":{"rendered":"<p><!-- SEO Meta Description (First 30 Words) --><\/p>\n<p><!-- Product Title --><\/p>\n<h2>Bang Blaze 40K Vape Desechable - Sabor Dual, 40.000 Puffs, 32 Opciones de Sabor<\/h2>\n<p><!-- Key Features Section --><\/p>\n<h2>\ud83d\udd11 Caracter\u00edsticas principales de Bang Blaze 40K Vape desechable<\/h2>\n<ul>\n<li><strong>Gran capacidad de soplado:<\/strong> Hasta 40.000 caladas, perfecto para semanas de vapeo ininterrumpido.<\/li>\n<li><strong>Interruptor de doble sabor:<\/strong> La funci\u00f3n de deslizamiento le permite alternar entre dos sabores al instante.<\/li>\n<li><strong>Generosa capacidad de e-l\u00edquido:<\/strong> Precargado con 40 ml de e-l\u00edquido de alta calidad para un disfrute duradero.<\/li>\n<li><strong>M\u00faltiples potencias de nicotina:<\/strong> Elija entre 0%, 2%, 3% o 5% nicotina para adaptarse a sus preferencias.<\/li>\n<li><strong>Bater\u00eda recargable:<\/strong> Funciona con una fiable bater\u00eda de 650 mAh para largas sesiones.<\/li>\n<li><strong>Bobina de malla doble (1,2\u03a9):<\/strong> Produce un vapor suave y un sabor rico y consistente en todo momento.<\/li>\n<li><strong>Carga r\u00e1pida USB-C:<\/strong> El puerto Type-C garantiza una recarga r\u00e1pida y eficaz.<\/li>\n<\/ul>\n<p><!-- Why Choose Section --><\/p>\n<h2>\ud83d\udca1 \u00bfPor qu\u00e9 elegir el Bang Blaze 40K Vape?<\/h2>\n<ul>\n<li><strong>Longevidad inigualable:<\/strong> La vida \u00fatil de 40.000 caladas y el dep\u00f3sito de 40 ml reducen las sustituciones y aumentan la satisfacci\u00f3n.<\/li>\n<li><strong>\u2705 Conveniencia de doble sabor:<\/strong> No se conforme con uno: cambie de sabor al instante con el mecanismo deslizante.<\/li>\n<li><strong>\u2705 Experiencia de nicotina a medida:<\/strong> De cero a fuerte: seleccione su fuerza entre 0%, 2%, 3% o 5%.<\/li>\n<li><strong>Calidad de vapor sedoso:<\/strong> La doble bobina de malla garantiza caladas suaves y sabrosas en todo momento.<\/li>\n<li><strong>Compacto y recargable:<\/strong> Ll\u00e9vatelo a cualquier parte: carga r\u00e1pida Type-C y dise\u00f1o de bolsillo.<\/li>\n<\/ul>\n<p>Tanto si eres un cazador de sabores, un perseguidor de nubes o un comprador a granel, el Vapeador Desechable Bang Blaze 40K ofrece un rendimiento de primera, una comodidad insuperable y un viaje de vapeo verdaderamente sabroso.<\/p>\n<p><!-- Flavor List Section --><\/p>\n<h2>\ud83c\udf53 Lista de Sabores - Explora 32 Combinaciones \u00danicas de Sabores Dobles<\/h2>\n<ul>\n<li data-start=\"71\" data-end=\"108\">\n<p data-start=\"74\" data-end=\"108\">Sand\u00eda\/Sand\u00eda con fresas<\/p>\n<\/li>\n<li data-start=\"109\" data-end=\"147\">\n<p data-start=\"112\" data-end=\"147\">Ar\u00e1ndano Helado\/Ar\u00e1ndano Frambuesa<\/p>\n<\/li>\n<li data-start=\"148\" data-end=\"179\">\n<p data-start=\"151\" data-end=\"179\">Mango helado\/Mango con fresas<\/p>\n<\/li>\n<li data-start=\"180\" data-end=\"216\">\n<p data-start=\"183\" data-end=\"216\">Sand\u00eda\/Chicle de sand\u00eda<\/p>\n<\/li>\n<li data-start=\"217\" data-end=\"253\">\n<p data-start=\"220\" data-end=\"253\">Pi\u00f1a Helada\/Pi\u00f1a Coco<\/p>\n<\/li>\n<li data-start=\"254\" data-end=\"283\">\n<p data-start=\"257\" data-end=\"283\">Fruta mixta\/Triple baya<\/p>\n<\/li>\n<li data-start=\"284\" data-end=\"310\">\n<p data-start=\"287\" data-end=\"310\">Melocot\u00f3n helado\/Melocot\u00f3n mango<\/p>\n<\/li>\n<li data-start=\"311\" data-end=\"334\">\n<p data-start=\"314\" data-end=\"334\">Cereza\/Cereza Coca-Cola<\/p>\n<\/li>\n<li data-start=\"335\" data-end=\"361\">\n<p data-start=\"338\" data-end=\"361\">Uva\/Ar\u00e1ndano Uva<\/p>\n<\/li>\n<li data-start=\"362\" data-end=\"387\">\n<p data-start=\"366\" data-end=\"387\">Menta\/Menta ar\u00e1ndano<\/p>\n<\/li>\n<li data-start=\"388\" data-end=\"419\">\n<p data-start=\"392\" data-end=\"419\">Drag\u00f3n Negro Hielo\/Toro Rojo<\/p>\n<\/li>\n<li data-start=\"420\" data-end=\"456\">\n<p data-start=\"424\" data-end=\"456\">Fresa Helada\/Fresa Kiwi<\/p>\n<\/li>\n<li data-start=\"457\" data-end=\"496\">\n<p data-start=\"461\" data-end=\"496\">Frutas tropicales\/Sand\u00eda triple<\/p>\n<\/li>\n<li data-start=\"497\" data-end=\"534\">\n<p data-start=\"501\" data-end=\"534\">Mango Agrio Pi\u00f1a\/Lim\u00f3n Lima<\/p>\n<\/li>\n<li data-start=\"535\" data-end=\"562\">\n<p data-start=\"539\" data-end=\"562\">Summer Time\/Hielo de manzana<\/p>\n<\/li>\n<li data-start=\"563\" data-end=\"598\">\n<p data-start=\"567\" data-end=\"598\">Caramelos arco iris\/Congelaci\u00f3n \u00e1rtica<\/p>\n<\/li>\n<li data-start=\"599\" data-end=\"635\">\n<p data-start=\"603\" data-end=\"635\">Sand\u00eda frambuesa\/Jieshuang<\/p>\n<\/li>\n<li data-start=\"636\" data-end=\"673\">\n<p data-start=\"640\" data-end=\"673\">Romance de lim\u00f3n\/Cereza de California<\/p>\n<\/li>\n<li data-start=\"674\" data-end=\"713\">\n<p data-start=\"678\" data-end=\"713\">Gominolas Mango Melocot\u00f3n Albaricoque\/Blanco<\/p>\n<\/li>\n<li data-start=\"714\" data-end=\"753\">\n<p data-start=\"718\" data-end=\"753\">El sue\u00f1o de Mar\u00eda\/Helado de aloe, mango y mel\u00f3n<\/p>\n<\/li>\n<li data-start=\"754\" data-end=\"804\">\n<p data-start=\"758\" data-end=\"804\">Ar\u00e1ndano Ar\u00e1ndano Cereza\/Sand\u00eda Cereza<\/p>\n<\/li>\n<li data-start=\"805\" data-end=\"848\">\n<p data-start=\"809\" data-end=\"848\">Helado de pi\u00f1a, mango y coco<\/p>\n<\/li>\n<li data-start=\"849\" data-end=\"891\">\n<p data-start=\"853\" data-end=\"891\">Frambuesa Sand\u00eda\/Aloe Vera Uva<\/p>\n<\/li>\n<li data-start=\"892\" data-end=\"926\">\n<p data-start=\"896\" data-end=\"926\">Lichi helado\/Lichi de fresa<\/p>\n<\/li>\n<li data-start=\"927\" data-end=\"972\">\n<p data-start=\"931\" data-end=\"972\">Helado de fresa\/vainilla con fresa<\/p>\n<\/li>\n<li data-start=\"973\" data-end=\"1013\">\n<p data-start=\"977\" data-end=\"1013\">Osito de goma\/Raspberry Black Glitter<\/p>\n<\/li>\n<li data-start=\"1014\" data-end=\"1054\">\n<p data-start=\"1018\" data-end=\"1054\">Bayas frescas\/Sand\u00eda \u00c1cida\/Melocot\u00f3n<\/p>\n<\/li>\n<\/ul>","protected":false},"excerpt":{"rendered":"<p>Bang El vapeador desechable Blaze 40K ofrece 40.000 caladas, sabores duales, 40mL de e-l\u00edquido, 32 opciones de sabor y hasta 5% de nicotina. Un vapeador desechable recargable de alto rendimiento para los amantes del sabor.<\/p>","protected":false},"featured_media":37387,"comment_status":"open","ping_status":"closed","template":"","meta":[],"product_brand":[239],"product_cat":[37,219,137,146,138,141,143],"product_tag":[],"class_list":{"0":"post-37374","1":"product","2":"type-product","3":"status-publish","4":"has-post-thumbnail","6":"product_brand-bang","7":"product_cat-bang","8":"product_cat-40000-puffs-disposable-vape","9":"product_cat-disposable-vapes-in-germany","10":"product_cat-disposable-vapes-in-hungary","11":"product_cat-disposable-vapes-in-ltaly","12":"product_cat-disposable-vapes-in-poland","13":"product_cat-disposable-vapes-in-spain","15":"first","16":"instock","17":"shipping-taxable","18":"purchasable","19":"product-type-variable","20":"has-default-attributes"},"jetpack_sharing_enabled":true,"tiered_pricing_type":"fixed","tiered_pricing_fixed_rules":{"30":7.78000000000000024868995751603506505489349365234375,"50":6.61000000000000031974423109204508364200592041015625,"100":5.70000000000000017763568394002504646778106689453125,"200":5.30999999999999960920149533194489777088165283203125,"400":4.730000000000000426325641456060111522674560546875},"tiered_pricing_product_settings":{"layout":"default","base_unit_name":{"singular":null,"plural":null},"default_variation":null},"tiered_pricing_minimum_quantity":10,"tiered_pricing_roles_data":[],"tiered_pricing_percentage_rules":[],"tiered_pricing_maximum_quantity":null,"tiered_pricing_quantity_step":"10","_links":{"self":[{"href":"https:\/\/aiviouvapes.com\/es\/wp-json\/wp\/v2\/product\/37374","targetHints":{"allow":["GET"]}}],"collection":[{"href":"https:\/\/aiviouvapes.com\/es\/wp-json\/wp\/v2\/product"}],"about":[{"href":"https:\/\/aiviouvapes.com\/es\/wp-json\/wp\/v2\/types\/product"}],"replies":[{"embeddable":true,"href":"https:\/\/aiviouvapes.com\/es\/wp-json\/wp\/v2\/comments?post=37374"}],"wp:featuredmedia":[{"embeddable":true,"href":"https:\/\/aiviouvapes.com\/es\/wp-json\/wp\/v2\/media\/37387"}],"wp:attachment":[{"href":"https:\/\/aiviouvapes.com\/es\/wp-json\/wp\/v2\/media?parent=37374"}],"wp:term":[{"taxonomy":"product_brand","embeddable":true,"href":"https:\/\/aiviouvapes.com\/es\/wp-json\/wp\/v2\/product_brand?post=37374"},{"taxonomy":"product_cat","embeddable":true,"href":"https:\/\/aiviouvapes.com\/es\/wp-json\/wp\/v2\/product_cat?post=37374"},{"taxonomy":"product_tag","embeddable":true,"href":"https:\/\/aiviouvapes.com\/es\/wp-json\/wp\/v2\/product_tag?post=37374"}],"curies":[{"name":"wp","href":"https:\/\/api.w.org\/{rel}","templated":true}]}}