{"id":37177,"date":"2025-06-16T11:29:01","date_gmt":"2025-06-16T03:29:01","guid":{"rendered":"https:\/\/aiviouvapes.com\/?post_type=product&#038;p=37177"},"modified":"2026-04-17T13:00:52","modified_gmt":"2026-04-17T05:00:52","slug":"vapsolo-triple-30000-puffs","status":"publish","type":"product","link":"https:\/\/aiviouvapes.com\/es\/product\/vapsolo-triple-30000-puffs\/","title":{"rendered":"Vapsolo Triple 30000 Puffs | Sabor 3 en 1, 36mL e-liquid, pantalla LCD, vape desechable a granel"},"content":{"rendered":"<h2>\ud83d\udd11 Caracter\u00edsticas principales de VapSolo Triple 30000 Puffs Vape desechable<\/h2>\n<ul>\n<li><strong>Hasta 30.000 caladas:<\/strong> Rendimiento duradero para un uso prolongado sin sustituciones frecuentes.<\/li>\n<li><strong>Sistema de triple sabor:<\/strong> Disfrute de tres sabores diferentes en un solo dispositivo, perfecto para los amantes de la variedad.<\/li>\n<li><strong>Capacidad masiva de E-l\u00edquido de 45mL:<\/strong> 15mL por sabor, asegurando sesiones de vapeo consistentes sin quedarse seco.<\/li>\n<li><strong>Bobina de malla triple de 1,0\u03a9:<\/strong> Producci\u00f3n superior de vapor y sabor con cada calada.<\/li>\n<li><strong>Bater\u00eda recargable de 650 mAh:<\/strong> Energ\u00eda fiable con carga r\u00e1pida Type-C para mayor comodidad.<\/li>\n<li><strong>Pantalla LCD inteligente:<\/strong> Control en tiempo real del n\u00famero de caladas, la duraci\u00f3n de la bater\u00eda y el sabor activo.<\/li>\n<li><strong>Tensi\u00f3n estable a 3,6 V:<\/strong> Garantiza un rendimiento constante de principio a fin.<\/li>\n<li><strong>Dise\u00f1o compacto y ligero:<\/strong> De bolsillo y f\u00e1cil de transportar.<\/li>\n<li><strong>Opciones de nicotina:<\/strong> Disponible en 2% y 5% para adaptarse tanto a vapers ligeros como experimentados.<\/li>\n<\/ul>\n<h2>\ud83d\udd25 \u00bfPor qu\u00e9 elegir VapSolo Triple 30K Vape desechable?<\/h2>\n<p>El VapSolo Triple 30000 es lo \u00faltimo en vapeadores desechables para usuarios que exigen variedad, comodidad y alto rendimiento. Con su funcionalidad de triple sabor, gran tanque de e-l\u00edquido, y la bater\u00eda recargable, este dispositivo est\u00e1 construido para satisfacer. Tanto si eres un cazador de sabores como un vapeador ocasional, el VapSolo Triple ofrece una experiencia de vapeo suave, rica e ininterrumpida, adem\u00e1s de una pantalla digital que mantiene todo bajo control. Su dise\u00f1o elegante y su gran cantidad de caladas lo convierten en un compa\u00f1ero diario fiable para cualquier vapeador.<\/p>\n<h2>\ud83c\udf53 Combinaciones de sabores disponibles<\/h2>\n<ul>\n<li>1. Sand\u00eda Helada &amp; Fresa Kiwi &amp; Lim\u00f3n Menta<\/li>\n<li>2. Blue Razz Ice &amp; Mango Peach &amp; Grape Ice<\/li>\n<li>3. Cola Ice &amp; Cherry Granada &amp; Manzana \u00e1cida<\/li>\n<li>4. Fresa Pl\u00e1tano y Frambuesa Sand\u00eda y Pi\u00f1a Coco<\/li>\n<li>5. Ponche Tropical &amp; Helado de Fresa &amp; Manzana Verde<\/li>\n<li>6. Menta con ar\u00e1ndanos &amp; Amor 66 &amp; Manzana doble<\/li>\n<li>7. Kiwi Maracuy\u00e1 Guayaba y Fresa Cereza y Hielo Lush<\/li>\n<li>8. Grosella negra helada y lichi Sand\u00eda y frutas variadas<\/li>\n<li>9. Red Bull &amp; Fresa Uva &amp; Ar\u00e1ndano Frambuesa<\/li>\n<li>10. Bebida energ\u00e9tica, melocot\u00f3n helado y menta fresca<\/li>\n<\/ul>\n<p><img data-recalc-dims=\"1\" loading=\"lazy\" decoding=\"async\" class=\"alignnone size-full wp-image-46143\" src=\"https:\/\/i0.wp.com\/aiviouvapes.com\/wp-content\/uploads\/2025\/06\/VapSolo-30000-Puffs.jpg?resize=1000%2C1000&#038;ssl=1\" alt=\",\" width=\"1000\" height=\"1000\" title=\"\" srcset=\"https:\/\/i0.wp.com\/aiviouvapes.com\/wp-content\/uploads\/2025\/06\/VapSolo-30000-Puffs.jpg?w=1000&amp;ssl=1 1000w, https:\/\/i0.wp.com\/aiviouvapes.com\/wp-content\/uploads\/2025\/06\/VapSolo-30000-Puffs.jpg?resize=300%2C300&amp;ssl=1 300w, https:\/\/i0.wp.com\/aiviouvapes.com\/wp-content\/uploads\/2025\/06\/VapSolo-30000-Puffs.jpg?resize=150%2C150&amp;ssl=1 150w, https:\/\/i0.wp.com\/aiviouvapes.com\/wp-content\/uploads\/2025\/06\/VapSolo-30000-Puffs.jpg?resize=768%2C768&amp;ssl=1 768w, https:\/\/i0.wp.com\/aiviouvapes.com\/wp-content\/uploads\/2025\/06\/VapSolo-30000-Puffs.jpg?resize=12%2C12&amp;ssl=1 12w, https:\/\/i0.wp.com\/aiviouvapes.com\/wp-content\/uploads\/2025\/06\/VapSolo-30000-Puffs.jpg?resize=400%2C400&amp;ssl=1 400w, https:\/\/i0.wp.com\/aiviouvapes.com\/wp-content\/uploads\/2025\/06\/VapSolo-30000-Puffs.jpg?resize=800%2C800&amp;ssl=1 800w, https:\/\/i0.wp.com\/aiviouvapes.com\/wp-content\/uploads\/2025\/06\/VapSolo-30000-Puffs.jpg?resize=100%2C100&amp;ssl=1 100w\" sizes=\"auto, (max-width: 1000px) 100vw, 1000px\" \/> <img data-recalc-dims=\"1\" loading=\"lazy\" decoding=\"async\" class=\"alignnone size-full wp-image-46144\" src=\"https:\/\/i0.wp.com\/aiviouvapes.com\/wp-content\/uploads\/2025\/06\/VapSolo-30000-Puffs-2.jpg?resize=1000%2C1000&#038;ssl=1\" alt=\",\" width=\"1000\" height=\"1000\" title=\"\" srcset=\"https:\/\/i0.wp.com\/aiviouvapes.com\/wp-content\/uploads\/2025\/06\/VapSolo-30000-Puffs-2.jpg?w=1000&amp;ssl=1 1000w, https:\/\/i0.wp.com\/aiviouvapes.com\/wp-content\/uploads\/2025\/06\/VapSolo-30000-Puffs-2.jpg?resize=300%2C300&amp;ssl=1 300w, https:\/\/i0.wp.com\/aiviouvapes.com\/wp-content\/uploads\/2025\/06\/VapSolo-30000-Puffs-2.jpg?resize=150%2C150&amp;ssl=1 150w, https:\/\/i0.wp.com\/aiviouvapes.com\/wp-content\/uploads\/2025\/06\/VapSolo-30000-Puffs-2.jpg?resize=768%2C768&amp;ssl=1 768w, https:\/\/i0.wp.com\/aiviouvapes.com\/wp-content\/uploads\/2025\/06\/VapSolo-30000-Puffs-2.jpg?resize=12%2C12&amp;ssl=1 12w, https:\/\/i0.wp.com\/aiviouvapes.com\/wp-content\/uploads\/2025\/06\/VapSolo-30000-Puffs-2.jpg?resize=400%2C400&amp;ssl=1 400w, https:\/\/i0.wp.com\/aiviouvapes.com\/wp-content\/uploads\/2025\/06\/VapSolo-30000-Puffs-2.jpg?resize=800%2C800&amp;ssl=1 800w, https:\/\/i0.wp.com\/aiviouvapes.com\/wp-content\/uploads\/2025\/06\/VapSolo-30000-Puffs-2.jpg?resize=100%2C100&amp;ssl=1 100w\" sizes=\"auto, (max-width: 1000px) 100vw, 1000px\" \/> <img data-recalc-dims=\"1\" loading=\"lazy\" decoding=\"async\" class=\"alignnone size-full wp-image-46145\" src=\"https:\/\/i0.wp.com\/aiviouvapes.com\/wp-content\/uploads\/2025\/06\/VapSolo-30000-Puffs-3.jpg?resize=1000%2C1000&#038;ssl=1\" alt=\",\" width=\"1000\" height=\"1000\" title=\"\" srcset=\"https:\/\/i0.wp.com\/aiviouvapes.com\/wp-content\/uploads\/2025\/06\/VapSolo-30000-Puffs-3.jpg?w=1000&amp;ssl=1 1000w, https:\/\/i0.wp.com\/aiviouvapes.com\/wp-content\/uploads\/2025\/06\/VapSolo-30000-Puffs-3.jpg?resize=300%2C300&amp;ssl=1 300w, https:\/\/i0.wp.com\/aiviouvapes.com\/wp-content\/uploads\/2025\/06\/VapSolo-30000-Puffs-3.jpg?resize=150%2C150&amp;ssl=1 150w, https:\/\/i0.wp.com\/aiviouvapes.com\/wp-content\/uploads\/2025\/06\/VapSolo-30000-Puffs-3.jpg?resize=768%2C768&amp;ssl=1 768w, https:\/\/i0.wp.com\/aiviouvapes.com\/wp-content\/uploads\/2025\/06\/VapSolo-30000-Puffs-3.jpg?resize=12%2C12&amp;ssl=1 12w, https:\/\/i0.wp.com\/aiviouvapes.com\/wp-content\/uploads\/2025\/06\/VapSolo-30000-Puffs-3.jpg?resize=400%2C400&amp;ssl=1 400w, https:\/\/i0.wp.com\/aiviouvapes.com\/wp-content\/uploads\/2025\/06\/VapSolo-30000-Puffs-3.jpg?resize=800%2C800&amp;ssl=1 800w, https:\/\/i0.wp.com\/aiviouvapes.com\/wp-content\/uploads\/2025\/06\/VapSolo-30000-Puffs-3.jpg?resize=100%2C100&amp;ssl=1 100w\" sizes=\"auto, (max-width: 1000px) 100vw, 1000px\" \/><\/p>","protected":false},"excerpt":{"rendered":"<p>Experimenta el triple de sabor y hasta 30.000 caladas con el vapeador desechable VapSolo Triple 30K - un vapeador potente, sabroso y rico en funciones dise\u00f1ado para una satisfacci\u00f3n duradera.<\/p>\n<a href=\"https:\/\/aiviouvapes.com\/es\/why-waspe-100k-4-in-1-outshines-vapsolo-triple-30k\/\" target=\"_blank\" class=\"button secondary is-secondary is-medium hide-this-btn1\" rel=\"noopener\" >\n\t\t<span>\ud83d\udc51 Descubre por qu\u00e9 los vapers inteligentes eligen WASPE 100K en lugar de VapSolo \u2705.<\/span>\n\t<\/a>","protected":false},"featured_media":37178,"comment_status":"open","ping_status":"closed","template":"","meta":[],"product_brand":[228],"product_cat":[48,131,573,572],"product_tag":[],"class_list":{"0":"post-37177","1":"product","2":"type-product","3":"status-publish","4":"has-post-thumbnail","6":"product_brand-vapsolo","7":"product_cat-vapsolo","8":"product_cat-30000-puffs-disposable-vape","9":"product_cat-new-3","10":"product_cat-new-2","12":"first","13":"instock","14":"shipping-taxable","15":"purchasable","16":"product-type-variable","17":"has-default-attributes"},"jetpack_sharing_enabled":true,"tiered_pricing_type":"fixed","tiered_pricing_fixed_rules":{"2000":7.6500000000000003552713678800500929355621337890625},"tiered_pricing_product_settings":{"layout":"default","base_unit_name":{"singular":null,"plural":null},"default_variation":null},"tiered_pricing_minimum_quantity":1000,"tiered_pricing_roles_data":[],"tiered_pricing_percentage_rules":[],"tiered_pricing_maximum_quantity":null,"tiered_pricing_quantity_step":"10","_links":{"self":[{"href":"https:\/\/aiviouvapes.com\/es\/wp-json\/wp\/v2\/product\/37177","targetHints":{"allow":["GET"]}}],"collection":[{"href":"https:\/\/aiviouvapes.com\/es\/wp-json\/wp\/v2\/product"}],"about":[{"href":"https:\/\/aiviouvapes.com\/es\/wp-json\/wp\/v2\/types\/product"}],"replies":[{"embeddable":true,"href":"https:\/\/aiviouvapes.com\/es\/wp-json\/wp\/v2\/comments?post=37177"}],"wp:featuredmedia":[{"embeddable":true,"href":"https:\/\/aiviouvapes.com\/es\/wp-json\/wp\/v2\/media\/37178"}],"wp:attachment":[{"href":"https:\/\/aiviouvapes.com\/es\/wp-json\/wp\/v2\/media?parent=37177"}],"wp:term":[{"taxonomy":"product_brand","embeddable":true,"href":"https:\/\/aiviouvapes.com\/es\/wp-json\/wp\/v2\/product_brand?post=37177"},{"taxonomy":"product_cat","embeddable":true,"href":"https:\/\/aiviouvapes.com\/es\/wp-json\/wp\/v2\/product_cat?post=37177"},{"taxonomy":"product_tag","embeddable":true,"href":"https:\/\/aiviouvapes.com\/es\/wp-json\/wp\/v2\/product_tag?post=37177"}],"curies":[{"name":"wp","href":"https:\/\/api.w.org\/{rel}","templated":true}]}}