{"id":37132,"date":"2025-06-17T17:06:19","date_gmt":"2025-06-17T09:06:19","guid":{"rendered":"https:\/\/aiviouvapes.com\/?post_type=product&#038;p=37132"},"modified":"2025-11-13T12:19:51","modified_gmt":"2025-11-13T04:19:51","slug":"vapme-digital-30000-puffs","status":"publish","type":"product","link":"https:\/\/aiviouvapes.com\/es\/product\/vapme-digital-30000-puffs\/","title":{"rendered":"VAPME DIGITAL 30000 Puffs | 12 sabores, 20mL, 0.6\u03a9 mesh coil bulk vape desechable"},"content":{"rendered":"<h2>\ud83d\udd11 Caracter\u00edsticas principales de VAPME DIGITAL 30000<\/h2>\n<ul>\n<li><strong>Cantidad masiva de Puff:<\/strong> Proporciona m\u00e1s de 30.000 caladas para sesiones de vapeo ultralargas.<\/li>\n<li><strong>Opciones con alto contenido en nicotina:<\/strong> Disponible en 0%, 12%, 13% y 15% para todas las preferencias.<\/li>\n<li><strong>Gran capacidad de e-l\u00edquido:<\/strong> Precargado con 20 ml de zumo de primera calidad: menos recargas, m\u00e1s disfrute.<\/li>\n<li><strong>Bater\u00eda fuerte:<\/strong> Equipado con una bater\u00eda recargable de 850 mAh y un pr\u00e1ctico puerto de carga Type-C.<\/li>\n<li><strong>Bobina de malla avanzada:<\/strong> Utiliza una bobina de malla de 0,6\u03a9 para un sabor rico y suave y una producci\u00f3n de vapor densa.<\/li>\n<li><strong>Perfecto para los amantes de la MTL:<\/strong> Dise\u00f1ado para la extracci\u00f3n boca-pulm\u00f3n, simulando una experiencia real de fumar.<\/li>\n<\/ul>\n<h2>\ud83d\udca1 \u00bfPor qu\u00e9 elegir el VAPME DIGITAL 30000?<\/h2>\n<p>Este vapeador desechable de alto rendimiento es ideal para cualquiera que busque un potente suministro de nicotina, suaves caladas MTL y sabores sobresalientes. Con un dise\u00f1o digital inteligente y un recuento de caladas l\u00edder en la industria, est\u00e1 hecho para usuarios intensivos y compradores a granel por igual.<\/p>\n<h2>\ud83c\udf53 Sabores disponibles<\/h2>\n<ul>\n<li>Ar\u00e1ndano Frambuesa<\/li>\n<li>Cereza helada<\/li>\n<li>Kiwi Maracuy\u00e1 Guayaba<\/li>\n<li>Fresa helada<\/li>\n<li>Fresa Kiwi<\/li>\n<li>Red Bull de fresa<\/li>\n<li>Fresa Uva<\/li>\n<li>Hielo de sand\u00eda<\/li>\n<li>Melocot\u00f3n helado<\/li>\n<li>Bebida energ\u00e9tica<\/li>\n<li>Lady Killa<\/li>\n<li>Amor 66<\/li>\n<\/ul>\n<p><img data-recalc-dims=\"1\" loading=\"lazy\" decoding=\"async\" class=\"alignnone size-full wp-image-37168\" src=\"https:\/\/i0.wp.com\/aiviouvapes.com\/wp-content\/uploads\/2025\/06\/VAPME-DIGITAL-30000-details1.jpg?resize=1020%2C683&#038;ssl=1\" alt=\",\" width=\"1020\" height=\"683\" title=\"\" srcset=\"https:\/\/i0.wp.com\/aiviouvapes.com\/wp-content\/uploads\/2025\/06\/VAPME-DIGITAL-30000-details1.jpg?w=1920&amp;ssl=1 1920w, https:\/\/i0.wp.com\/aiviouvapes.com\/wp-content\/uploads\/2025\/06\/VAPME-DIGITAL-30000-details1.jpg?resize=300%2C201&amp;ssl=1 300w, https:\/\/i0.wp.com\/aiviouvapes.com\/wp-content\/uploads\/2025\/06\/VAPME-DIGITAL-30000-details1.jpg?resize=1024%2C685&amp;ssl=1 1024w, https:\/\/i0.wp.com\/aiviouvapes.com\/wp-content\/uploads\/2025\/06\/VAPME-DIGITAL-30000-details1.jpg?resize=768%2C514&amp;ssl=1 768w, https:\/\/i0.wp.com\/aiviouvapes.com\/wp-content\/uploads\/2025\/06\/VAPME-DIGITAL-30000-details1.jpg?resize=1536%2C1028&amp;ssl=1 1536w, https:\/\/i0.wp.com\/aiviouvapes.com\/wp-content\/uploads\/2025\/06\/VAPME-DIGITAL-30000-details1.jpg?resize=18%2C12&amp;ssl=1 18w, https:\/\/i0.wp.com\/aiviouvapes.com\/wp-content\/uploads\/2025\/06\/VAPME-DIGITAL-30000-details1.jpg?resize=1320%2C883&amp;ssl=1 1320w, https:\/\/i0.wp.com\/aiviouvapes.com\/wp-content\/uploads\/2025\/06\/VAPME-DIGITAL-30000-details1.jpg?resize=800%2C535&amp;ssl=1 800w\" sizes=\"auto, (max-width: 1020px) 100vw, 1020px\" \/> <img data-recalc-dims=\"1\" loading=\"lazy\" decoding=\"async\" class=\"alignnone size-full wp-image-37176\" src=\"https:\/\/i0.wp.com\/aiviouvapes.com\/wp-content\/uploads\/2025\/06\/VAPME-DIGITAL-30000-details9.jpg?resize=1020%2C1020&#038;ssl=1\" alt=\",\" width=\"1020\" height=\"1020\" title=\"\" srcset=\"https:\/\/i0.wp.com\/aiviouvapes.com\/wp-content\/uploads\/2025\/06\/VAPME-DIGITAL-30000-details9.jpg?w=1920&amp;ssl=1 1920w, https:\/\/i0.wp.com\/aiviouvapes.com\/wp-content\/uploads\/2025\/06\/VAPME-DIGITAL-30000-details9.jpg?resize=300%2C300&amp;ssl=1 300w, https:\/\/i0.wp.com\/aiviouvapes.com\/wp-content\/uploads\/2025\/06\/VAPME-DIGITAL-30000-details9.jpg?resize=1024%2C1024&amp;ssl=1 1024w, https:\/\/i0.wp.com\/aiviouvapes.com\/wp-content\/uploads\/2025\/06\/VAPME-DIGITAL-30000-details9.jpg?resize=150%2C150&amp;ssl=1 150w, https:\/\/i0.wp.com\/aiviouvapes.com\/wp-content\/uploads\/2025\/06\/VAPME-DIGITAL-30000-details9.jpg?resize=768%2C768&amp;ssl=1 768w, https:\/\/i0.wp.com\/aiviouvapes.com\/wp-content\/uploads\/2025\/06\/VAPME-DIGITAL-30000-details9.jpg?resize=1536%2C1536&amp;ssl=1 1536w, https:\/\/i0.wp.com\/aiviouvapes.com\/wp-content\/uploads\/2025\/06\/VAPME-DIGITAL-30000-details9.jpg?resize=12%2C12&amp;ssl=1 12w, https:\/\/i0.wp.com\/aiviouvapes.com\/wp-content\/uploads\/2025\/06\/VAPME-DIGITAL-30000-details9.jpg?resize=1320%2C1320&amp;ssl=1 1320w, https:\/\/i0.wp.com\/aiviouvapes.com\/wp-content\/uploads\/2025\/06\/VAPME-DIGITAL-30000-details9.jpg?resize=400%2C400&amp;ssl=1 400w, https:\/\/i0.wp.com\/aiviouvapes.com\/wp-content\/uploads\/2025\/06\/VAPME-DIGITAL-30000-details9.jpg?resize=800%2C800&amp;ssl=1 800w, https:\/\/i0.wp.com\/aiviouvapes.com\/wp-content\/uploads\/2025\/06\/VAPME-DIGITAL-30000-details9.jpg?resize=100%2C100&amp;ssl=1 100w\" sizes=\"auto, (max-width: 1020px) 100vw, 1020px\" \/> <img data-recalc-dims=\"1\" loading=\"lazy\" decoding=\"async\" class=\"alignnone size-full wp-image-37175\" src=\"https:\/\/i0.wp.com\/aiviouvapes.com\/wp-content\/uploads\/2025\/06\/VAPME-DIGITAL-30000-details8.jpg?resize=1020%2C680&#038;ssl=1\" alt=\",\" width=\"1020\" height=\"680\" title=\"\" srcset=\"https:\/\/i0.wp.com\/aiviouvapes.com\/wp-content\/uploads\/2025\/06\/VAPME-DIGITAL-30000-details8.jpg?w=1920&amp;ssl=1 1920w, https:\/\/i0.wp.com\/aiviouvapes.com\/wp-content\/uploads\/2025\/06\/VAPME-DIGITAL-30000-details8.jpg?resize=300%2C200&amp;ssl=1 300w, https:\/\/i0.wp.com\/aiviouvapes.com\/wp-content\/uploads\/2025\/06\/VAPME-DIGITAL-30000-details8.jpg?resize=1024%2C683&amp;ssl=1 1024w, https:\/\/i0.wp.com\/aiviouvapes.com\/wp-content\/uploads\/2025\/06\/VAPME-DIGITAL-30000-details8.jpg?resize=768%2C512&amp;ssl=1 768w, https:\/\/i0.wp.com\/aiviouvapes.com\/wp-content\/uploads\/2025\/06\/VAPME-DIGITAL-30000-details8.jpg?resize=1536%2C1024&amp;ssl=1 1536w, https:\/\/i0.wp.com\/aiviouvapes.com\/wp-content\/uploads\/2025\/06\/VAPME-DIGITAL-30000-details8.jpg?resize=18%2C12&amp;ssl=1 18w, https:\/\/i0.wp.com\/aiviouvapes.com\/wp-content\/uploads\/2025\/06\/VAPME-DIGITAL-30000-details8.jpg?resize=1320%2C880&amp;ssl=1 1320w, https:\/\/i0.wp.com\/aiviouvapes.com\/wp-content\/uploads\/2025\/06\/VAPME-DIGITAL-30000-details8.jpg?resize=800%2C533&amp;ssl=1 800w\" sizes=\"auto, (max-width: 1020px) 100vw, 1020px\" \/> <img data-recalc-dims=\"1\" loading=\"lazy\" decoding=\"async\" class=\"alignnone size-full wp-image-37174\" src=\"https:\/\/i0.wp.com\/aiviouvapes.com\/wp-content\/uploads\/2025\/06\/VAPME-DIGITAL-30000-details7.jpg?resize=1020%2C1020&#038;ssl=1\" alt=\",\" width=\"1020\" height=\"1020\" title=\"\" srcset=\"https:\/\/i0.wp.com\/aiviouvapes.com\/wp-content\/uploads\/2025\/06\/VAPME-DIGITAL-30000-details7.jpg?w=1920&amp;ssl=1 1920w, https:\/\/i0.wp.com\/aiviouvapes.com\/wp-content\/uploads\/2025\/06\/VAPME-DIGITAL-30000-details7.jpg?resize=300%2C300&amp;ssl=1 300w, https:\/\/i0.wp.com\/aiviouvapes.com\/wp-content\/uploads\/2025\/06\/VAPME-DIGITAL-30000-details7.jpg?resize=1024%2C1024&amp;ssl=1 1024w, https:\/\/i0.wp.com\/aiviouvapes.com\/wp-content\/uploads\/2025\/06\/VAPME-DIGITAL-30000-details7.jpg?resize=150%2C150&amp;ssl=1 150w, https:\/\/i0.wp.com\/aiviouvapes.com\/wp-content\/uploads\/2025\/06\/VAPME-DIGITAL-30000-details7.jpg?resize=768%2C768&amp;ssl=1 768w, https:\/\/i0.wp.com\/aiviouvapes.com\/wp-content\/uploads\/2025\/06\/VAPME-DIGITAL-30000-details7.jpg?resize=1536%2C1536&amp;ssl=1 1536w, https:\/\/i0.wp.com\/aiviouvapes.com\/wp-content\/uploads\/2025\/06\/VAPME-DIGITAL-30000-details7.jpg?resize=12%2C12&amp;ssl=1 12w, https:\/\/i0.wp.com\/aiviouvapes.com\/wp-content\/uploads\/2025\/06\/VAPME-DIGITAL-30000-details7.jpg?resize=1320%2C1320&amp;ssl=1 1320w, https:\/\/i0.wp.com\/aiviouvapes.com\/wp-content\/uploads\/2025\/06\/VAPME-DIGITAL-30000-details7.jpg?resize=400%2C400&amp;ssl=1 400w, https:\/\/i0.wp.com\/aiviouvapes.com\/wp-content\/uploads\/2025\/06\/VAPME-DIGITAL-30000-details7.jpg?resize=800%2C800&amp;ssl=1 800w, https:\/\/i0.wp.com\/aiviouvapes.com\/wp-content\/uploads\/2025\/06\/VAPME-DIGITAL-30000-details7.jpg?resize=100%2C100&amp;ssl=1 100w\" sizes=\"auto, (max-width: 1020px) 100vw, 1020px\" \/> <img data-recalc-dims=\"1\" loading=\"lazy\" decoding=\"async\" class=\"alignnone size-full wp-image-37173\" src=\"https:\/\/i0.wp.com\/aiviouvapes.com\/wp-content\/uploads\/2025\/06\/VAPME-DIGITAL-30000-details6.jpg?resize=1020%2C1020&#038;ssl=1\" alt=\",\" width=\"1020\" height=\"1020\" title=\"\" srcset=\"https:\/\/i0.wp.com\/aiviouvapes.com\/wp-content\/uploads\/2025\/06\/VAPME-DIGITAL-30000-details6.jpg?w=1920&amp;ssl=1 1920w, https:\/\/i0.wp.com\/aiviouvapes.com\/wp-content\/uploads\/2025\/06\/VAPME-DIGITAL-30000-details6.jpg?resize=300%2C300&amp;ssl=1 300w, https:\/\/i0.wp.com\/aiviouvapes.com\/wp-content\/uploads\/2025\/06\/VAPME-DIGITAL-30000-details6.jpg?resize=1024%2C1024&amp;ssl=1 1024w, https:\/\/i0.wp.com\/aiviouvapes.com\/wp-content\/uploads\/2025\/06\/VAPME-DIGITAL-30000-details6.jpg?resize=150%2C150&amp;ssl=1 150w, https:\/\/i0.wp.com\/aiviouvapes.com\/wp-content\/uploads\/2025\/06\/VAPME-DIGITAL-30000-details6.jpg?resize=768%2C768&amp;ssl=1 768w, https:\/\/i0.wp.com\/aiviouvapes.com\/wp-content\/uploads\/2025\/06\/VAPME-DIGITAL-30000-details6.jpg?resize=1536%2C1536&amp;ssl=1 1536w, https:\/\/i0.wp.com\/aiviouvapes.com\/wp-content\/uploads\/2025\/06\/VAPME-DIGITAL-30000-details6.jpg?resize=12%2C12&amp;ssl=1 12w, https:\/\/i0.wp.com\/aiviouvapes.com\/wp-content\/uploads\/2025\/06\/VAPME-DIGITAL-30000-details6.jpg?resize=1320%2C1320&amp;ssl=1 1320w, https:\/\/i0.wp.com\/aiviouvapes.com\/wp-content\/uploads\/2025\/06\/VAPME-DIGITAL-30000-details6.jpg?resize=400%2C400&amp;ssl=1 400w, https:\/\/i0.wp.com\/aiviouvapes.com\/wp-content\/uploads\/2025\/06\/VAPME-DIGITAL-30000-details6.jpg?resize=800%2C800&amp;ssl=1 800w, https:\/\/i0.wp.com\/aiviouvapes.com\/wp-content\/uploads\/2025\/06\/VAPME-DIGITAL-30000-details6.jpg?resize=100%2C100&amp;ssl=1 100w\" sizes=\"auto, (max-width: 1020px) 100vw, 1020px\" \/> <img data-recalc-dims=\"1\" loading=\"lazy\" decoding=\"async\" class=\"alignnone size-full wp-image-37172\" src=\"https:\/\/i0.wp.com\/aiviouvapes.com\/wp-content\/uploads\/2025\/06\/VAPME-DIGITAL-30000-details5.jpg?resize=1020%2C1530&#038;ssl=1\" alt=\",\" width=\"1020\" height=\"1530\" title=\"\" srcset=\"https:\/\/i0.wp.com\/aiviouvapes.com\/wp-content\/uploads\/2025\/06\/VAPME-DIGITAL-30000-details5.jpg?w=1280&amp;ssl=1 1280w, https:\/\/i0.wp.com\/aiviouvapes.com\/wp-content\/uploads\/2025\/06\/VAPME-DIGITAL-30000-details5.jpg?resize=200%2C300&amp;ssl=1 200w, https:\/\/i0.wp.com\/aiviouvapes.com\/wp-content\/uploads\/2025\/06\/VAPME-DIGITAL-30000-details5.jpg?resize=683%2C1024&amp;ssl=1 683w, https:\/\/i0.wp.com\/aiviouvapes.com\/wp-content\/uploads\/2025\/06\/VAPME-DIGITAL-30000-details5.jpg?resize=768%2C1152&amp;ssl=1 768w, https:\/\/i0.wp.com\/aiviouvapes.com\/wp-content\/uploads\/2025\/06\/VAPME-DIGITAL-30000-details5.jpg?resize=1024%2C1536&amp;ssl=1 1024w, https:\/\/i0.wp.com\/aiviouvapes.com\/wp-content\/uploads\/2025\/06\/VAPME-DIGITAL-30000-details5.jpg?resize=8%2C12&amp;ssl=1 8w, https:\/\/i0.wp.com\/aiviouvapes.com\/wp-content\/uploads\/2025\/06\/VAPME-DIGITAL-30000-details5.jpg?resize=800%2C1200&amp;ssl=1 800w\" sizes=\"auto, (max-width: 1020px) 100vw, 1020px\" \/> <img data-recalc-dims=\"1\" loading=\"lazy\" decoding=\"async\" class=\"alignnone size-full wp-image-37171\" src=\"https:\/\/i0.wp.com\/aiviouvapes.com\/wp-content\/uploads\/2025\/06\/VAPME-DIGITAL-30000-details4.jpg?resize=1020%2C680&#038;ssl=1\" alt=\",\" width=\"1020\" height=\"680\" title=\"\" srcset=\"https:\/\/i0.wp.com\/aiviouvapes.com\/wp-content\/uploads\/2025\/06\/VAPME-DIGITAL-30000-details4.jpg?w=1920&amp;ssl=1 1920w, https:\/\/i0.wp.com\/aiviouvapes.com\/wp-content\/uploads\/2025\/06\/VAPME-DIGITAL-30000-details4.jpg?resize=300%2C200&amp;ssl=1 300w, https:\/\/i0.wp.com\/aiviouvapes.com\/wp-content\/uploads\/2025\/06\/VAPME-DIGITAL-30000-details4.jpg?resize=1024%2C683&amp;ssl=1 1024w, https:\/\/i0.wp.com\/aiviouvapes.com\/wp-content\/uploads\/2025\/06\/VAPME-DIGITAL-30000-details4.jpg?resize=768%2C512&amp;ssl=1 768w, https:\/\/i0.wp.com\/aiviouvapes.com\/wp-content\/uploads\/2025\/06\/VAPME-DIGITAL-30000-details4.jpg?resize=1536%2C1024&amp;ssl=1 1536w, https:\/\/i0.wp.com\/aiviouvapes.com\/wp-content\/uploads\/2025\/06\/VAPME-DIGITAL-30000-details4.jpg?resize=18%2C12&amp;ssl=1 18w, https:\/\/i0.wp.com\/aiviouvapes.com\/wp-content\/uploads\/2025\/06\/VAPME-DIGITAL-30000-details4.jpg?resize=1320%2C880&amp;ssl=1 1320w, https:\/\/i0.wp.com\/aiviouvapes.com\/wp-content\/uploads\/2025\/06\/VAPME-DIGITAL-30000-details4.jpg?resize=800%2C533&amp;ssl=1 800w\" sizes=\"auto, (max-width: 1020px) 100vw, 1020px\" \/> <img data-recalc-dims=\"1\" loading=\"lazy\" decoding=\"async\" class=\"alignnone size-full wp-image-37170\" src=\"https:\/\/i0.wp.com\/aiviouvapes.com\/wp-content\/uploads\/2025\/06\/VAPME-DIGITAL-30000-details3.jpg?resize=1020%2C1020&#038;ssl=1\" alt=\",\" width=\"1020\" height=\"1020\" title=\"\" srcset=\"https:\/\/i0.wp.com\/aiviouvapes.com\/wp-content\/uploads\/2025\/06\/VAPME-DIGITAL-30000-details3.jpg?w=1920&amp;ssl=1 1920w, https:\/\/i0.wp.com\/aiviouvapes.com\/wp-content\/uploads\/2025\/06\/VAPME-DIGITAL-30000-details3.jpg?resize=300%2C300&amp;ssl=1 300w, https:\/\/i0.wp.com\/aiviouvapes.com\/wp-content\/uploads\/2025\/06\/VAPME-DIGITAL-30000-details3.jpg?resize=1024%2C1024&amp;ssl=1 1024w, https:\/\/i0.wp.com\/aiviouvapes.com\/wp-content\/uploads\/2025\/06\/VAPME-DIGITAL-30000-details3.jpg?resize=150%2C150&amp;ssl=1 150w, https:\/\/i0.wp.com\/aiviouvapes.com\/wp-content\/uploads\/2025\/06\/VAPME-DIGITAL-30000-details3.jpg?resize=768%2C768&amp;ssl=1 768w, https:\/\/i0.wp.com\/aiviouvapes.com\/wp-content\/uploads\/2025\/06\/VAPME-DIGITAL-30000-details3.jpg?resize=1536%2C1536&amp;ssl=1 1536w, https:\/\/i0.wp.com\/aiviouvapes.com\/wp-content\/uploads\/2025\/06\/VAPME-DIGITAL-30000-details3.jpg?resize=12%2C12&amp;ssl=1 12w, https:\/\/i0.wp.com\/aiviouvapes.com\/wp-content\/uploads\/2025\/06\/VAPME-DIGITAL-30000-details3.jpg?resize=1320%2C1320&amp;ssl=1 1320w, https:\/\/i0.wp.com\/aiviouvapes.com\/wp-content\/uploads\/2025\/06\/VAPME-DIGITAL-30000-details3.jpg?resize=400%2C400&amp;ssl=1 400w, https:\/\/i0.wp.com\/aiviouvapes.com\/wp-content\/uploads\/2025\/06\/VAPME-DIGITAL-30000-details3.jpg?resize=800%2C800&amp;ssl=1 800w, https:\/\/i0.wp.com\/aiviouvapes.com\/wp-content\/uploads\/2025\/06\/VAPME-DIGITAL-30000-details3.jpg?resize=100%2C100&amp;ssl=1 100w\" sizes=\"auto, (max-width: 1020px) 100vw, 1020px\" \/> <img data-recalc-dims=\"1\" loading=\"lazy\" decoding=\"async\" class=\"alignnone size-full wp-image-37169\" src=\"https:\/\/i0.wp.com\/aiviouvapes.com\/wp-content\/uploads\/2025\/06\/VAPME-DIGITAL-30000-details2.jpg?resize=1020%2C1020&#038;ssl=1\" alt=\",\" width=\"1020\" height=\"1020\" title=\"\" srcset=\"https:\/\/i0.wp.com\/aiviouvapes.com\/wp-content\/uploads\/2025\/06\/VAPME-DIGITAL-30000-details2.jpg?w=1920&amp;ssl=1 1920w, https:\/\/i0.wp.com\/aiviouvapes.com\/wp-content\/uploads\/2025\/06\/VAPME-DIGITAL-30000-details2.jpg?resize=300%2C300&amp;ssl=1 300w, https:\/\/i0.wp.com\/aiviouvapes.com\/wp-content\/uploads\/2025\/06\/VAPME-DIGITAL-30000-details2.jpg?resize=1024%2C1024&amp;ssl=1 1024w, https:\/\/i0.wp.com\/aiviouvapes.com\/wp-content\/uploads\/2025\/06\/VAPME-DIGITAL-30000-details2.jpg?resize=150%2C150&amp;ssl=1 150w, https:\/\/i0.wp.com\/aiviouvapes.com\/wp-content\/uploads\/2025\/06\/VAPME-DIGITAL-30000-details2.jpg?resize=768%2C768&amp;ssl=1 768w, https:\/\/i0.wp.com\/aiviouvapes.com\/wp-content\/uploads\/2025\/06\/VAPME-DIGITAL-30000-details2.jpg?resize=1536%2C1536&amp;ssl=1 1536w, https:\/\/i0.wp.com\/aiviouvapes.com\/wp-content\/uploads\/2025\/06\/VAPME-DIGITAL-30000-details2.jpg?resize=12%2C12&amp;ssl=1 12w, https:\/\/i0.wp.com\/aiviouvapes.com\/wp-content\/uploads\/2025\/06\/VAPME-DIGITAL-30000-details2.jpg?resize=1320%2C1320&amp;ssl=1 1320w, https:\/\/i0.wp.com\/aiviouvapes.com\/wp-content\/uploads\/2025\/06\/VAPME-DIGITAL-30000-details2.jpg?resize=400%2C400&amp;ssl=1 400w, https:\/\/i0.wp.com\/aiviouvapes.com\/wp-content\/uploads\/2025\/06\/VAPME-DIGITAL-30000-details2.jpg?resize=800%2C800&amp;ssl=1 800w, https:\/\/i0.wp.com\/aiviouvapes.com\/wp-content\/uploads\/2025\/06\/VAPME-DIGITAL-30000-details2.jpg?resize=100%2C100&amp;ssl=1 100w\" sizes=\"auto, (max-width: 1020px) 100vw, 1020px\" \/><\/p>","protected":false},"excerpt":{"rendered":"<p>El vapeador desechable VAPME DIGITAL 30000 ofrece m\u00e1s de 30.000 caladas, atrevidas opciones de sabor y un alto contenido en nicotina en un dispositivo compacto con carga Type-C, perfecto para una satisfacci\u00f3n intensa y duradera.<\/p>","protected":false},"featured_media":37133,"comment_status":"open","ping_status":"closed","template":"","meta":[],"product_brand":[233],"product_cat":[20,131],"product_tag":[],"class_list":{"0":"post-37132","1":"product","2":"type-product","3":"status-publish","4":"has-post-thumbnail","6":"product_brand-vapme","7":"product_cat-vapme-vapes","8":"product_cat-30000-puffs-disposable-vape","10":"first","11":"instock","12":"shipping-taxable","13":"purchasable","14":"product-type-variable","15":"has-default-attributes"},"jetpack_sharing_enabled":true,"tiered_pricing_type":"fixed","tiered_pricing_fixed_rules":{"30":9.3800000000000007815970093361102044582366943359375,"50":7.6500000000000003552713678800500929355621337890625,"100":7.04000000000000003552713678800500929355621337890625,"200":6.6699999999999999289457264239899814128875732421875,"400":6.230000000000000426325641456060111522674560546875},"tiered_pricing_product_settings":{"layout":"default","base_unit_name":{"singular":null,"plural":null},"default_variation":null},"tiered_pricing_minimum_quantity":10,"tiered_pricing_roles_data":[],"tiered_pricing_percentage_rules":[],"tiered_pricing_maximum_quantity":null,"tiered_pricing_quantity_step":"10","_links":{"self":[{"href":"https:\/\/aiviouvapes.com\/es\/wp-json\/wp\/v2\/product\/37132","targetHints":{"allow":["GET"]}}],"collection":[{"href":"https:\/\/aiviouvapes.com\/es\/wp-json\/wp\/v2\/product"}],"about":[{"href":"https:\/\/aiviouvapes.com\/es\/wp-json\/wp\/v2\/types\/product"}],"replies":[{"embeddable":true,"href":"https:\/\/aiviouvapes.com\/es\/wp-json\/wp\/v2\/comments?post=37132"}],"wp:featuredmedia":[{"embeddable":true,"href":"https:\/\/aiviouvapes.com\/es\/wp-json\/wp\/v2\/media\/37133"}],"wp:attachment":[{"href":"https:\/\/aiviouvapes.com\/es\/wp-json\/wp\/v2\/media?parent=37132"}],"wp:term":[{"taxonomy":"product_brand","embeddable":true,"href":"https:\/\/aiviouvapes.com\/es\/wp-json\/wp\/v2\/product_brand?post=37132"},{"taxonomy":"product_cat","embeddable":true,"href":"https:\/\/aiviouvapes.com\/es\/wp-json\/wp\/v2\/product_cat?post=37132"},{"taxonomy":"product_tag","embeddable":true,"href":"https:\/\/aiviouvapes.com\/es\/wp-json\/wp\/v2\/product_tag?post=37132"}],"curies":[{"name":"wp","href":"https:\/\/api.w.org\/{rel}","templated":true}]}}