{"id":36829,"date":"2025-06-24T15:51:22","date_gmt":"2025-06-24T07:51:22","guid":{"rendered":"https:\/\/aiviouvapes.com\/?post_type=product&#038;p=36829"},"modified":"2026-03-17T23:57:03","modified_gmt":"2026-03-17T15:57:03","slug":"okso-shisha-max-40000-puffs","status":"publish","type":"product","link":"https:\/\/aiviouvapes.com\/es\/product\/okso-shisha-max-40000-puffs\/","title":{"rendered":"OKSO Shisha Max 40000 Puffs | 36mL bobina de malla, pantalla LED, control de flujo de aire, seguro para ni\u00f1os, vape desechable a granel al por mayor"},"content":{"rendered":"<p><!-- SEO Meta Description --><\/p>\n<p><!-- Product Title --><\/p>\n<h2>OKSO Shisha Max 40K | 40.000 caladas, bobina de malla, pantalla LED Vape desechable<\/h2>\n<p><!-- Key Features of OKSO Shisha Max 40K --><\/p>\n<h2>Caracter\u00edsticas principales<\/h2>\n<ul>\n<li><strong>Gran capacidad de soplado:<\/strong> Disfruta de hasta 40.000 satisfactorias caladas por dispositivo.<\/li>\n<li><strong>Bobina de malla (0,6\u03a9):<\/strong> Proporciona un sabor rico y consistente y un vapor suave.<\/li>\n<li><strong>Gran volumen de e-l\u00edquido:<\/strong> Precargado con 36mL de zumo de vape premium.<\/li>\n<li><strong>Opciones de nicotina:<\/strong> Disponible en 0%, 2%, 3% o 5%: elija su resistencia.<\/li>\n<li><strong>Bater\u00eda recargable:<\/strong> 800mAh de capacidad con carga r\u00e1pida Type-C.<\/li>\n<li><strong>Pantalla LED:<\/strong> La pantalla de f\u00e1cil lectura muestra informaci\u00f3n sobre la bater\u00eda y las caladas.<\/li>\n<li><strong>Potencia y flujo de aire ajustables:<\/strong> Personaliza tu golpe a la perfecci\u00f3n.<\/li>\n<li><strong>Bloqueo para ni\u00f1os:<\/strong> Mecanismo de seguridad incorporado para mayor tranquilidad.<\/li>\n<\/ul>\n<p><!-- Why Choose OKSO Shisha Max 40K --><\/p>\n<h2>\u2728 \u00bfPor qu\u00e9 elegir OKSO Shisha Max 40K?<\/h2>\n<p>La OKSO Shisha Max 40K no es s\u00f3lo otra vapeadora desechable, es una experiencia de alta gama en tu bolsillo. Con potencia ajustable, control de flujo de aire, y una pantalla LED v\u00edvida, tienes el control de cada calada. Tanto si buscas nubes, sabor o libertad de nicotina, este vapeador est\u00e1 dise\u00f1ado para satisfacer a todo tipo de vapeadores durante d\u00edas y d\u00edas.<\/p>\n<p><!-- Flavor List --><\/p>\n<h2>\ud83c\udf53 Sabores disponibles<\/h2>\n<ul>\n<li>Dos manzanas<\/li>\n<li>Uva Menta<\/li>\n<li>Fiesta de la cereza<\/li>\n<li>Melocot\u00f3n helado<\/li>\n<li>Amor m\u00e1gico<\/li>\n<li>Ponche de fresa<\/li>\n<li>Hielo Razz Azul<\/li>\n<li>Hielo exuberante<\/li>\n<li>Sand\u00eda con fresa<\/li>\n<li>Berry Mint<\/li>\n<\/ul>\n<p><img data-recalc-dims=\"1\" loading=\"lazy\" decoding=\"async\" class=\"alignnone size-full wp-image-37044\" src=\"https:\/\/i0.wp.com\/aiviouvapes.com\/wp-content\/uploads\/2025\/06\/OKSO-Shisha-Max-40k-5.jpg?resize=1020%2C573&#038;ssl=1\" alt=\",\" width=\"1020\" height=\"573\" title=\"\" srcset=\"https:\/\/i0.wp.com\/aiviouvapes.com\/wp-content\/uploads\/2025\/06\/OKSO-Shisha-Max-40k-5.jpg?w=1920&amp;ssl=1 1920w, https:\/\/i0.wp.com\/aiviouvapes.com\/wp-content\/uploads\/2025\/06\/OKSO-Shisha-Max-40k-5.jpg?resize=300%2C169&amp;ssl=1 300w, https:\/\/i0.wp.com\/aiviouvapes.com\/wp-content\/uploads\/2025\/06\/OKSO-Shisha-Max-40k-5.jpg?resize=1024%2C575&amp;ssl=1 1024w, https:\/\/i0.wp.com\/aiviouvapes.com\/wp-content\/uploads\/2025\/06\/OKSO-Shisha-Max-40k-5.jpg?resize=768%2C432&amp;ssl=1 768w, https:\/\/i0.wp.com\/aiviouvapes.com\/wp-content\/uploads\/2025\/06\/OKSO-Shisha-Max-40k-5.jpg?resize=1536%2C863&amp;ssl=1 1536w, https:\/\/i0.wp.com\/aiviouvapes.com\/wp-content\/uploads\/2025\/06\/OKSO-Shisha-Max-40k-5.jpg?resize=18%2C10&amp;ssl=1 18w, https:\/\/i0.wp.com\/aiviouvapes.com\/wp-content\/uploads\/2025\/06\/OKSO-Shisha-Max-40k-5.jpg?resize=1320%2C742&amp;ssl=1 1320w, https:\/\/i0.wp.com\/aiviouvapes.com\/wp-content\/uploads\/2025\/06\/OKSO-Shisha-Max-40k-5.jpg?resize=800%2C450&amp;ssl=1 800w\" sizes=\"auto, (max-width: 1020px) 100vw, 1020px\" \/><\/p>","protected":false},"excerpt":{"rendered":"<p>El vapeador desechable OKSO Shisha Max 40K ofrece hasta 40.000 caladas con control de potencia, ajuste del flujo de aire y 10 ricos sabores, creados para disfrutar de un vapeo duradero, personalizable y lleno de sabor.<\/p>","protected":false},"featured_media":37001,"comment_status":"open","ping_status":"closed","template":"","meta":[],"product_brand":[244],"product_cat":[243,219],"product_tag":[],"class_list":{"0":"post-36829","1":"product","2":"type-product","3":"status-publish","4":"has-post-thumbnail","6":"product_brand-okso","7":"product_cat-okso","8":"product_cat-40000-puffs-disposable-vape","10":"first","11":"instock","12":"shipping-taxable","13":"purchasable","14":"product-type-variable","15":"has-default-attributes"},"jetpack_sharing_enabled":true,"tiered_pricing_type":"fixed","tiered_pricing_fixed_rules":{"30":8.660000000000000142108547152020037174224853515625,"50":6.839999999999999857891452847979962825775146484375,"100":6.20000000000000017763568394002504646778106689453125,"200":5.80999999999999960920149533194489777088165283203125,"400":5.3499999999999996447286321199499070644378662109375},"tiered_pricing_product_settings":{"layout":"default","base_unit_name":{"singular":null,"plural":null},"default_variation":null},"tiered_pricing_minimum_quantity":10,"tiered_pricing_roles_data":[],"tiered_pricing_percentage_rules":[],"tiered_pricing_maximum_quantity":null,"tiered_pricing_quantity_step":"10","_links":{"self":[{"href":"https:\/\/aiviouvapes.com\/es\/wp-json\/wp\/v2\/product\/36829","targetHints":{"allow":["GET"]}}],"collection":[{"href":"https:\/\/aiviouvapes.com\/es\/wp-json\/wp\/v2\/product"}],"about":[{"href":"https:\/\/aiviouvapes.com\/es\/wp-json\/wp\/v2\/types\/product"}],"replies":[{"embeddable":true,"href":"https:\/\/aiviouvapes.com\/es\/wp-json\/wp\/v2\/comments?post=36829"}],"wp:featuredmedia":[{"embeddable":true,"href":"https:\/\/aiviouvapes.com\/es\/wp-json\/wp\/v2\/media\/37001"}],"wp:attachment":[{"href":"https:\/\/aiviouvapes.com\/es\/wp-json\/wp\/v2\/media?parent=36829"}],"wp:term":[{"taxonomy":"product_brand","embeddable":true,"href":"https:\/\/aiviouvapes.com\/es\/wp-json\/wp\/v2\/product_brand?post=36829"},{"taxonomy":"product_cat","embeddable":true,"href":"https:\/\/aiviouvapes.com\/es\/wp-json\/wp\/v2\/product_cat?post=36829"},{"taxonomy":"product_tag","embeddable":true,"href":"https:\/\/aiviouvapes.com\/es\/wp-json\/wp\/v2\/product_tag?post=36829"}],"curies":[{"name":"wp","href":"https:\/\/api.w.org\/{rel}","templated":true}]}}