{"id":33282,"date":"2025-04-24T17:00:12","date_gmt":"2025-04-24T09:00:12","guid":{"rendered":"https:\/\/aiviouvapes.com\/?post_type=product&#038;p=33282"},"modified":"2026-03-17T23:58:55","modified_gmt":"2026-03-17T15:58:55","slug":"mrvi-df-40k-puff","status":"publish","type":"product","link":"https:\/\/aiviouvapes.com\/es\/product\/mrvi-df-40k-puff\/","title":{"rendered":"MRVI DF 40000 Puffs | doble sabor, 40ml e-liquido vape desechable al por mayor"},"content":{"rendered":"<p><strong>MRVI DF 40000 Vape Desechable Doble Sabor<\/strong> - El doble de sabor, el doble de diversi\u00f3n.<\/p>\n<p>Conoce a los <strong>MRVI DF 40000<\/strong>el vaporizador desechable que te ofrece el doble de sabor y el doble de placer. Con hasta <strong>40.000 bocanadas<\/strong>un enorme <strong>Tanque de e-l\u00edquido de 40mL<\/strong>y de vanguardia <strong>bobina de doble malla<\/strong> este dispositivo est\u00e1 dise\u00f1ado para un vapor suave y rico que dura m\u00e1s de lo que nunca pens\u00f3 posible. Tanto si eres un vapeador ocasional como un comprador al por mayor, el MRVI DF 40000 incluye todo lo que necesitas en un dispositivo elegante y de bolsillo.<\/p>\n<p>Equipado con un <strong>Bater\u00eda recargable de 850 mAh<\/strong> y <strong>Carga Tipo-C<\/strong> para repostar r\u00e1pidamente, este aparato es tan potente como c\u00f3modo. Elija entre <strong>Potencia de nicotina 5% o 2%<\/strong> para personalizar tu experiencia. Adem\u00e1s, con <strong>10 combinaciones \u00fanicas de dos sabores<\/strong>Siempre hay algo nuevo que probar.<\/p>\n<p>Perfecto para uso personal o para la reventa, el MRVI DF 40000 es tu vapeador de calidad y cantidad.<\/p>\n<h3><strong>MRVI DF 40000 Caracter\u00edsticas:<\/strong><\/h3>\n<ul>\n<li><strong>Cantidad masiva de Puff:<\/strong> Hasta 40.000 caladas por dispositivo<\/li>\n<li><strong>Gran capacidad de e-l\u00edquido:<\/strong> 40 ml de e-l\u00edquido premium<\/li>\n<li><strong>Bater\u00eda potente:<\/strong> Bater\u00eda recargable de 850 mAh<\/li>\n<li><strong>Carga r\u00e1pida:<\/strong> Puerto Type-C (carga completa en 2 horas)<\/li>\n<li><strong>Bobina de malla doble:<\/strong> Vapor suave y rico con cada calada<\/li>\n<li><strong>Opciones de nicotina:<\/strong> 5% o 2% nicotina sin tabaco<\/li>\n<li><strong>Variedad de sabores:<\/strong> 10 emocionantes combinaciones de dos sabores<\/li>\n<li><strong>F\u00e1cil activaci\u00f3n:<\/strong> Inhala para activar - no requiere botones<\/li>\n<li><strong>Dise\u00f1o compacto:<\/strong> De bolsillo y ergon\u00f3mico (92*41*19mm)<\/li>\n<li><strong>Venta al por mayor:<\/strong> 10 unidades por caja<\/li>\n<\/ul>","protected":false},"excerpt":{"rendered":"<p class=\"\" data-start=\"97\" data-end=\"366\">El vapeador desechable MRVI DF 40000 ofrece hasta 40.000 caladas, doble bobina de malla, 40 ml de e-l\u00edquido y 10 combinaciones de sabores din\u00e1micos. Perfecto para un vapeo duradero y sin complicaciones, ideal para uso personal o al por mayor.<\/p>","protected":false},"featured_media":33307,"comment_status":"open","ping_status":"closed","template":"","meta":[],"product_brand":[229],"product_cat":[33,219,80,79],"product_tag":[],"class_list":{"0":"post-33282","1":"product","2":"type-product","3":"status-publish","4":"has-post-thumbnail","6":"product_brand-mrvi","7":"product_cat-mrvi","8":"product_cat-40000-puffs-disposable-vape","9":"product_cat-dual-flavor-vapes","10":"product_cat-dual-mesh-vapes","12":"first","13":"instock","14":"shipping-taxable","15":"purchasable","16":"product-type-variable","17":"has-default-attributes"},"jetpack_sharing_enabled":true,"tiered_pricing_type":"fixed","tiered_pricing_fixed_rules":{"100":7.05999999999999960920149533194489777088165283203125,"200":6.4199999999999999289457264239899814128875732421875,"400":6.089999999999999857891452847979962825775146484375},"tiered_pricing_product_settings":{"layout":"default","base_unit_name":{"singular":null,"plural":null},"default_variation":null},"tiered_pricing_minimum_quantity":50,"tiered_pricing_roles_data":[],"tiered_pricing_percentage_rules":[],"tiered_pricing_maximum_quantity":null,"tiered_pricing_quantity_step":"10","_links":{"self":[{"href":"https:\/\/aiviouvapes.com\/es\/wp-json\/wp\/v2\/product\/33282","targetHints":{"allow":["GET"]}}],"collection":[{"href":"https:\/\/aiviouvapes.com\/es\/wp-json\/wp\/v2\/product"}],"about":[{"href":"https:\/\/aiviouvapes.com\/es\/wp-json\/wp\/v2\/types\/product"}],"replies":[{"embeddable":true,"href":"https:\/\/aiviouvapes.com\/es\/wp-json\/wp\/v2\/comments?post=33282"}],"wp:featuredmedia":[{"embeddable":true,"href":"https:\/\/aiviouvapes.com\/es\/wp-json\/wp\/v2\/media\/33307"}],"wp:attachment":[{"href":"https:\/\/aiviouvapes.com\/es\/wp-json\/wp\/v2\/media?parent=33282"}],"wp:term":[{"taxonomy":"product_brand","embeddable":true,"href":"https:\/\/aiviouvapes.com\/es\/wp-json\/wp\/v2\/product_brand?post=33282"},{"taxonomy":"product_cat","embeddable":true,"href":"https:\/\/aiviouvapes.com\/es\/wp-json\/wp\/v2\/product_cat?post=33282"},{"taxonomy":"product_tag","embeddable":true,"href":"https:\/\/aiviouvapes.com\/es\/wp-json\/wp\/v2\/product_tag?post=33282"}],"curies":[{"name":"wp","href":"https:\/\/api.w.org\/{rel}","templated":true}]}}