{"id":31338,"date":"2025-04-01T16:19:45","date_gmt":"2025-04-01T08:19:45","guid":{"rendered":"https:\/\/aiviouvapes.com\/?post_type=product&#038;p=31338"},"modified":"2026-04-03T21:15:11","modified_gmt":"2026-04-03T13:15:11","slug":"bang-king-50000-disposable-vape","status":"publish","type":"product","link":"https:\/\/aiviouvapes.com\/es\/product\/bang-king-50000-disposable-vape\/","title":{"rendered":"Bang King 50K Puffs | doble sabor, vape desechable a granel de larga duraci\u00f3n"},"content":{"rendered":"<h3>\u00bfPor qu\u00e9 elegir Bang King 50000?<\/h3>\n<ul>\n<li>\ud83d\udd25 Capacidad masiva de 50.000 caladas para un vapeo prolongado<\/li>\n<li>\ud83c\udf08 Caracter\u00edstica de doble sabor para experiencias de sabor mejoradas.<\/li>\n<li>\ud83d\udcca La pantalla LCD muestra las caladas restantes para mayor comodidad<\/li>\n<li>\ud83d\udc4c Dise\u00f1o desechable que no requiere mantenimiento<\/li>\n<li>\ud83c\udfc6 Disponible en m\u00faltiples concentraciones de nicotina para cada vaper<\/li>\n<li>\ud83d\udcbc Perfecto para la venta al por mayor, al por menor o para uso personal.<\/li>\n<\/ul>\n<h3>Especificaciones<\/h3>\n<table>\n<tbody>\n<tr>\n<th>Caracter\u00edstica<\/th>\n<th>Detalles<\/th>\n<\/tr>\n<tr>\n<td>N\u00famero de caladas<\/td>\n<td>Hasta 50.000 caladas<\/td>\n<\/tr>\n<tr>\n<td>Potencia de nicotina<\/td>\n<td>2%, 3%, 5%<\/td>\n<\/tr>\n<tr>\n<td>Sabor<\/td>\n<td>Mezcla de doble sabor<\/td>\n<\/tr>\n<tr>\n<td>Pantalla<\/td>\n<td>Contador de bocanadas LCD<\/td>\n<\/tr>\n<tr>\n<td>Tipo<\/td>\n<td>Desechable, no necesita recambios<\/td>\n<\/tr>\n<tr>\n<td>Venta al por mayor<\/td>\n<td>Ideal para pedidos al por mayor y reventa<\/td>\n<\/tr>\n<\/tbody>\n<\/table>\n<h2>Bang King 50000 50K Puffs | Doble Sabor Vape Desechable a Granel de Larga Duraci\u00f3n<\/h2>\n<p>\ud83d\ude80 Experimenta lo \u00faltimo en vapeo desechable con el <strong>Bang Rey 50000<\/strong> - dise\u00f1ado para ofrecer 50.000 extraordinarias caladas de sabor intenso y suave. Este vape desechable de primera calidad ofrece potencias de nicotina de 2%, 3% o 5% para adaptarse perfectamente a sus preferencias, mientras que su exclusiva funci\u00f3n de doble sabor a\u00f1ade un toque delicioso a cada inhalaci\u00f3n. Una pantalla LCD f\u00e1cil de usar te mantiene informado sobre tus caladas restantes, para que puedas vapear con confianza sin interrupciones.<\/p>\n<p>El Bang King 50000 est\u00e1 dise\u00f1ado para aquellos que valoran la comodidad, la portabilidad y el rendimiento de primera calidad. Si usted es un vapeador ocasional, un entusiasta del sabor, o un minorista en busca de una opci\u00f3n de venta al por mayor, este elegante y duradero dispositivo es la elecci\u00f3n perfecta. Disfrute de un sabor rico y satisfactorio sin necesidad de mantenimiento ni recargas - s\u00f3lo tiene que cogerlo y vapear.<\/p>\n<p>Lleva tu vapeo al siguiente nivel con el Bang King 50000 - un potente, elegante y satisfactorio vapeador desechable dise\u00f1ado para un disfrute suave y sabroso en cualquier momento y lugar. <strong>Consiga el suyo hoy mismo.<\/strong><\/p>","protected":false},"excerpt":{"rendered":"<p data-start=\"0\" data-end=\"178\">Disfrute de 50.000 caladas con Bang King 50000 - doble sabor, pantalla LCD, y un vapeo desechable suave y satisfactorio para uso mayorista o personal.<\/p>","protected":false},"featured_media":31282,"comment_status":"open","ping_status":"closed","template":"","meta":[],"product_brand":[239],"product_cat":[37,219],"product_tag":[],"class_list":{"0":"post-31338","1":"product","2":"type-product","3":"status-publish","4":"has-post-thumbnail","6":"product_brand-bang","7":"product_cat-bang","8":"product_cat-40000-puffs-disposable-vape","10":"first","11":"instock","12":"featured","13":"shipping-taxable","14":"purchasable","15":"product-type-variable","16":"has-default-attributes"},"jetpack_sharing_enabled":true,"tiered_pricing_type":"fixed","tiered_pricing_fixed_rules":{"30":8.42999999999999971578290569595992565155029296875,"50":7.2599999999999997868371792719699442386627197265625,"100":6.480000000000000426325641456060111522674560546875,"200":6.089999999999999857891452847979962825775146484375,"400":5.5099999999999997868371792719699442386627197265625},"tiered_pricing_product_settings":{"layout":"default","base_unit_name":{"singular":null,"plural":null},"default_variation":null},"tiered_pricing_minimum_quantity":10,"tiered_pricing_roles_data":[],"tiered_pricing_percentage_rules":[],"tiered_pricing_maximum_quantity":null,"tiered_pricing_quantity_step":"10","_links":{"self":[{"href":"https:\/\/aiviouvapes.com\/es\/wp-json\/wp\/v2\/product\/31338","targetHints":{"allow":["GET"]}}],"collection":[{"href":"https:\/\/aiviouvapes.com\/es\/wp-json\/wp\/v2\/product"}],"about":[{"href":"https:\/\/aiviouvapes.com\/es\/wp-json\/wp\/v2\/types\/product"}],"replies":[{"embeddable":true,"href":"https:\/\/aiviouvapes.com\/es\/wp-json\/wp\/v2\/comments?post=31338"}],"wp:featuredmedia":[{"embeddable":true,"href":"https:\/\/aiviouvapes.com\/es\/wp-json\/wp\/v2\/media\/31282"}],"wp:attachment":[{"href":"https:\/\/aiviouvapes.com\/es\/wp-json\/wp\/v2\/media?parent=31338"}],"wp:term":[{"taxonomy":"product_brand","embeddable":true,"href":"https:\/\/aiviouvapes.com\/es\/wp-json\/wp\/v2\/product_brand?post=31338"},{"taxonomy":"product_cat","embeddable":true,"href":"https:\/\/aiviouvapes.com\/es\/wp-json\/wp\/v2\/product_cat?post=31338"},{"taxonomy":"product_tag","embeddable":true,"href":"https:\/\/aiviouvapes.com\/es\/wp-json\/wp\/v2\/product_tag?post=31338"}],"curies":[{"name":"wp","href":"https:\/\/api.w.org\/{rel}","templated":true}]}}