{"id":30165,"date":"2025-03-14T17:40:59","date_gmt":"2025-03-14T09:40:59","guid":{"rendered":"https:\/\/aiviouvapes.com\/?post_type=product&#038;p=30165"},"modified":"2026-04-15T09:05:04","modified_gmt":"2026-04-15T01:05:04","slug":"uwin-crystal-10000-puffs","status":"publish","type":"product","link":"https:\/\/aiviouvapes.com\/es\/product\/uwin-crystal-10000-puffs\/","title":{"rendered":"Uwin Crystal 10K | 10000 caladas, 0-5% nicotina, vape desechable a granel al por mayor"},"content":{"rendered":"<h2>Uwin Crystal 10000 Puffs Vapeador Desechable Recargable: Sabor y duraci\u00f3n inigualables<\/h2>\n<p>Descubra el pin\u00e1culo de la tecnolog\u00eda de vapeo desechable con el <strong>Uwin Crystal 10000 Puffs Vape Desechable Recargable<\/strong>disponible exclusivamente en AiviouVape. Dise\u00f1ado tanto para vapeadores ocasionales como serios, este dispositivo de alta capacidad ofrece un equilibrio excepcional de sabor, comodidad y longevidad. Ideal para compras al por mayor, el Uwin Crystal es un producto imprescindible para cualquier tienda de vapeo o punto de venta.<\/p>\n<h2>Cantidad de caladas y rendimiento incomparables<\/h2>\n<p>El Uwin Crystal est\u00e1 dise\u00f1ado para proporcionar hasta <strong>10.000 bocanadas<\/strong>estableciendo un nuevo est\u00e1ndar en el mercado de los vaporizadores desechables. Cada dispositivo est\u00e1 precargado con <strong>18 ml de e-l\u00edquido premium<\/strong> y alimentado por un <strong>Bater\u00eda de cobalto recargable de 650 mAh<\/strong>garantizando un rendimiento constante de principio a fin. El sitio <strong>Puerto de carga Tipo-C<\/strong> permite una recarga r\u00e1pida y eficaz, lo que la convierte en una opci\u00f3n respetuosa con el medio ambiente.<\/p>\n<h2>Ventajas de la venta al por mayor con AiviouVape<\/h2>\n<p>AiviouVape, una de las principales plataformas de venta al por mayor en l\u00ednea, ofrece el Uwin Crystal en opciones de compra al por mayor, dirigidas a propietarios de tiendas de vapeo y distribuidores. Cada caja contiene <strong>200 unidades (10 unidades por caja)<\/strong>, proporcionando tama\u00f1os de pedido flexibles y una gesti\u00f3n racionalizada de las existencias.<\/p>\n<h2>Caracter\u00edsticas principales de Uwin Crystal 10000 Puffs<\/h2>\n<ul>\n<li><strong>Opciones de potencia de nicotina:<\/strong> 0%, 2%, 3%, 5%<\/li>\n<li><strong>Puffs:<\/strong> Hasta 10.000 caladas<\/li>\n<li><strong>Capacidad de e-l\u00edquido:<\/strong> 18 ml<\/li>\n<li><strong>Bater\u00eda:<\/strong> Bater\u00eda de cobalto recargable de 650 mAh<\/li>\n<li><strong>Cargando:<\/strong> Carga r\u00e1pida Tipo-C<\/li>\n<li><strong>Bobina:<\/strong> Bobina de malla de 0,8\u03a9 para un sabor superior<\/li>\n<li><strong>Embalaje:<\/strong> 200 unidades por caja (10 unidades por caja)<\/li>\n<li><strong>Peso:<\/strong> 17,3 kg por caja<\/li>\n<li><strong>Dimensiones:<\/strong> 36,5 x 36,7 x 31,5 cm (cart\u00f3n)<\/li>\n<li><strong>Caracter\u00edsticas:<\/strong> Luces RGB para una experiencia elegante<\/li>\n<\/ul>\n<p><iframe title=\"VideoPress Reproductor de v\u00eddeo\" aria-label='VideoPress Reproductor de v\u00eddeo' width='562' height='1000' src='https:\/\/videopress.com\/embed\/TT81Wr9Y?hd=0&amp;cover=1' frameborder='0' allowfullscreen allow='clipboard-write'><\/iframe><script src='https:\/\/v0.wordpress.com\/js\/next\/videopress-iframe.js?m=1770107250'><\/script><\/p>\n<h2>Explore 15 sabores exquisitos<\/h2>\n<p>La Uwin Crystal cuenta con 15 sabores meticulosamente elaborados, dise\u00f1ados para satisfacer todos los paladares:<\/p>\n<ul>\n<li><strong>Blueberry Raspberry:<\/strong> Un delicioso baile de dulces ar\u00e1ndanos madurados al sol y \u00e1cidas y jugosas frambuesas. Experimenta una explosi\u00f3n de frescor afrutado con cada inhalaci\u00f3n.<\/li>\n<li><strong>Grape Ice:<\/strong> Del\u00e9itese con el rico y suculento sabor de las uvas moradas, perfectamente enfriadas con una refrescante exhalaci\u00f3n helada. Una delicia dulce y helada.<\/li>\n<li><strong>Strawberry Watermelon:<\/strong> Una sinfon\u00eda veraniega de jugosa sand\u00eda y dulces fresas maduras. Una experiencia de vapeo refrescante e hidratante.<\/li>\n<li><strong>Blueberry on Ice:<\/strong> El mentol fresco y crujiente se une al sabor dulce y vibrante de los ar\u00e1ndanos reci\u00e9n recolectados. Una sensaci\u00f3n frutal helada perfectamente equilibrada.<\/li>\n<li><strong>Watermelon Ice:<\/strong> Sum\u00e9rjase en el refrescante sabor de la sand\u00eda fresca y crujiente, realzado con un vigorizante acabado mentolado helado. Ideal para un caluroso d\u00eda de verano.<\/li>\n<li><strong>Cherry Ice:<\/strong> Experimenta el atrevido sabor agridulce de las cerezas maduras, complementado con una escalofriante r\u00e1faga de mentol. Un vape revitalizante y afrutado.<\/li>\n<li><strong>Strawberry Raspberry Cherry:<\/strong> \u00a1Una bonanza de bayas! Fresas dulces, frambuesas \u00e1cidas y cerezas jugosas se combinan armoniosamente para obtener una mezcla afrutada compleja y satisfactoria.<\/li>\n<li><strong>Kiwi Passion Fruit Guava:<\/strong> Esc\u00e1pate a un para\u00edso tropical con esta ex\u00f3tica mezcla de kiwi \u00e1cido, fruta de la pasi\u00f3n dulce y deliciosa guayaba. Un vape verdaderamente vibrante y refrescante.<\/li>\n<li><strong>Strawberry Ice:<\/strong> La dulzura cl\u00e1sica de las fresas maduras, perfectamente enfriadas con una fresca brisa mentolada. Un sencillo pero satisfactorio sabor a fruta helada.<\/li>\n<li><strong>Peach Ice:<\/strong> Suculentos y jugosos melocotones se encuentran con un refrescante fr\u00edo mentolado. Un vape suave y dulce con un final fresco y vigorizante.<\/li>\n<li><strong>Strawberry Kiwi:<\/strong> Una armoniosa mezcla de fresas dulces y kiwi \u00e1cido. Un vape afrutado perfectamente equilibrado que es a la vez dulce y refrescante.<\/li>\n<li><strong>Peach Berry:<\/strong> El sabor dulce y aterciopelado del melocot\u00f3n maduro mezclado con una mezcla de jugosas bayas. Un vape suave y sabroso.<\/li>\n<li><strong>Cherry Cola:<\/strong> El nost\u00e1lgico sabor del refresco de cola con un toque dulce de cereza madura. Una experiencia dulce, burbujeante y refrescante.<\/li>\n<li><strong>Mixed Berry:<\/strong> Una mezcla vibrante de sus bayas favoritas, creando un perfil de sabor complejo y estratificado. Un vape rico y satisfactorio.<\/li>\n<li><strong>Mr. Blue:<\/strong> Una misteriosa e intrigante mezcla de frutas dulces y \u00e1cidas. Una experiencia de sabor \u00fanica y cautivadora.<\/li>\n<li><strong>Peach Mango Pineapple:<\/strong> Una trifecta tropical de jugosos melocotones, mangos maduros y dulce pi\u00f1a. Un vape deliciosamente ex\u00f3tico y ba\u00f1ado por el sol.<\/li>\n<li><strong>Two Apple:<\/strong> Una crujiente y refrescante mezcla de dulces manzanas rojas y \u00e1cidas manzanas verdes. Un vape afrutado equilibrado y vigorizante.<\/li>\n<li><strong>Strawberry Cranberry Cherry:<\/strong> Una mezcla vibrante y \u00e1cida de fresas dulces, ar\u00e1ndanos agrios y cerezas jugosas. Una mezcla de bayas compleja y refrescante.<\/li>\n<li><strong>Strawberry Banana:<\/strong> Una cl\u00e1sica y cremosa mezcla de fresas dulces y pl\u00e1tanos maduros. Un vape suave, dulce y reconfortante.<\/li>\n<li><strong>Lady Killa:<\/strong> Una mezcla audaz y cautivadora de frutas tropicales ex\u00f3ticas con un toque dulce e irresistible. Un vape verdaderamente \u00fanico e inolvidable.<\/li>\n<li><strong>Blue Razz Lemonade:<\/strong> Una mezcla dulce y \u00e1cida de frambuesa azul y refrescante limonada. Un equilibrio perfecto de notas afrutadas y c\u00edtricas.<\/li>\n<li><strong>Red Bull:<\/strong> El ic\u00f3nico sabor a bebida energ\u00e9tica, que ofrece una experiencia de vapeo dulce, \u00e1cida y vigorizante. Una descarga de energ\u00eda afrutada.<\/li>\n<li><strong>Strawberry Grape:<\/strong> Una mezcla dulce y jugosa de fresas maduras y uvas gordas. Una combinaci\u00f3n afrutada cl\u00e1sica y satisfactoria.<\/li>\n<li><strong>Cherry Berry:<\/strong> Una deliciosa mezcla de cerezas dulces y bayas mixtas \u00e1cidas. Una sabrosa y refrescante mezcla de bayas.<\/li>\n<li><strong>Love 66:<\/strong> Una mezcla \u00fanica y compleja de frutas dulces y \u00e1cidas. Una experiencia de sabor cautivadora e intrigante.<\/li>\n<li><strong>Passion Fruit Ice:<\/strong> El sabor ex\u00f3tico y tropical de la fruta de la pasi\u00f3n, enfriado con un refrescante final mentolado. Un vape vibrante y helado.<\/li>\n<li><strong>Cola Ice:<\/strong> El sabor cl\u00e1sico de la cola con gas, realzado con una fresca explosi\u00f3n de mentol. Una delicia dulce, burbujeante y helada.<\/li>\n<li><strong>Miami Mint:<\/strong> Un fresco y refrescante sabor a menta, que recuerda a la brisa fresca del oc\u00e9ano. Un vape limpio y vigorizante.<\/li>\n<li><strong>Vanilla Ice:<\/strong> Suave y cremosa vainilla, enfriada con un refrescante final mentolado. Un vape dulce, fresco y satisfactorio.<\/li>\n<li><strong>Lemon Lime:<\/strong> Una sabrosa y refrescante mezcla de lim\u00f3n y lima. Un vape c\u00edtrico brillante y vigorizante.<\/li>\n<\/ul>\n<p><a href=\"https:\/\/i0.wp.com\/aiviouvapes.com\/wp-content\/uploads\/2025\/03\/Uwin-Crystal-10000-Puffs-10K-0-2-3-5-Low-Nicotine-p-8-scaled-1.jpg?ssl=1\"><img data-recalc-dims=\"1\" loading=\"lazy\" decoding=\"async\" class=\"alignnone size-full wp-image-30251\" src=\"https:\/\/i0.wp.com\/aiviouvapes.com\/wp-content\/uploads\/2025\/03\/Uwin-Crystal-10000-Puffs-10K-0-2-3-5-Low-Nicotine-p-8-scaled-1.jpg?resize=884%2C1920&#038;ssl=1\" alt=\",\" width=\"884\" height=\"1920\" title=\"\" srcset=\"https:\/\/i0.wp.com\/aiviouvapes.com\/wp-content\/uploads\/2025\/03\/Uwin-Crystal-10000-Puffs-10K-0-2-3-5-Low-Nicotine-p-8-scaled-1.jpg?w=884&amp;ssl=1 884w, https:\/\/i0.wp.com\/aiviouvapes.com\/wp-content\/uploads\/2025\/03\/Uwin-Crystal-10000-Puffs-10K-0-2-3-5-Low-Nicotine-p-8-scaled-1.jpg?resize=138%2C300&amp;ssl=1 138w, https:\/\/i0.wp.com\/aiviouvapes.com\/wp-content\/uploads\/2025\/03\/Uwin-Crystal-10000-Puffs-10K-0-2-3-5-Low-Nicotine-p-8-scaled-1.jpg?resize=471%2C1024&amp;ssl=1 471w, https:\/\/i0.wp.com\/aiviouvapes.com\/wp-content\/uploads\/2025\/03\/Uwin-Crystal-10000-Puffs-10K-0-2-3-5-Low-Nicotine-p-8-scaled-1.jpg?resize=768%2C1668&amp;ssl=1 768w, https:\/\/i0.wp.com\/aiviouvapes.com\/wp-content\/uploads\/2025\/03\/Uwin-Crystal-10000-Puffs-10K-0-2-3-5-Low-Nicotine-p-8-scaled-1.jpg?resize=707%2C1536&amp;ssl=1 707w, https:\/\/i0.wp.com\/aiviouvapes.com\/wp-content\/uploads\/2025\/03\/Uwin-Crystal-10000-Puffs-10K-0-2-3-5-Low-Nicotine-p-8-scaled-1.jpg?resize=6%2C12&amp;ssl=1 6w, https:\/\/i0.wp.com\/aiviouvapes.com\/wp-content\/uploads\/2025\/03\/Uwin-Crystal-10000-Puffs-10K-0-2-3-5-Low-Nicotine-p-8-scaled-1.jpg?resize=750%2C1629&amp;ssl=1 750w\" sizes=\"auto, (max-width: 884px) 100vw, 884px\" \/><\/a><\/p>\n<h2>\u00bfPor qu\u00e9 elegir AiviouVape?<\/h2>\n<p>AiviouVape es la mayor plataforma mayorista en l\u00ednea de vapes desechables de los Pa\u00edses Bajos, Alemania, B\u00e9lgica y Espa\u00f1a:<\/p>\n<ul>\n<li><strong>Productos de alta calidad:<\/strong> Garantizar la fiabilidad y la satisfacci\u00f3n del cliente.<\/li>\n<li><strong>Precios competitivos:<\/strong> Maximizar sus m\u00e1rgenes de beneficio.<\/li>\n<li><strong>Env\u00edo r\u00e1pido y fiable:<\/strong> Garantizar la entrega a tiempo.<\/li>\n<li><strong>Excelente atenci\u00f3n al cliente:<\/strong> Le ayudamos en todo momento.<\/li>\n<\/ul>\n<p>Eleve su oferta de productos con el Uwin Crystal 10000 Puffs Recargable Vape Desechable haciendo el pedido en esta p\u00e1gina.<\/p>\n<p>&nbsp;<\/p>","protected":false},"excerpt":{"rendered":"<p>Experimenta 10.000 caladas de puro sabor con el vapeador desechable recargable Uwin Crystal. Disponible en 0%, 2%, 3% y 5% de nicotina, 15 sabores premium y opciones de venta al por mayor. Perfecto para vape shops y distribuidores.<\/p>","protected":false},"featured_media":30267,"comment_status":"open","ping_status":"closed","template":"","meta":[],"product_brand":[247],"product_cat":[122,320,224],"product_tag":[],"class_list":{"0":"post-30165","1":"product","2":"type-product","3":"status-publish","4":"has-post-thumbnail","6":"product_brand-uwin","7":"product_cat-10000-puffs-disposable-vape","8":"product_cat-best-disposable-vapes","9":"product_cat-uwin","11":"first","12":"instock","13":"featured","14":"shipping-taxable","15":"purchasable","16":"product-type-variable","17":"has-default-attributes"},"jetpack_sharing_enabled":true,"tiered_pricing_type":"fixed","tiered_pricing_fixed_rules":{"30":6.03000000000000024868995751603506505489349365234375,"50":4.9900000000000002131628207280300557613372802734375,"100":4.37000000000000010658141036401502788066864013671875,"200":4.17999999999999971578290569595992565155029296875,"400":3.7599999999999997868371792719699442386627197265625},"tiered_pricing_product_settings":{"layout":"default","base_unit_name":{"singular":null,"plural":null},"default_variation":null},"tiered_pricing_minimum_quantity":10,"tiered_pricing_roles_data":[],"tiered_pricing_percentage_rules":[],"tiered_pricing_maximum_quantity":null,"tiered_pricing_quantity_step":"10","_links":{"self":[{"href":"https:\/\/aiviouvapes.com\/es\/wp-json\/wp\/v2\/product\/30165","targetHints":{"allow":["GET"]}}],"collection":[{"href":"https:\/\/aiviouvapes.com\/es\/wp-json\/wp\/v2\/product"}],"about":[{"href":"https:\/\/aiviouvapes.com\/es\/wp-json\/wp\/v2\/types\/product"}],"replies":[{"embeddable":true,"href":"https:\/\/aiviouvapes.com\/es\/wp-json\/wp\/v2\/comments?post=30165"}],"wp:featuredmedia":[{"embeddable":true,"href":"https:\/\/aiviouvapes.com\/es\/wp-json\/wp\/v2\/media\/30267"}],"wp:attachment":[{"href":"https:\/\/aiviouvapes.com\/es\/wp-json\/wp\/v2\/media?parent=30165"}],"wp:term":[{"taxonomy":"product_brand","embeddable":true,"href":"https:\/\/aiviouvapes.com\/es\/wp-json\/wp\/v2\/product_brand?post=30165"},{"taxonomy":"product_cat","embeddable":true,"href":"https:\/\/aiviouvapes.com\/es\/wp-json\/wp\/v2\/product_cat?post=30165"},{"taxonomy":"product_tag","embeddable":true,"href":"https:\/\/aiviouvapes.com\/es\/wp-json\/wp\/v2\/product_tag?post=30165"}],"curies":[{"name":"wp","href":"https:\/\/api.w.org\/{rel}","templated":true}]}}