{"id":29120,"date":"2025-02-21T15:04:17","date_gmt":"2025-02-21T07:04:17","guid":{"rendered":"https:\/\/aiviouvapes.com\/?post_type=product&#038;p=29120"},"modified":"2026-04-13T17:47:53","modified_gmt":"2026-04-13T09:47:53","slug":"mystery-vape-blind-box","status":"publish","type":"product","link":"https:\/\/aiviouvapes.com\/es\/product\/mystery-vape-blind-box\/","title":{"rendered":"Caja Misteriosa de Vape Desechable: \u00a1un pack sorpresa para los m\u00e1s atrevidos!"},"content":{"rendered":"<p>Prep\u00e1rese para una emocionante aventura con nuestro <strong>Caja de Vape Desechable Misteriosa<\/strong>donde cada caja trae una deliciosa sorpresa. En el interior, encontrar\u00e1s una cuidada selecci\u00f3n de sabores de cigarrillos electr\u00f3nicos que van desde cl\u00e1sicos atemporales a mezclas atrevidas y ex\u00f3ticas. Tanto si te apetecen notas refrescantes y vigorizantes como una intensidad rica y satisfactoria, cada caja te ofrece una nueva experiencia de sabor que te har\u00e1 volver a por m\u00e1s.<\/p>\n<p>Perfecto para el vaper aventurero o para cualquiera que ame la emoci\u00f3n de las compras sorpresa, el <strong>Caja de Vape Desechable Misteriosa<\/strong> es la emoci\u00f3n de descubrir nuevos sabores seleccionados al azar. Cada calada es un viaje inesperado.<\/p>\n<h3>C\u00f3mo funciona la caja misteriosa<\/h3>\n<p>Prep\u00e1rate para la aventura vape definitiva con nuestro <strong>Caja de Vape Desechable Misteriosa<\/strong>\u00a1! Cada caja contiene 10 vapeadores desechables de primera calidad, repletos de una mezcla de sabores excitantes y diversos. Aunque no podemos garantizar sabores espec\u00edficos, puedes esperar una emocionante sorpresa con cada caja, incluyendo modelos populares como <strong>WASPE,UWIN,ELF-WORLD,VOPK,Randm,MRVI<\/strong>\u00a0- con m\u00e1s de 100 perfiles de sabor \u00fanicos para explorar.<\/p>\n<ul>\n<li><strong>Todas las ventas son definitivas<\/strong>: Debido a la naturaleza del producto, no podemos ofrecer reembolsos o cambios a menos que haya un problema de calidad con el producto.<\/li>\n<li><strong>Env\u00edo gratuito<\/strong>: Disfrute de env\u00edo gratuito en todos los pedidos del <strong>Caja de Vape Desechable Misteriosa<\/strong>.<\/li>\n<li><strong>Edad requerida<\/strong>: Los clientes deben tener la edad legal para fumar en su jurisdicci\u00f3n para comprar y usar este producto.<\/li>\n<li>Al adquirir el <strong>Caja de Vape Desechable Misteriosa<\/strong>usted acepta estas condiciones.<\/li>\n<\/ul>\n<h3>M\u00e9todos de env\u00edo<\/h3>\n<p>Colaboramos con transportistas de confianza como UPS, DHL, FedEx y DPD para garantizar que su pedido se entregue r\u00e1pidamente. El m\u00e9todo de env\u00edo se seleccionar\u00e1 en funci\u00f3n de la ubicaci\u00f3n de entrega para ofrecer el servicio m\u00e1s r\u00e1pido y fiable.<\/p>\n<ul>\n<li><strong>Pa\u00edses europeos<\/strong>: Normalmente se entrega en 12-15 d\u00edas.<\/li>\n<li><strong>Estados Unidos<\/strong>: Normalmente llega en 10 d\u00edas.<\/li>\n<li><strong>Seguimiento en tiempo real<\/strong>: Le mantendremos al d\u00eda con informaci\u00f3n log\u00edstica en tiempo real en todo momento.<\/li>\n<\/ul>\n<p>Tenga la seguridad de que nos ocuparemos de todos los tr\u00e1mites aduaneros en su nombre, para garantizarle una experiencia fluida y sin complicaciones. Adem\u00e1s, no le cobraremos impuestos adicionales y le garantizamos que <strong>100% de nuestros productos pasar\u00e1n el despacho de aduanas<\/strong>.<\/p>\n<style>.tier-pricing-summary-table {display:none !important}<br \/>.mysterybox1 {display:none}<br \/><\/style>","protected":false},"excerpt":{"rendered":"<p>Desenvuelva la \u00faltima sorpresa de vape con nuestro <strong>Caja de Vape Desechable Misteriosa<\/strong> - disponible ahora con un descuento inmejorable, \u00a1sin necesidad de c\u00f3digo de cup\u00f3n! Repleto de <strong>10 vapes desechables premium<\/strong>cada caja incluye una mezcla de sabores excitantes, entre los que se incluyen favoritos como el <strong>WASPE, UWIN, ELFWORLD, VOPK, Randm, MRVI<\/strong>. Cada calada es una nueva aventura con m\u00e1s de 100 perfiles de sabor diferentes por descubrir.<\/p>","protected":false},"featured_media":29126,"comment_status":"open","ping_status":"closed","template":"","meta":[],"product_brand":[],"product_cat":[133,280],"product_tag":[306,308,303,305,304,302],"class_list":{"0":"post-29120","1":"product","2":"type-product","3":"status-publish","4":"has-post-thumbnail","6":"product_cat-disposable-vapes-in-europe","7":"product_cat-cheap-rechargeable-disposable-vapes","8":"product_tag-best-disposable-vapes","9":"product_tag-disposable-vape-in-europe","10":"product_tag-screen-vape","11":"product_tag-vape-suppliers","12":"product_tag-wholesale-vapes","13":"product_tag-wholesale-vapor","15":"first","16":"instock","17":"sale","18":"shipping-taxable","19":"purchasable","20":"product-type-simple"},"jetpack_sharing_enabled":true,"tiered_pricing_type":"fixed","tiered_pricing_fixed_rules":[],"tiered_pricing_product_settings":{"layout":"default","base_unit_name":{"singular":null,"plural":null},"default_variation":null},"tiered_pricing_minimum_quantity":null,"tiered_pricing_roles_data":[],"tiered_pricing_percentage_rules":[],"tiered_pricing_maximum_quantity":null,"tiered_pricing_quantity_step":null,"_links":{"self":[{"href":"https:\/\/aiviouvapes.com\/es\/wp-json\/wp\/v2\/product\/29120","targetHints":{"allow":["GET"]}}],"collection":[{"href":"https:\/\/aiviouvapes.com\/es\/wp-json\/wp\/v2\/product"}],"about":[{"href":"https:\/\/aiviouvapes.com\/es\/wp-json\/wp\/v2\/types\/product"}],"replies":[{"embeddable":true,"href":"https:\/\/aiviouvapes.com\/es\/wp-json\/wp\/v2\/comments?post=29120"}],"wp:featuredmedia":[{"embeddable":true,"href":"https:\/\/aiviouvapes.com\/es\/wp-json\/wp\/v2\/media\/29126"}],"wp:attachment":[{"href":"https:\/\/aiviouvapes.com\/es\/wp-json\/wp\/v2\/media?parent=29120"}],"wp:term":[{"taxonomy":"product_brand","embeddable":true,"href":"https:\/\/aiviouvapes.com\/es\/wp-json\/wp\/v2\/product_brand?post=29120"},{"taxonomy":"product_cat","embeddable":true,"href":"https:\/\/aiviouvapes.com\/es\/wp-json\/wp\/v2\/product_cat?post=29120"},{"taxonomy":"product_tag","embeddable":true,"href":"https:\/\/aiviouvapes.com\/es\/wp-json\/wp\/v2\/product_tag?post=29120"}],"curies":[{"name":"wp","href":"https:\/\/api.w.org\/{rel}","templated":true}]}}