{"id":24616,"date":"2024-11-09T14:42:54","date_gmt":"2024-11-09T06:42:54","guid":{"rendered":"https:\/\/aiviouvapes.com\/?post_type=product&#038;p=24616"},"modified":"2025-12-30T17:14:46","modified_gmt":"2025-12-30T09:14:46","slug":"mrvi-winning-30k-puffs-2-5-nicotine-rechargeable-bulk-buy-disposable-vape-wholesale","status":"publish","type":"product","link":"https:\/\/aiviouvapes.com\/es\/product\/mrvi-winning-30k-puffs-2-5-nicotine-rechargeable-bulk-buy-disposable-vape-wholesale\/","title":{"rendered":"MRVI WINNING 30000 Puffs | 2%-5% nicotina, 35mL, 800mAh, vape desechable a granel"},"content":{"rendered":"<p><iframe title=\"VideoPress Reproductor de v\u00eddeo\" aria-label='VideoPress Reproductor de v\u00eddeo' width='1020' height='574' src='https:\/\/videopress.com\/embed\/13e6MPsk?hd=0&amp;cover=1' frameborder='0' allowfullscreen allow='clipboard-write'><\/iframe><script src='https:\/\/v0.wordpress.com\/js\/next\/videopress-iframe.js?m=1739540970'><\/script><\/p>\n<h2><strong>MRVI WINNING 30K - 30.000 Puff Vape Desechable<\/strong><\/h2>\n<p>El vapeador desechable MRVI WINNING 30K est\u00e1 dise\u00f1ado para ofrecer una experiencia de vapeo inigualable, con hasta 30.000 caladas. Su avanzada tecnolog\u00eda garantiza un disfrute prolongado del sabor, por lo que es perfecto tanto para vapeadores dedicados como para principiantes.<\/p>\n<p>Dise\u00f1ado con una generosa capacidad de 35mL de e-l\u00edquido y una bater\u00eda de 800mAh, el MRVI WINNING 30K promete un placer de vapeo suave e ininterrumpido. Este dispositivo elegante y port\u00e1til cabe f\u00e1cilmente en el bolsillo, por lo que es ideal para uso dom\u00e9stico o para vapear sobre la marcha.<\/p>\n<p>Con una bobina de malla premium, el MRVI WINNING 30K proporciona un sabor intenso y satisfactorio con cada calada. Personaliza tu experiencia con dos opciones de potencia de nicotina -2% y 5%- y disfruta de la comodidad de un puerto Type-C de carga r\u00e1pida para reducir al m\u00ednimo el tiempo de inactividad entre sesiones.<\/p>\n<h3>MRVI WINNING 30000 Puff Caracter\u00edsticas del producto:<\/h3>\n<ul>\n<li><strong>Conteo de Puff:<\/strong> Hasta 30.000 caladas para sesiones de vapeo prolongadas<\/li>\n<li><strong>Capacidad de e-l\u00edquido:<\/strong> 35 ml para menos recargas y m\u00e1s tiempo de vapeo<\/li>\n<li><strong>Capacidad de la bater\u00eda:<\/strong> 800 mAh para un rendimiento duradero<\/li>\n<li><strong>Potencia de nicotina:<\/strong> Elija entre 2% y 5% seg\u00fan sus preferencias<\/li>\n<li><strong>Puerto de carga:<\/strong> Carga r\u00e1pida Tipo-C para recargas r\u00e1pidas<\/li>\n<li><strong>Tecnolog\u00eda de bobina de malla:<\/strong> Vapor suave y consistente con mayor calidad de sabor<\/li>\n<\/ul>\n<h3>MRVI WINNING 30000 Puff Sabores disponibles:<\/h3>\n<p>Sand\u00eda con ar\u00e1ndanos, lim\u00f3n con cereza, hielo Blue Razz, mezcla de bayas, hielo de fresa, hielo de sand\u00eda, melocot\u00f3n jugoso, mango con pi\u00f1a, hielo de uva, manzana \u00e1cida.<\/p>\n<p>Explore una excitante gama de sabores que satisfacen todos los paladares, desde los favoritos afrutados como Blueberry Watermelon y Juicy Peach hasta opciones heladas como Strawberry Ice y Grape Ice. Cada sabor se elabora cuidadosamente para ofrecer una experiencia rica y agradable.<\/p>\n<h3>MRVI GANA 30000 Puff a granel y oportunidad de compra individual:<\/h3>\n<p>MRVI WINNING 30000 Puff es la elecci\u00f3n perfecta para cualquiera que busque longevidad, calidad y una amplia selecci\u00f3n de sabores. Con hasta 30.000 caladas, carga r\u00e1pida Type-C y un rendimiento fiable, este vapeador premium ofrece un valor excepcional y una experiencia memorable, tanto si lo compras al por mayor para tu negocio como si lo compras individualmente para tu disfrute personal.<\/p>\n<h4>MRVI GANANDO 30K bocanadas | 2% 5% nicotina, e-l\u00edquido de 35 ml, bobina de malla, bater\u00eda de 800 mAh, recargable tipo C, hasta 30 000 bocanadas, compra al por mayor de vaporizadores desechables<\/h4>\n<p><img data-recalc-dims=\"1\" loading=\"lazy\" decoding=\"async\" class=\"alignnone size-full wp-image-24620\" title=\"MRVI WINNING 30K Puffs 2% 5% Nicotina Recargable Compra a Granel Vape Desechable al por Mayor\" src=\"https:\/\/i0.wp.com\/aiviouvapes.com\/wp-content\/uploads\/2024\/11\/%E5%BE%AE%E4%BF%A1%E5%9B%BE%E7%89%87_20240924171847.jpg?resize=1020%2C1020&#038;ssl=1\" alt=\"MRVI WINNING 30K Puffs 2% 5% Nicotina Recargable Compra a Granel Vape Desechable al por Mayor\" width=\"1020\" height=\"1020\" srcset=\"https:\/\/i0.wp.com\/aiviouvapes.com\/wp-content\/uploads\/2024\/11\/%E5%BE%AE%E4%BF%A1%E5%9B%BE%E7%89%87_20240924171847.jpg?w=1600&amp;ssl=1 1600w, https:\/\/i0.wp.com\/aiviouvapes.com\/wp-content\/uploads\/2024\/11\/%E5%BE%AE%E4%BF%A1%E5%9B%BE%E7%89%87_20240924171847.jpg?resize=300%2C300&amp;ssl=1 300w, https:\/\/i0.wp.com\/aiviouvapes.com\/wp-content\/uploads\/2024\/11\/%E5%BE%AE%E4%BF%A1%E5%9B%BE%E7%89%87_20240924171847.jpg?resize=1024%2C1024&amp;ssl=1 1024w, https:\/\/i0.wp.com\/aiviouvapes.com\/wp-content\/uploads\/2024\/11\/%E5%BE%AE%E4%BF%A1%E5%9B%BE%E7%89%87_20240924171847.jpg?resize=150%2C150&amp;ssl=1 150w, https:\/\/i0.wp.com\/aiviouvapes.com\/wp-content\/uploads\/2024\/11\/%E5%BE%AE%E4%BF%A1%E5%9B%BE%E7%89%87_20240924171847.jpg?resize=768%2C768&amp;ssl=1 768w, https:\/\/i0.wp.com\/aiviouvapes.com\/wp-content\/uploads\/2024\/11\/%E5%BE%AE%E4%BF%A1%E5%9B%BE%E7%89%87_20240924171847.jpg?resize=1536%2C1536&amp;ssl=1 1536w, https:\/\/i0.wp.com\/aiviouvapes.com\/wp-content\/uploads\/2024\/11\/%E5%BE%AE%E4%BF%A1%E5%9B%BE%E7%89%87_20240924171847.jpg?resize=12%2C12&amp;ssl=1 12w, https:\/\/i0.wp.com\/aiviouvapes.com\/wp-content\/uploads\/2024\/11\/%E5%BE%AE%E4%BF%A1%E5%9B%BE%E7%89%87_20240924171847.jpg?resize=800%2C800&amp;ssl=1 800w, https:\/\/i0.wp.com\/aiviouvapes.com\/wp-content\/uploads\/2024\/11\/%E5%BE%AE%E4%BF%A1%E5%9B%BE%E7%89%87_20240924171847.jpg?resize=100%2C100&amp;ssl=1 100w\" sizes=\"auto, (max-width: 1020px) 100vw, 1020px\" \/><\/p>\n<p>&nbsp;<\/p>","protected":false},"excerpt":{"rendered":"<p>El vaporizador desechable MRVI WINNING 30K ofrece hasta 30 000 bocanadas con una capacidad de e-l\u00edquido de 35 ml y una bater\u00eda de 800 mAh para un vapeo prolongado y suave. Con una resistencia de malla, carga r\u00e1pida tipo C y una variedad de sabores, es perfecto tanto para vapeadores ocasionales como experimentados.<\/p>","protected":false},"featured_media":24621,"comment_status":"open","ping_status":"closed","template":"","meta":[],"product_brand":[229],"product_cat":[33,131,320,90,117,81,76,134,135,133,136,137,146,138,139,140,141,142,143,144,145,79,132,82],"product_tag":[],"class_list":{"0":"post-24616","1":"product","2":"type-product","3":"status-publish","4":"has-post-thumbnail","6":"product_brand-mrvi","7":"product_cat-mrvi","8":"product_cat-30000-puffs-disposable-vape","9":"product_cat-best-disposable-vapes","10":"product_cat-big-puffs-vapes","11":"product_cat-different-puffs-of-diposable-vapes","12":"product_cat-digital-box-vapes","13":"product_cat-disposable-vape-types","14":"product_cat-disposable-vapes-in-austria","15":"product_cat-disposable-vapes-in-belgium","16":"product_cat-disposable-vapes-in-europe","17":"product_cat-disposable-vapes-in-france","18":"product_cat-disposable-vapes-in-germany","19":"product_cat-disposable-vapes-in-hungary","20":"product_cat-disposable-vapes-in-ltaly","21":"product_cat-disposable-vapes-in-netherlands","22":"product_cat-disposable-vapes-in-norway","23":"product_cat-disposable-vapes-in-poland","24":"product_cat-disposable-vapes-in-portugal","25":"product_cat-disposable-vapes-in-spain","26":"product_cat-disposable-vapes-in-sweden","27":"product_cat-disposable-vapes-in-switzerland","28":"product_cat-dual-mesh-vapes","29":"product_cat-rechargeable-vapes","30":"product_cat-smart-screen-vapes","32":"first","33":"instock","34":"shipping-taxable","35":"purchasable","36":"product-type-variable","37":"has-default-attributes"},"jetpack_sharing_enabled":true,"tiered_pricing_type":"fixed","tiered_pricing_fixed_rules":[],"tiered_pricing_product_settings":{"layout":"default","base_unit_name":{"singular":null,"plural":null},"default_variation":null},"tiered_pricing_minimum_quantity":1000,"tiered_pricing_roles_data":[],"tiered_pricing_percentage_rules":[],"tiered_pricing_maximum_quantity":null,"tiered_pricing_quantity_step":"10","_links":{"self":[{"href":"https:\/\/aiviouvapes.com\/es\/wp-json\/wp\/v2\/product\/24616","targetHints":{"allow":["GET"]}}],"collection":[{"href":"https:\/\/aiviouvapes.com\/es\/wp-json\/wp\/v2\/product"}],"about":[{"href":"https:\/\/aiviouvapes.com\/es\/wp-json\/wp\/v2\/types\/product"}],"replies":[{"embeddable":true,"href":"https:\/\/aiviouvapes.com\/es\/wp-json\/wp\/v2\/comments?post=24616"}],"wp:featuredmedia":[{"embeddable":true,"href":"https:\/\/aiviouvapes.com\/es\/wp-json\/wp\/v2\/media\/24621"}],"wp:attachment":[{"href":"https:\/\/aiviouvapes.com\/es\/wp-json\/wp\/v2\/media?parent=24616"}],"wp:term":[{"taxonomy":"product_brand","embeddable":true,"href":"https:\/\/aiviouvapes.com\/es\/wp-json\/wp\/v2\/product_brand?post=24616"},{"taxonomy":"product_cat","embeddable":true,"href":"https:\/\/aiviouvapes.com\/es\/wp-json\/wp\/v2\/product_cat?post=24616"},{"taxonomy":"product_tag","embeddable":true,"href":"https:\/\/aiviouvapes.com\/es\/wp-json\/wp\/v2\/product_tag?post=24616"}],"curies":[{"name":"wp","href":"https:\/\/api.w.org\/{rel}","templated":true}]}}