{"id":192,"date":"2024-08-13T13:41:50","date_gmt":"2024-08-13T05:41:50","guid":{"rendered":"https:\/\/aiviouvapes.com\/?post_type=product&#038;p=192"},"modified":"2026-04-17T13:02:35","modified_gmt":"2026-04-17T05:02:35","slug":"waspe-20000-puffs-dual-mesh-disposable-wholesale","status":"publish","type":"product","link":"https:\/\/aiviouvapes.com\/es\/product\/waspe-20000-puffs-dual-mesh-disposable-wholesale\/","title":{"rendered":"Waspe 20000 Puffs | 0%-5% nicotina, 24mL, doble malla, pantalla LCD, vape desechable a granel"},"content":{"rendered":"<p><iframe title=\"VideoPress Reproductor de v\u00eddeo\" aria-label='VideoPress Reproductor de v\u00eddeo' width='562' height='1000' src='https:\/\/videopress.com\/embed\/TWxHNXPl?hd=0&amp;cover=1' frameborder='0' allowfullscreen allow='clipboard-write'><\/iframe><script src='https:\/\/v0.wordpress.com\/js\/next\/videopress-iframe.js?m=1739540970'><\/script><\/p>\n<h2>Waspe 20000 bocanadas | 0% 2% 3% 5% nicotina, e-l\u00edquido de 24 ml, bobinas de malla doble, pantalla LCD, recargable tipo C, compra al por mayor de vaporizadores desechables<\/h2>\n<h3>Descripci\u00f3n general de Waspe 20000 Puff<\/h3>\n<ul>\n<li><strong>Capacidad de soplado ampliada<\/strong>: Hasta 20.000 caladas para un uso prolongado y satisfactorio.<\/li>\n<li><strong>Gran capacidad de e-l\u00edquido<\/strong>El dep\u00f3sito de 24 ml reduce la necesidad de rellenarlo con frecuencia, lo que a\u00f1ade comodidad.<\/li>\n<li><strong>Bater\u00eda potente<\/strong>La bater\u00eda recargable de 900 mAh garantiza un rendimiento fiable y duradero.<\/li>\n<li><strong>Opciones de potencia de nicotina<\/strong>: Disponible en nicotina 0%, 2%, 3% y 5% para adaptarse a una gran variedad de preferencias.<\/li>\n<li><strong>Producci\u00f3n superior de vapor<\/strong>: La doble bobina de malla proporciona un vapor suave y sabroso con cada inhalaci\u00f3n.<\/li>\n<li><strong>Pantalla LCD<\/strong>: La pantalla integrada proporciona actualizaciones en tiempo real sobre la duraci\u00f3n de la bater\u00eda y el recuento de caladas para mayor precisi\u00f3n y comodidad.<\/li>\n<\/ul>\n<h3>Caracter\u00edsticas de Waspe 20000 Puff<\/h3>\n<ul>\n<li><strong>Longevidad excepcional<\/strong>20.000 caladas por dispositivo para un disfrute prolongado y un valor excepcional.<\/li>\n<li><strong>Dise\u00f1o port\u00e1til<\/strong>: Dise\u00f1o elegante y compacto con pantalla LCD para vapear f\u00e1cilmente sobre la marcha.<\/li>\n<li><strong>F\u00e1cil de usar<\/strong>: Recargable y sin mantenimiento, dise\u00f1ada para un uso sin complicaciones.<\/li>\n<li><strong>Carga r\u00e1pida<\/strong>: Puerto Type-C para recargas r\u00e1pidas, minimizando el tiempo de inactividad.<\/li>\n<\/ul>\n<h3>Selecci\u00f3n de sabores de Waspe 20000 Puff<\/h3>\n<p>Hielo exuberante, sand\u00eda y fresa, helado de ar\u00e1ndanos, frutos del bosque variados, helado de uva, helado de melocot\u00f3n, helado doble de manzana, kiwi y fresa, kiwi y maracuy\u00e1 con guayaba, fresa y frambuesa con cereza, limonada con ar\u00e1ndanos y frambuesa, chicle de sand\u00eda<\/p>\n<h3>\u00bfPor qu\u00e9 elegir la caja de malla doble Waspe 20000 Puffs?<\/h3>\n<p>Experimenta un vapeo premium que combina rendimiento de alta capacidad con comodidad y estilo. El Waspe 20000 Puffs Dual Mesh Box ofrece un valor inigualable, con una duraci\u00f3n de hasta 20.000 caladas y una variada selecci\u00f3n de sabores vibrantes. Perfecto para el uso diario o para compartir, la potente bater\u00eda de este dispositivo, su carga r\u00e1pida y su elegante dise\u00f1o lo convierten en la mejor opci\u00f3n para los vapeadores que buscan una soluci\u00f3n satisfactoria y f\u00e1cil de usar. Disponible al por mayor, el Waspe 20000 Puffs est\u00e1 dise\u00f1ado para cumplir con los m\u00e1s altos est\u00e1ndares, ya sea para la venta al por menor o para el disfrute personal. \u00a1Descubre una experiencia de vapeo superior con cada calada!<\/p>\n<p><img data-recalc-dims=\"1\" loading=\"lazy\" decoding=\"async\" class=\"alignnone wp-image-6698 size-full\" title=\"Waspe 20000 Puffs Dual Mesh Box 0% 2% 3% 5% Nicotina Recargable Compra a Granel Vape Desechable al por Mayor\" src=\"https:\/\/i0.wp.com\/aiviouvapes.com\/wp-content\/uploads\/2024\/08\/%E5%AE%A3%E4%BC%A0%E5%9B%BE2-1.jpg?resize=1020%2C797&#038;ssl=1\" alt=\"Waspe 20000 Puffs Dual Mesh Box 0% 2% 3% 5% Nicotina Recargable Compra a Granel Vape Desechable al por Mayor\" width=\"1020\" height=\"797\" srcset=\"https:\/\/i0.wp.com\/aiviouvapes.com\/wp-content\/uploads\/2024\/08\/%E5%AE%A3%E4%BC%A0%E5%9B%BE2-1.jpg?w=1800&amp;ssl=1 1800w, https:\/\/i0.wp.com\/aiviouvapes.com\/wp-content\/uploads\/2024\/08\/%E5%AE%A3%E4%BC%A0%E5%9B%BE2-1.jpg?resize=300%2C234&amp;ssl=1 300w, https:\/\/i0.wp.com\/aiviouvapes.com\/wp-content\/uploads\/2024\/08\/%E5%AE%A3%E4%BC%A0%E5%9B%BE2-1.jpg?resize=1024%2C800&amp;ssl=1 1024w, https:\/\/i0.wp.com\/aiviouvapes.com\/wp-content\/uploads\/2024\/08\/%E5%AE%A3%E4%BC%A0%E5%9B%BE2-1.jpg?resize=768%2C600&amp;ssl=1 768w, https:\/\/i0.wp.com\/aiviouvapes.com\/wp-content\/uploads\/2024\/08\/%E5%AE%A3%E4%BC%A0%E5%9B%BE2-1.jpg?resize=1536%2C1200&amp;ssl=1 1536w, https:\/\/i0.wp.com\/aiviouvapes.com\/wp-content\/uploads\/2024\/08\/%E5%AE%A3%E4%BC%A0%E5%9B%BE2-1.jpg?resize=15%2C12&amp;ssl=1 15w, https:\/\/i0.wp.com\/aiviouvapes.com\/wp-content\/uploads\/2024\/08\/%E5%AE%A3%E4%BC%A0%E5%9B%BE2-1.jpg?resize=800%2C625&amp;ssl=1 800w\" sizes=\"auto, (max-width: 1020px) 100vw, 1020px\" \/><\/p>\n<h3>\u00bfPor qu\u00e9 elegir AiviouVapes?<\/h3>\n<p>Bienvenido a <a href=\"https:\/\/aiviouvapes.com\/es\/\">AiviouVapes<\/a> - su fuente de confianza para <a href=\"https:\/\/aiviouvapes.com\/es\/shop\/\">vapes desechables al por mayor<\/a> a precios realmente bajos. Con m\u00e1s de cinco a\u00f1os de experiencia en la industria del vapeo, estamos orgullosos de ofrecer una selecci\u00f3n de marcas l\u00edderes, incluyendo <a href=\"https:\/\/aiviouvapes.com\/es\/categoria-producto\/waspe\/\">WASPE<\/a>, <a href=\"https:\/\/aiviouvapes.com\/es\/categoria-producto\/bang\/\">Bang Vape<\/a>, <a href=\"https:\/\/aiviouvapes.com\/es\/categoria-producto\/vapme-vapes\/\">Vapme<\/a>y <a href=\"https:\/\/aiviouvapes.com\/es\/categoria-producto\/mrvi\/\">MRVI<\/a>.<\/p>\n<p>Desde dispositivos de gran potencia como el <a href=\"https:\/\/aiviouvapes.com\/es\/producto\/waspe-4-in-1-100000-puffs\/\">WASPE 100K Sabor 4 en 1<\/a> a audaces favoritos como el <a href=\"https:\/\/aiviouvapes.com\/es\/producto\/bang-king-triple-flavors-85000\/\">Bang 85.000 Triple Puff<\/a>e incluso el emocionante <a class=\"woocommerce-LoopProduct-link woocommerce-loop-product__link\" href=\"https:\/\/aiviouvapes.com\/es\/producto\/mystery-vape-blind-box\/\">Caja de Vape Desechable Misteriosa<\/a>En AiviouVapes, cada producto es elegido por su alta calidad y valor inmejorable. En AiviouVapes, disfrutar\u00e1 de un gran servicio, ahorros al por mayor y una colecci\u00f3n dise\u00f1ada para satisfacer sus necesidades de vapeo.<\/p>\n<div class=\"row row-large row-full-width align-middle\"  id=\"row-2003238405\">\n\n\n\t<div id=\"col-1761328382\" class=\"col medium-3 small-6 large-3\"  >\n\t\t\t\t<div class=\"col-inner text-center\"  >\n\t\t\t\n\t\t\t\n\n\n\t\t<div class=\"icon-box featured-box icon-box-top text-left\"  >\n\t\t\t\t\t<div class=\"icon-box-img\" style=\"width: 90px\">\n\t\t\t\t<div class=\"icon\">\n\t\t\t\t\t<div class=\"icon-inner\" >\n\t\t\t\t\t\t<img loading=\"lazy\" decoding=\"async\" width=\"200\" height=\"200\" src=\"https:\/\/i0.wp.com\/aiviouvapes.com\/wp-content\/uploads\/2024\/08\/vape-1-1.png?fit=200%2C200&amp;ssl=1\" class=\"attachment-medium size-medium\" alt=\"Por qu\u00e9 elegir AIVIOUVAPES\" srcset=\"https:\/\/i0.wp.com\/aiviouvapes.com\/wp-content\/uploads\/2024\/08\/vape-1-1.png?w=200&amp;ssl=1 200w, https:\/\/i0.wp.com\/aiviouvapes.com\/wp-content\/uploads\/2024\/08\/vape-1-1.png?resize=150%2C150&amp;ssl=1 150w, https:\/\/i0.wp.com\/aiviouvapes.com\/wp-content\/uploads\/2024\/08\/vape-1-1.png?resize=12%2C12&amp;ssl=1 12w, https:\/\/i0.wp.com\/aiviouvapes.com\/wp-content\/uploads\/2024\/08\/vape-1-1.png?resize=100%2C100&amp;ssl=1 100w\" sizes=\"auto, (max-width: 200px) 100vw, 200px\" title=\"\">\t\t\t\t\t<\/div>\n\t\t\t\t<\/div>\n\t\t\t<\/div>\n\t\t\t\t<div class=\"icon-box-text last-reset\">\n\t\t\t\t\t\t\t\t\t\n\n\t<div id=\"text-2350681918\" class=\"text\">\n\t\t\n\n<h3 style=\"text-align: center;\">Amplia variedad de vaporizadores<\/h3>\n<p style=\"text-align: center;\">Descubra nuestra amplia gama de productos, dise\u00f1ados para adaptarse a todos los gustos.<\/p>\n\t\t\n<style>\n#text-2350681918 {\n  font-size: 0.9rem;\n}\n<\/style>\n\t<\/div>\n\t\n\n\t\t<\/div>\n\t<\/div>\n\t\n\t\n\n\t\t<\/div>\n\t\t\t\t\t<\/div>\n\n\t\n\n\t<div id=\"col-1591420054\" class=\"col medium-3 small-6 large-3\"  >\n\t\t\t\t<div class=\"col-inner text-center\"  >\n\t\t\t\n\t\t\t\n\n\n\t\t<div class=\"icon-box featured-box icon-box-top text-left\"  >\n\t\t\t\t\t<div class=\"icon-box-img\" style=\"width: 90px\">\n\t\t\t\t<div class=\"icon\">\n\t\t\t\t\t<div class=\"icon-inner\" >\n\t\t\t\t\t\t<img loading=\"lazy\" decoding=\"async\" width=\"200\" height=\"200\" src=\"https:\/\/i0.wp.com\/aiviouvapes.com\/wp-content\/uploads\/2024\/08\/save-money-1-1-1.png?fit=200%2C200&amp;ssl=1\" class=\"attachment-medium size-medium\" alt=\"Por qu\u00e9 elegir AIVIOUVAPES\" srcset=\"https:\/\/i0.wp.com\/aiviouvapes.com\/wp-content\/uploads\/2024\/08\/save-money-1-1-1.png?w=200&amp;ssl=1 200w, https:\/\/i0.wp.com\/aiviouvapes.com\/wp-content\/uploads\/2024\/08\/save-money-1-1-1.png?resize=150%2C150&amp;ssl=1 150w, https:\/\/i0.wp.com\/aiviouvapes.com\/wp-content\/uploads\/2024\/08\/save-money-1-1-1.png?resize=12%2C12&amp;ssl=1 12w, https:\/\/i0.wp.com\/aiviouvapes.com\/wp-content\/uploads\/2024\/08\/save-money-1-1-1.png?resize=100%2C100&amp;ssl=1 100w\" sizes=\"auto, (max-width: 200px) 100vw, 200px\" title=\"\">\t\t\t\t\t<\/div>\n\t\t\t\t<\/div>\n\t\t\t<\/div>\n\t\t\t\t<div class=\"icon-box-text last-reset\">\n\t\t\t\t\t\t\t\t\t\n\n\t<div id=\"text-3648646601\" class=\"text\">\n\t\t\n\n<h3 style=\"text-align: center;\">Valor inmejorable<\/h3>\n<p style=\"text-align: center;\">Disfrute de productos de primera calidad a precios que se ajustan a su presupuesto.<\/p>\n\t\t\n<style>\n#text-3648646601 {\n  font-size: 0.9rem;\n}\n<\/style>\n\t<\/div>\n\t\n\n\t\t<\/div>\n\t<\/div>\n\t\n\t\n\n\t\t<\/div>\n\t\t\t\t\t<\/div>\n\n\t\n\n\t<div id=\"col-1543323433\" class=\"col medium-3 small-6 large-3\"  >\n\t\t\t\t<div class=\"col-inner text-center\"  >\n\t\t\t\n\t\t\t\n\n\n\t\t<div class=\"icon-box featured-box icon-box-top text-left\"  >\n\t\t\t\t\t<div class=\"icon-box-img\" style=\"width: 90px\">\n\t\t\t\t<div class=\"icon\">\n\t\t\t\t\t<div class=\"icon-inner\" >\n\t\t\t\t\t\t<img loading=\"lazy\" decoding=\"async\" width=\"200\" height=\"200\" src=\"https:\/\/i0.wp.com\/aiviouvapes.com\/wp-content\/uploads\/2024\/08\/delivery-truck-1-1.png?fit=200%2C200&amp;ssl=1\" class=\"attachment-medium size-medium\" alt=\"Por qu\u00e9 elegir AIVIOUVAPES\" srcset=\"https:\/\/i0.wp.com\/aiviouvapes.com\/wp-content\/uploads\/2024\/08\/delivery-truck-1-1.png?w=200&amp;ssl=1 200w, https:\/\/i0.wp.com\/aiviouvapes.com\/wp-content\/uploads\/2024\/08\/delivery-truck-1-1.png?resize=150%2C150&amp;ssl=1 150w, https:\/\/i0.wp.com\/aiviouvapes.com\/wp-content\/uploads\/2024\/08\/delivery-truck-1-1.png?resize=12%2C12&amp;ssl=1 12w, https:\/\/i0.wp.com\/aiviouvapes.com\/wp-content\/uploads\/2024\/08\/delivery-truck-1-1.png?resize=100%2C100&amp;ssl=1 100w\" sizes=\"auto, (max-width: 200px) 100vw, 200px\" title=\"\">\t\t\t\t\t<\/div>\n\t\t\t\t<\/div>\n\t\t\t<\/div>\n\t\t\t\t<div class=\"icon-box-text last-reset\">\n\t\t\t\t\t\t\t\t\t\n\n\t<div id=\"text-3901231253\" class=\"text\">\n\t\t\n\n<h3 style=\"text-align: center;\">Env\u00edo r\u00e1pido a nivel mundial<\/h3>\n<p style=\"text-align: center;\">Realizamos entregas en todo el mundo con despacho de aduana garantizado para una experiencia perfecta.<\/p>\n\t\t\n<style>\n#text-3901231253 {\n  font-size: 0.9rem;\n}\n<\/style>\n\t<\/div>\n\t\n\n\t\t<\/div>\n\t<\/div>\n\t\n\t\n\n\t\t<\/div>\n\t\t\t\t\t<\/div>\n\n\t\n\n\t<div id=\"col-2131754981\" class=\"col medium-3 small-6 large-3\"  >\n\t\t\t\t<div class=\"col-inner text-center\"  >\n\t\t\t\n\t\t\t\n\n\n\t\t<div class=\"icon-box featured-box icon-box-top text-left\"  >\n\t\t\t\t\t<div class=\"icon-box-img\" style=\"width: 90px\">\n\t\t\t\t<div class=\"icon\">\n\t\t\t\t\t<div class=\"icon-inner\" >\n\t\t\t\t\t\t<img loading=\"lazy\" decoding=\"async\" width=\"200\" height=\"200\" src=\"https:\/\/i0.wp.com\/aiviouvapes.com\/wp-content\/uploads\/2024\/08\/support-1-1.png?fit=200%2C200&amp;ssl=1\" class=\"attachment-medium size-medium\" alt=\"Por qu\u00e9 elegir AIVIOUVAPES\" srcset=\"https:\/\/i0.wp.com\/aiviouvapes.com\/wp-content\/uploads\/2024\/08\/support-1-1.png?w=200&amp;ssl=1 200w, https:\/\/i0.wp.com\/aiviouvapes.com\/wp-content\/uploads\/2024\/08\/support-1-1.png?resize=150%2C150&amp;ssl=1 150w, https:\/\/i0.wp.com\/aiviouvapes.com\/wp-content\/uploads\/2024\/08\/support-1-1.png?resize=12%2C12&amp;ssl=1 12w, https:\/\/i0.wp.com\/aiviouvapes.com\/wp-content\/uploads\/2024\/08\/support-1-1.png?resize=100%2C100&amp;ssl=1 100w\" sizes=\"auto, (max-width: 200px) 100vw, 200px\" title=\"\">\t\t\t\t\t<\/div>\n\t\t\t\t<\/div>\n\t\t\t<\/div>\n\t\t\t\t<div class=\"icon-box-text last-reset\">\n\t\t\t\t\t\t\t\t\t\n\n\t<div id=\"text-576732491\" class=\"text\">\n\t\t\n\n<h3 style=\"text-align: center;\">Asistencia las 24 horas<\/h3>\n<p style=\"text-align: center;\">Comun\u00edquese con nuestro equipo de soporte en cualquier momento, las 24 horas del d\u00eda, los 7 d\u00edas de la semana, a trav\u00e9s de WhatsApp o correo electr\u00f3nico.<\/p>\n\t\t\n<style>\n#text-576732491 {\n  font-size: 0.9rem;\n}\n<\/style>\n\t<\/div>\n\t\n\n\t\t<\/div>\n\t<\/div>\n\t\n\t\n\n\t\t<\/div>\n\t\t\t\t\t<\/div>\n\n\t\n\n<\/div>\n<div class=\"row row-full-width align-middle\"  id=\"row-1050271111\">\n\n\n\t<div id=\"col-1816653939\" class=\"col medium-6 small-12 large-6\"  >\n\t\t\t\t<div class=\"col-inner\"  >\n\t\t\t\n\t\t\t\n\n\t<div class=\"img has-hover x md-x lg-x y md-y lg-y\" id=\"image_1047819433\">\n\t\t\t\t\t\t\t\t<div class=\"img-inner dark\" >\n\t\t\t<img loading=\"lazy\" decoding=\"async\" width=\"930\" height=\"1024\" src=\"https:\/\/i0.wp.com\/aiviouvapes.com\/wp-content\/uploads\/2024\/08\/%E6%8B%BC%E5%9B%BE.jpg?fit=930%2C1024&amp;ssl=1\" class=\"attachment-large size-large\" alt=\"Por qu\u00e9 elegir AIVIOUVAPES\" title=\"\">\t\t\t\t\t\t\n\t\t\t\t\t<\/div>\n\t\t\t\t\t\t\t\t\n<style>\n#image_1047819433 {\n  width: 100%;\n}\n<\/style>\n\t<\/div>\n\t\n\n\n\t\t<\/div>\n\t\t\t\t\t<\/div>\n\n\t\n\n\t<div id=\"col-235611238\" class=\"col medium-6 small-12 large-6\"  >\n\t\t\t\t<div class=\"col-inner\"  >\n\t\t\t\n\t\t\t\n\n<div class=\"container section-title-container\" ><h4 class=\"section-title section-title-normal\"><b aria-hidden=\"true\"><\/b><span class=\"section-title-main\" style=\"font-size:91%;\">Nuestras ventajas<\/span><b aria-hidden=\"true\"><\/b><\/h4><\/div>\n\n<div class=\"accordion\">\n\n\t<div id=\"accordion-3471118251\" class=\"accordion-item\">\n\t\t<a id=\"accordion-3471118251-label\" class=\"accordion-title plain\" href=\"#accordion-item-commitment-to-quality\" aria-expanded=\"false\" aria-controls=\"accordion-3471118251-content\">\n\t\t\t<button class=\"toggle\" aria-label=\"Toggle\"><i class=\"icon-angle-down\" aria-hidden=\"true\"><\/i><\/button>\n\t\t\t<span>Compromiso con la calidad<\/span>\n\t\t<\/a>\n\t\t<div id=\"accordion-3471118251-content\" class=\"accordion-inner\" aria-labelledby=\"accordion-3471118251-label\">\n\t\t\t\n\n<p>En <a href=\"https:\/\/aiviouvapes.com\/es\/\">AiviouVape<\/a>La calidad es el motor de todo lo que hacemos. Nuestros vaporizadores desechables se elaboran meticulosamente y se prueban rigurosamente para cumplir con los est\u00e1ndares m\u00e1s altos, lo que garantiza una experiencia de vapeo fluida y confiable en todo momento. Con nuestro compromiso de cero defectos y cero quejas, puede confiar en que est\u00e1 obteniendo lo mejor.<\/p>\n\n\t\t<\/div>\n\t<\/div>\n\t\n\t<div id=\"accordion-531434730\" class=\"accordion-item\">\n\t\t<a id=\"accordion-531434730-label\" class=\"accordion-title plain\" href=\"#accordion-item-diverse-range-of-products\" aria-expanded=\"false\" aria-controls=\"accordion-531434730-content\">\n\t\t\t<button class=\"toggle\" aria-label=\"Toggle\"><i class=\"icon-angle-down\" aria-hidden=\"true\"><\/i><\/button>\n\t\t\t<span>Diversa gama de productos<\/span>\n\t\t<\/a>\n\t\t<div id=\"accordion-531434730-content\" class=\"accordion-inner\" aria-labelledby=\"accordion-531434730-label\">\n\t\t\t\n\n<p>Estamos orgullosos de ofrecer una amplia gama de vaporizadores desechables de primera calidad para satisfacer todas las preferencias. Desde las \u00faltimas innovaciones hasta los favoritos de los fans, nuestra selecci\u00f3n incluye marcas de confianza como Waspe, Vapme, RandM Tornado, Bang Box, ELF Box y Bang King. Tanto si buscas los sabores atrevidos de Vapme como el dise\u00f1o elegante de RandM Tornado, nuestra colecci\u00f3n est\u00e1 dise\u00f1ada para ayudarte a descubrir el vapeador perfecto para tu gusto y estilo de vida.<\/p>\n\n\n\t\t<\/div>\n\t<\/div>\n\t\n\t<div id=\"accordion-3530485721\" class=\"accordion-item\">\n\t\t<a id=\"accordion-3530485721-label\" class=\"accordion-title plain\" href=\"#accordion-item-wholesale-and-retail-solutions\" aria-expanded=\"false\" aria-controls=\"accordion-3530485721-content\">\n\t\t\t<button class=\"toggle\" aria-label=\"Toggle\"><i class=\"icon-angle-down\" aria-hidden=\"true\"><\/i><\/button>\n\t\t\t<span>Soluciones para mayoristas y minoristas<\/span>\n\t\t<\/a>\n\t\t<div id=\"accordion-3530485721-content\" class=\"accordion-inner\" aria-labelledby=\"accordion-3530485721-label\">\n\t\t\t\n\n<p>AiviouVape satisface las demandas de los clientes minoristas y mayoristas, ofreciendo productos y servicios excepcionales en todo momento. Si es la primera vez que nos visita, le recomendamos comenzar con un lote peque\u00f1o para que pueda experimentar nuestra calidad de primera mano. Con precios competitivos y est\u00e1ndares premium, somos la opci\u00f3n de confianza en la industria de los vaporizadores desechables.\u00a0<\/p>\n\n\t\t<\/div>\n\t<\/div>\n\t\n\t<div id=\"accordion-2205036641\" class=\"accordion-item\">\n\t\t<a id=\"accordion-2205036641-label\" class=\"accordion-title plain\" href=\"#accordion-item-continuous-improvement\" aria-expanded=\"false\" aria-controls=\"accordion-2205036641-content\">\n\t\t\t<button class=\"toggle\" aria-label=\"Toggle\"><i class=\"icon-angle-down\" aria-hidden=\"true\"><\/i><\/button>\n\t\t\t<span>Mejora continua<\/span>\n\t\t<\/a>\n\t\t<div id=\"accordion-2205036641-content\" class=\"accordion-inner\" aria-labelledby=\"accordion-2205036641-label\">\n\t\t\t\n\n<p>Lo que distingue a AiviouVape es nuestra dedicaci\u00f3n a brindar un servicio al cliente excepcional. Ya sea que necesite asesoramiento antes de comprar o asistencia con un pedido, nuestro equipo siempre est\u00e1 disponible por WhatsApp o correo electr\u00f3nico. Nos esforzamos por construir relaciones duraderas con nuestros clientes, garantizando su satisfacci\u00f3n en cada paso del proceso.<\/p>\n\n\t\t<\/div>\n\t<\/div>\n\t\n\t<div id=\"accordion-2968451115\" class=\"accordion-item\">\n\t\t<a id=\"accordion-2968451115-label\" class=\"accordion-title plain\" href=\"#accordion-item-quality-assurance\" aria-expanded=\"false\" aria-controls=\"accordion-2968451115-content\">\n\t\t\t<button class=\"toggle\" aria-label=\"Toggle\"><i class=\"icon-angle-down\" aria-hidden=\"true\"><\/i><\/button>\n\t\t\t<span>Garant\u00eda de calidad<\/span>\n\t\t<\/a>\n\t\t<div id=\"accordion-2968451115-content\" class=\"accordion-inner\" aria-labelledby=\"accordion-2968451115-label\">\n\t\t\t\n\n<p>En cada etapa (desarrollo, producci\u00f3n, comercializaci\u00f3n y distribuci\u00f3n del producto), nuestro compromiso con la calidad nunca flaquea. Nuestros vaporizadores desechables se someten a pruebas rigurosas para garantizar que no sean t\u00f3xicos, sean puros y brinden un sabor excepcional. Esta dedicaci\u00f3n a la excelencia constituye la columna vertebral de nuestra cultura corporativa.<\/p>\n\n\t\t<\/div>\n\t<\/div>\n\t\n\t<div id=\"accordion-924049895\" class=\"accordion-item\">\n\t\t<a id=\"accordion-924049895-label\" class=\"accordion-title plain\" href=\"#accordion-item-efficient-logistics-and-delivery\" aria-expanded=\"false\" aria-controls=\"accordion-924049895-content\">\n\t\t\t<button class=\"toggle\" aria-label=\"Toggle\"><i class=\"icon-angle-down\" aria-hidden=\"true\"><\/i><\/button>\n\t\t\t<span>Log\u00edstica y entrega eficaces<\/span>\n\t\t<\/a>\n\t\t<div id=\"accordion-924049895-content\" class=\"accordion-inner\" aria-labelledby=\"accordion-924049895-label\">\n\t\t\t\n\n<p>AiviouVape ofrece una log\u00edstica y una entrega eficientes, incluidos los servicios DDP (entrega con derechos pagados), lo que garantiza un despacho de aduana sin problemas y sin tasas ni impuestos. Con una entrega r\u00e1pida y una atenci\u00f3n al cliente excepcional, ofrecemos una experiencia fluida y fiable, lo que nos convierte en un socio de confianza en la industria.<\/p>\n\n\t\t<\/div>\n\t<\/div>\n\t\n\t<div id=\"accordion-2073380260\" class=\"accordion-item\">\n\t\t<a id=\"accordion-2073380260-label\" class=\"accordion-title plain\" href=\"#accordion-item-odm-and-oem-services\" aria-expanded=\"false\" aria-controls=\"accordion-2073380260-content\">\n\t\t\t<button class=\"toggle\" aria-label=\"Toggle\"><i class=\"icon-angle-down\" aria-hidden=\"true\"><\/i><\/button>\n\t\t\t<span>Servicios ODM y OEM<\/span>\n\t\t<\/a>\n\t\t<div id=\"accordion-2073380260-content\" class=\"accordion-inner\" aria-labelledby=\"accordion-2073380260-label\">\n\t\t\t\n\n<p>AiviouVapes ofrece servicios completos de ODM (fabricaci\u00f3n de dise\u00f1o original) y OEM (fabricaci\u00f3n de equipos originales). Con dos grandes instalaciones, ayudamos a los clientes a dise\u00f1ar productos \u00fanicos y logotipos llamativos para los envases. Tambi\u00e9n ofrecemos asesoramiento gratuito sobre el dise\u00f1o de envases y ayudamos a los clientes que envasan sus propios productos, lo que garantiza que su marca destaque en el mercado.<\/p>\n\n\t\t<\/div>\n\t<\/div>\n\t\n\n<\/div>\n\n\t\t<\/div>\n\t\t\t\t\t<\/div>\n\n\t\n\n<\/div>","protected":false},"excerpt":{"rendered":"<p>El vaporizador desechable Waspe 20000 Puffs ofrece hasta 20 000 bocanadas, una capacidad de 24 ml de e-l\u00edquido y resistencias de malla dobles para un vapor suave y sabroso. Con una pantalla LCD, carga r\u00e1pida tipo C y m\u00faltiples concentraciones de nicotina, es perfecto para un vapeo duradero y sin complicaciones.<\/p>","protected":false},"featured_media":196,"comment_status":"open","ping_status":"closed","template":"","meta":[],"product_brand":[227],"product_cat":[19,129,90,78,117,81,76,134,135,133,136,137,146,138,139,140,141,142,143,144,145,79,573,572,132,82],"product_tag":[],"class_list":{"0":"post-192","1":"product","2":"type-product","3":"status-publish","4":"has-post-thumbnail","6":"product_brand-waspe","7":"product_cat-waspe","8":"product_cat-20000-puffs-disposable-vape","9":"product_cat-big-puffs-vapes","10":"product_cat-crystal-vapes","11":"product_cat-different-puffs-of-diposable-vapes","12":"product_cat-digital-box-vapes","13":"product_cat-disposable-vape-types","14":"product_cat-disposable-vapes-in-austria","15":"product_cat-disposable-vapes-in-belgium","16":"product_cat-disposable-vapes-in-europe","17":"product_cat-disposable-vapes-in-france","18":"product_cat-disposable-vapes-in-germany","19":"product_cat-disposable-vapes-in-hungary","20":"product_cat-disposable-vapes-in-ltaly","21":"product_cat-disposable-vapes-in-netherlands","22":"product_cat-disposable-vapes-in-norway","23":"product_cat-disposable-vapes-in-poland","24":"product_cat-disposable-vapes-in-portugal","25":"product_cat-disposable-vapes-in-spain","26":"product_cat-disposable-vapes-in-sweden","27":"product_cat-disposable-vapes-in-switzerland","28":"product_cat-dual-mesh-vapes","29":"product_cat-new-3","30":"product_cat-new-2","31":"product_cat-rechargeable-vapes","32":"product_cat-smart-screen-vapes","34":"first","35":"instock","36":"shipping-taxable","37":"purchasable","38":"product-type-variable","39":"has-default-attributes"},"jetpack_sharing_enabled":true,"tiered_pricing_type":"fixed","tiered_pricing_fixed_rules":{"2000":5.79000000000000003552713678800500929355621337890625},"tiered_pricing_product_settings":{"layout":"default","base_unit_name":{"singular":null,"plural":null},"default_variation":null},"tiered_pricing_minimum_quantity":1000,"tiered_pricing_roles_data":[],"tiered_pricing_percentage_rules":[],"tiered_pricing_maximum_quantity":null,"tiered_pricing_quantity_step":"10","_links":{"self":[{"href":"https:\/\/aiviouvapes.com\/es\/wp-json\/wp\/v2\/product\/192","targetHints":{"allow":["GET"]}}],"collection":[{"href":"https:\/\/aiviouvapes.com\/es\/wp-json\/wp\/v2\/product"}],"about":[{"href":"https:\/\/aiviouvapes.com\/es\/wp-json\/wp\/v2\/types\/product"}],"replies":[{"embeddable":true,"href":"https:\/\/aiviouvapes.com\/es\/wp-json\/wp\/v2\/comments?post=192"}],"wp:featuredmedia":[{"embeddable":true,"href":"https:\/\/aiviouvapes.com\/es\/wp-json\/wp\/v2\/media\/196"}],"wp:attachment":[{"href":"https:\/\/aiviouvapes.com\/es\/wp-json\/wp\/v2\/media?parent=192"}],"wp:term":[{"taxonomy":"product_brand","embeddable":true,"href":"https:\/\/aiviouvapes.com\/es\/wp-json\/wp\/v2\/product_brand?post=192"},{"taxonomy":"product_cat","embeddable":true,"href":"https:\/\/aiviouvapes.com\/es\/wp-json\/wp\/v2\/product_cat?post=192"},{"taxonomy":"product_tag","embeddable":true,"href":"https:\/\/aiviouvapes.com\/es\/wp-json\/wp\/v2\/product_tag?post=192"}],"curies":[{"name":"wp","href":"https:\/\/api.w.org\/{rel}","templated":true}]}}