{"id":114623,"date":"2026-03-12T11:10:04","date_gmt":"2026-03-12T03:10:04","guid":{"rendered":"https:\/\/aiviouvapes.com\/?post_type=product&#038;p=114623"},"modified":"2026-04-22T09:03:55","modified_gmt":"2026-04-22T01:03:55","slug":"waspe-bar-60k","status":"publish","type":"product","link":"https:\/\/aiviouvapes.com\/es\/product\/waspe-bar-60k\/","title":{"rendered":"WASPE Bar 60K | 60000 caladas, larga duraci\u00f3n, 16 opciones de sabores, vapeador desechable a granel"},"content":{"rendered":"<p><img data-recalc-dims=\"1\" loading=\"lazy\" decoding=\"async\" class=\"alignnone size-full wp-image-114648\" src=\"https:\/\/i0.wp.com\/aiviouvapes.com\/wp-content\/uploads\/2026\/03\/WASPE-Bar-60K-Puffs-25.jpg?resize=1020%2C1192&#038;ssl=1\" alt=\"WASPE Bar 60K Puffs\" width=\"1020\" height=\"1192\" title=\"\" srcset=\"https:\/\/i0.wp.com\/aiviouvapes.com\/wp-content\/uploads\/2026\/03\/WASPE-Bar-60K-Puffs-25.jpg?w=1643&amp;ssl=1 1643w, https:\/\/i0.wp.com\/aiviouvapes.com\/wp-content\/uploads\/2026\/03\/WASPE-Bar-60K-Puffs-25.jpg?resize=257%2C300&amp;ssl=1 257w, https:\/\/i0.wp.com\/aiviouvapes.com\/wp-content\/uploads\/2026\/03\/WASPE-Bar-60K-Puffs-25.jpg?resize=876%2C1024&amp;ssl=1 876w, https:\/\/i0.wp.com\/aiviouvapes.com\/wp-content\/uploads\/2026\/03\/WASPE-Bar-60K-Puffs-25.jpg?resize=768%2C897&amp;ssl=1 768w, https:\/\/i0.wp.com\/aiviouvapes.com\/wp-content\/uploads\/2026\/03\/WASPE-Bar-60K-Puffs-25.jpg?resize=1314%2C1536&amp;ssl=1 1314w, https:\/\/i0.wp.com\/aiviouvapes.com\/wp-content\/uploads\/2026\/03\/WASPE-Bar-60K-Puffs-25.jpg?resize=10%2C12&amp;ssl=1 10w, https:\/\/i0.wp.com\/aiviouvapes.com\/wp-content\/uploads\/2026\/03\/WASPE-Bar-60K-Puffs-25.jpg?resize=800%2C935&amp;ssl=1 800w\" sizes=\"auto, (max-width: 1020px) 100vw, 1020px\" \/><\/p>\n<h3>\u00bfPor qu\u00e9 elegir WASPE Bar 60K?<\/h3>\n<ul>\n<li>\ud83d\udca8 <strong>Hasta 60000 bocanadas<\/strong> para un uso duradero y una mejor relaci\u00f3n calidad-precio<\/li>\n<li>\ud83c\udf53 <strong>16 sabores populares de fruta y hielo<\/strong> para adaptarse a los diferentes gustos de los clientes<\/li>\n<li>\ud83e\uddca Experiencia de sabor suave y agradable para vaping diario.<\/li>\n<li>\ud83d\udd0b Dise\u00f1ado para usuarios intensivos que desean un dispositivo desechable de uso prolongado<\/li>\n<li>\ud83c\udf0d Disponible en <strong>0%, 2% y 5% nicotina<\/strong> para las distintas necesidades del mercado<\/li>\n<li>\ud83d\udce6 <strong>160 unidades por caja<\/strong> y <strong>10 unidades por caja<\/strong>, ideal para pedidos al por mayor<\/li>\n<li>\ud83c\udfea Ideal para vape shops, distribuidores, importadores y vendedores de vape online.<\/li>\n<li>\ud83d\ude80 Producto de gran potencia para crear una atractiva l\u00ednea de vapeo desechable.<\/li>\n<\/ul>\n<h3>WASPE Bar 60K Vape Desechable Detalles<\/h3>\n<p>En <strong>WASPE Bar 60K Puffs vaporizador desechable<\/strong> es un dispositivo de gran capacidad dise\u00f1ado para clientes que desean m\u00e1s caladas, m\u00e1s sabor y m\u00e1s comodidad en un solo producto. Es una gran opci\u00f3n para los mercados que exigen vapeadores desechables de larga duraci\u00f3n con llamativas opciones de sabor y potencias de nicotina flexibles.<\/p>\n<p>Para los compradores B2B, el WASPE Bar 60K es un producto f\u00e1cil de a\u00f1adir a un cat\u00e1logo mayorista. La capacidad de 60000 caladas le ayuda a destacar en el competitivo mercado de los vapeadores desechables, mientras que la selecci\u00f3n de sabores incluye perfiles afrutados, helados, dulces y mixtos que son populares entre muchos consumidores. Esto facilita a los distribuidores y tiendas de vapeo dirigirse tanto a los vapers cotidianos como a los clientes que buscan una nueva y atrevida experiencia de sabor. \u2728<\/p>\n<h3>Especificaciones de WASPE Bar 60K<\/h3>\n<table>\n<tbody>\n<tr>\n<th>Nombre del producto<\/th>\n<td>WASPE Bar 60K Puffs<\/td>\n<\/tr>\n<tr>\n<th>Tipo de dispositivo<\/th>\n<td>Dispositivo Vape desechable<\/td>\n<\/tr>\n<tr>\n<th>N\u00famero de caladas<\/th>\n<td>60000 Puffs<\/td>\n<\/tr>\n<tr>\n<th>Potencia de nicotina<\/th>\n<td>0% \/ 2% \/ 5%<\/td>\n<\/tr>\n<tr>\n<th>Opciones de sabor<\/th>\n<td>16 sabores<\/td>\n<\/tr>\n<tr>\n<th>Embalaje<\/th>\n<td>10 unidades\/caja<\/td>\n<\/tr>\n<tr>\n<th>Cantidad por caja<\/th>\n<td>160pcs\/ctn<\/td>\n<\/tr>\n<tr>\n<th>Peso bruto<\/th>\n<td>20,8 kg<\/td>\n<\/tr>\n<tr>\n<th>Compradores objetivo<\/th>\n<td>Mayoristas, distribuidores, vape shops, minoristas<\/td>\n<\/tr>\n<\/tbody>\n<\/table>\n<h3>WASPE Bar 60K Sabores \ud83c\udf4d\ud83c\udf47\ud83c\udf49<\/h3>\n<p><strong>Hielo de sand\u00eda<\/strong> - Un jugoso sabor a sand\u00eda con un fresco final helado, fresco y f\u00e1cil de disfrutar.<\/p>\n<p><strong>Hielo de ar\u00e1ndanos<\/strong> - Sabor dulce a ar\u00e1ndanos mezclado con un toque crujiente refrescante.<\/p>\n<p><strong>Hielo de uva<\/strong> - Rica dulzura de uva con una refrescante nota helada.<\/p>\n<p><strong>Lim\u00f3n Lima<\/strong> - Sabor brillante a c\u00edtricos con un gusto \u00e1cido y vivo.<\/p>\n<p><strong>Fresa Pl\u00e1tano<\/strong> - Una suave y dulce mezcla de frutas apreciada por muchos usuarios de vapeo.<\/p>\n<p><strong>Mezcla de bayas<\/strong> - Una atrevida mezcla de bayas con capas de notas dulces y \u00e1cidas.<\/p>\n<p><strong>Red Bull Hielo<\/strong> - Un sabor inspirado en los refrescos energ\u00e9ticos con un acabado fr\u00edo para un sabor m\u00e1s intenso.<\/p>\n<p><strong>Kiwi Sand\u00eda<\/strong> - Una mezcla equilibrada de sand\u00eda jugosa y kiwi \u00e1cido.<\/p>\n<p><strong>Sand\u00eda con fresa<\/strong> - Una combinaci\u00f3n de frutas dulce y refrescante con gran atractivo para el consumidor.<\/p>\n<p><strong>Ar\u00e1ndano Frambuesa Cereza<\/strong> - Un rico perfil de triple baya con un profundo dulzor y complejidad frutal.<\/p>\n<p><strong>Mora Grosella negra<\/strong> - Sabor a bayas oscuras con un final atrevido y ligeramente \u00e1cido.<\/p>\n<p><strong>Drag\u00f3n negro de fresa helado<\/strong> - Una mezcla especial de frutas con fresa dulce y un fresco toque ex\u00f3tico.<\/p>\n<p><strong>Fresa Kiwi<\/strong> - Una combinaci\u00f3n cl\u00e1sica de frutas con un equilibrio dulce y \u00e1cido.<\/p>\n<p><strong>Cola de cereza azul<\/strong> - Una mezcla divertida y \u00fanica de sabor a bayas, cerezas y refrescos de cola.<\/p>\n<p><strong>Kiwi Mel\u00f3n Helado<\/strong> - Una mezcla de mel\u00f3n fresco con brillo de kiwi y suavidad helada.<\/p>\n<p><strong>Melocot\u00f3n Mango Pi\u00f1a<\/strong> - Una mezcla de frutas tropicales llena de sabor dulce, jugoso y soleado. \ud83c\udf34<\/p>\n<p><img data-recalc-dims=\"1\" loading=\"lazy\" decoding=\"async\" class=\"alignnone size-full wp-image-114647\" src=\"https:\/\/i0.wp.com\/aiviouvapes.com\/wp-content\/uploads\/2026\/03\/WASPE-Bar-60K-Puffs-24.jpg?resize=1020%2C574&#038;ssl=1\" alt=\"WASPE Bar 60K Puffs\" width=\"1020\" height=\"574\" title=\"\" srcset=\"https:\/\/i0.wp.com\/aiviouvapes.com\/wp-content\/uploads\/2026\/03\/WASPE-Bar-60K-Puffs-24.jpg?w=1920&amp;ssl=1 1920w, https:\/\/i0.wp.com\/aiviouvapes.com\/wp-content\/uploads\/2026\/03\/WASPE-Bar-60K-Puffs-24.jpg?resize=300%2C169&amp;ssl=1 300w, https:\/\/i0.wp.com\/aiviouvapes.com\/wp-content\/uploads\/2026\/03\/WASPE-Bar-60K-Puffs-24.jpg?resize=1024%2C576&amp;ssl=1 1024w, https:\/\/i0.wp.com\/aiviouvapes.com\/wp-content\/uploads\/2026\/03\/WASPE-Bar-60K-Puffs-24.jpg?resize=768%2C432&amp;ssl=1 768w, https:\/\/i0.wp.com\/aiviouvapes.com\/wp-content\/uploads\/2026\/03\/WASPE-Bar-60K-Puffs-24.jpg?resize=1536%2C864&amp;ssl=1 1536w, https:\/\/i0.wp.com\/aiviouvapes.com\/wp-content\/uploads\/2026\/03\/WASPE-Bar-60K-Puffs-24.jpg?resize=18%2C10&amp;ssl=1 18w, https:\/\/i0.wp.com\/aiviouvapes.com\/wp-content\/uploads\/2026\/03\/WASPE-Bar-60K-Puffs-24.jpg?resize=800%2C450&amp;ssl=1 800w\" sizes=\"auto, (max-width: 1020px) 100vw, 1020px\" \/> <img data-recalc-dims=\"1\" loading=\"lazy\" decoding=\"async\" class=\"alignnone size-full wp-image-114646\" src=\"https:\/\/i0.wp.com\/aiviouvapes.com\/wp-content\/uploads\/2026\/03\/WASPE-Bar-60K-Puffs-23.jpg?resize=1020%2C574&#038;ssl=1\" alt=\"WASPE Bar 60K Puffs\" width=\"1020\" height=\"574\" title=\"\" srcset=\"https:\/\/i0.wp.com\/aiviouvapes.com\/wp-content\/uploads\/2026\/03\/WASPE-Bar-60K-Puffs-23.jpg?w=1920&amp;ssl=1 1920w, https:\/\/i0.wp.com\/aiviouvapes.com\/wp-content\/uploads\/2026\/03\/WASPE-Bar-60K-Puffs-23.jpg?resize=300%2C169&amp;ssl=1 300w, https:\/\/i0.wp.com\/aiviouvapes.com\/wp-content\/uploads\/2026\/03\/WASPE-Bar-60K-Puffs-23.jpg?resize=1024%2C576&amp;ssl=1 1024w, https:\/\/i0.wp.com\/aiviouvapes.com\/wp-content\/uploads\/2026\/03\/WASPE-Bar-60K-Puffs-23.jpg?resize=768%2C432&amp;ssl=1 768w, https:\/\/i0.wp.com\/aiviouvapes.com\/wp-content\/uploads\/2026\/03\/WASPE-Bar-60K-Puffs-23.jpg?resize=1536%2C864&amp;ssl=1 1536w, https:\/\/i0.wp.com\/aiviouvapes.com\/wp-content\/uploads\/2026\/03\/WASPE-Bar-60K-Puffs-23.jpg?resize=18%2C10&amp;ssl=1 18w, https:\/\/i0.wp.com\/aiviouvapes.com\/wp-content\/uploads\/2026\/03\/WASPE-Bar-60K-Puffs-23.jpg?resize=800%2C450&amp;ssl=1 800w\" sizes=\"auto, (max-width: 1020px) 100vw, 1020px\" \/><\/p>\n<h3>Preguntas frecuentes sobre WASPE Bar 60K \u2753<\/h3>\n<h4>1. \u00bfCu\u00e1ntas caladas ofrece el WASPE Bar 60K?<\/h4>\n<p>El WASPE Bar 60K ofrece hasta <strong>60000 bocanadas<\/strong>, por lo que es una gran opci\u00f3n para los usuarios que quieren un vaporizador desechable de larga duraci\u00f3n.<\/p>\n<h4>2. \u00bfQu\u00e9 concentraciones de nicotina hay disponibles?<\/h4>\n<p>Este dispositivo est\u00e1 disponible en <strong>0%, 2% y 5% nicotina<\/strong>, para que pueda adaptarse a las distintas preferencias de los clientes y demandas del mercado.<\/p>\n<h4>3. \u00bfCu\u00e1ntos sabores tiene este modelo?<\/h4>\n<p>El WASPE Bar 60K viene en <strong>16 opciones de sabor<\/strong>, incluyendo sabores de frutas, hielo, bayas, tropicales e inspirados en bebidas.<\/p>\n<h4>4. \u00bfEs WASPE Bar 60K bueno para la venta al por mayor?<\/h4>\n<p>S\u00ed. Con <strong>10 unidades por caja<\/strong> y <strong>160 unidades por caja<\/strong>, Es muy adecuado para mayoristas, distribuidores y tiendas de vapeo que buscan suministros de vape desechables a granel.<\/p>\n<h4>5. \u00bfPara qui\u00e9n es mejor este producto?<\/h4>\n<p>Este producto es ideal para usuarios intensivos, amantes del sabor, minoristas de vape desechables y compradores B2B que desean un modelo de gran potencia con un amplio potencial de ventas.<\/p>\n<h4>6. \u00bfPor qu\u00e9 WASPE Bar 60K es atractivo para las tiendas de vapeo?<\/h4>\n<p>Combina un gran n\u00famero de caladas, opciones flexibles de nicotina y sabores populares en un solo dispositivo, lo que ayuda a las tiendas de vapeo a ofrecer una selecci\u00f3n de productos m\u00e1s competitiva y atractiva.<\/p>\n<h3>WASPE Bar 60K visi\u00f3n general<\/h3>\n<p><strong>WASPE Bar 60K Vape desechable<\/strong> es una buena opci\u00f3n para <strong>usuarios intensivos<\/strong> que desean un uso m\u00e1s prolongado, para <strong>cazadores de sabores<\/strong> que disfrutan con mezclas afrutadas y heladas, y para <strong>vape shops y distribuidores mayoristas<\/strong> que buscan un producto de vapeo desechable de gran demanda. Con hasta 60000 caladas, niveles flexibles de nicotina y envases listos para la venta al por mayor, este modelo est\u00e1 dise\u00f1ado para apoyar tanto el \u00e9xito minorista como el crecimiento de la distribuci\u00f3n a granel. \ud83d\udcc8<\/p>","protected":false},"excerpt":{"rendered":"<p>Disfruta del potente <strong>WASPE Bar 60K Vape desechable<\/strong> con hasta <strong>60000 bocanadas<\/strong>, sabores frutales y helados, y flexible. <strong>0% \/ 2% \/ 5% nicotina<\/strong> opciones. Una opci\u00f3n inteligente para mayoristas de vapeo, distribuidores y usuarios pesados que buscan un vapeo desechable de alta potencia con un fuerte atractivo en el mercado. \ud83d\ude80<\/p>","protected":false},"featured_media":114657,"comment_status":"open","ping_status":"closed","template":"","meta":[],"product_brand":[227],"product_cat":[19,242],"product_tag":[],"class_list":{"0":"post-114623","1":"product","2":"type-product","3":"status-publish","4":"has-post-thumbnail","6":"product_brand-waspe","7":"product_cat-waspe","8":"product_cat-60000-puffs-disposable-vape","10":"first","11":"instock","12":"shipping-taxable","13":"purchasable","14":"product-type-variable","15":"has-default-attributes"},"jetpack_sharing_enabled":true,"tiered_pricing_type":"fixed","tiered_pricing_fixed_rules":{"30":8.3599999999999994315658113919198513031005859375,"50":7.12999999999999989341858963598497211933135986328125,"100":6.589999999999999857891452847979962825775146484375,"200":6.29000000000000003552713678800500929355621337890625,"400":5.9900000000000002131628207280300557613372802734375},"tiered_pricing_product_settings":{"layout":"default","base_unit_name":{"singular":null,"plural":null},"default_variation":null},"tiered_pricing_minimum_quantity":10,"tiered_pricing_roles_data":[],"tiered_pricing_percentage_rules":[],"tiered_pricing_maximum_quantity":null,"tiered_pricing_quantity_step":"10","_links":{"self":[{"href":"https:\/\/aiviouvapes.com\/es\/wp-json\/wp\/v2\/product\/114623","targetHints":{"allow":["GET"]}}],"collection":[{"href":"https:\/\/aiviouvapes.com\/es\/wp-json\/wp\/v2\/product"}],"about":[{"href":"https:\/\/aiviouvapes.com\/es\/wp-json\/wp\/v2\/types\/product"}],"replies":[{"embeddable":true,"href":"https:\/\/aiviouvapes.com\/es\/wp-json\/wp\/v2\/comments?post=114623"}],"wp:featuredmedia":[{"embeddable":true,"href":"https:\/\/aiviouvapes.com\/es\/wp-json\/wp\/v2\/media\/114657"}],"wp:attachment":[{"href":"https:\/\/aiviouvapes.com\/es\/wp-json\/wp\/v2\/media?parent=114623"}],"wp:term":[{"taxonomy":"product_brand","embeddable":true,"href":"https:\/\/aiviouvapes.com\/es\/wp-json\/wp\/v2\/product_brand?post=114623"},{"taxonomy":"product_cat","embeddable":true,"href":"https:\/\/aiviouvapes.com\/es\/wp-json\/wp\/v2\/product_cat?post=114623"},{"taxonomy":"product_tag","embeddable":true,"href":"https:\/\/aiviouvapes.com\/es\/wp-json\/wp\/v2\/product_tag?post=114623"}],"curies":[{"name":"wp","href":"https:\/\/api.w.org\/{rel}","templated":true}]}}