{"id":111831,"date":"2026-02-28T11:05:29","date_gmt":"2026-02-28T03:05:29","guid":{"rendered":"https:\/\/aiviouvapes.com\/?post_type=product&#038;p=111831"},"modified":"2026-03-19T14:48:38","modified_gmt":"2026-03-19T06:48:38","slug":"bang-king-250k","status":"publish","type":"product","link":"https:\/\/aiviouvapes.com\/es\/product\/bang-king-250k\/","title":{"rendered":"Bang King 250K | 4 en 1 sabor quad, 250000 caladas, larga duraci\u00f3n, vape desechable a granel"},"content":{"rendered":"<h2>Bang King 250K | 4 en 1 sabor cu\u00e1druple 250000 caladas gran capacidad vape desechable a granel<\/h2>\n<p><strong>Vapeador desechable 4 en 1 sabor cu\u00e1druple King 250K Bang<\/strong> est\u00e1 dise\u00f1ado para el m\u00e1ximo rendimiento y variedad. Con 4 sabores incorporados en un solo dispositivo, una capacidad masiva de e-l\u00edquido y potentes bobinas quad 1.0\u03a9, este desechable de alta potencia es ideal para vape shops, distribuidores y usuarios intensivos que desean un valor duradero y una emocionante rotaci\u00f3n de sabores. \ud83d\udd25\ud83d\udca8<\/p>\n<h3>\u00bfPor qu\u00e9 elegir el vape desechable Bang King 250K sabor quad 4 en 1? \ud83d\ude80<\/h3>\n<ul>\n<li><strong>Hasta 250.000 caladas:<\/strong> Gran cantidad de caladas dise\u00f1adas para un uso prolongado y un gran atractivo para el comercio minorista.<\/li>\n<li><strong>Sistema de cuatro sabores 4 en 1:<\/strong> Cambia entre cuatro sabores en un solo dispositivo: \u00a1m\u00e1s diversi\u00f3n, m\u00e1s variedad! \ud83c\udf53\ud83c\udf49\ud83c\udf4b<\/li>\n<li><strong>4 x 15ml E-L\u00edquido Capacidad:<\/strong> Total 60ml para un vapeo prolongado sin recambios frecuentes.<\/li>\n<li><strong>Bater\u00eda integrada de 650 mAh:<\/strong> Potencia estable para un rendimiento uniforme y constante.<\/li>\n<li><strong>Bobinas de malla de 1,0\u03a9 x4:<\/strong> Fuerte entrega de sabor y densa producci\u00f3n de vapor.<\/li>\n<li><strong>Embalaje listo para la venta al por mayor:<\/strong> Tama\u00f1o de cart\u00f3n optimizado para el env\u00edo y la distribuci\u00f3n a granel.<\/li>\n<li><strong>Peso pesado de primera calidad:<\/strong> 130 g por dispositivo para una sensaci\u00f3n en la mano s\u00f3lida y de gama alta.<\/li>\n<\/ul>\n<h3>Especificaciones Bang King 250K \ud83d\udcca<\/h3>\n<table>\n<tbody>\n<tr>\n<td><strong>Nombre del producto<\/strong><\/td>\n<td>Vapeador desechable 4 en 1 sabor cu\u00e1druple King 250K Bang<\/td>\n<\/tr>\n<tr>\n<td><strong>N\u00famero de caladas<\/strong><\/td>\n<td>Hasta 250.000 caladas<\/td>\n<\/tr>\n<tr>\n<td><strong>Capacidad de la bater\u00eda<\/strong><\/td>\n<td>Bater\u00eda integrada de 650 mAh<\/td>\n<\/tr>\n<tr>\n<td><strong>Capacidad de e-l\u00edquido<\/strong><\/td>\n<td>15ml x 4 (total 60ml)<\/td>\n<\/tr>\n<tr>\n<td><strong>Bobina<\/strong><\/td>\n<td>Bobinas 1.0\u03a9 x4<\/td>\n<\/tr>\n<tr>\n<td><strong>Peso del dispositivo<\/strong><\/td>\n<td>130 g por unidad<\/td>\n<\/tr>\n<tr>\n<td><strong>10 Unidades Peso<\/strong><\/td>\n<td>1300g<\/td>\n<\/tr>\n<tr>\n<td><strong>200 Unidades Peso<\/strong><\/td>\n<td>27 kg<\/td>\n<\/tr>\n<tr>\n<td><strong>Tama\u00f1o de la caja<\/strong><\/td>\n<td>227 x 92 x 128 mm<\/td>\n<\/tr>\n<tr>\n<td><strong>Tama\u00f1o de la caja<\/strong><\/td>\n<td>48 x 47 x 28 cm<\/td>\n<\/tr>\n<\/tbody>\n<\/table>\n<h3>Sets de sabores - 4 sabores en 1 dispositivo \ud83c\udf79\ud83c\udf53<\/h3>\n<p><strong>Lim\u00f3n Lima \/ Sand\u00eda Ice \/ Black Ice Fruta del Drag\u00f3n Fresa \/ Love66<\/strong><br \/>\nFresco toque c\u00edtrico, fr\u00edo helado de sand\u00eda, ex\u00f3tica mezcla de fruta del drag\u00f3n y la cl\u00e1sica mezcla estilo shisha Love66.<\/p>\n<p><strong>Lima Lim\u00f3n \/ Fresa Helada \/ Sand\u00eda Frambuesa \/ Cereza Fizy<\/strong><br \/>\nFrescor dulce de fresa, sand\u00eda jugosa de frambuesa y final chispeante de cereza.<\/p>\n<p><strong>Vainilla Cola \/ Lim\u00f3n Melocot\u00f3n \/ Fresa Frambuesa Cereza Ice \/ Uva Ice<\/strong><br \/>\nDulzor cremoso de cola, equilibrio afrutado de melocot\u00f3n y lim\u00f3n, explosi\u00f3n helada de triple baya y frescor de uva.<\/p>\n<p><strong>Limonada Rosa \/ Kiwi Maracuy\u00e1 Guayaba \/ Melocot\u00f3n Baya \/ Fresa Pl\u00e1tano<\/strong><br \/>\nDulzor tropical con suave pl\u00e1tano y refrescante toque c\u00edtrico.<\/p>\n<p><strong>R\u00e1faga de uva \/ Lichi helado \/ Melocot\u00f3n baya \/ Kiwi Guayaba maracuy\u00e1<\/strong><br \/>\nAtrevido caramelo de uva, frescor helado de lichi y fusi\u00f3n de frutas tropicales.<\/p>\n<p><strong>Mango fresa \/ Limonada Frambuesa Azul \/ Helado de vainilla \/ Triple baya \u00e1cida<\/strong><br \/>\nDulce mezcla de mango, \u00e1cida limonada blue razz, cremoso tono de postre y agrio ponche de bayas.<\/p>\n<p><strong>Hielo de Sand\u00eda \/ Mango Fresa \/ Hielo Ar\u00e1ndano \/ Cereza Fizy<\/strong><br \/>\nFrutas heladas cl\u00e1sicas con destellos de bayas dulces.<\/p>\n<p><strong>Bayas Mixtas \/ Cereza Lim\u00f3n \/ Fresa Kiwi \/ Fresa Sand\u00eda Chicle<\/strong><br \/>\nCombinaciones de frutas tipo caramelo con refrescantes capas de c\u00edtricos.<\/p>\n<p><strong>Sand\u00eda con fresa \/ Cola de cereza \/ Helado de melocot\u00f3n jugoso \/ Refresco de pomelo<\/strong><br \/>\nDulce d\u00fao de frutas, efervescencia de cola, suavidad helada de melocot\u00f3n y patada c\u00edtrica de pomelo.<\/p>\n<p><strong>Mojito \/ Monster Mango \/ Lady Killer \/ Limonada Rosa<\/strong><br \/>\nFrescura de mojito de menta, atrevida energ\u00eda de mango, mezcla de shisha de primera calidad y sabrosa limonada rosa.<\/p>\n<h3>Perfecto para la distribuci\u00f3n al por menor y al por mayor \ud83c\udfea\ud83d\udce6<\/h3>\n<p>El Bang King 250K est\u00e1 dise\u00f1ado para usuarios intensivos que desean vapear durante mucho tiempo, cazadores de sabores a los que les encanta cambiar de sabor y tiendas de vapeo que buscan dispositivos desechables a granel con grandes m\u00e1rgenes. Su gran cantidad de caladas y su sistema multi-sabor lo hacen muy atractivo para la venta al por menor y la distribuci\u00f3n al por mayor en todo el mundo.<\/p>\n<h3>FAQ\u2753 Bang King 250K<\/h3>\n<p><strong>P1: \u00bfEs recargable el Bang King 250K?<\/strong><br \/>\nEl dispositivo incorpora una bater\u00eda de 650 mAh dise\u00f1ada para soportar su gran capacidad de e-l\u00edquido para un uso prolongado.<\/p>\n<p><strong>P2: \u00bfC\u00f3mo funciona el sistema de sabores 4 en 1?<\/strong><br \/>\nCada dispositivo incluye cuatro c\u00e1maras de sabor independientes de 15 ml, lo que permite a los usuarios cambiar de sabor para disfrutar de una experiencia nueva en cualquier momento.<\/p>\n<p><strong>P3: \u00bfEste producto es adecuado para pedidos al por mayor?<\/strong><br \/>\nS\u00ed. Con un tama\u00f1o de cart\u00f3n optimizado y envasado a granel (200 unidades por caja), es ideal para distribuidores y compradores de gran volumen.<\/p>\n<p><strong>P4: \u00bfPara qui\u00e9n es mejor este aparato?<\/strong><br \/>\nEs perfecto para usuarios intensivos, amantes del sabor, minoristas de vape shop y compradores mayoristas globales que buscan desechables premium de gran potencia.<\/p>\n<p><strong>P5: \u00bfQu\u00e9 hace que este modelo destaque en el mercado?<\/strong><br \/>\nSu recuento de caladas ultra alto, el sistema de conmutaci\u00f3n de sabor cu\u00e1druple y la fuerte salida de sabor de las bobinas de 1,0\u03a9 lo convierten en un superventas competitivo en el mercado de vapeadores desechables a granel. \ud83d\udca8\ud83d\udd25<\/p>\n<h3><img data-recalc-dims=\"1\" loading=\"lazy\" decoding=\"async\" class=\"alignnone size-full wp-image-111896\" src=\"https:\/\/i0.wp.com\/aiviouvapes.com\/wp-content\/uploads\/2026\/02\/Bang-King-250k-11.jpg?resize=774%2C1920&#038;ssl=1\" alt=\"Bang King 250k\" width=\"774\" height=\"1920\" title=\"\" srcset=\"https:\/\/i0.wp.com\/aiviouvapes.com\/wp-content\/uploads\/2026\/02\/Bang-King-250k-11.jpg?w=774&amp;ssl=1 774w, https:\/\/i0.wp.com\/aiviouvapes.com\/wp-content\/uploads\/2026\/02\/Bang-King-250k-11.jpg?resize=121%2C300&amp;ssl=1 121w, https:\/\/i0.wp.com\/aiviouvapes.com\/wp-content\/uploads\/2026\/02\/Bang-King-250k-11.jpg?resize=413%2C1024&amp;ssl=1 413w, https:\/\/i0.wp.com\/aiviouvapes.com\/wp-content\/uploads\/2026\/02\/Bang-King-250k-11.jpg?resize=768%2C1905&amp;ssl=1 768w, https:\/\/i0.wp.com\/aiviouvapes.com\/wp-content\/uploads\/2026\/02\/Bang-King-250k-11.jpg?resize=619%2C1536&amp;ssl=1 619w, https:\/\/i0.wp.com\/aiviouvapes.com\/wp-content\/uploads\/2026\/02\/Bang-King-250k-11.jpg?resize=5%2C12&amp;ssl=1 5w\" sizes=\"auto, (max-width: 774px) 100vw, 774px\" \/><\/h3>","protected":false},"excerpt":{"rendered":"<p>Bang King 250K sabor quad 4 en 1 vape desechable con hasta 250000 puffs, bater\u00eda de 650mAh, 4x15ml e-liquid y 1.0\u03a9 quad coils. Perfecto para la venta al por mayor, distribuidores y usuarios pesados vape en busca de dispositivos a granel de alta puff.<\/p>","protected":false},"featured_media":112376,"comment_status":"open","ping_status":"closed","template":"","meta":[],"product_brand":[239],"product_cat":[37,336],"product_tag":[517,408,349,478,518],"class_list":{"0":"post-111831","1":"product","2":"type-product","3":"status-publish","4":"has-post-thumbnail","6":"product_brand-bang","7":"product_cat-bang","8":"product_cat-100k-puffs-disposable-vape","9":"product_tag-250k-disposable-vape","10":"product_tag-4-in-1-disposable-vape","11":"product_tag-bulk-disposable-vape","12":"product_tag-high-puff-disposable-vape","13":"product_tag-quad-flavor-vape","15":"first","16":"instock","17":"shipping-taxable","18":"purchasable","19":"product-type-variable","20":"has-default-attributes"},"jetpack_sharing_enabled":true,"tiered_pricing_type":"fixed","tiered_pricing_fixed_rules":{"30":9.589999999999999857891452847979962825775146484375,"50":7.9900000000000002131628207280300557613372802734375,"100":7.519999999999999573674358543939888477325439453125,"200":6.87000000000000010658141036401502788066864013671875,"400":6.3499999999999996447286321199499070644378662109375},"tiered_pricing_product_settings":{"layout":"default","base_unit_name":{"singular":null,"plural":null},"default_variation":null},"tiered_pricing_minimum_quantity":10,"tiered_pricing_roles_data":[],"tiered_pricing_percentage_rules":[],"tiered_pricing_maximum_quantity":null,"tiered_pricing_quantity_step":"10","_links":{"self":[{"href":"https:\/\/aiviouvapes.com\/es\/wp-json\/wp\/v2\/product\/111831","targetHints":{"allow":["GET"]}}],"collection":[{"href":"https:\/\/aiviouvapes.com\/es\/wp-json\/wp\/v2\/product"}],"about":[{"href":"https:\/\/aiviouvapes.com\/es\/wp-json\/wp\/v2\/types\/product"}],"replies":[{"embeddable":true,"href":"https:\/\/aiviouvapes.com\/es\/wp-json\/wp\/v2\/comments?post=111831"}],"wp:featuredmedia":[{"embeddable":true,"href":"https:\/\/aiviouvapes.com\/es\/wp-json\/wp\/v2\/media\/112376"}],"wp:attachment":[{"href":"https:\/\/aiviouvapes.com\/es\/wp-json\/wp\/v2\/media?parent=111831"}],"wp:term":[{"taxonomy":"product_brand","embeddable":true,"href":"https:\/\/aiviouvapes.com\/es\/wp-json\/wp\/v2\/product_brand?post=111831"},{"taxonomy":"product_cat","embeddable":true,"href":"https:\/\/aiviouvapes.com\/es\/wp-json\/wp\/v2\/product_cat?post=111831"},{"taxonomy":"product_tag","embeddable":true,"href":"https:\/\/aiviouvapes.com\/es\/wp-json\/wp\/v2\/product_tag?post=111831"}],"curies":[{"name":"wp","href":"https:\/\/api.w.org\/{rel}","templated":true}]}}