{"id":111052,"date":"2026-02-27T00:02:11","date_gmt":"2026-02-26T16:02:11","guid":{"rendered":"https:\/\/aiviouvapes.com\/?post_type=product&#038;p=111052"},"modified":"2026-03-17T11:19:06","modified_gmt":"2026-03-17T03:19:06","slug":"fihp-90k","status":"publish","type":"product","link":"https:\/\/aiviouvapes.com\/es\/product\/fihp-90k\/","title":{"rendered":"FIHP 90K 3 en 1 | 90.000 caladas, 42ml, triple sabor, pantalla LED, vapeador desechable"},"content":{"rendered":"<p><!-- Short SEO Description --><\/p>\n<h2>FIHP 90000 3 en 1 90.000 caladas | triple sabor pantalla LED vape desechable recargable<\/h2>\n<p>\ud83d\udd25 <strong>Triple potencia de sabor. Rendimiento masivo de 90K. Control LED inteligente.<\/strong> \ud83d\udd25<\/p>\n<p><strong>FIHP 90000 90K caladas vape desechable<\/strong> est\u00e1 dise\u00f1ado para vapeadores serios que exigen una longevidad extrema, un sabor intenso y un uso inteligente. Con un innovador <strong>Sistema de triple sabor 3 en 1<\/strong>, Este dispositivo integra tres sabores de primera calidad en una potente unidad con una enorme <strong>Capacidad de 42 ml de e-l\u00edquido<\/strong>.<\/p>\n<p>Dise\u00f1ado para usuarios intensivos y mercados mayoristas, ofrece hasta <strong>90.000 caladas<\/strong> manteniendo un vapor suave y consistente desde la primera calada hasta la \u00faltima. Equipado con un <strong>Bobina de malla doble de 0,9\u03a9<\/strong> y <strong>Bater\u00eda recargable de 650 mAh<\/strong> con carga r\u00e1pida Type-C, este avanzado desechable garantiza nubes densas y una claridad de sabor superior en todo momento.<\/p>\n<h3>FIHP 90K descripci\u00f3n y caracter\u00edsticas<\/h3>\n<p>- Hasta 90.000 caladas de rendimiento ultralargo<br \/>\n- Sistema de triple sabor 3 en 1 (42 ml de capacidad total)<br \/>\n- Bobina de malla doble de 0,9\u03a9 para una mayor densidad de vapor<br \/>\n- Bater\u00eda recargable de 650 mAh<br \/>\n- Soporte de carga r\u00e1pida Type-C<br \/>\n- Pantalla LED inteligente con porcentaje de bater\u00eda en tiempo real<br \/>\n- Disponible en concentraciones de nicotina 2% y 5%<br \/>\n- 10 combinaciones de sabores premium<br \/>\n- 10 unidades por caja - embalaje adecuado para la venta al por mayor<\/p>\n<h3>Especificaciones FIHP 90K<\/h3>\n<table>\n<tbody>\n<tr>\n<th>Caracter\u00edstica<\/th>\n<th>Detalles<\/th>\n<\/tr>\n<tr>\n<td>N\u00famero de caladas<\/td>\n<td>Hasta 90.000 bocanadas<\/td>\n<\/tr>\n<tr>\n<td>Capacidad de e-l\u00edquido<\/td>\n<td>42mL (Sistema Triple Sabor)<\/td>\n<\/tr>\n<tr>\n<td>Bobina<\/td>\n<td>Bobina de malla doble de 0,9\u03a9<\/td>\n<\/tr>\n<tr>\n<td>Bater\u00eda<\/td>\n<td>650mAh Recargable<\/td>\n<\/tr>\n<tr>\n<td>Cargando<\/td>\n<td>Carga r\u00e1pida Tipo-C<\/td>\n<\/tr>\n<tr>\n<td>Pantalla<\/td>\n<td>LED inteligente (Bater\u00eda de tiempo real %)<\/td>\n<\/tr>\n<tr>\n<td>Potencia de nicotina<\/td>\n<td>2% \/ 5%<\/td>\n<\/tr>\n<tr>\n<td>Embalaje<\/td>\n<td>10 unidades por caja<\/td>\n<\/tr>\n<\/tbody>\n<\/table>\n<h3>FIHP 90K combos de sabores (sistema 3 en 1)<\/h3>\n<table>\n<tbody>\n<tr>\n<th>Combo de sabores<\/th>\n<th>Mezcla triple<\/th>\n<\/tr>\n<tr>\n<td>Combo 1<\/td>\n<td>Fizzy Cherry | Lady Killer | Gummy Bear<\/td>\n<\/tr>\n<tr>\n<td>Combo 2<\/td>\n<td>Blueberry Raspberry | Love 666 | Peach Ice<\/td>\n<\/tr>\n<tr>\n<td>Combo 3<\/td>\n<td>Frambuesa Sand\u00eda | Mezcla de bayas | Mango Melocot\u00f3n<\/td>\n<\/tr>\n<tr>\n<td>Combo 4<\/td>\n<td>Blue Razz Lemonade | Fresa Frambuesa | Caramelo Arco Iris<\/td>\n<\/tr>\n<tr>\n<td>Combo 5<\/td>\n<td>Watermelon Bubblegum | Grape Ice | Black Dragon Ice<\/td>\n<\/tr>\n<tr>\n<td>Combo 6<\/td>\n<td>Pi\u00f1a Coco | Fruta Mixta | Lim\u00f3n Melocot\u00f3n<\/td>\n<\/tr>\n<tr>\n<td>Combo 7<\/td>\n<td>Doble Manzana | Fresa Pl\u00e1tano | Frambuesa Sand\u00eda<\/td>\n<\/tr>\n<tr>\n<td>Combo 8<\/td>\n<td>Sand\u00eda Ice | Red Bull | Fresa Kiwi<\/td>\n<\/tr>\n<tr>\n<td>Combo 9<\/td>\n<td>Hielo de ar\u00e1ndano | Sand\u00eda con fresa | Lima con lim\u00f3n<\/td>\n<\/tr>\n<tr>\n<td>Combo 10<\/td>\n<td>Melocot\u00f3n Baya | Triple Mel\u00f3n | Sand\u00eda Helada<\/td>\n<\/tr>\n<\/tbody>\n<\/table>\n<h3>FIHP 90K sabores disponibles<\/h3>\n<p>Fizzy Cherry &amp; Lady Killer &amp; Gummy Bear<br \/>\nAr\u00e1ndano Frambuesa &amp; Love 666 &amp; Melocot\u00f3n Helado<br \/>\nSand\u00eda con frambuesa y bayas mixtas y melocot\u00f3n con mango<br \/>\nLimonada Blue Razz &amp; Frambuesa Fresa &amp; Caramelo Arco Iris<br \/>\nSand\u00eda Bubblegum &amp; Uva Ice &amp; Black Dragon Ice<br \/>\nPi\u00f1a Coco &amp; Fruta Mixta &amp; Melocot\u00f3n Lim\u00f3n<br \/>\nDoble manzana y fresa Pl\u00e1tano y frambuesa Sand\u00eda<br \/>\nSand\u00eda Helada &amp; Red Bull &amp; Fresa Kiwi<br \/>\nHielo de ar\u00e1ndano y fresa Sand\u00eda y lima lim\u00f3n<br \/>\nMelocot\u00f3n Berry &amp; Triple Mel\u00f3n &amp; Sand\u00eda Ice<\/p>\n<h3>\u00bfPor qu\u00e9 elegir FIHP 90000 3 en 1 90K?<\/h3>\n<ul>\n<li>\ud83d\ude80 La capacidad extrema de 90.000 bocanadas reduce la frecuencia de sustituci\u00f3n<\/li>\n<li>\ud83c\udf53 Triple cambio de sabor para una mayor variedad<\/li>\n<li>\ud83d\udca8 Doble bobina de malla para nubes masivas y rico sabor<\/li>\n<li>\ud83d\udd0b Recargable con LED de control de la bater\u00eda<\/li>\n<li>\u26a1 Comodidad de carga r\u00e1pida Tipo-C<\/li>\n<li>\ud83d\udce6 Embalaje listo para la venta al por mayor 10 uds\/caja.<\/li>\n<li>\ud83c\udfea Ideal para vape shops, distribuidores y compradores a granel.<\/li>\n<\/ul>\n<p><strong>FIHP 90000 Vape desechable 3 en 1<\/strong> est\u00e1 dise\u00f1ado para usuarios intensivos, cazadores de sabores y distribuidores mayoristas que buscan dispositivos de alta capacidad y rendimiento premium. Con una innovaci\u00f3n de triple sabor, una salida de calada masiva y un control LED inteligente, es una poderosa adici\u00f3n al inventario de cualquier vape shop o cartera de distribuci\u00f3n a gran escala.<\/p>\n<h3>FIHP 90K PREGUNTAS M\u00c1S FRECUENTES<\/h3>\n<p><strong>P1: \u00bfCu\u00e1nto dura el FIHP 90000?<\/strong><br \/>\nR: Proporciona hasta 90.000 caladas en funci\u00f3n de los h\u00e1bitos de uso, lo que reduce significativamente la frecuencia de sustituci\u00f3n.<\/p>\n<p><strong>P2: \u00bfEs recargable el aparato?<\/strong><br \/>\nR: S\u00ed, cuenta con una bater\u00eda recargable de 650 mAh con carga r\u00e1pida Type-C.<\/p>\n<p><strong>P3: \u00bfPueden los usuarios cambiar de sabores?<\/strong><br \/>\nR: S\u00ed, el sistema 3 en 1 integra tres sabores en un solo dispositivo para una experiencia de vapeo din\u00e1mica.<\/p>\n<p><strong>P4: \u00bfQu\u00e9 concentraciones de nicotina hay disponibles?<\/strong><br \/>\nR: Est\u00e1 disponible en las opciones de nicotina 2% y 5%.<\/p>\n<p><strong>P5: \u00bfEs adecuado para la venta al por mayor?<\/strong><br \/>\nR: Por supuesto. Viene en cajas de 10 unidades, por lo que es ideal para tiendas de vapeo y distribuci\u00f3n a granel.<\/p>","protected":false},"excerpt":{"rendered":"<p><strong>FIHP 90000 Vape desechable 3 en 1<\/strong> ofrece hasta 90.000 caladas con sabores triples, 42mL e-l\u00edquido, pantalla LED, y la energ\u00eda recargable, doble bobina de malla, nubes masivas, embalaje listo para la venta al por mayor.<\/p>","protected":false},"featured_media":111131,"comment_status":"open","ping_status":"closed","template":"","meta":[],"product_brand":[236],"product_cat":[18],"product_tag":[513,516,512,349,330,511,515,331,514,497],"class_list":{"0":"post-111052","1":"product","2":"type-product","3":"status-publish","4":"has-post-thumbnail","6":"product_brand-fihp","7":"product_cat-fihp","8":"product_tag-3-in-1-vape","9":"product_tag-90000-puffs-vape","10":"product_tag-90k-disposable-vape","11":"product_tag-bulk-disposable-vape","12":"product_tag-dual-mesh-coil-vape","13":"product_tag-fihp-90000","14":"product_tag-led-screen-disposable-vape","15":"product_tag-rechargeable-disposable-vape","16":"product_tag-triple-flavor-vape","17":"product_tag-wholesale-vape-supplier","19":"first","20":"instock","21":"shipping-taxable","22":"purchasable","23":"product-type-variable","24":"has-default-attributes"},"jetpack_sharing_enabled":true,"tiered_pricing_type":"fixed","tiered_pricing_fixed_rules":{"30":9.589999999999999857891452847979962825775146484375,"50":7.910000000000000142108547152020037174224853515625,"100":7.38999999999999968025576890795491635799407958984375,"200":6.7400000000000002131628207280300557613372802734375,"400":6.21999999999999975131004248396493494510650634765625},"tiered_pricing_product_settings":{"layout":"default","base_unit_name":{"singular":null,"plural":null},"default_variation":null},"tiered_pricing_minimum_quantity":10,"tiered_pricing_roles_data":[],"tiered_pricing_percentage_rules":[],"tiered_pricing_maximum_quantity":null,"tiered_pricing_quantity_step":"10","_links":{"self":[{"href":"https:\/\/aiviouvapes.com\/es\/wp-json\/wp\/v2\/product\/111052","targetHints":{"allow":["GET"]}}],"collection":[{"href":"https:\/\/aiviouvapes.com\/es\/wp-json\/wp\/v2\/product"}],"about":[{"href":"https:\/\/aiviouvapes.com\/es\/wp-json\/wp\/v2\/types\/product"}],"replies":[{"embeddable":true,"href":"https:\/\/aiviouvapes.com\/es\/wp-json\/wp\/v2\/comments?post=111052"}],"wp:featuredmedia":[{"embeddable":true,"href":"https:\/\/aiviouvapes.com\/es\/wp-json\/wp\/v2\/media\/111131"}],"wp:attachment":[{"href":"https:\/\/aiviouvapes.com\/es\/wp-json\/wp\/v2\/media?parent=111052"}],"wp:term":[{"taxonomy":"product_brand","embeddable":true,"href":"https:\/\/aiviouvapes.com\/es\/wp-json\/wp\/v2\/product_brand?post=111052"},{"taxonomy":"product_cat","embeddable":true,"href":"https:\/\/aiviouvapes.com\/es\/wp-json\/wp\/v2\/product_cat?post=111052"},{"taxonomy":"product_tag","embeddable":true,"href":"https:\/\/aiviouvapes.com\/es\/wp-json\/wp\/v2\/product_tag?post=111052"}],"curies":[{"name":"wp","href":"https:\/\/api.w.org\/{rel}","templated":true}]}}