{"id":102435,"date":"2026-02-26T01:55:49","date_gmt":"2026-02-25T17:55:49","guid":{"rendered":"https:\/\/aiviouvapes.com\/?post_type=product&#038;p=102435"},"modified":"2026-03-17T18:41:24","modified_gmt":"2026-03-17T10:41:24","slug":"uwin-digital-box-68k","status":"publish","type":"product","link":"https:\/\/aiviouvapes.com\/es\/product\/uwin-digital-box-68k\/","title":{"rendered":"UWIN DIGITAL BOX 68K | pantalla LED inteligente, 68000 caladas, gran capacidad, vape desechable a granel"},"content":{"rendered":"<p><!-- Short SEO Description --><\/p>\n<p><!-- Product Title --><\/p>\n<p><!-- Long-form Product Description --><\/p>\n<p>En <strong>Uwin Caja digital 68K<\/strong> est\u00e1 pensado para usuarios que desean <strong>M\u00e1ximo n\u00famero de caladas, sabor intenso y control inteligente.<\/strong> en un potente vaporizador desechable.<br \/>\nCon una incre\u00edble <strong>68.000 caladas<\/strong> y un <strong>Pantalla digital LED transparente<\/strong>, este dispositivo est\u00e1 dise\u00f1ado para durar m\u00e1s, vender m\u00e1s r\u00e1pido e impresionar tanto a los clientes minoristas como a los compradores mayoristas. \ud83d\ude80<\/p>\n<p>Su moderno dise\u00f1o en forma de caja se adapta c\u00f3modamente a la mano, mientras que la pantalla inteligente muestra el estado de la bater\u00eda y el uso en tiempo real: sin suposiciones ni sorpresas.<br \/>\nPara tiendas de vapeo, distribuidores y compradores a granel, el Uwin Digital Box 68K es un producto fiable y de alto margen por el que a los clientes les encanta volver. \ud83d\udcbc<\/p>\n<h2>\u00bfPor qu\u00e9 elegir Uwin Digital Box 68K?<\/h2>\n<ul>\n<li>\ud83d\udca8 Masivo <strong>68.000 caladas<\/strong> Para uso a largo plazo<\/li>\n<li>\ud83d\udcdf <strong>Pantalla digital LED inteligente<\/strong> muestra claramente la bater\u00eda y el uso<\/li>\n<li>\ud83d\udd0b Bater\u00eda recargable de alta capacidad para un mayor rendimiento<\/li>\n<li>\ud83d\udd25 Aspiraci\u00f3n suave con salida de vapor estable<\/li>\n<li>\ud83c\udf53 10 sabores populares que se venden r\u00e1pido en los comercios<\/li>\n<li>\ud83d\udce6 Perfecto para <strong>pedidos al por mayor y distribuci\u00f3n al por mayor<\/strong><\/li>\n<li>\ud83c\udfea Excelente opci\u00f3n para vape shops, revendedores y distribuidores.<\/li>\n<\/ul>\n<h2>Uwin Digital Box 68K Especificaciones<\/h2>\n<table>\n<tbody>\n<tr>\n<th>Caracter\u00edstica<\/th>\n<th>Detalles<\/th>\n<\/tr>\n<tr>\n<td>N\u00famero de caladas<\/td>\n<td>Aproximadamente 68.000 caladas \ud83d\udca8<\/td>\n<\/tr>\n<tr>\n<td>Modelo<\/td>\n<td>Uwin Caja digital 68K<\/td>\n<\/tr>\n<tr>\n<td>Pantalla<\/td>\n<td>Pantalla digital LED inteligente<\/td>\n<\/tr>\n<tr>\n<td>Bater\u00eda<\/td>\n<td>Bater\u00eda recargable de alta capacidad \ud83d\udd0b<\/td>\n<\/tr>\n<tr>\n<td>Tipo de bobina<\/td>\n<td>Bobina de malla avanzada para un sabor suave<\/td>\n<\/tr>\n<tr>\n<td>Potencia de nicotina<\/td>\n<td>0% \/ 2% \/ 3% \/ 5% opciones disponibles<\/td>\n<\/tr>\n<tr>\n<td>Paquete<\/td>\n<td>Paquetes al por mayor disponibles<\/td>\n<\/tr>\n<\/tbody>\n<\/table>\n<p><img data-recalc-dims=\"1\" loading=\"lazy\" decoding=\"async\" class=\"alignnone size-full wp-image-102537\" src=\"https:\/\/i0.wp.com\/aiviouvapes.com\/wp-content\/uploads\/2026\/01\/UWIN-DIGITAL-BOX-68K-2.jpg?resize=1020%2C1020&#038;ssl=1\" alt=\",\" width=\"1020\" height=\"1020\" title=\"\" srcset=\"https:\/\/i0.wp.com\/aiviouvapes.com\/wp-content\/uploads\/2026\/01\/UWIN-DIGITAL-BOX-68K-2.jpg?w=1536&amp;ssl=1 1536w, https:\/\/i0.wp.com\/aiviouvapes.com\/wp-content\/uploads\/2026\/01\/UWIN-DIGITAL-BOX-68K-2.jpg?resize=300%2C300&amp;ssl=1 300w, https:\/\/i0.wp.com\/aiviouvapes.com\/wp-content\/uploads\/2026\/01\/UWIN-DIGITAL-BOX-68K-2.jpg?resize=1024%2C1024&amp;ssl=1 1024w, https:\/\/i0.wp.com\/aiviouvapes.com\/wp-content\/uploads\/2026\/01\/UWIN-DIGITAL-BOX-68K-2.jpg?resize=150%2C150&amp;ssl=1 150w, https:\/\/i0.wp.com\/aiviouvapes.com\/wp-content\/uploads\/2026\/01\/UWIN-DIGITAL-BOX-68K-2.jpg?resize=768%2C768&amp;ssl=1 768w, https:\/\/i0.wp.com\/aiviouvapes.com\/wp-content\/uploads\/2026\/01\/UWIN-DIGITAL-BOX-68K-2.jpg?resize=12%2C12&amp;ssl=1 12w, https:\/\/i0.wp.com\/aiviouvapes.com\/wp-content\/uploads\/2026\/01\/UWIN-DIGITAL-BOX-68K-2.jpg?resize=400%2C400&amp;ssl=1 400w, https:\/\/i0.wp.com\/aiviouvapes.com\/wp-content\/uploads\/2026\/01\/UWIN-DIGITAL-BOX-68K-2.jpg?resize=800%2C800&amp;ssl=1 800w, https:\/\/i0.wp.com\/aiviouvapes.com\/wp-content\/uploads\/2026\/01\/UWIN-DIGITAL-BOX-68K-2.jpg?resize=100%2C100&amp;ssl=1 100w\" sizes=\"auto, (max-width: 1020px) 100vw, 1020px\" \/><\/p>\n<h2>Uwin Caja digital 68K Sabores disponibles<\/h2>\n<ul>\n<li><strong>Ar\u00e1ndano Frambuesa<\/strong> - Ar\u00e1ndanos dulces mezclados con frambuesa \u00e1cida \ud83c\udf47<\/li>\n<li><strong>Sand\u00eda con fresa<\/strong> - Sand\u00eda jugosa con dulzor de fresa madura \ud83c\udf49.<\/li>\n<li><strong>Hielo de sand\u00eda<\/strong> - Sand\u00eda fresca acabada con frescor helado \u2744\ufe0f<\/li>\n<li><strong>Cereza helada<\/strong> - Atrevido sabor a cereza con una exhalaci\u00f3n fr\u00eda \ud83c\udf52<\/li>\n<li><strong>Kiwi Fruta de la pasi\u00f3n Guayaba<\/strong> - Mezcla tropical llena de notas brillantes y ex\u00f3ticas \ud83e\udd5d<\/li>\n<li><strong>Helado de melocot\u00f3n de verano<\/strong> - Suave melocot\u00f3n con un refrescante toque helado \ud83c\udf51<\/li>\n<li><strong>Fresa Kiwi<\/strong> - Combinaci\u00f3n cl\u00e1sica de fruta agridulce \ud83c\udf53<\/li>\n<li><strong>Mezcla de bayas<\/strong> - Una rica mezcla de bayas del bosque \ud83e\uded0<\/li>\n<li><strong>Sr. Azul<\/strong> - Fresco sabor a bayas misteriosas con un final fresco \ud83d\udc99.<\/li>\n<li><strong>Red Bull<\/strong> - Inspirado en el sabor de las bebidas energ\u00e9ticas para un toque atrevido \u26a1<\/li>\n<\/ul>\n<p>En <strong><a href=\"https:\/\/aiviouvapes.com\/es\/categoria-producto\/uwin\/\">Uwin<\/a> Caja digital 68K<\/strong> es perfecto para <strong>usuarios intensivos<\/strong> que quieren menos sustituciones,<br \/>\n<strong>cazadores de sabores<\/strong> que disfrutan de un rico sabor, y <strong>tiendas de vapeo<\/strong> buscando un producto de gran demanda.<br \/>\nTambi\u00e9n es una excelente opci\u00f3n para <strong>distribuci\u00f3n al por mayor y a granel<\/strong>, con un alto nivel de ventas repetidas y satisfacci\u00f3n del cliente.<\/p>\n<h2>PREGUNTAS FRECUENTES<\/h2>\n<p><strong>P: \u00bfCu\u00e1nto dura el Uwin Digital Box 68K?<\/strong><br \/>\nR: Con hasta 68.000 caladas, puede durar semanas o incluso m\u00e1s, dependiendo de los h\u00e1bitos de uso.<\/p>\n<p><strong>P: \u00bfQu\u00e9 muestra la pantalla LED?<\/strong><br \/>\nR: La pantalla LED muestra el nivel de bater\u00eda y el estado de uso, lo que facilita su gesti\u00f3n.<\/p>\n<p><strong>P: \u00bfEste producto es adecuado para compradores al por mayor?<\/strong><br \/>\nR: S\u00ed, est\u00e1 dise\u00f1ado para la compra a granel, por lo que es ideal para vape shops y distribuidores.<\/p>\n<p><strong>P: \u00bfHay que cargarlo?<\/strong><br \/>\nR: S\u00ed, el dispositivo incluye una bater\u00eda recargable para soportar su elevado n\u00famero de caladas.<\/p>\n<p><strong>P: \u00bfSe pueden hacer pedidos al por mayor de sabores mezclados?<\/strong><br \/>\nR: S\u00ed, los paquetes de sabores mezclados al azar est\u00e1n disponibles para compras al por mayor.<\/p>","protected":false},"excerpt":{"rendered":"<p><strong>Uwin Digital Box 68K vape desechable<\/strong> con pantalla LED inteligente, 68.000 caladas, ricos sabores y paquetes al por mayor. Ideal para tiendas de vapeo y distribuidores.<\/p>","protected":false},"featured_media":102540,"comment_status":"open","ping_status":"closed","template":"","meta":[],"product_brand":[247],"product_cat":[224,242],"product_tag":[491,349,464,459],"class_list":{"0":"post-102435","1":"product","2":"type-product","3":"status-publish","4":"has-post-thumbnail","6":"product_brand-uwin","7":"product_cat-uwin","8":"product_cat-60000-puffs-disposable-vape","9":"product_tag-60000-puffs-vape","10":"product_tag-bulk-disposable-vape","11":"product_tag-smart-screen-vape","12":"product_tag-wholesale-vape-device","14":"first","15":"instock","16":"shipping-taxable","17":"purchasable","18":"product-type-variable","19":"has-default-attributes"},"jetpack_sharing_enabled":true,"tiered_pricing_type":"fixed","tiered_pricing_fixed_rules":{"30":8.5600000000000004973799150320701301097869873046875,"50":6.87000000000000010658141036401502788066864013671875,"100":6.3499999999999996447286321199499070644378662109375,"200":5.70000000000000017763568394002504646778106689453125,"400":5.37999999999999989341858963598497211933135986328125},"tiered_pricing_product_settings":{"layout":"default","base_unit_name":{"singular":null,"plural":null},"default_variation":null},"tiered_pricing_minimum_quantity":10,"tiered_pricing_roles_data":[],"tiered_pricing_percentage_rules":[],"tiered_pricing_maximum_quantity":null,"tiered_pricing_quantity_step":"10","_links":{"self":[{"href":"https:\/\/aiviouvapes.com\/es\/wp-json\/wp\/v2\/product\/102435","targetHints":{"allow":["GET"]}}],"collection":[{"href":"https:\/\/aiviouvapes.com\/es\/wp-json\/wp\/v2\/product"}],"about":[{"href":"https:\/\/aiviouvapes.com\/es\/wp-json\/wp\/v2\/types\/product"}],"replies":[{"embeddable":true,"href":"https:\/\/aiviouvapes.com\/es\/wp-json\/wp\/v2\/comments?post=102435"}],"wp:featuredmedia":[{"embeddable":true,"href":"https:\/\/aiviouvapes.com\/es\/wp-json\/wp\/v2\/media\/102540"}],"wp:attachment":[{"href":"https:\/\/aiviouvapes.com\/es\/wp-json\/wp\/v2\/media?parent=102435"}],"wp:term":[{"taxonomy":"product_brand","embeddable":true,"href":"https:\/\/aiviouvapes.com\/es\/wp-json\/wp\/v2\/product_brand?post=102435"},{"taxonomy":"product_cat","embeddable":true,"href":"https:\/\/aiviouvapes.com\/es\/wp-json\/wp\/v2\/product_cat?post=102435"},{"taxonomy":"product_tag","embeddable":true,"href":"https:\/\/aiviouvapes.com\/es\/wp-json\/wp\/v2\/product_tag?post=102435"}],"curies":[{"name":"wp","href":"https:\/\/api.w.org\/{rel}","templated":true}]}}