{"id":9135,"date":"2024-08-21T10:54:29","date_gmt":"2024-08-21T10:54:29","guid":{"rendered":"https:\/\/aiviouvapes.com\/?page_id=9135"},"modified":"2024-12-02T02:32:31","modified_gmt":"2024-12-01T18:32:31","slug":"buy-vapes-in-belgium-with-bancontact","status":"publish","type":"page","link":"https:\/\/aiviouvapes.com\/es\/buy-vapes-in-belgium-with-bancontact\/","title":{"rendered":"Comprar Vapes en B\u00e9lgica con Bancontact"},"content":{"rendered":"<p>Bancontact es un sistema de pago electr\u00f3nico muy popular en B\u00e9lgica, que ofrece un m\u00e9todo seguro, eficiente y f\u00e1cil de usar para realizar transacciones tanto en l\u00ednea como fuera de l\u00ednea. Como opci\u00f3n de pago reconocida a nivel nacional, Bancontact permite realizar transacciones fluidas y confiables tanto para los consumidores como para las empresas belgas. El sistema admite una amplia gama de escenarios de pago, desde pagos sin contacto y con dispositivos m\u00f3viles hasta compras en l\u00ednea, lo que lo convierte en una opci\u00f3n vers\u00e1til y conveniente para el uso diario.<\/p>\n<h3>\u00bfPor qu\u00e9 elegir Bancontact?<\/h3>\n<p><strong>1. Pagos sencillos y flexibles para todos los importes<\/strong><br \/>\nBancontact est\u00e1 dise\u00f1ado para realizar transacciones de cualquier tama\u00f1o, ya sea que se trate de una compra peque\u00f1a o de un pago mayor. Con Bancontact, los usuarios pueden usar su tarjeta con confianza para cualquier monto, lo que la convierte en una opci\u00f3n conveniente para todo tipo de gastos, desde comestibles hasta art\u00edculos costosos.<\/p>\n<p><strong>2. Pagos r\u00e1pidos sin contacto<\/strong><br \/>\nPara quienes valoran la rapidez y la comodidad, Bancontact ofrece la posibilidad de realizar pagos sin contacto. Solo tiene que acercar su tarjeta Bancontact a un terminal sin contacto y el pago se completar\u00e1 al instante. Esta funci\u00f3n es perfecta para realizar compras r\u00e1pidas, ya que permite que las colas de pago sean m\u00e1s r\u00e1pidas y eficientes.<\/p>\n<p><strong>3. Compras seguras en l\u00ednea<\/strong><br \/>\nBancontact es ampliamente aceptado por los minoristas en l\u00ednea, lo que permite a los consumidores belgas comprar con facilidad en varias tiendas web. La integraci\u00f3n perfecta de Bancontact en las plataformas de comercio electr\u00f3nico ofrece un m\u00e9todo de pago seguro y eficiente para las compras en l\u00ednea, lo que permite a los consumidores comprar con confianza desde casa.<\/p>\n<p><strong>4. Pagos m\u00f3viles m\u00e1s sencillos<\/strong><br \/>\nA trav\u00e9s de la aplicaci\u00f3n Payconiq de Bancontact, los usuarios pueden realizar pagos m\u00f3viles en tiendas, en l\u00ednea e incluso en restaurantes. Esta aplicaci\u00f3n ampl\u00eda a\u00fan m\u00e1s la usabilidad de Bancontact, permitiendo a los consumidores realizar pagos desde cualquier lugar utilizando sus dispositivos m\u00f3viles en cualquier lugar donde se acepte Bancontact o Payconiq.<\/p>\n<p><strong>5. C\u00f3modos retiros de efectivo<\/strong><br \/>\nBancontact tambi\u00e9n permite a los usuarios retirar efectivo de forma segura y sencilla, lo que les permite acceder a sus fondos en cualquier momento. Esta flexibilidad es especialmente beneficiosa para quienes prefieren tener efectivo disponible para determinadas compras.<\/p>\n<hr \/>\n<h2>Compra vapes desechables con Bancontact en AiviouVapes<\/h2>\n<p>AiviouVapes se complace en anunciar que ahora aceptamos Bancontact como m\u00e9todo de pago para comprar vaporizadores desechables. Esta nueva incorporaci\u00f3n se alinea con nuestro compromiso de brindar opciones de pago flexibles y convenientes para nuestros clientes belgas. A continuaci\u00f3n, le explicamos por qu\u00e9 Bancontact es una excelente opci\u00f3n para comprar vaporizadores desechables de AiviouVapes:<\/p>\n<p><strong>1. Transacciones sin complicaciones<\/strong><br \/>\nEl uso de Bancontact en AiviouVapes garantiza una experiencia de compra fluida y eficiente. Ya sea que compre un solo vaporizador o que desee abastecerse de sus sabores favoritos, Bancontact gestiona los pagos de forma segura y r\u00e1pida.<\/p>\n<p><strong>2. Pagos seguros y confiables<\/strong><br \/>\nBancontact emplea medidas de seguridad avanzadas para salvaguardar la informaci\u00f3n financiera de los usuarios y proteger las transacciones contra el fraude. Esta tranquilidad permite a nuestros clientes realizar compras en nuestro sitio con confianza.<\/p>\n<p><strong>3. Confirmaci\u00f3n de pago instant\u00e1nea<\/strong><br \/>\nLas transacciones de Bancontact se procesan al instante, lo que garantiza que su pedido se confirme y se prepare para el env\u00edo sin demora. Esta confirmaci\u00f3n inmediata es ideal para los clientes que desean recibir sus vaporizadores r\u00e1pidamente.<\/p>\n<hr \/>\n<h3>C\u00f3mo utilizar Bancontact en AiviouVapes<\/h3>\n<p><strong>Gu\u00eda paso a paso para pagar con Bancontact:<\/strong><\/p>\n<ol>\n<li><strong>A\u00f1adir productos al carrito:<\/strong>\n<ul>\n<li>Explore nuestra gama de vapes desechables y seleccione los productos que desea comprar.<\/li>\n<\/ul>\n<\/li>\n<li><strong>Pasar por caja:<\/strong>\n<ul>\n<li>Una vez que haya elegido sus art\u00edculos, vaya a la p\u00e1gina de pago.<\/li>\n<\/ul>\n<\/li>\n<li><strong>Seleccione Bancontact:<\/strong>\n<ul>\n<li>En las opciones de pago, elija Bancontact como su m\u00e9todo preferido.<\/li>\n<\/ul>\n<\/li>\n<li><strong>Introduzca los datos de pago:<\/strong>\n<ul>\n<li>Siga las instrucciones para ingresar la informaci\u00f3n de su tarjeta Bancontact o utilice la aplicaci\u00f3n Payconiq by Bancontact para realizar un pago m\u00f3vil.<\/li>\n<\/ul>\n<\/li>\n<li><strong>Confirme su pago:<\/strong>\n<ul>\n<li>Finaliza tu pago para completar la transacci\u00f3n. Recibir\u00e1s una confirmaci\u00f3n instant\u00e1nea de tu pedido.<\/li>\n<\/ul>\n<\/li>\n<li><strong>Tramitaci\u00f3n de pedidos:<\/strong>\n<ul>\n<li>Tu pedido ser\u00e1 procesado y enviado a la direcci\u00f3n que hayas elegido. \u00a1Disfruta de tus vaporizadores desechables AiviouVapes!<\/li>\n<\/ul>\n<\/li>\n<\/ol>\n<p>Ver los vapes aqu\u00ed:<\/p>\n<p><a href=\"https:\/\/aiviouvapes.com\/es\/shop\/\">https:\/\/aiviouvapes.com\/shop\/<\/a><\/p>","protected":false},"excerpt":{"rendered":"<p>Bancontact is a popular electronic payment system in Belgium, providing a secure, efficient, and user-friendly method for completing transactions both online and offline. As a nationally recognized payment option, Bancontact enables seamless and reliable transactions for Belgian consumers and businesses alike. The system supports a wide range of payment scenarios, from contactless and mobile payments [&#8230;]\n","protected":false},"author":1,"featured_media":0,"parent":0,"menu_order":0,"comment_status":"closed","ping_status":"closed","template":"page-blank-title-center.php","meta":{"footnotes":""},"class_list":["post-9135","page","type-page","status-publish","hentry"],"jetpack_sharing_enabled":true,"_links":{"self":[{"href":"https:\/\/aiviouvapes.com\/es\/wp-json\/wp\/v2\/pages\/9135","targetHints":{"allow":["GET"]}}],"collection":[{"href":"https:\/\/aiviouvapes.com\/es\/wp-json\/wp\/v2\/pages"}],"about":[{"href":"https:\/\/aiviouvapes.com\/es\/wp-json\/wp\/v2\/types\/page"}],"author":[{"embeddable":true,"href":"https:\/\/aiviouvapes.com\/es\/wp-json\/wp\/v2\/users\/1"}],"replies":[{"embeddable":true,"href":"https:\/\/aiviouvapes.com\/es\/wp-json\/wp\/v2\/comments?post=9135"}],"version-history":[{"count":0,"href":"https:\/\/aiviouvapes.com\/es\/wp-json\/wp\/v2\/pages\/9135\/revisions"}],"wp:attachment":[{"href":"https:\/\/aiviouvapes.com\/es\/wp-json\/wp\/v2\/media?parent=9135"}],"curies":[{"name":"wp","href":"https:\/\/api.w.org\/{rel}","templated":true}]}}