{"id":9132,"date":"2024-08-21T10:53:56","date_gmt":"2024-08-21T10:53:56","guid":{"rendered":"https:\/\/aiviouvapes.com\/?page_id=9132"},"modified":"2024-12-03T13:01:14","modified_gmt":"2024-12-03T05:01:14","slug":"buy-vapes-in-netherlands-with-ideal","status":"publish","type":"page","link":"https:\/\/aiviouvapes.com\/es\/buy-vapes-in-netherlands-with-ideal\/","title":{"rendered":"Comprar Vapes en Holanda con iDEAL"},"content":{"rendered":"<p><strong>iDEAL: el m\u00e9todo de pago preferido en los Pa\u00edses Bajos para transacciones seguras y r\u00e1pidas<\/strong><\/p>\n<p>iDEAL es un m\u00e9todo de pago en l\u00ednea muy popular en los Pa\u00edses Bajos, que permite a los consumidores realizar pagos seguros y en tiempo real directamente a trav\u00e9s de su propio banco. iDEAL se integra perfectamente con el entorno de banca en l\u00ednea de los bancos holandeses y ofrece una experiencia optimizada, ya que permite transferir fondos desde la cuenta del consumidor a la del comerciante con facilidad. A continuaci\u00f3n, se muestra un vistazo a lo que hace que iDEAL sea tan eficaz:<\/p>\n<ol>\n<li><strong>Facilidad de uso<\/strong>Los pagos se completan a trav\u00e9s de la aplicaci\u00f3n de banca m\u00f3vil o el sitio de banca en l\u00ednea del banco del consumidor, lo que lo convierte en un proceso familiar y sencillo.<\/li>\n<li><strong>Confirmaci\u00f3n en tiempo real<\/strong>:Los consumidores reciben una confirmaci\u00f3n de pago inmediata, lo que aumenta la confianza y acelera los tiempos de transacci\u00f3n.<\/li>\n<li><strong>Pagos irrevocables<\/strong>:Una vez que se aprueba una transacci\u00f3n iDEAL, no se puede revertir, lo que garantiza que los fondos se transfieran de forma segura y se procesen al instante.<\/li>\n<li><strong>Versatilidad<\/strong>:iDEAL admite varios escenarios de pago, incluidos pagos directos en l\u00ednea, pagos a trav\u00e9s de enlaces en correos electr\u00f3nicos o mensajes e incluso transacciones a trav\u00e9s de c\u00f3digos QR iDEAL para entornos f\u00edsicos y digitales.<\/li>\n<\/ol>\n<p>Gracias a su infraestructura segura y conveniencia, iDEAL se ha convertido en el m\u00e9todo de pago m\u00e1s confiable para los consumidores holandeses, respaldado por los principales bancos de consumo del pa\u00eds.<\/p>\n<hr \/>\n<h2>Ventajas de usar iDEAL para comprar vapes desechables en AiviouVapes<\/h2>\n<p>Comprar vapes desechables en los Pa\u00edses Bajos con iDEAL conlleva varios beneficios, mejorando tanto la seguridad como la comodidad para nuestros clientes:<\/p>\n<ol>\n<li><strong>Seguridad mejorada<\/strong>:iDEAL utiliza los altos est\u00e1ndares de seguridad de la banca por Internet y m\u00f3vil, garantizando que su transacci\u00f3n est\u00e9 protegida contra fraude y acceso no autorizado.<\/li>\n<li><strong>Conveniencia<\/strong>:iDEAL permite realizar transferencias bancarias directas, lo que elimina la necesidad de utilizar tarjetas de cr\u00e9dito o servicios de pago de terceros. Todo lo que se necesita es acceder a su banca en l\u00ednea.<\/li>\n<li><strong>Tratamiento inmediato<\/strong>:Los pagos se procesan al instante, por lo que no hay tiempo de espera para que se acrediten los fondos. Esto significa que sus productos de vapeo se preparan r\u00e1pidamente para su env\u00edo.<\/li>\n<li><strong>Aceptaci\u00f3n generalizada<\/strong>:iDEAL es aceptado por la mayor\u00eda de las plataformas de comercio electr\u00f3nico holandesas, incluida AiviouVapes, lo que lo convierte en un m\u00e9todo de pago universalmente reconocido en los Pa\u00edses Bajos.<\/li>\n<\/ol>\n<hr \/>\n<h3>Gu\u00eda paso a paso para comprar vaporizadores desechables con iDEAL<\/h3>\n<p><strong>C\u00f3mo completar su compra con iDEAL:<\/strong><\/p>\n<ol>\n<li><strong>Elige tus productos<\/strong>:Explore nuestra amplia selecci\u00f3n de vapeadores desechables y seleccione los art\u00edculos que desea comprar.<\/li>\n<li><strong>Ir a caja<\/strong>:Despu\u00e9s de finalizar sus selecciones, proceda a la p\u00e1gina de pago.<\/li>\n<li><strong>Seleccione iDEAL como m\u00e9todo de pago<\/strong>:En la p\u00e1gina de opciones de pago, elija iDEAL.<\/li>\n<li><strong>Seleccione su banco<\/strong>:Ser\u00e1s dirigido al portal de pago iDEAL, donde podr\u00e1s elegir tu banco de la lista de bancos holandeses participantes.<\/li>\n<li><strong>Completar el pago<\/strong>:Ser\u00e1s redirigido al entorno de banca en l\u00ednea de tu banco. Inicia sesi\u00f3n, confirma el pago y el importe se debitar\u00e1 directamente de tu cuenta con confirmaci\u00f3n instant\u00e1nea.<\/li>\n<li><strong>Confirmaci\u00f3n de pedido<\/strong>:Una vez completado el pago, recibir\u00e1 una confirmaci\u00f3n del pedido de AiviouVapes y sus vapes desechables estar\u00e1n preparados para su env\u00edo.<\/li>\n<\/ol>\n<p>Al elegir iDEAL, usted opta por una experiencia de transacci\u00f3n segura, confiable y eficiente.<\/p>\n<hr \/>\n<h3>\u00bfPor qu\u00e9 comprar sus vapes en AiviouVapes?<\/h3>\n<p>En AiviouVapes, nos dedicamos a ofrecer productos de alta calidad y una experiencia de compra perfecta. Estos son los motivos por los que somos la mejor opci\u00f3n para comprar productos de vapeo en los Pa\u00edses Bajos:<\/p>\n<ul>\n<li><strong>Amplia selecci\u00f3n<\/strong>Contamos con una amplia gama de vapes desechables premium para satisfacer todos los gustos.<\/li>\n<li><strong>Procesamiento de pagos seguro<\/strong>:Nuestra integraci\u00f3n con iDEAL garantiza que su informaci\u00f3n de pago est\u00e9 segura y protegida.<\/li>\n<li><strong>Atenci\u00f3n al cliente excepcional<\/strong>Nuestro amable equipo de soporte est\u00e1 aqu\u00ed para ayudarlo con cualquier pregunta o inquietud durante su experiencia de compra.<\/li>\n<li><strong>Informaci\u00f3n transparente<\/strong>:Proporcionamos detalles claros sobre m\u00e9todos de pago, env\u00edo e impuestos, para que tenga todo lo que necesita para una compra informada.<\/li>\n<\/ul>\n<p>Explora nuestra colecci\u00f3n y disfruta de la comodidad de comprar tus vapeadores desechables favoritos con iDEAL, el m\u00e9todo de pago confiable en los Pa\u00edses Bajos.<\/p>\n<p>Ver los vapes aqu\u00ed:<\/p>\n<p><a href=\"https:\/\/aiviouvapes.com\/es\/shop\/\">https:\/\/aiviouvapes.com\/shop\/<\/a><\/p>","protected":false},"excerpt":{"rendered":"<p>iDEAL: The Preferred Payment Method in the Netherlands for Secure and Quick Transactions iDEAL is a highly popular online payment method in the Netherlands, allowing consumers to make secure, real-time payments directly through their own bank. Seamlessly integrated with the online banking environment of Dutch banks, iDEAL offers a streamlined experience, transferring funds from the [&#8230;]\n","protected":false},"author":1,"featured_media":0,"parent":0,"menu_order":0,"comment_status":"closed","ping_status":"closed","template":"page-blank-title-center.php","meta":{"footnotes":""},"class_list":["post-9132","page","type-page","status-publish","hentry"],"jetpack_sharing_enabled":true,"_links":{"self":[{"href":"https:\/\/aiviouvapes.com\/es\/wp-json\/wp\/v2\/pages\/9132","targetHints":{"allow":["GET"]}}],"collection":[{"href":"https:\/\/aiviouvapes.com\/es\/wp-json\/wp\/v2\/pages"}],"about":[{"href":"https:\/\/aiviouvapes.com\/es\/wp-json\/wp\/v2\/types\/page"}],"author":[{"embeddable":true,"href":"https:\/\/aiviouvapes.com\/es\/wp-json\/wp\/v2\/users\/1"}],"replies":[{"embeddable":true,"href":"https:\/\/aiviouvapes.com\/es\/wp-json\/wp\/v2\/comments?post=9132"}],"version-history":[{"count":0,"href":"https:\/\/aiviouvapes.com\/es\/wp-json\/wp\/v2\/pages\/9132\/revisions"}],"wp:attachment":[{"href":"https:\/\/aiviouvapes.com\/es\/wp-json\/wp\/v2\/media?parent=9132"}],"curies":[{"name":"wp","href":"https:\/\/api.w.org\/{rel}","templated":true}]}}