{"id":9129,"date":"2024-08-21T10:53:20","date_gmt":"2024-08-21T10:53:20","guid":{"rendered":"https:\/\/aiviouvapes.com\/?page_id=9129"},"modified":"2024-12-18T18:35:29","modified_gmt":"2024-12-18T10:35:29","slug":"buy-vapes-with-credit-card","status":"publish","type":"page","link":"https:\/\/aiviouvapes.com\/es\/buy-vapes-with-credit-card\/","title":{"rendered":"Comprar Vapes con tarjeta de cr\u00e9dito"},"content":{"rendered":"<p>Bienvenido a Aiviou Vape, su destino de confianza para productos de vapeo de la mejor calidad. Nos complace anunciar que ahora aceptamos pagos con tarjeta de cr\u00e9dito, lo que hace que sea m\u00e1s f\u00e1cil que nunca comprar todos sus productos b\u00e1sicos para vapear.<\/p>\n<p><strong>Transacciones seguras:<\/strong> Compre con tranquilidad: nuestro sitio utiliza tecnolog\u00eda avanzada de pago 3D Secure para proteger su informaci\u00f3n. Nos comprometemos a proteger su privacidad y a garantizar que cada transacci\u00f3n sea completamente segura.<\/p>\n<p><strong>Formas de pago:<\/strong> Aceptamos una amplia gama de las principales tarjetas de cr\u00e9dito, incluidas Visa, MasterCard y Maestro, lo que hace que el pago sea r\u00e1pido y f\u00e1cil para nuestros clientes.<\/p>\n<p><strong>Informaci\u00f3n importante:<\/strong> Tenga en cuenta que, debido a las normas de IVA de la UE, los pagos con tarjeta de cr\u00e9dito incluir\u00e1n un cargo adicional de IVA de 20%. Adem\u00e1s, para cumplir con estas normas, el valor total de cualquier pedido individual pagado con tarjeta de cr\u00e9dito no debe superar los $600 USD o 600 EUR.<\/p>\n<p><strong>M\u00e9todos de pago alternativos:<\/strong> Si desea evitar el cargo del IVA o las limitaciones de pedidos en los pagos con tarjeta de cr\u00e9dito, le recomendamos que considere las transferencias SEPA, las transferencias IBAN o los pagos con criptomonedas. Estas opciones ofrecen mayor flexibilidad, especialmente para transacciones m\u00e1s grandes.<\/p>\n<p>En AiviouVape, nos dedicamos a brindar una experiencia de compra segura y sin complicaciones para todos nuestros clientes. \u00a1Explora nuestra amplia gama de productos de vapeo y compra con confianza!<\/p>\n<p>Si tienes alguna pregunta o necesitas ayuda, nuestro equipo de atenci\u00f3n al cliente est\u00e1 aqu\u00ed para ayudarte. \u00a1No dudes en comunicarte con nosotros!<\/p>\n<p><img data-recalc-dims=\"1\" loading=\"lazy\" decoding=\"async\" title=\"Comprar Vapes con tarjeta de cr\u00e9dito\" class=\"alignnone wp-image-9208 size-full\" src=\"https:\/\/i0.wp.com\/aiviouvapes.com\/wp-content\/uploads\/2024\/08\/card.jpeg?resize=272%2C185&#038;ssl=1\" alt=\"Comprar Vapes con tarjeta de cr\u00e9dito\" width=\"272\" height=\"185\" srcset=\"https:\/\/i0.wp.com\/aiviouvapes.com\/wp-content\/uploads\/2024\/08\/card.jpeg?w=272&amp;ssl=1 272w, https:\/\/i0.wp.com\/aiviouvapes.com\/wp-content\/uploads\/2024\/08\/card.jpeg?resize=18%2C12&amp;ssl=1 18w\" sizes=\"auto, (max-width: 272px) 100vw, 272px\" \/><\/p>\n<div class=\"row align-middle\"  id=\"row-1346311704\">\n\n\t<div id=\"col-317780649\" class=\"col small-12 large-12\"  >\n\t\t\t\t<div class=\"col-inner text-center\"  >\n\t\t\t\n\t\t\t\n<a href=\"https:\/\/aiviouvapes.com\/es\/shop\/\" class=\"button primary is-shade is-larger box-shadow-4 box-shadow-5-hover\" style=\"border-radius:10px;\">\n\t\t<span>Compra ahora<\/span>\n\t<\/a>\n\n\t\t<\/div>\n\t\t\t\t\n<style>\n#col-317780649 > .col-inner {\n  padding: 20px 0px 0px 0px;\n}\n<\/style>\n\t<\/div>\n\n\t\n<\/div>","protected":false},"excerpt":{"rendered":"<p>Welcome to Aiviou Vape, your trusted destination for top-quality vaping products. We\u2019re pleased to announce that we now accept credit card payments, making it easier than ever to shop for all your vaping essentials! Secure Transactions: Shop with peace of mind\u2014our site uses advanced 3D Secure payment technology to protect your information. We are committed [&#8230;]\n","protected":false},"author":1,"featured_media":0,"parent":0,"menu_order":0,"comment_status":"closed","ping_status":"closed","template":"page-blank-title-center.php","meta":{"footnotes":""},"class_list":["post-9129","page","type-page","status-publish","hentry"],"jetpack_sharing_enabled":true,"_links":{"self":[{"href":"https:\/\/aiviouvapes.com\/es\/wp-json\/wp\/v2\/pages\/9129","targetHints":{"allow":["GET"]}}],"collection":[{"href":"https:\/\/aiviouvapes.com\/es\/wp-json\/wp\/v2\/pages"}],"about":[{"href":"https:\/\/aiviouvapes.com\/es\/wp-json\/wp\/v2\/types\/page"}],"author":[{"embeddable":true,"href":"https:\/\/aiviouvapes.com\/es\/wp-json\/wp\/v2\/users\/1"}],"replies":[{"embeddable":true,"href":"https:\/\/aiviouvapes.com\/es\/wp-json\/wp\/v2\/comments?post=9129"}],"version-history":[{"count":0,"href":"https:\/\/aiviouvapes.com\/es\/wp-json\/wp\/v2\/pages\/9129\/revisions"}],"wp:attachment":[{"href":"https:\/\/aiviouvapes.com\/es\/wp-json\/wp\/v2\/media?parent=9129"}],"curies":[{"name":"wp","href":"https:\/\/api.w.org\/{rel}","templated":true}]}}